{"id":20744,"date":"2022-09-28T11:48:39","date_gmt":"2022-09-28T10:48:39","guid":{"rendered":"https:\/\/www.unyp.cz\/?page_id=20744"},"modified":"2025-07-31T14:40:22","modified_gmt":"2025-07-31T13:40:22","slug":"vyrocni-zpravy","status":"publish","type":"page","link":"https:\/\/www.unyp.cz\/cs\/vyrocni-zpravy\/","title":{"rendered":"Publikace a&nbsp;v\u00fdro\u010dn\u00ed zpr\u00e1vy"},"content":{"rendered":"\n<p>Tato str\u00e1nka obsahuje ofici\u00e1ln\u00ed publikace University of New York in Prague, v\u010detn\u011b v\u00fdro\u010dn\u00edch zpr\u00e1v, strategick\u00fdch pl\u00e1n\u016f a institucion\u00e1ln\u00edch politik. Tyto dokumenty poskytuj\u00ed podrobn\u00e9 informace o \u010dinnosti vysok\u00e9 \u0161koly, jej\u00edch akademick\u00fdch v\u00fdsledc\u00edch, dlouhodob\u00fdch c\u00edlech a z\u00e1vazc\u00edch, jako je nap\u0159\u00edklad Pl\u00e1n rovnosti \u017een a mu\u017e\u016f. UNYP tyto materi\u00e1ly zve\u0159ej\u0148uje, aby zajistila transparentnost, splnila regula\u010dn\u00ed normy a informovala zainteresovan\u00e9 strany o kl\u00ed\u010dov\u00e9m v\u00fdvoji.<\/p>\n\n\n\n<div class=\"wp-block-getwid-accordion has-icon-left\" data-active-element=\"none\">\n<div class=\"wp-block-getwid-accordion__header-wrapper\"><span class=\"wp-block-getwid-accordion__header\"><a href=\"#\"><span class=\"wp-block-getwid-accordion__header-title\">V\u00fdro\u010dn\u00ed zpr\u00e1vy<\/span><span class=\"wp-block-getwid-accordion__icon is-active\"><i class=\"fas fa-plus\"><\/i><\/span><span class=\"wp-block-getwid-accordion__icon is-passive\"><i class=\"fas fa-minus\"><\/i><\/span><\/a><\/span><\/div><div class=\"wp-block-getwid-accordion__content-wrapper\"><div class=\"wp-block-getwid-accordion__content\">\n<ul class=\"wp-block-list\">\n<li><a href=\"https:\/\/unypcz.sharepoint.com\/:b:\/s\/RectorsOfficeTeam\/EajtRu8DnN1Ek_0Fvkq206ABdKm55yc84vK-19R_Yz4Adg\">V\u00fdro\u010dn\u00ed zpr\u00e1va 2024<\/a><\/li>\n<\/ul>\n\n\n\n<ul class=\"wp-block-list\">\n<li><a href=\"https:\/\/unypcz.sharepoint.com\/:b:\/s\/RectorsOfficeTeam\/EYECelIclWpDrhyUJhb92RYBwO-1vjQkG3k-JgEan35B8Q?e=KnKNHB\">V\u00fdro\u010dn\u00ed zpr\u00e1va 2023<\/a><\/li>\n<\/ul>\n\n\n\n<ul class=\"wp-block-list\">\n<li><a href=\"https:\/\/unypcz.sharepoint.com\/:b:\/s\/RectorsOfficeTeam\/EdTE30UMORBGqb4woL8cQgMB8v6j2GIV2WeOZ6d1_ReW-g?e=VxPEB4\">V\u00fdro\u010dn\u00ed zpr\u00e1va 2022<\/a><\/li>\n<\/ul>\n\n\n\n<ul class=\"wp-block-list\">\n<li><a href=\"https:\/\/unypcz-my.sharepoint.com\/:b:\/g\/personal\/rectorsoffice_unyp_cz\/EQSW6kqW7qFAi10oWIDB4TsBoDvH7xl31mQUljwnJwGfAw?e=cZDbic\" target=\"_blank\" rel=\"noreferrer noopener\">V\u00fdro\u010dn\u00ed zpr\u00e1va 2021<\/a><\/li>\n<\/ul>\n\n\n\n<p><strong>2016-2020<\/strong><\/p>\n\n\n\n<ul class=\"wp-block-list\">\n<li><a href=\"https:\/\/unypcz-my.sharepoint.com\/:b:\/g\/personal\/rectorsoffice_unyp_cz\/ERCx7PuanZlDiN4ssd0CtOQBgZcLOPfg5Igk3ItH99kz8w?e=hMeey8\" target=\"_blank\" rel=\"noreferrer noopener\">V\u00fdro\u010dn\u00ed zpr\u00e1va 2020<\/a><\/li>\n\n\n\n<li><a href=\"https:\/\/unypcz-my.sharepoint.com\/:b:\/g\/personal\/rectorsoffice_unyp_cz\/ESyCVWNGnLtKoleCPH9lHN4BuwiJyP5LaAzkgAWh9YdPWg?e=p87n05\" target=\"_blank\" rel=\"noreferrer noopener\">V\u00fdro\u010dn\u00ed zpr\u00e1va&nbsp;2019<\/a><\/li>\n\n\n\n<li><a href=\"https:\/\/unypcz-my.sharepoint.com\/:w:\/g\/personal\/rectorsoffice_unyp_cz\/Efs8vXnm0e1MpLSbCke9iqgBjXwnDM07CqMGYRgBbin1RA?e=4KU72e\" target=\"_blank\" rel=\"noreferrer noopener\">V\u00fdro\u010dn\u00ed zpr\u00e1va &#8211; Registrovan\u00e9 zahrani\u010dn\u00ed programy 2019<\/a><\/li>\n\n\n\n<li><a href=\"https:\/\/www.unyp.cz\/wp-content\/uploads\/2022\/10\/vs_unyp_vzoc_2018.pdf\" target=\"_blank\" rel=\"noreferrer noopener\">V\u00fdro\u010dn\u00ed zpr\u00e1va 2018<\/a><\/li>\n\n\n\n<li><a href=\"https:\/\/www.unyp.cz\/wp-content\/uploads\/2022\/10\/annual_report_-_registered_foreign_programs_2018.pdf\" target=\"_blank\" rel=\"noreferrer noopener\"><\/a><a href=\"https:\/\/unypcz-my.sharepoint.com\/:w:\/g\/personal\/rectorsoffice_unyp_cz\/Efs8vXnm0e1MpLSbCke9iqgBjXwnDM07CqMGYRgBbin1RA?e=4KU72e\">V\u00fdro\u010dn\u00ed zpr\u00e1va &#8211; Registrovan\u00e9 zahrani\u010dn\u00ed programy 2018<\/a><\/li>\n\n\n\n<li><a href=\"https:\/\/www.unyp.cz\/wp-content\/uploads\/2022\/10\/unyp_annual_report_2017_0.pdf\" target=\"_blank\" rel=\"noreferrer noopener\">V\u00fdro\u010dn\u00ed zpr\u00e1va 2017<\/a><\/li>\n\n\n\n<li><a href=\"https:\/\/www.unyp.cz\/wp-content\/uploads\/2022\/10\/vs_unyp_vyrocni_zprava_o_cinnosti_pro_rok_2016.pdf\" target=\"_blank\" rel=\"noreferrer noopener\">V\u00fdro\u010dn\u00ed zpr\u00e1va 2016<\/a>&nbsp;a&nbsp;<a href=\"https:\/\/www.unyp.cz\/wp-content\/uploads\/2022\/10\/vs_unyp_tabulkova_priloha_vzoc_msmt_2016.pdf\" target=\"_blank\" rel=\"noreferrer noopener\">dodatek s tabulkami<\/a><\/li>\n<\/ul>\n\n\n\n<p><strong>2011-2015<\/strong><\/p>\n\n\n\n<ul class=\"wp-block-list\">\n<li><a href=\"https:\/\/www.unyp.cz\/wp-content\/uploads\/2022\/10\/annual_report_2015.pdf\" target=\"_blank\" rel=\"noreferrer noopener\">V\u00fdro\u010dn\u00ed zpr\u00e1va 2015<\/a><\/li>\n\n\n\n<li><a href=\"https:\/\/www.unyp.cz\/wp-content\/uploads\/2022\/10\/unyp_vyrocni_zprava_2014.pdf\" target=\"_blank\" rel=\"noreferrer noopener\">V\u00fdro\u010dn\u00ed zpr\u00e1va 2014<\/a><\/li>\n\n\n\n<li><a href=\"https:\/\/www.unyp.cz\/wp-content\/uploads\/2022\/10\/unyp_vyrocni_zprava_2013.pdf\" target=\"_blank\" rel=\"noreferrer noopener\">V\u00fdro\u010dn\u00ed zpr\u00e1va 2013<\/a><\/li>\n\n\n\n<li><a href=\"https:\/\/www.unyp.cz\/wp-content\/uploads\/2022\/10\/vyrocni_zprava_o_cinnosti_2012.pdf\" target=\"_blank\" rel=\"noreferrer noopener\">V\u00fdro\u010dn\u00ed zpr\u00e1va 2012<\/a><\/li>\n\n\n\n<li><a href=\"https:\/\/www.unyp.cz\/wp-content\/uploads\/2022\/10\/vyrocni_zprava_vs_unyp_2011.pdf\" target=\"_blank\" rel=\"noreferrer noopener\">V\u00fdro\u010dn\u00ed zpr\u00e1va 2011<\/a><\/li>\n<\/ul>\n\n\n\n<p><strong>2006-2010<\/strong><\/p>\n\n\n\n<ul class=\"wp-block-list\">\n<li><a href=\"https:\/\/www.unyp.cz\/wp-content\/uploads\/2022\/10\/unyp_annual_report_2010_cz.pdf\" target=\"_blank\" rel=\"noreferrer noopener\">V\u00fdro\u010dn\u00ed zpr\u00e1va 2010<\/a><\/li>\n<\/ul>\n\n\n\n<ul class=\"wp-block-list\">\n<li><a href=\"https:\/\/www.unyp.cz\/wp-content\/uploads\/2022\/10\/vs_unyp_vyrocni_zpravu_o_cinnosti_za_rok_2009.pdf\" target=\"_blank\" rel=\"noreferrer noopener\">V\u00fdro\u010dn\u00ed zpr\u00e1va 2009<\/a><\/li>\n<\/ul>\n\n\n\n<ul class=\"wp-block-list\">\n<li><a href=\"https:\/\/www.unyp.cz\/wp-content\/uploads\/2022\/10\/unyp_vyrocni_zprava_2008.pdf\" target=\"_blank\" rel=\"noreferrer noopener\">V\u00fdro\u010dn\u00ed zpr\u00e1va 2008<\/a><\/li>\n<\/ul>\n\n\n\n<ul class=\"wp-block-list\">\n<li><a href=\"https:\/\/www.unyp.cz\/wp-content\/uploads\/2022\/10\/about_vyrocni_zprava_2007.pdf\" target=\"_blank\" rel=\"noreferrer noopener\">V\u00fdro\u010dn\u00ed zpr\u00e1va 2007<\/a><\/li>\n\n\n\n<li><a href=\"https:\/\/www.unyp.cz\/wp-content\/uploads\/2022\/10\/about_vyrocni_zprava_2006.pdf\" target=\"_blank\" rel=\"noreferrer noopener\">V\u00fdro\u010dn\u00ed zpr\u00e1va 2006<\/a><\/li>\n<\/ul>\n<\/div><\/div>\n<\/div>\n\n\n\n<div class=\"wp-block-getwid-accordion has-icon-left\" data-active-element=\"none\">\n<div class=\"wp-block-getwid-accordion__header-wrapper\"><span class=\"wp-block-getwid-accordion__header\"><a href=\"#\"><span class=\"wp-block-getwid-accordion__header-title\">Strategick\u00e9 pl\u00e1ny<\/span><span class=\"wp-block-getwid-accordion__icon is-active\"><i class=\"fas fa-plus\"><\/i><\/span><span class=\"wp-block-getwid-accordion__icon is-passive\"><i class=\"fas fa-minus\"><\/i><\/span><\/a><\/span><\/div><div class=\"wp-block-getwid-accordion__content-wrapper\"><div class=\"wp-block-getwid-accordion__content\">\n<p><strong>2021-2024<\/strong><\/p>\n\n\n\n<ul class=\"wp-block-list\">\n<li><a href=\"https:\/\/unypcz.sharepoint.com\/:b:\/s\/qa\/EdwExCrnHMpGmA3m2Dsh0XwBXqWTg9Q8pL6GYBsdMBb6yA?e=km8DUW\" target=\"_blank\" rel=\"noreferrer noopener\">Pl\u00e1n realizace strategick\u00fdch c\u00edl\u016f pro rok 2024<\/a><\/li>\n\n\n\n<li><a href=\"https:\/\/unypcz-my.sharepoint.com\/:b:\/g\/personal\/rectorsoffice_unyp_cz\/EfMygsNxI4lBjALsRTYuNSABYLdqHasZ1YsSUl2bO2Xuuw?e=VBObmu\" target=\"_blank\" rel=\"noreferrer noopener\"><\/a><a href=\"https:\/\/unypcz.sharepoint.com\/:b:\/s\/qa\/EdwExCrnHMpGmA3m2Dsh0XwBXqWTg9Q8pL6GYBsdMBb6yA?e=km8DUW\">Pl\u00e1n realizace strategick\u00fdch c\u00edl\u016f pro rok 2023<\/a><\/li>\n\n\n\n<li><a href=\"https:\/\/unypcz-my.sharepoint.com\/:b:\/g\/personal\/rectorsoffice_unyp_cz\/EYwFHj-2ZzRHsaTCG0ArpbYBk-s5z8IYmKMZYIOep5P-ZA?e=NhwibW\" target=\"_blank\" rel=\"noreferrer noopener\"><\/a><a href=\"https:\/\/unypcz.sharepoint.com\/:b:\/s\/qa\/EdwExCrnHMpGmA3m2Dsh0XwBXqWTg9Q8pL6GYBsdMBb6yA?e=km8DUW\">Pl\u00e1n realizace strategick\u00fdch c\u00edl\u016f pro rok 2022<\/a><\/li>\n\n\n\n<li><a href=\"https:\/\/unypcz-my.sharepoint.com\/:b:\/g\/personal\/rectorsoffice_unyp_cz\/ERPuEKbMVCNClsQa3nf3CpIBIhSAa1xcfEmnlDjj22Bj2Q?e=VjcYNw\" target=\"_blank\" rel=\"noreferrer noopener\"><\/a><a href=\"https:\/\/unypcz.sharepoint.com\/:b:\/s\/qa\/EdwExCrnHMpGmA3m2Dsh0XwBXqWTg9Q8pL6GYBsdMBb6yA?e=km8DUW\">Pl\u00e1n realizace strategick\u00fdch c\u00edl\u016f pro rok 2021<\/a><\/li>\n\n\n\n<li><a href=\"https:\/\/unypcz-my.sharepoint.com\/:b:\/g\/personal\/rectorsoffice_unyp_cz\/EYBX5lI9TstNloL2WsQgyjEBI8Y77JKY1mAGHov_rkcTBQ?e=2fpCQj\" target=\"_blank\" rel=\"noreferrer noopener\">Strategick\u00fd pl\u00e1n pro 2021+<\/a><\/li>\n<\/ul>\n\n\n\n<p><strong>2016-2020<\/strong><\/p>\n\n\n\n<ul class=\"wp-block-list\">\n<li>UNYP pl\u00e1n pro realizaci strategick\u00fdch c\u00edl\u016f v roce 2020 (<a href=\"https:\/\/unypcz-my.sharepoint.com\/:w:\/g\/personal\/rectorsoffice_unyp_cz\/EWazOii80FBFkBSmqbStL48BwNked1XvlukY2rUp9gQbpg?e=cHYgrz\">CZ<\/a>, <a href=\"https:\/\/unypcz-my.sharepoint.com\/:w:\/g\/personal\/rectorsoffice_unyp_cz\/EXFkNjd4JntCjyNyd70i9Z8Br9PwD86I-ReMppYCz8Q8qQ?e=nRJWHK\">EN<\/a>)<\/li>\n\n\n\n<li><a href=\"https:\/\/www.unyp.cz\/wp-content\/uploads\/2022\/10\/unyp_plan_for_the_implementation_of_strategic_goals_in_2019.pdf\" target=\"_blank\" rel=\"noreferrer noopener\">UNYP pl\u00e1n pro realizaci strategick\u00fdch c\u00edl\u016f v roce 2019<\/a><\/li>\n\n\n\n<li><a href=\"https:\/\/www.unyp.cz\/wp-content\/uploads\/2022\/10\/unyp_dlouhodoby_zamer_2016_2020.pdf\" target=\"_blank\" rel=\"noreferrer noopener\">Dlouhodob\u00e9 c\u00edle UNYP 2016-2020 CZ<\/a><\/li>\n<\/ul>\n\n\n\n<p><strong>2011-2015<\/strong><\/p>\n\n\n\n<ul class=\"wp-block-list\">\n<li><a href=\"https:\/\/www.unyp.cz\/wp-content\/uploads\/2022\/10\/unyp_long_term_aims_2011_2015_cz.pdf\" target=\"_blank\" rel=\"noreferrer noopener\">Dlouhodob\u00e9 c\u00edle UNYP 2011-2015 CZ<\/a><\/li>\n\n\n\n<li><a href=\"https:\/\/www.unyp.cz\/wp-content\/uploads\/2022\/10\/aktualizace_dlouhodobeho_zameru.pdf\" target=\"_blank\" rel=\"noreferrer noopener\">Dlouhodob\u00e9 c\u00edle UNYP Aktualizace CZ 2015<\/a><\/li>\n<\/ul>\n\n\n\n<p><strong>2006-2010<\/strong><\/p>\n\n\n\n<ul class=\"wp-block-list\">\n<li><a href=\"https:\/\/www.unyp.cz\/wp-content\/uploads\/2022\/10\/long_term_intentions.pdf\" target=\"_blank\" rel=\"noreferrer noopener\">Dlouhodob\u00e9 c\u00edle UNYP 2006-2010 CZ<\/a><\/li>\n<\/ul>\n<\/div><\/div>\n<\/div>\n\n\n\n<div class=\"wp-block-getwid-accordion has-icon-left\" data-active-element=\"none\">\n<div class=\"wp-block-getwid-accordion__header-wrapper\"><span class=\"wp-block-getwid-accordion__header\"><a href=\"#\"><span class=\"wp-block-getwid-accordion__header-title\">Z\u00e1vazek a pl\u00e1n pro rovnost \u017een a mu\u017e\u016f<\/span><span class=\"wp-block-getwid-accordion__icon is-active\"><i class=\"fas fa-plus\"><\/i><\/span><span class=\"wp-block-getwid-accordion__icon is-passive\"><i class=\"fas fa-minus\"><\/i><\/span><\/a><\/span><\/div><div class=\"wp-block-getwid-accordion__content-wrapper\"><div class=\"wp-block-getwid-accordion__content\">\n<p>Pl\u00e1n rovnosti \u017een a mu\u017e\u016f pro University of New York in Prague (\u010dervenec 2025) popisuje n\u00e1\u0161 z\u00e1vazek podporovat spravedliv\u00e9, inkluzivn\u00ed a rovn\u00e9 akademick\u00e9 a pracovn\u00ed prost\u0159ed\u00ed. Pl\u00e1n, kter\u00fd vych\u00e1z\u00ed z evropsk\u00fdch r\u00e1mc\u016f a etick\u00fdch norem, se zam\u011b\u0159uje na zv\u00fd\u0161en\u00ed zastoupen\u00ed \u017een v akademick\u00e9m prost\u0159ed\u00ed, podporu rovnov\u00e1hy mezi pracovn\u00edm a soukrom\u00fdm \u017eivotem, odstran\u011bn\u00ed genderov\u00fdch p\u0159edsudk\u016f a podporu kari\u00e9rn\u00edho rozvoje v\u0161ech pohlav\u00ed. Zav\u00e1d\u00ed konkr\u00e9tn\u00ed opat\u0159en\u00ed, jako jsou pravideln\u00e9 audity dat, anonymn\u00ed pr\u016fzkumy, postupy n\u00e1boru bez p\u0159edsudk\u016f, mentorsk\u00e9 programy, flexibiln\u00ed pracovn\u00ed podm\u00ednky a komplexn\u00ed politiky rodi\u010dovsk\u00e9 dovolen\u00e9. Univerzita tak\u00e9 na\u0159izuje \u0161kolen\u00ed o genderov\u00e9 citlivosti, po\u0159\u00e1d\u00e1 workshopy a dodr\u017euje p\u0159\u00edsnou politiku nulov\u00e9 tolerance v\u016f\u010di n\u00e1sil\u00ed a obt\u011b\u017eov\u00e1n\u00ed na z\u00e1klad\u011b pohlav\u00ed. Na prov\u00e1d\u011bn\u00ed pl\u00e1nu bude dohl\u00ed\u017eet specializovan\u00fd v\u00fdbor pro rovnost \u017een a mu\u017e\u016f, kter\u00fd zajist\u00ed transparentnost prost\u0159ednictv\u00edm ve\u0159ejn\u00e9ho pod\u00e1v\u00e1n\u00ed zpr\u00e1v a zapojen\u00ed z\u00fa\u010dastn\u011bn\u00fdch stran. Pl\u00e1n je ofici\u00e1ln\u011b schv\u00e1len veden\u00edm \u0161koly a bude pravideln\u011b revidov\u00e1n, aby se p\u0159izp\u016fsobil vyv\u00edjej\u00edc\u00edm se pot\u0159eb\u00e1m.<\/p>\n\n\n\n<div data-wp-interactive=\"core\/file\" class=\"wp-block-file\"><object data-wp-bind--hidden=\"!state.hasPdfPreview\" hidden class=\"wp-block-file__embed\" data=\"https:\/\/www.unyp.cz\/wp-content\/uploads\/2025\/07\/gender-plan-1.pdf\" type=\"application\/pdf\" style=\"width:100%;height:600px\" aria-label=\"Embed of Gender plan.\"><\/object><a id=\"wp-block-file--media-3ed0120b-6e9d-4095-9090-a670635589ab\" href=\"https:\/\/www.unyp.cz\/wp-content\/uploads\/2025\/07\/gender-plan-1.pdf\">Gender plan<\/a><a href=\"https:\/\/www.unyp.cz\/wp-content\/uploads\/2025\/07\/gender-plan-1.pdf\" class=\"wp-block-file__button wp-element-button\" download aria-describedby=\"wp-block-file--media-3ed0120b-6e9d-4095-9090-a670635589ab\">Download<\/a><\/div>\n<\/div><\/div>\n<\/div>\n\n\n\n<p><\/p>\n","protected":false},"excerpt":{"rendered":"<p>Tato str\u00e1nka obsahuje ofici\u00e1ln\u00ed publikace University of New York in Prague, v\u010detn\u011b v\u00fdro\u010dn\u00edch zpr\u00e1v, strategick\u00fdch pl\u00e1n\u016f a institucion\u00e1ln\u00edch politik. Tyto dokumenty poskytuj\u00ed podrobn\u00e9 informace o \u010dinnosti vysok\u00e9 \u0161koly, jej\u00edch akademick\u00fdch v\u00fdsledc\u00edch, dlouhodob\u00fdch c\u00edlech a z\u00e1vazc\u00edch, jako je nap\u0159\u00edklad Pl\u00e1n rovnosti \u017een a mu\u017e\u016f. UNYP tyto materi\u00e1ly zve\u0159ej\u0148uje, aby zajistila transparentnost, splnila regula\u010dn\u00ed normy a informovala [&hellip;]<\/p>\n","protected":false},"author":1,"featured_media":0,"parent":0,"menu_order":0,"comment_status":"closed","ping_status":"closed","template":"","meta":{"_acf_changed":false,"inline_featured_image":false,"advgb_blocks_editor_width":"","advgb_blocks_columns_visual_guide":"","footnotes":""},"categories":[],"tags":[],"class_list":["post-20744","page","type-page","status-publish","hentry"],"acf":[],"mb":[],"coauthors":[],"author_meta":{"author_link":"https:\/\/www.unyp.cz\/cs\/author\/kucera-centario\/","display_name":"kucera.centario"},"relative_dates":{"created":"Posted 4 years ago","modified":"Updated 8 months ago"},"absolute_dates":{"created":"Posted on September 28, 2022","modified":"Updated on July 31, 2025"},"absolute_dates_time":{"created":"Posted on September 28, 2022 11:48 AM","modified":"Updated on July 31, 2025 2:40 PM"},"featured_img_caption":"","featured_img":false,"series_order":"","mfb_rest_fields":["title","coauthors","author_meta","relative_dates","absolute_dates","absolute_dates_time","featured_img_caption","featured_img","series_order"],"_links":{"self":[{"href":"https:\/\/www.unyp.cz\/cs\/wp-json\/wp\/v2\/pages\/20744","targetHints":{"allow":["GET"]}}],"collection":[{"href":"https:\/\/www.unyp.cz\/cs\/wp-json\/wp\/v2\/pages"}],"about":[{"href":"https:\/\/www.unyp.cz\/cs\/wp-json\/wp\/v2\/types\/page"}],"author":[{"embeddable":true,"href":"https:\/\/www.unyp.cz\/cs\/wp-json\/wp\/v2\/users\/1"}],"replies":[{"embeddable":true,"href":"https:\/\/www.unyp.cz\/cs\/wp-json\/wp\/v2\/comments?post=20744"}],"version-history":[{"count":13,"href":"https:\/\/www.unyp.cz\/cs\/wp-json\/wp\/v2\/pages\/20744\/revisions"}],"predecessor-version":[{"id":66857,"href":"https:\/\/www.unyp.cz\/cs\/wp-json\/wp\/v2\/pages\/20744\/revisions\/66857"}],"wp:attachment":[{"href":"https:\/\/www.unyp.cz\/cs\/wp-json\/wp\/v2\/media?parent=20744"}],"wp:term":[{"taxonomy":"category","embeddable":true,"href":"https:\/\/www.unyp.cz\/cs\/wp-json\/wp\/v2\/categories?post=20744"},{"taxonomy":"post_tag","embeddable":true,"href":"https:\/\/www.unyp.cz\/cs\/wp-json\/wp\/v2\/tags?post=20744"}],"curies":[{"name":"wp","href":"https:\/\/api.w.org\/{rel}","templated":true}]}}