{"id":20748,"date":"2022-09-28T12:23:43","date_gmt":"2022-09-28T11:23:43","guid":{"rendered":"https:\/\/www.unyp.cz\/student-exchange-program\/"},"modified":"2024-02-19T16:06:00","modified_gmt":"2024-02-19T16:06:00","slug":"studentsky-vymenny-program","status":"publish","type":"page","link":"https:\/\/www.unyp.cz\/cs\/studentsky-vymenny-program\/","title":{"rendered":"Studentsk\u00fd v\u00fdm\u011bnn\u00fd program"},"content":{"rendered":"\n<div class=\"wp-block-group is-layout-flow wp-block-group-is-layout-flow advgb-dyn-f2a6aa86\">\n<div class=\"wp-block-columns is-layout-flex wp-container-core-columns-is-layout-28f84493 wp-block-columns-is-layout-flex\">\n<div class=\"wp-block-column is-layout-flow wp-block-column-is-layout-flow\" style=\"flex-basis:100%\">\n<figure class=\"wp-block-gallery has-nested-images columns-default is-cropped wp-block-gallery-2 is-layout-flex wp-block-gallery-is-layout-flex\">\n<figure class=\"wp-block-image size-large\"><a href=\"https:\/\/mlgfjgj9j0su.i.optimole.com\/w:auto\/h:auto\/q:mauto\/f:best\/https:\/\/www.unyp.cz\/wp-content\/uploads\/2022\/10\/unyp-exchange_landing_page-001-1.jpg\"><img data-opt-id=413142423  fetchpriority=\"high\" decoding=\"async\" width=\"660\" height=\"440\" data-id=\"17015\" src=\"https:\/\/mlgfjgj9j0su.i.optimole.com\/w:auto\/h:auto\/q:mauto\/f:best\/https:\/\/www.unyp.cz\/wp-content\/uploads\/2022\/10\/unyp-exchange_landing_page-001-1.jpg\" alt=\"\" class=\"wp-image-17015\" srcset=\"https:\/\/mlgfjgj9j0su.i.optimole.com\/w:660\/h:440\/q:mauto\/f:best\/https:\/\/www.unyp.cz\/wp-content\/uploads\/2022\/10\/unyp-exchange_landing_page-001-1.jpg 660w, https:\/\/mlgfjgj9j0su.i.optimole.com\/w:300\/h:200\/q:mauto\/f:best\/https:\/\/www.unyp.cz\/wp-content\/uploads\/2022\/10\/unyp-exchange_landing_page-001-1.jpg 300w, https:\/\/mlgfjgj9j0su.i.optimole.com\/w:150\/h:100\/q:mauto\/f:best\/https:\/\/www.unyp.cz\/wp-content\/uploads\/2022\/10\/unyp-exchange_landing_page-001-1.jpg 150w\" sizes=\"(max-width: 660px) 100vw, 660px\" \/><\/a><\/figure>\n\n\n\n<figure class=\"wp-block-image size-large\"><a href=\"https:\/\/mlgfjgj9j0su.i.optimole.com\/w:auto\/h:auto\/q:mauto\/f:best\/https:\/\/www.unyp.cz\/wp-content\/uploads\/2022\/10\/unyp-exchange_landing_page-002-1.jpg\"><img data-opt-id=1234015376  fetchpriority=\"high\" decoding=\"async\" width=\"660\" height=\"440\" data-id=\"17007\" src=\"https:\/\/mlgfjgj9j0su.i.optimole.com\/w:auto\/h:auto\/q:mauto\/f:best\/https:\/\/www.unyp.cz\/wp-content\/uploads\/2022\/10\/unyp-exchange_landing_page-002-1.jpg\" alt=\"\" class=\"wp-image-17007\" srcset=\"https:\/\/mlgfjgj9j0su.i.optimole.com\/w:660\/h:440\/q:mauto\/f:best\/https:\/\/www.unyp.cz\/wp-content\/uploads\/2022\/10\/unyp-exchange_landing_page-002-1.jpg 660w, https:\/\/mlgfjgj9j0su.i.optimole.com\/w:300\/h:200\/q:mauto\/f:best\/https:\/\/www.unyp.cz\/wp-content\/uploads\/2022\/10\/unyp-exchange_landing_page-002-1.jpg 300w, https:\/\/mlgfjgj9j0su.i.optimole.com\/w:150\/h:100\/q:mauto\/f:best\/https:\/\/www.unyp.cz\/wp-content\/uploads\/2022\/10\/unyp-exchange_landing_page-002-1.jpg 150w\" sizes=\"(max-width: 660px) 100vw, 660px\" \/><\/a><\/figure>\n\n\n\n<figure class=\"wp-block-image size-large\"><a href=\"https:\/\/mlgfjgj9j0su.i.optimole.com\/w:auto\/h:auto\/q:mauto\/f:best\/https:\/\/www.unyp.cz\/wp-content\/uploads\/2022\/10\/unyp-exchange_landing_page-003-1.jpg\"><img data-opt-id=1765482647  fetchpriority=\"high\" decoding=\"async\" width=\"660\" height=\"440\" data-id=\"16996\" src=\"https:\/\/mlgfjgj9j0su.i.optimole.com\/w:auto\/h:auto\/q:mauto\/f:best\/https:\/\/www.unyp.cz\/wp-content\/uploads\/2022\/10\/unyp-exchange_landing_page-003-1.jpg\" alt=\"\" class=\"wp-image-16996\" srcset=\"https:\/\/mlgfjgj9j0su.i.optimole.com\/w:660\/h:440\/q:mauto\/f:best\/https:\/\/www.unyp.cz\/wp-content\/uploads\/2022\/10\/unyp-exchange_landing_page-003-1.jpg 660w, https:\/\/mlgfjgj9j0su.i.optimole.com\/w:300\/h:200\/q:mauto\/f:best\/https:\/\/www.unyp.cz\/wp-content\/uploads\/2022\/10\/unyp-exchange_landing_page-003-1.jpg 300w, https:\/\/mlgfjgj9j0su.i.optimole.com\/w:150\/h:100\/q:mauto\/f:best\/https:\/\/www.unyp.cz\/wp-content\/uploads\/2022\/10\/unyp-exchange_landing_page-003-1.jpg 150w\" sizes=\"(max-width: 660px) 100vw, 660px\" \/><\/a><\/figure>\n\n\n\n<figure class=\"wp-block-image size-large\"><a href=\"https:\/\/mlgfjgj9j0su.i.optimole.com\/w:auto\/h:auto\/q:mauto\/f:best\/https:\/\/www.unyp.cz\/wp-content\/uploads\/2022\/10\/unyp-exchange_landing_page-004-1.jpg\"><img data-opt-id=532472569  fetchpriority=\"high\" decoding=\"async\" width=\"660\" height=\"440\" data-id=\"17006\" src=\"https:\/\/mlgfjgj9j0su.i.optimole.com\/w:auto\/h:auto\/q:mauto\/f:best\/https:\/\/www.unyp.cz\/wp-content\/uploads\/2022\/10\/unyp-exchange_landing_page-004-1.jpg\" alt=\"\" class=\"wp-image-17006\" srcset=\"https:\/\/mlgfjgj9j0su.i.optimole.com\/w:660\/h:440\/q:mauto\/f:best\/https:\/\/www.unyp.cz\/wp-content\/uploads\/2022\/10\/unyp-exchange_landing_page-004-1.jpg 660w, https:\/\/mlgfjgj9j0su.i.optimole.com\/w:300\/h:200\/q:mauto\/f:best\/https:\/\/www.unyp.cz\/wp-content\/uploads\/2022\/10\/unyp-exchange_landing_page-004-1.jpg 300w, https:\/\/mlgfjgj9j0su.i.optimole.com\/w:150\/h:100\/q:mauto\/f:best\/https:\/\/www.unyp.cz\/wp-content\/uploads\/2022\/10\/unyp-exchange_landing_page-004-1.jpg 150w\" sizes=\"(max-width: 660px) 100vw, 660px\" \/><\/a><\/figure>\n\n\n\n<figure class=\"wp-block-image size-large\"><a href=\"https:\/\/mlgfjgj9j0su.i.optimole.com\/w:auto\/h:auto\/q:mauto\/f:best\/https:\/\/www.unyp.cz\/wp-content\/uploads\/2022\/10\/unyp-exchange_landing_page-005-1.jpg\"><img data-opt-id=323025073  fetchpriority=\"high\" decoding=\"async\" width=\"660\" height=\"440\" data-id=\"16995\" src=\"https:\/\/mlgfjgj9j0su.i.optimole.com\/w:auto\/h:auto\/q:mauto\/f:best\/https:\/\/www.unyp.cz\/wp-content\/uploads\/2022\/10\/unyp-exchange_landing_page-005-1.jpg\" alt=\"\" class=\"wp-image-16995\" srcset=\"https:\/\/mlgfjgj9j0su.i.optimole.com\/w:660\/h:440\/q:mauto\/f:best\/https:\/\/www.unyp.cz\/wp-content\/uploads\/2022\/10\/unyp-exchange_landing_page-005-1.jpg 660w, https:\/\/mlgfjgj9j0su.i.optimole.com\/w:300\/h:200\/q:mauto\/f:best\/https:\/\/www.unyp.cz\/wp-content\/uploads\/2022\/10\/unyp-exchange_landing_page-005-1.jpg 300w, https:\/\/mlgfjgj9j0su.i.optimole.com\/w:150\/h:100\/q:mauto\/f:best\/https:\/\/www.unyp.cz\/wp-content\/uploads\/2022\/10\/unyp-exchange_landing_page-005-1.jpg 150w\" sizes=\"(max-width: 660px) 100vw, 660px\" \/><\/a><\/figure>\n\n\n\n<figure class=\"wp-block-image size-large\"><a href=\"https:\/\/mlgfjgj9j0su.i.optimole.com\/w:auto\/h:auto\/q:mauto\/f:best\/https:\/\/www.unyp.cz\/wp-content\/uploads\/2022\/10\/unyp-exchange_landing_page-006-1.jpg\"><img data-opt-id=1179727136  fetchpriority=\"high\" decoding=\"async\" width=\"660\" height=\"440\" data-id=\"17002\" src=\"https:\/\/mlgfjgj9j0su.i.optimole.com\/w:auto\/h:auto\/q:mauto\/f:best\/https:\/\/www.unyp.cz\/wp-content\/uploads\/2022\/10\/unyp-exchange_landing_page-006-1.jpg\" alt=\"\" class=\"wp-image-17002\" srcset=\"https:\/\/mlgfjgj9j0su.i.optimole.com\/w:660\/h:440\/q:mauto\/f:best\/https:\/\/www.unyp.cz\/wp-content\/uploads\/2022\/10\/unyp-exchange_landing_page-006-1.jpg 660w, https:\/\/mlgfjgj9j0su.i.optimole.com\/w:300\/h:200\/q:mauto\/f:best\/https:\/\/www.unyp.cz\/wp-content\/uploads\/2022\/10\/unyp-exchange_landing_page-006-1.jpg 300w, https:\/\/mlgfjgj9j0su.i.optimole.com\/w:150\/h:100\/q:mauto\/f:best\/https:\/\/www.unyp.cz\/wp-content\/uploads\/2022\/10\/unyp-exchange_landing_page-006-1.jpg 150w\" sizes=\"(max-width: 660px) 100vw, 660px\" \/><\/a><\/figure>\n\n\n\n<figure class=\"wp-block-image size-large\"><a href=\"https:\/\/mlgfjgj9j0su.i.optimole.com\/w:auto\/h:auto\/q:mauto\/f:best\/https:\/\/www.unyp.cz\/wp-content\/uploads\/2022\/10\/unyp-exchange_landing_page-007-1.jpg\"><img data-opt-id=911960086  fetchpriority=\"high\" decoding=\"async\" width=\"660\" height=\"440\" data-id=\"16991\" src=\"https:\/\/mlgfjgj9j0su.i.optimole.com\/w:auto\/h:auto\/q:mauto\/f:best\/https:\/\/www.unyp.cz\/wp-content\/uploads\/2022\/10\/unyp-exchange_landing_page-007-1.jpg\" alt=\"\" class=\"wp-image-16991\" srcset=\"https:\/\/mlgfjgj9j0su.i.optimole.com\/w:660\/h:440\/q:mauto\/f:best\/https:\/\/www.unyp.cz\/wp-content\/uploads\/2022\/10\/unyp-exchange_landing_page-007-1.jpg 660w, https:\/\/mlgfjgj9j0su.i.optimole.com\/w:300\/h:200\/q:mauto\/f:best\/https:\/\/www.unyp.cz\/wp-content\/uploads\/2022\/10\/unyp-exchange_landing_page-007-1.jpg 300w, https:\/\/mlgfjgj9j0su.i.optimole.com\/w:150\/h:100\/q:mauto\/f:best\/https:\/\/www.unyp.cz\/wp-content\/uploads\/2022\/10\/unyp-exchange_landing_page-007-1.jpg 150w\" sizes=\"(max-width: 660px) 100vw, 660px\" \/><\/a><\/figure>\n\n\n\n<figure class=\"wp-block-image size-large\"><a href=\"https:\/\/mlgfjgj9j0su.i.optimole.com\/w:auto\/h:auto\/q:mauto\/f:best\/https:\/\/www.unyp.cz\/wp-content\/uploads\/2022\/10\/unyp-exchange_landing_page-008-1.jpg\"><img data-opt-id=1543306028  fetchpriority=\"high\" decoding=\"async\" width=\"660\" height=\"440\" data-id=\"16980\" src=\"https:\/\/mlgfjgj9j0su.i.optimole.com\/w:auto\/h:auto\/q:mauto\/f:best\/https:\/\/www.unyp.cz\/wp-content\/uploads\/2022\/10\/unyp-exchange_landing_page-008-1.jpg\" alt=\"\" class=\"wp-image-16980\" srcset=\"https:\/\/mlgfjgj9j0su.i.optimole.com\/w:660\/h:440\/q:mauto\/f:best\/https:\/\/www.unyp.cz\/wp-content\/uploads\/2022\/10\/unyp-exchange_landing_page-008-1.jpg 660w, https:\/\/mlgfjgj9j0su.i.optimole.com\/w:300\/h:200\/q:mauto\/f:best\/https:\/\/www.unyp.cz\/wp-content\/uploads\/2022\/10\/unyp-exchange_landing_page-008-1.jpg 300w, https:\/\/mlgfjgj9j0su.i.optimole.com\/w:150\/h:100\/q:mauto\/f:best\/https:\/\/www.unyp.cz\/wp-content\/uploads\/2022\/10\/unyp-exchange_landing_page-008-1.jpg 150w\" sizes=\"(max-width: 660px) 100vw, 660px\" \/><\/a><\/figure>\n\n\n\n<figure class=\"wp-block-image size-large\"><a href=\"https:\/\/mlgfjgj9j0su.i.optimole.com\/w:auto\/h:auto\/q:mauto\/f:best\/https:\/\/www.unyp.cz\/wp-content\/uploads\/2022\/10\/unyp-exchange_landing_page-009-1.jpg\"><img data-opt-id=1056531358  fetchpriority=\"high\" decoding=\"async\" width=\"660\" height=\"440\" data-id=\"16979\" src=\"https:\/\/mlgfjgj9j0su.i.optimole.com\/w:auto\/h:auto\/q:mauto\/f:best\/https:\/\/www.unyp.cz\/wp-content\/uploads\/2022\/10\/unyp-exchange_landing_page-009-1.jpg\" alt=\"\" class=\"wp-image-16979\" srcset=\"https:\/\/mlgfjgj9j0su.i.optimole.com\/w:660\/h:440\/q:mauto\/f:best\/https:\/\/www.unyp.cz\/wp-content\/uploads\/2022\/10\/unyp-exchange_landing_page-009-1.jpg 660w, https:\/\/mlgfjgj9j0su.i.optimole.com\/w:300\/h:200\/q:mauto\/f:best\/https:\/\/www.unyp.cz\/wp-content\/uploads\/2022\/10\/unyp-exchange_landing_page-009-1.jpg 300w, https:\/\/mlgfjgj9j0su.i.optimole.com\/w:150\/h:100\/q:mauto\/f:best\/https:\/\/www.unyp.cz\/wp-content\/uploads\/2022\/10\/unyp-exchange_landing_page-009-1.jpg 150w\" sizes=\"(max-width: 660px) 100vw, 660px\" \/><\/a><\/figure>\n\n\n\n<figure class=\"wp-block-image size-large\"><a href=\"https:\/\/mlgfjgj9j0su.i.optimole.com\/w:auto\/h:auto\/q:mauto\/f:best\/https:\/\/www.unyp.cz\/wp-content\/uploads\/2022\/10\/unyp-exchange_landing_page-010-1.jpg\"><img data-opt-id=1409097631  fetchpriority=\"high\" decoding=\"async\" width=\"660\" height=\"440\" data-id=\"16984\" src=\"https:\/\/mlgfjgj9j0su.i.optimole.com\/w:auto\/h:auto\/q:mauto\/f:best\/https:\/\/www.unyp.cz\/wp-content\/uploads\/2022\/10\/unyp-exchange_landing_page-010-1.jpg\" alt=\"\" class=\"wp-image-16984\" srcset=\"https:\/\/mlgfjgj9j0su.i.optimole.com\/w:660\/h:440\/q:mauto\/f:best\/https:\/\/www.unyp.cz\/wp-content\/uploads\/2022\/10\/unyp-exchange_landing_page-010-1.jpg 660w, https:\/\/mlgfjgj9j0su.i.optimole.com\/w:300\/h:200\/q:mauto\/f:best\/https:\/\/www.unyp.cz\/wp-content\/uploads\/2022\/10\/unyp-exchange_landing_page-010-1.jpg 300w, https:\/\/mlgfjgj9j0su.i.optimole.com\/w:150\/h:100\/q:mauto\/f:best\/https:\/\/www.unyp.cz\/wp-content\/uploads\/2022\/10\/unyp-exchange_landing_page-010-1.jpg 150w\" sizes=\"(max-width: 660px) 100vw, 660px\" \/><\/a><\/figure>\n<\/figure>\n<\/div>\n<\/div>\n<\/div>\n\n\n\n<div style=\"height:27px\" aria-hidden=\"true\" class=\"wp-block-spacer\"><\/div>\n\n\n\n<h2 class=\"wp-block-heading\">Na UNYP jsme py\u0161n\u00ed na sv\u00e1 partnerstv\u00ed s&nbsp;univerzitami po cel\u00e9m sv\u011bt\u011b.<\/h2>\n\n\n\n<p>UNYP se jako glob\u00e1ln\u011b zam\u011b\u0159en\u00e1 instituce sna\u017e\u00ed roz\u0161\u00ed\u0159it svou glob\u00e1ln\u00ed stopu a perspektivu. Jedn\u00edm z mnoha zp\u016fsob\u016f, kter\u00fdmi se UNYP v t\u00e9to oblasti sna\u017e\u00ed r\u016fst, je rozvoj mezin\u00e1rodn\u00ed s\u00edt\u011b. V\u00fdm\u011bnn\u00e1 partnerstv\u00ed umo\u017e\u0148uj\u00ed UNYP v\u00fdm\u011bnu student\u016f, instruktor\u016f, n\u00e1pad\u016f a osv\u011bd\u010den\u00fdch postup\u016f s kolegy po cel\u00e9m sv\u011bt\u011b.<\/p>\n\n\n\n<p>UNYP je poct\u011bn partnerstv\u00edm s v\u00edce ne\u017e 50 univerzitami po cel\u00e9m sv\u011bt\u011b. N\u00ed\u017ee naleznete informace o na\u0161ich programech pro na\u0161e p\u0159ij\u00ed\u017ed\u011bj\u00edc\u00ed a vyj\u00ed\u017ed\u011bj\u00edc\u00ed studenty:<\/p>\n\n\n\n<ul class=\"wp-block-list\">\n<li><a href=\"https:\/\/www.unyp.cz\/cs\/cge\/vymenne-pobyty\/prijizdejici-studenti\">P\u0159ij\u00ed\u017ed\u011bj\u00edc\u00ed studenti<\/a><\/li>\n\n\n\n<li><a href=\"https:\/\/www.unyp.cz\/cs\/cge\/vymenne-pobyty\/vyjizdejici-studenti\">Vyj\u00ed\u017ed\u011bj\u00edc\u00ed studenti<\/a><\/li>\n<\/ul>\n\n\n\n<p>Pro informace o programu a \u0159\u00edzen\u00ed partnerstv\u00ed, nev\u00e1hejte nav\u0161t\u00edvit domovsk\u00e9 str\u00e1nky&nbsp;<a href=\"https:\/\/www.unyp.cz\/cs\/cge\">UNYP Centra pro Glob\u00e1ln\u00ed spolupr\u00e1ci.<\/a><\/p>\n","protected":false},"excerpt":{"rendered":"<p>Na UNYP jsme py\u0161n\u00ed na sv\u00e1 partnerstv\u00ed s&nbsp;univerzitami po cel\u00e9m sv\u011bt\u011b. UNYP se jako glob\u00e1ln\u011b zam\u011b\u0159en\u00e1 instituce sna\u017e\u00ed roz\u0161\u00ed\u0159it svou glob\u00e1ln\u00ed stopu a perspektivu. Jedn\u00edm z mnoha zp\u016fsob\u016f, kter\u00fdmi se UNYP v t\u00e9to oblasti sna\u017e\u00ed r\u016fst, je rozvoj mezin\u00e1rodn\u00ed s\u00edt\u011b. V\u00fdm\u011bnn\u00e1 partnerstv\u00ed umo\u017e\u0148uj\u00ed UNYP v\u00fdm\u011bnu student\u016f, instruktor\u016f, n\u00e1pad\u016f a osv\u011bd\u010den\u00fdch postup\u016f s kolegy po cel\u00e9m [&hellip;]<\/p>\n","protected":false},"author":1,"featured_media":0,"parent":0,"menu_order":0,"comment_status":"closed","ping_status":"closed","template":"","meta":{"_acf_changed":false,"inline_featured_image":false,"advgb_blocks_editor_width":"","advgb_blocks_columns_visual_guide":"","footnotes":""},"categories":[],"tags":[],"class_list":["post-20748","page","type-page","status-publish","hentry"],"acf":[],"mb":[],"coauthors":[],"author_meta":{"author_link":"https:\/\/www.unyp.cz\/cs\/author\/kucera-centario\/","display_name":"kucera.centario"},"relative_dates":{"created":"Posted 4 years ago","modified":"Updated 2 years ago"},"absolute_dates":{"created":"Posted on September 28, 2022","modified":"Updated on February 19, 2024"},"absolute_dates_time":{"created":"Posted on September 28, 2022 12:23 PM","modified":"Updated on February 19, 2024 4:06 PM"},"featured_img_caption":"","featured_img":false,"series_order":"","mfb_rest_fields":["title","coauthors","author_meta","relative_dates","absolute_dates","absolute_dates_time","featured_img_caption","featured_img","series_order"],"_links":{"self":[{"href":"https:\/\/www.unyp.cz\/cs\/wp-json\/wp\/v2\/pages\/20748","targetHints":{"allow":["GET"]}}],"collection":[{"href":"https:\/\/www.unyp.cz\/cs\/wp-json\/wp\/v2\/pages"}],"about":[{"href":"https:\/\/www.unyp.cz\/cs\/wp-json\/wp\/v2\/types\/page"}],"author":[{"embeddable":true,"href":"https:\/\/www.unyp.cz\/cs\/wp-json\/wp\/v2\/users\/1"}],"replies":[{"embeddable":true,"href":"https:\/\/www.unyp.cz\/cs\/wp-json\/wp\/v2\/comments?post=20748"}],"version-history":[{"count":6,"href":"https:\/\/www.unyp.cz\/cs\/wp-json\/wp\/v2\/pages\/20748\/revisions"}],"predecessor-version":[{"id":23604,"href":"https:\/\/www.unyp.cz\/cs\/wp-json\/wp\/v2\/pages\/20748\/revisions\/23604"}],"wp:attachment":[{"href":"https:\/\/www.unyp.cz\/cs\/wp-json\/wp\/v2\/media?parent=20748"}],"wp:term":[{"taxonomy":"category","embeddable":true,"href":"https:\/\/www.unyp.cz\/cs\/wp-json\/wp\/v2\/categories?post=20748"},{"taxonomy":"post_tag","embeddable":true,"href":"https:\/\/www.unyp.cz\/cs\/wp-json\/wp\/v2\/tags?post=20748"}],"curies":[{"name":"wp","href":"https:\/\/api.w.org\/{rel}","templated":true}]}}