{"id":20813,"date":"2022-09-28T12:24:07","date_gmt":"2022-09-28T11:24:07","guid":{"rendered":"https:\/\/www.unyp.cz\/?page_id=20813"},"modified":"2026-01-30T16:11:54","modified_gmt":"2026-01-30T15:11:54","slug":"program-erasmus","status":"publish","type":"page","link":"https:\/\/www.unyp.cz\/cs\/program-erasmus\/","title":{"rendered":"Program Erasmus+"},"content":{"rendered":"\n<h2 class=\"wp-block-heading\" id=\"h-program-erasmus-studium-mobilita-a-mezinarodni-spoluprace\"><strong>Program Erasmus+: studium, mobilita a mezin\u00e1rodn\u00ed spolupr\u00e1ce<\/strong><\/h2>\n\n\n\n<p>Evropsk\u00e1 unie zalo\u017eila program Erasmus ji\u017e v roce 1987 s c\u00edlem podpo\u0159it studentsk\u00e9 v\u00fdm\u011bny a spolupr\u00e1ci mezi evropsk\u00fdmi vysok\u00fdmi \u0161kolami. V roce 2014 byl program roz\u0161\u00ed\u0159en a modernizov\u00e1n do podoby <strong>Erasmus+<\/strong>, kter\u00e1 dnes zahrnuje nejen studijn\u00ed pobyty student\u016f, ale tak\u00e9 v\u00fdukov\u00e9 mobility, odborn\u00e1 \u0161kolen\u00ed zam\u011bstnanc\u016f a mezin\u00e1rodn\u00ed v\u00fdzkumnou spolupr\u00e1ci.<\/p>\n\n\n\n<figure class=\"wp-block-gallery has-nested-images columns-default is-cropped wp-block-gallery-2 is-layout-flex wp-block-gallery-is-layout-flex\">\n<figure class=\"wp-block-image size-large\"><a href=\"https:\/\/mlgfjgj9j0su.i.optimole.com\/w:auto\/h:auto\/q:mauto\/f:best\/https:\/\/www.unyp.cz\/wp-content\/uploads\/2022\/10\/unyp-erasmus_program_landing_page-002.jpg\"><img data-opt-id=1683678353  fetchpriority=\"high\" decoding=\"async\" width=\"660\" height=\"440\" data-id=\"17258\" src=\"https:\/\/mlgfjgj9j0su.i.optimole.com\/w:auto\/h:auto\/q:mauto\/f:best\/https:\/\/www.unyp.cz\/wp-content\/uploads\/2022\/10\/unyp-erasmus_program_landing_page-002.jpg\" alt=\"\" class=\"wp-image-17258\" srcset=\"https:\/\/mlgfjgj9j0su.i.optimole.com\/w:660\/h:440\/q:mauto\/f:best\/https:\/\/www.unyp.cz\/wp-content\/uploads\/2022\/10\/unyp-erasmus_program_landing_page-002.jpg 660w, https:\/\/mlgfjgj9j0su.i.optimole.com\/w:300\/h:200\/q:mauto\/f:best\/https:\/\/www.unyp.cz\/wp-content\/uploads\/2022\/10\/unyp-erasmus_program_landing_page-002.jpg 300w, https:\/\/mlgfjgj9j0su.i.optimole.com\/w:150\/h:100\/q:mauto\/f:best\/https:\/\/www.unyp.cz\/wp-content\/uploads\/2022\/10\/unyp-erasmus_program_landing_page-002.jpg 150w\" sizes=\"(max-width: 660px) 100vw, 660px\" \/><\/a><\/figure>\n\n\n\n<figure class=\"wp-block-image size-large\"><a href=\"https:\/\/mlgfjgj9j0su.i.optimole.com\/w:auto\/h:auto\/q:mauto\/f:best\/https:\/\/www.unyp.cz\/wp-content\/uploads\/2022\/10\/unyp-erasmus_program_landing_page-001.jpg\"><img data-opt-id=1919598690  fetchpriority=\"high\" decoding=\"async\" width=\"660\" height=\"441\" data-id=\"17246\" src=\"https:\/\/mlgfjgj9j0su.i.optimole.com\/w:auto\/h:auto\/q:mauto\/f:best\/https:\/\/www.unyp.cz\/wp-content\/uploads\/2022\/10\/unyp-erasmus_program_landing_page-001.jpg\" alt=\"\" class=\"wp-image-17246\" srcset=\"https:\/\/mlgfjgj9j0su.i.optimole.com\/w:660\/h:441\/q:mauto\/f:best\/https:\/\/www.unyp.cz\/wp-content\/uploads\/2022\/10\/unyp-erasmus_program_landing_page-001.jpg 660w, https:\/\/mlgfjgj9j0su.i.optimole.com\/w:300\/h:200\/q:mauto\/f:best\/https:\/\/www.unyp.cz\/wp-content\/uploads\/2022\/10\/unyp-erasmus_program_landing_page-001.jpg 300w, https:\/\/mlgfjgj9j0su.i.optimole.com\/w:150\/h:100\/q:mauto\/f:best\/https:\/\/www.unyp.cz\/wp-content\/uploads\/2022\/10\/unyp-erasmus_program_landing_page-001.jpg 150w\" sizes=\"(max-width: 660px) 100vw, 660px\" \/><\/a><\/figure>\n\n\n\n<figure class=\"wp-block-image size-large\"><a href=\"https:\/\/mlgfjgj9j0su.i.optimole.com\/w:auto\/h:auto\/q:mauto\/f:best\/https:\/\/www.unyp.cz\/wp-content\/uploads\/2022\/10\/unyp-erasmus_program_landing_page-003.jpg\"><img data-opt-id=1593494490  fetchpriority=\"high\" decoding=\"async\" width=\"660\" height=\"440\" data-id=\"17262\" src=\"https:\/\/mlgfjgj9j0su.i.optimole.com\/w:auto\/h:auto\/q:mauto\/f:best\/https:\/\/www.unyp.cz\/wp-content\/uploads\/2022\/10\/unyp-erasmus_program_landing_page-003.jpg\" alt=\"\" class=\"wp-image-17262\" srcset=\"https:\/\/mlgfjgj9j0su.i.optimole.com\/w:660\/h:440\/q:mauto\/f:best\/https:\/\/www.unyp.cz\/wp-content\/uploads\/2022\/10\/unyp-erasmus_program_landing_page-003.jpg 660w, https:\/\/mlgfjgj9j0su.i.optimole.com\/w:300\/h:200\/q:mauto\/f:best\/https:\/\/www.unyp.cz\/wp-content\/uploads\/2022\/10\/unyp-erasmus_program_landing_page-003.jpg 300w, https:\/\/mlgfjgj9j0su.i.optimole.com\/w:150\/h:100\/q:mauto\/f:best\/https:\/\/www.unyp.cz\/wp-content\/uploads\/2022\/10\/unyp-erasmus_program_landing_page-003.jpg 150w\" sizes=\"(max-width: 660px) 100vw, 660px\" \/><\/a><\/figure>\n\n\n\n<figure class=\"wp-block-image size-large\"><a href=\"https:\/\/mlgfjgj9j0su.i.optimole.com\/w:auto\/h:auto\/q:mauto\/f:best\/https:\/\/www.unyp.cz\/wp-content\/uploads\/2022\/10\/unyp-erasmus_program_landing_page-004.jpg\"><img data-opt-id=286127772  fetchpriority=\"high\" decoding=\"async\" width=\"660\" height=\"440\" data-id=\"17254\" src=\"https:\/\/mlgfjgj9j0su.i.optimole.com\/w:auto\/h:auto\/q:mauto\/f:best\/https:\/\/www.unyp.cz\/wp-content\/uploads\/2022\/10\/unyp-erasmus_program_landing_page-004.jpg\" alt=\"\" class=\"wp-image-17254\" srcset=\"https:\/\/mlgfjgj9j0su.i.optimole.com\/w:660\/h:440\/q:mauto\/f:best\/https:\/\/www.unyp.cz\/wp-content\/uploads\/2022\/10\/unyp-erasmus_program_landing_page-004.jpg 660w, https:\/\/mlgfjgj9j0su.i.optimole.com\/w:300\/h:200\/q:mauto\/f:best\/https:\/\/www.unyp.cz\/wp-content\/uploads\/2022\/10\/unyp-erasmus_program_landing_page-004.jpg 300w, https:\/\/mlgfjgj9j0su.i.optimole.com\/w:150\/h:100\/q:mauto\/f:best\/https:\/\/www.unyp.cz\/wp-content\/uploads\/2022\/10\/unyp-erasmus_program_landing_page-004.jpg 150w\" sizes=\"(max-width: 660px) 100vw, 660px\" \/><\/a><\/figure>\n\n\n\n<figure class=\"wp-block-image size-large\"><a href=\"https:\/\/mlgfjgj9j0su.i.optimole.com\/w:auto\/h:auto\/q:mauto\/f:best\/https:\/\/www.unyp.cz\/wp-content\/uploads\/2022\/10\/unyp-erasmus_program_landing_page-005.jpg\"><img data-opt-id=671559541  fetchpriority=\"high\" decoding=\"async\" width=\"660\" height=\"440\" data-id=\"17234\" src=\"https:\/\/mlgfjgj9j0su.i.optimole.com\/w:auto\/h:auto\/q:mauto\/f:best\/https:\/\/www.unyp.cz\/wp-content\/uploads\/2022\/10\/unyp-erasmus_program_landing_page-005.jpg\" alt=\"\" class=\"wp-image-17234\" srcset=\"https:\/\/mlgfjgj9j0su.i.optimole.com\/w:660\/h:440\/q:mauto\/f:best\/https:\/\/www.unyp.cz\/wp-content\/uploads\/2022\/10\/unyp-erasmus_program_landing_page-005.jpg 660w, https:\/\/mlgfjgj9j0su.i.optimole.com\/w:300\/h:200\/q:mauto\/f:best\/https:\/\/www.unyp.cz\/wp-content\/uploads\/2022\/10\/unyp-erasmus_program_landing_page-005.jpg 300w, https:\/\/mlgfjgj9j0su.i.optimole.com\/w:150\/h:100\/q:mauto\/f:best\/https:\/\/www.unyp.cz\/wp-content\/uploads\/2022\/10\/unyp-erasmus_program_landing_page-005.jpg 150w\" sizes=\"(max-width: 660px) 100vw, 660px\" \/><\/a><\/figure>\n\n\n\n<figure class=\"wp-block-image size-large\"><a href=\"https:\/\/mlgfjgj9j0su.i.optimole.com\/w:auto\/h:auto\/q:mauto\/f:best\/https:\/\/www.unyp.cz\/wp-content\/uploads\/2022\/10\/unyp-erasmus_program_landing_page-006.jpg\"><img data-opt-id=1798957919  fetchpriority=\"high\" decoding=\"async\" width=\"660\" height=\"440\" data-id=\"17250\" src=\"https:\/\/mlgfjgj9j0su.i.optimole.com\/w:auto\/h:auto\/q:mauto\/f:best\/https:\/\/www.unyp.cz\/wp-content\/uploads\/2022\/10\/unyp-erasmus_program_landing_page-006.jpg\" alt=\"\" class=\"wp-image-17250\" srcset=\"https:\/\/mlgfjgj9j0su.i.optimole.com\/w:660\/h:440\/q:mauto\/f:best\/https:\/\/www.unyp.cz\/wp-content\/uploads\/2022\/10\/unyp-erasmus_program_landing_page-006.jpg 660w, https:\/\/mlgfjgj9j0su.i.optimole.com\/w:300\/h:200\/q:mauto\/f:best\/https:\/\/www.unyp.cz\/wp-content\/uploads\/2022\/10\/unyp-erasmus_program_landing_page-006.jpg 300w, https:\/\/mlgfjgj9j0su.i.optimole.com\/w:150\/h:100\/q:mauto\/f:best\/https:\/\/www.unyp.cz\/wp-content\/uploads\/2022\/10\/unyp-erasmus_program_landing_page-006.jpg 150w\" sizes=\"(max-width: 660px) 100vw, 660px\" \/><\/a><\/figure>\n\n\n\n<figure class=\"wp-block-image size-large\"><a href=\"https:\/\/mlgfjgj9j0su.i.optimole.com\/w:auto\/h:auto\/q:mauto\/f:best\/https:\/\/www.unyp.cz\/wp-content\/uploads\/2022\/10\/unyp-erasmus_program_landing_page-007.jpg\"><img data-opt-id=1027319953  fetchpriority=\"high\" decoding=\"async\" width=\"660\" height=\"440\" data-id=\"17238\" src=\"https:\/\/mlgfjgj9j0su.i.optimole.com\/w:auto\/h:auto\/q:mauto\/f:best\/https:\/\/www.unyp.cz\/wp-content\/uploads\/2022\/10\/unyp-erasmus_program_landing_page-007.jpg\" alt=\"\" class=\"wp-image-17238\" srcset=\"https:\/\/mlgfjgj9j0su.i.optimole.com\/w:660\/h:440\/q:mauto\/f:best\/https:\/\/www.unyp.cz\/wp-content\/uploads\/2022\/10\/unyp-erasmus_program_landing_page-007.jpg 660w, https:\/\/mlgfjgj9j0su.i.optimole.com\/w:300\/h:200\/q:mauto\/f:best\/https:\/\/www.unyp.cz\/wp-content\/uploads\/2022\/10\/unyp-erasmus_program_landing_page-007.jpg 300w, https:\/\/mlgfjgj9j0su.i.optimole.com\/w:150\/h:100\/q:mauto\/f:best\/https:\/\/www.unyp.cz\/wp-content\/uploads\/2022\/10\/unyp-erasmus_program_landing_page-007.jpg 150w\" sizes=\"(max-width: 660px) 100vw, 660px\" \/><\/a><\/figure>\n\n\n\n<figure class=\"wp-block-image size-large\"><a href=\"https:\/\/mlgfjgj9j0su.i.optimole.com\/w:auto\/h:auto\/q:mauto\/f:best\/https:\/\/www.unyp.cz\/wp-content\/uploads\/2022\/10\/unyp-erasmus_program_landing_page-008.jpg\"><img data-opt-id=1512222053  fetchpriority=\"high\" decoding=\"async\" width=\"660\" height=\"440\" data-id=\"17270\" src=\"https:\/\/mlgfjgj9j0su.i.optimole.com\/w:auto\/h:auto\/q:mauto\/f:best\/https:\/\/www.unyp.cz\/wp-content\/uploads\/2022\/10\/unyp-erasmus_program_landing_page-008.jpg\" alt=\"\" class=\"wp-image-17270\" srcset=\"https:\/\/mlgfjgj9j0su.i.optimole.com\/w:660\/h:440\/q:mauto\/f:best\/https:\/\/www.unyp.cz\/wp-content\/uploads\/2022\/10\/unyp-erasmus_program_landing_page-008.jpg 660w, https:\/\/mlgfjgj9j0su.i.optimole.com\/w:300\/h:200\/q:mauto\/f:best\/https:\/\/www.unyp.cz\/wp-content\/uploads\/2022\/10\/unyp-erasmus_program_landing_page-008.jpg 300w, https:\/\/mlgfjgj9j0su.i.optimole.com\/w:150\/h:100\/q:mauto\/f:best\/https:\/\/www.unyp.cz\/wp-content\/uploads\/2022\/10\/unyp-erasmus_program_landing_page-008.jpg 150w\" sizes=\"(max-width: 660px) 100vw, 660px\" \/><\/a><\/figure>\n\n\n\n<figure class=\"wp-block-image size-large\"><a href=\"https:\/\/mlgfjgj9j0su.i.optimole.com\/w:auto\/h:auto\/q:mauto\/f:best\/https:\/\/www.unyp.cz\/wp-content\/uploads\/2022\/10\/unyp-erasmus_program_landing_page-009.jpg\"><img data-opt-id=716782377  fetchpriority=\"high\" decoding=\"async\" width=\"660\" height=\"440\" data-id=\"17266\" src=\"https:\/\/mlgfjgj9j0su.i.optimole.com\/w:auto\/h:auto\/q:mauto\/f:best\/https:\/\/www.unyp.cz\/wp-content\/uploads\/2022\/10\/unyp-erasmus_program_landing_page-009.jpg\" alt=\"\" class=\"wp-image-17266\" srcset=\"https:\/\/mlgfjgj9j0su.i.optimole.com\/w:660\/h:440\/q:mauto\/f:best\/https:\/\/www.unyp.cz\/wp-content\/uploads\/2022\/10\/unyp-erasmus_program_landing_page-009.jpg 660w, https:\/\/mlgfjgj9j0su.i.optimole.com\/w:300\/h:200\/q:mauto\/f:best\/https:\/\/www.unyp.cz\/wp-content\/uploads\/2022\/10\/unyp-erasmus_program_landing_page-009.jpg 300w, https:\/\/mlgfjgj9j0su.i.optimole.com\/w:150\/h:100\/q:mauto\/f:best\/https:\/\/www.unyp.cz\/wp-content\/uploads\/2022\/10\/unyp-erasmus_program_landing_page-009.jpg 150w\" sizes=\"(max-width: 660px) 100vw, 660px\" \/><\/a><\/figure>\n<\/figure>\n\n\n\n<div style=\"height:20px\" aria-hidden=\"true\" class=\"wp-block-spacer\"><\/div>\n\n\n\n<h2 class=\"wp-block-heading\" id=\"h-erasmus-na-unyp-mezinarodni-studium-v-praxi\"><strong>Erasmus+ na UNYP: Mezin\u00e1rodn\u00ed studium v praxi<\/strong><\/h2>\n\n\n\n<p>Mezin\u00e1rodn\u00ed vzd\u011bl\u00e1v\u00e1n\u00ed je sou\u010d\u00e1st\u00ed UNYP ji\u017e od jeho zalo\u017een\u00ed v roce 1998. Jako jedna z pouh\u00fdch t\u0159\u00ed vysok\u00fdch \u0161kol v \u010cesk\u00e9 republice nab\u00edzej\u00edc\u00edch pln\u011b akreditovan\u00e9 studijn\u00ed programy vyu\u010dovan\u00e9 v\u00fdhradn\u011b v angli\u010dtin\u011b m\u00e1 UNYP siln\u00e9 mezin\u00e1rodn\u00ed z\u00e1zem\u00ed. Nav\u00edc m\u00e1 tak\u00e9 akademickou komunitu slo\u017eenou ze student\u016f a vyu\u010duj\u00edc\u00edch z v\u00edce ne\u017e 60 zem\u00ed.<\/p>\n\n\n\n<p><strong>UNYP je zapojen do programu Erasmus+ od roku 2018<\/strong> a ka\u017ed\u00fd semestr se do mobilit aktivn\u011b zapojuj\u00ed studenti i akademi\u010dt\u00ed pracovn\u00edci univerzity. D\u00edky s\u00edti partnersk\u00fdch univerzit po cel\u00e9 Evrop\u011b nab\u00edz\u00ed Erasmus+ na UNYP re\u00e1ln\u00e9 mo\u017enosti, jak z\u00edskat zahrani\u010dn\u00ed studijn\u00ed zku\u0161enost, roz\u0161\u00ed\u0159it akademick\u00e9 obzory a pos\u00edlit profesn\u00ed i jazykov\u00e9 kompetence. To v\u0161e je sou\u010d\u00e1st\u00ed studia.<\/p>\n\n\n\n<p>Program Erasmus+ je kl\u00ed\u010dov\u00fdm pil\u00ed\u0159em mezin\u00e1rodn\u00ed strategie UNYP a p\u0159isp\u00edv\u00e1 k rozvoji univerzity v p\u011bti hlavn\u00edch oblastech:<\/p>\n\n\n\n<ol class=\"wp-block-list\">\n<li><strong>\u00dasp\u011b\u0161nost a uplatn\u011bn\u00ed absolvent\u016f<\/strong><br>Mezin\u00e1rodn\u00ed zku\u0161enosti podporuj\u00ed osobn\u00ed rozvoj student\u016f a jejich p\u0159ipravenost na glob\u00e1ln\u00ed pracovn\u00ed trh.<\/li>\n\n\n\n<li><strong>Kvalita a relevance v\u00fduky<\/strong><br>Mobilita a spolupr\u00e1ce s partnersk\u00fdmi institucemi p\u0159in\u00e1\u0161ej\u00ed inovace, nov\u00e9 perspektivy a rozvoj glob\u00e1ln\u00edch kompetenc\u00ed.<\/li>\n\n\n\n<li><strong>Mobilita student\u016f a zam\u011bstnanc\u016f<\/strong><br>UNYP klade d\u016fraz zejm\u00e9na na studentsk\u00e9 mobility na bakal\u00e1\u0159sk\u00e9 \u00farovni a zapojen\u00ed akademick\u00fdch i administrativn\u00edch pracovn\u00edk\u016f.<\/li>\n\n\n\n<li><strong>Propojen\u00ed vzd\u011bl\u00e1v\u00e1n\u00ed, v\u00fdzkumu a praxe<\/strong><br>Erasmus+ podporuje projekty, st\u00e1\u017ee a mezin\u00e1rodn\u00ed spolupr\u00e1ci, zejm\u00e9na v navazuj\u00edc\u00edch magistersk\u00fdch programech.<\/li>\n\n\n\n<li><strong>Rozvoj a udr\u017eiteln\u00e9 fungov\u00e1n\u00ed UNYP<\/strong><br>Program p\u0159isp\u00edv\u00e1 k institucion\u00e1ln\u00edmu rozvoji, diverzifikaci financov\u00e1n\u00ed a spolupr\u00e1ci s ve\u0159ejn\u00fdm i soukrom\u00fdm sektorem.<\/li>\n<\/ol>\n\n\n\n<p>UNYP vn\u00edm\u00e1 Erasmus+ jako jeden z kl\u00ed\u010dov\u00fdch n\u00e1stroj\u016f pro dal\u0161\u00ed rozvoj mezin\u00e1rodn\u00edho rozm\u011bru studia a akademick\u00e9ho \u017eivota.<\/p>\n\n\n\n<hr class=\"wp-block-separator has-alpha-channel-opacity\"\/>\n\n\n\n<h2 class=\"wp-block-heading\"><strong>Mo\u017enosti studentsk\u00fdch v\u00fdm\u011bn<\/strong><\/h2>\n\n\n\n<p>N\u00ed\u017ee naleznete p\u0159ehled mo\u017enost\u00ed a praktick\u00fdch informac\u00ed pro studenty, kte\u0159\u00ed maj\u00ed z\u00e1jem vyjet na zahrani\u010dn\u00ed studijn\u00ed pobyt v r\u00e1mci programu Erasmus+. Tak\u00e9 zde najdete informace pro ty, kte\u0159\u00ed cht\u011bj\u00ed p\u0159ijet studovat na UNYP jako zahrani\u010dn\u00ed studenti.<\/p>\n\n\n\n<h3 class=\"wp-block-heading\"><a href=\"https:\/\/www.unyp.cz\/cs\/informace-pro-vyjizdejici-erasmus-studenty\/\">V\u00fdjezdy student\u016f UNYP do zahrani\u010d\u00ed<\/a><\/h3>\n\n\n\n<p>Program Erasmus+ na UNYP umo\u017e\u0148uje student\u016fm absolvovat \u010d\u00e1st studia na <strong>partnersk\u00fdch univerzit\u00e1ch v zahrani\u010d\u00ed<\/strong> a z\u00edskat cenn\u00e9 akademick\u00e9 i osobn\u00ed zku\u0161enosti. Studijn\u00ed pobyt v r\u00e1mci programu Erasmus+ je pln\u011b uzn\u00e1v\u00e1n jako sou\u010d\u00e1st studijn\u00edho pl\u00e1nu. Studenti si po celou dobu mobility zachov\u00e1vaj\u00ed status studenta UNYP.<\/p>\n\n\n\n<p>Zahrani\u010dn\u00ed studium podporuje rozvoj odborn\u00fdch znalost\u00ed, jazykov\u00fdch dovednost\u00ed i schopnost fungovat v mezin\u00e1rodn\u00edm prost\u0159ed\u00ed. Studenti mohou vyjet na jeden nebo dva semestry v r\u00e1mci \u0161irok\u00e9 s\u00edt\u011b evropsk\u00fdch univerzit zapojen\u00fdch do programu Erasmus+.<\/p>\n\n\n\n<p><a href=\"https:\/\/www.unyp.cz\/cs\/informace-pro-vyjizdejici-erasmus-studenty\/\">Podrobn\u00e9 informace<\/a> o <strong>podm\u00ednk\u00e1ch v\u00fdjezdu<\/strong>, v\u00fdb\u011brov\u00e9m \u0159\u00edzen\u00ed, uzn\u00e1v\u00e1n\u00ed p\u0159edm\u011bt\u016f a administrativn\u00edch kroc\u00edch naleznete v sekci v\u011bnovan\u00e9 <strong>studijn\u00edm pobyt\u016fm v zahrani\u010d\u00ed<\/strong>.<\/p>\n\n\n\n<hr class=\"wp-block-separator has-alpha-channel-opacity\"\/>\n\n\n\n<h3 class=\"wp-block-heading\"><a href=\"https:\/\/www.unyp.cz\/cs\/informace-pro-vyjizdejici-erasmus-studenty\/\">P\u0159\u00edjezdy zahrani\u010dn\u00edch student\u016f na UNYP<\/a><\/h3>\n\n\n\n<p>UNYP v\u00edt\u00e1 <strong>zahrani\u010dn\u00ed studenty programu Erasmus+<\/strong>, kte\u0159\u00ed maj\u00ed z\u00e1jem studovat v Praze na anglicky vyu\u010dovan\u00e9 americk\u00e9 univerzit\u011b. Incoming studenti se st\u00e1vaj\u00ed sou\u010d\u00e1st\u00ed mezin\u00e1rodn\u00ed akademick\u00e9 komunity a mohou si vyb\u00edrat z kurz\u016f nap\u0159\u00ed\u010d studijn\u00edmi obory.<\/p>\n\n\n\n<p>Studium na UNYP nab\u00edz\u00ed mezin\u00e1rodn\u00ed prost\u0159ed\u00ed, men\u0161\u00ed studijn\u00ed skupiny a p\u0159\u00edm\u00fd kontakt s vyu\u010duj\u00edc\u00edmi, stejn\u011b jako podporu p\u0159i adaptaci a zapojen\u00ed do studentsk\u00e9ho \u017eivota v Praze.<\/p>\n\n\n\n<p><a href=\"https:\/\/www.unyp.cz\/cs\/informace-pro-vyjizdejici-erasmus-studenty\/\">V\u00edce informac\u00ed<\/a> o <strong>p\u0159ihl\u00e1\u0161ce pro incoming studenty<\/strong>, dostupn\u00fdch kurzech, akademick\u00e9m kalend\u00e1\u0159i a praktick\u00fdch n\u00e1le\u017eitostech pobytu naleznete v sekci ur\u010den\u00e9 <strong>zahrani\u010dn\u00edm student\u016fm programu Erasmus+<\/strong>.<\/p>\n\n\n\n<hr class=\"wp-block-separator has-alpha-channel-opacity\"\/>\n\n\n\n<p>Pro informace o programu a \u0159\u00edzen\u00ed partnerstv\u00ed, nev\u00e1hejte nav\u0161t\u00edvit domovsk\u00e9 str\u00e1nky&nbsp;<a href=\"https:\/\/www.unyp.cz\/cs\/centrum-pro-globalni-spolupraci\/\" data-type=\"page\" data-id=\"19855\">UNYP Centra pro Glob\u00e1ln\u00ed spolupr\u00e1ci.<\/a><\/p>\n\n\n\n<div class=\"wp-block-group is-style-download-box is-layout-flow wp-block-group-is-layout-flow\">\n<h3 class=\"wp-block-heading\" id=\"h-ke-stazeni\">Ke sta\u017een\u00ed<\/h3>\n\n\n\n<ul class=\"wp-block-list\">\n<li><a href=\"https:\/\/www.unyp.cz\/wp-content\/uploads\/2022\/10\/eche_2021-2027_certificate_unyp.pdf\" target=\"_blank\" rel=\"noreferrer noopener\">UNYP Erasmus Charter 2021-2027 EN.pdf<\/a><\/li>\n<\/ul>\n\n\n\n<p><\/p>\n<\/div>\n","protected":false},"excerpt":{"rendered":"<p>Program Erasmus+: studium, mobilita a mezin\u00e1rodn\u00ed spolupr\u00e1ce Evropsk\u00e1 unie zalo\u017eila program Erasmus ji\u017e v roce 1987 s c\u00edlem podpo\u0159it studentsk\u00e9 v\u00fdm\u011bny a spolupr\u00e1ci mezi evropsk\u00fdmi vysok\u00fdmi \u0161kolami. V roce 2014 byl program roz\u0161\u00ed\u0159en a modernizov\u00e1n do podoby Erasmus+, kter\u00e1 dnes zahrnuje nejen studijn\u00ed pobyty student\u016f, ale tak\u00e9 v\u00fdukov\u00e9 mobility, odborn\u00e1 \u0161kolen\u00ed zam\u011bstnanc\u016f a mezin\u00e1rodn\u00ed v\u00fdzkumnou [&hellip;]<\/p>\n","protected":false},"author":1,"featured_media":0,"parent":0,"menu_order":0,"comment_status":"closed","ping_status":"closed","template":"","meta":{"_acf_changed":false,"inline_featured_image":false,"advgb_blocks_editor_width":"","advgb_blocks_columns_visual_guide":"","footnotes":""},"categories":[],"tags":[],"class_list":["post-20813","page","type-page","status-publish","hentry"],"acf":[],"mb":[],"coauthors":[],"author_meta":{"author_link":"https:\/\/www.unyp.cz\/cs\/author\/kucera-centario\/","display_name":"kucera.centario"},"relative_dates":{"created":"Posted 4 years ago","modified":"Updated 3 months ago"},"absolute_dates":{"created":"Posted on September 28, 2022","modified":"Updated on January 30, 2026"},"absolute_dates_time":{"created":"Posted on September 28, 2022 12:24 PM","modified":"Updated on January 30, 2026 4:11 PM"},"featured_img_caption":"","featured_img":false,"series_order":"","mfb_rest_fields":["title","coauthors","author_meta","relative_dates","absolute_dates","absolute_dates_time","featured_img_caption","featured_img","series_order"],"_links":{"self":[{"href":"https:\/\/www.unyp.cz\/cs\/wp-json\/wp\/v2\/pages\/20813","targetHints":{"allow":["GET"]}}],"collection":[{"href":"https:\/\/www.unyp.cz\/cs\/wp-json\/wp\/v2\/pages"}],"about":[{"href":"https:\/\/www.unyp.cz\/cs\/wp-json\/wp\/v2\/types\/page"}],"author":[{"embeddable":true,"href":"https:\/\/www.unyp.cz\/cs\/wp-json\/wp\/v2\/users\/1"}],"replies":[{"embeddable":true,"href":"https:\/\/www.unyp.cz\/cs\/wp-json\/wp\/v2\/comments?post=20813"}],"version-history":[{"count":10,"href":"https:\/\/www.unyp.cz\/cs\/wp-json\/wp\/v2\/pages\/20813\/revisions"}],"predecessor-version":[{"id":74356,"href":"https:\/\/www.unyp.cz\/cs\/wp-json\/wp\/v2\/pages\/20813\/revisions\/74356"}],"wp:attachment":[{"href":"https:\/\/www.unyp.cz\/cs\/wp-json\/wp\/v2\/media?parent=20813"}],"wp:term":[{"taxonomy":"category","embeddable":true,"href":"https:\/\/www.unyp.cz\/cs\/wp-json\/wp\/v2\/categories?post=20813"},{"taxonomy":"post_tag","embeddable":true,"href":"https:\/\/www.unyp.cz\/cs\/wp-json\/wp\/v2\/tags?post=20813"}],"curies":[{"name":"wp","href":"https:\/\/api.w.org\/{rel}","templated":true}]}}