{"id":20818,"date":"2022-10-14T12:59:56","date_gmt":"2022-10-14T11:59:56","guid":{"rendered":"https:\/\/www.unyp.cz\/?page_id=20818"},"modified":"2025-05-26T16:00:19","modified_gmt":"2025-05-26T15:00:19","slug":"mba-kurz-koucinku-a-mentoringu","status":"publish","type":"page","link":"https:\/\/www.unyp.cz\/cs\/mba-kurz-koucinku-a-mentoringu\/","title":{"rendered":"Kurz kou\u010dov\u00e1n\u00ed a&nbsp;mentoringu v&nbsp;Praze &#8211; Rozv\u00edjejte sv\u016fj v\u016fd\u010d\u00ed potenci\u00e1l"},"content":{"rendered":"\n<figure class=\"wp-block-embed is-type-video is-provider-youtube wp-block-embed-youtube wp-embed-aspect-16-9 wp-has-aspect-ratio\"><div class=\"wp-block-embed__wrapper\">\n<iframe title=\"UNYP MBA Coaching and Mentoring Course\" width=\"500\" height=\"281\" src=\"https:\/\/www.youtube.com\/embed\/drA-ahZqsbE?feature=oembed\" frameborder=\"0\" allow=\"accelerometer; autoplay; clipboard-write; encrypted-media; gyroscope; picture-in-picture; web-share\" referrerpolicy=\"strict-origin-when-cross-origin\" allowfullscreen><\/iframe>\n<\/div><\/figure>\n\n\n\n<h3 class=\"wp-block-heading\"><strong>Odemkn\u011bte sv\u016fj profesn\u00ed r\u016fst d\u00edky kou\u010dovac\u00edmu a mentorsk\u00e9mu programu UNYP<\/strong><\/h3>\n\n\n\n<p>Na <strong>University of New York in Prague (UNYP)<\/strong> nab\u00edz\u00edme komplexn\u00ed kurz kou\u010dov\u00e1n\u00ed a mentoringu, jeho\u017e c\u00edlem je pos\u00edlit <strong>postaven\u00ed profesion\u00e1l\u016f, mana\u017eer\u016f a za\u010d\u00ednaj\u00edc\u00edch l\u00eddr\u016f<\/strong>. A\u0165 u\u017e se chcete st\u00e1t certifikovan\u00fdm kou\u010dem, zdokonalit sv\u00e9 dovednosti v oblasti mentoringu vedouc\u00edch pracovn\u00edk\u016f nebo podporovat ostatn\u00ed v jejich kari\u00e9rn\u00edm rozvoji, tento kurz v\u00e1s vybav\u00ed z\u00e1kladn\u00edmi znalostmi a praktick\u00fdmi n\u00e1stroji nezbytn\u00fdmi pro \u00fasp\u011bch.<\/p>\n\n\n\n<h3 class=\"wp-block-heading\"><strong>Pro koho je kurz ur\u010den?<\/strong><\/h3>\n\n\n\n<ul class=\"wp-block-list\">\n<li>Profesion\u00e1lov\u00e9, kte\u0159\u00ed cht\u011bj\u00ed rozv\u00edjet kou\u010dovac\u00ed a mentorsk\u00e9 dovednosti na pracovi\u0161ti.<\/li>\n\n\n\n<li>Mana\u017ee\u0159i lidsk\u00fdch zdroj\u016f, vedouc\u00ed t\u00fdm\u016f a vedouc\u00ed pracovn\u00edci, kte\u0159\u00ed cht\u011bj\u00ed zv\u00fd\u0161it v\u00fdkonnost t\u00fdmu prost\u0159ednictv\u00edm mentoringu.<\/li>\n\n\n\n<li>Jednotlivci se z\u00e1jmem o kari\u00e9ru v oblasti profesion\u00e1ln\u00edho kou\u010dov\u00e1n\u00ed.<\/li>\n\n\n\n<li>Podnikatel\u00e9 a majitel\u00e9 firem, kte\u0159\u00ed cht\u011bj\u00ed budovat podp\u016frnou kulturu veden\u00ed.<\/li>\n<\/ul>\n\n\n\n<h3 class=\"wp-block-heading\"><strong>Pro\u010d si pro toto \u0161kolen\u00ed vybrat UNYP?<\/strong><\/h3>\n\n\n\n<p>Na UNYP kombinujeme <strong>americk\u00e9 vzd\u011bl\u00e1vac\u00ed standardy s evropsk\u00fdmi obchodn\u00edmi poznatky<\/strong>. Na\u0161i zku\u0161en\u00ed lekto\u0159i, kte\u0159\u00ed se skl\u00e1daj\u00ed z profesion\u00e1l\u016f z oboru a akademick\u00fdch odborn\u00edk\u016f, poskytuj\u00ed praktick\u00fd a re\u00e1ln\u00fd p\u0159\u00edstup ke kou\u010dov\u00e1n\u00ed a mentoringu.<\/p>\n\n\n\n<p>Kl\u00ed\u010dov\u00e9 benefity tohoto programu jsou:<\/p>\n\n\n\n<ul class=\"wp-block-list\">\n<li><strong>Praktick\u00e9 techniky:<\/strong> Vyzkou\u0161ejte si hran\u00ed rol\u00ed, simulace kou\u010dov\u00e1n\u00ed a re\u00e1ln\u00e9 sc\u00e9n\u00e1\u0159e mentoringu.<\/li>\n\n\n\n<li><strong>Mezin\u00e1rodn\u011b uzn\u00e1van\u00e1 certifikace<\/strong>: Posilte svou pozici mezin\u00e1rodn\u011b uzn\u00e1vanou certifikac\u00ed kou\u010dov\u00e1n\u00ed.<\/li>\n\n\n\n<li><strong>Mal\u00e9, interaktivn\u00ed t\u0159\u00eddy:<\/strong> U\u010dte se v individu\u00e1ln\u00edm prost\u0159ed\u00ed, kter\u00e9 podporuje diskusi, zp\u011btnou vazbu a uplat\u0148ov\u00e1n\u00ed dovednost\u00ed.<\/li>\n<\/ul>\n\n\n\n<h3 class=\"wp-block-heading\"><strong>Co se b\u011bhem kurzu nau\u010d\u00edte<\/strong><\/h3>\n\n\n\n<ul class=\"wp-block-list\">\n<li>Porozum\u00edte z\u00e1kladn\u00edm princip\u016fm a etick\u00fdm r\u00e1mc\u016fm profesion\u00e1ln\u00edho kou\u010dov\u00e1n\u00ed<\/li>\n\n\n\n<li>Prozkoum\u00e1te r\u016fzn\u00e9 modely kou\u010dov\u00e1n\u00ed a techniky mentoringu<\/li>\n\n\n\n<li>Procvi\u010d\u00edte si aktivn\u00ed naslouch\u00e1n\u00ed, siln\u00e9 kladen\u00ed ot\u00e1zek a dovednosti v oblasti stanovov\u00e1n\u00ed c\u00edl\u016f<\/li>\n\n\n\n<li>Nau\u010d\u00edte se se strukturovat praktick\u00e1 kou\u010dovac\u00ed sezen\u00ed<\/li>\n\n\n\n<li>Objev\u00edte strategie pro kou\u010dov\u00e1n\u00ed a mentoring v obchodn\u00edm prost\u0159ed\u00ed<\/li>\n\n\n\n<li>Rozvinete sv\u00e9 v\u016fd\u010d\u00ed schopnosti a emo\u010dn\u00ed inteligenci<\/li>\n<\/ul>\n\n\n\n<h3 class=\"wp-block-heading\"><strong>Struktura a form\u00e1t kurzu<\/strong><\/h3>\n\n\n\n<ul class=\"wp-block-list\">\n<li><strong>Doba trv\u00e1n\u00ed:<\/strong> 12 t\u00fddn\u016f<\/li>\n\n\n\n<li><strong>Re\u017eim<\/strong>: Osobn\u00ed v\u00fduka na kampusu UNYP v Praze<\/li>\n\n\n\n<li><strong>Rozvrh:<\/strong> Ve\u010dern\u00ed lekce pro pracuj\u00edc\u00ed profesion\u00e1ly<\/li>\n\n\n\n<li><strong>Jazyk:<\/strong> Angli\u010dtina<\/li>\n\n\n\n<li><strong>Hodnocen\u00ed:<\/strong> Praktick\u00e9 projekty, reflexn\u00ed den\u00edky a z\u00e1v\u011bre\u010dn\u00fd \u00fakol pro kou\u010de.<\/li>\n<\/ul>\n\n\n\n<h3 class=\"wp-block-heading\"><strong>Poznejte sv\u00e9 lektory<\/strong><\/h3>\n\n\n\n<p>Na\u0161i instrukto\u0159i jsou <strong>certifikovan\u00ed profesion\u00e1ln\u00ed kou\u010dov\u00e9 <\/strong>a zku\u0161en\u00ed obchodn\u00ed mento\u0159i, kte\u0159\u00ed maj\u00ed des\u00edtky let zku\u0161enost\u00ed z <strong>firemn\u00edho, neziskov\u00e9ho a vzd\u011bl\u00e1vac\u00edho sektoru<\/strong>.<\/p>\n\n\n\n<p>Ka\u017ed\u00fd instruktor je pe\u010dliv\u011b vyb\u00edr\u00e1n na z\u00e1klad\u011b sv\u00fdch odborn\u00fdch znalost\u00ed, zku\u0161enost\u00ed s v\u00fdukou a odhodl\u00e1n\u00ed pom\u00e1hat student\u016fm odhalit jejich pln\u00fd potenci\u00e1l.<\/p>\n\n\n\n<h3 class=\"wp-block-heading\"><strong>Certifik\u00e1t a kari\u00e9rn\u00ed mo\u017enosti<\/strong><\/h3>\n\n\n\n<p>Absolventi kurzu kou\u010dov\u00e1n\u00ed a mentoringu UNYP obdr\u017e\u00ed certifik\u00e1t, kter\u00fd je uzn\u00e1v\u00e1n v r\u016fzn\u00fdch odv\u011btv\u00edch. Po jeho absolvov\u00e1n\u00ed jsou studenti p\u0159ipraveni:<\/p>\n\n\n\n<ul class=\"wp-block-list\">\n<li>Akcelerovat svoji kari\u00e9ru profesion\u00e1ln\u00edho kou\u010de<\/li>\n\n\n\n<li>Aplikovat kou\u010dovac\u00ed techniky v person\u00e1ln\u00edch, mana\u017eersk\u00fdch a vedouc\u00edch pozic\u00edch<\/li>\n\n\n\n<li>Zlep\u0161it osobn\u00ed a organiza\u010dn\u00ed v\u00fdkonnost<\/li>\n\n\n\n<li>Poskytovat efektivn\u00ed mentoring pro rozvoj talent\u016f<\/li>\n<\/ul>\n\n\n\n<h3 class=\"wp-block-heading\"><strong>Reference<\/strong><\/h3>\n\n\n\n<blockquote class=\"wp-block-quote is-layout-flow wp-block-quote-is-layout-flow\">\n<p><em>\u201cUNYP\u2019s Coaching and Mentoring course completely transformed how I lead my team. The hands-on approach and experienced instructors made all the difference.\u201d<\/em><br>\u2014 Marta K., HR Manager<\/p>\n<\/blockquote>\n\n\n\n<blockquote class=\"wp-block-quote is-layout-flow wp-block-quote-is-layout-flow\">\n<p><em>\u201cA practical and inspiring course! I now feel confident coaching my colleagues and supporting their professional growth.\u201d<\/em><br>\u2014 Tomas V., Business Consultant<\/p>\n<\/blockquote>\n\n\n\n<h3 class=\"wp-block-heading\"><strong>Zaregistrujte se je\u0161t\u011b dnes<\/strong><\/h3>\n\n\n\n<p>Ud\u011blejte prvn\u00ed krok k tomu, abyste se stali lep\u0161\u00edm vedouc\u00edm, mentorem a kou\u010dem.<br>P\u0159ihlaste se na n\u00e1\u0161 kurz kou\u010dov\u00e1n\u00ed a mentoringu v Praze a roz\u0161i\u0159te si obzory!<\/p>\n\n\n\n<p><\/p>\n\n\n\n<div class=\"wp-block-group content-block content-block--message is-style-question-box has-unyp-light-blue-background-color has-background is-layout-flow wp-block-group-is-layout-flow\">\n<h3 class=\"wp-block-heading\">M\u00e1te dotaz? Chcete podat p\u0159ihl\u00e1\u0161ku?<\/h3>\n\n\n\n<div class=\"wp-block-buttons is-layout-flex wp-block-buttons-is-layout-flex\">\n<div class=\"wp-block-button\"><a class=\"wp-block-button__link wp-element-button\" href=\"https:\/\/www.unyp.cz\/contact\/\">Kontaktujte n\u00e1s<\/a><\/div>\n\n\n\n<div class=\"wp-block-button is-style-btn-apply-online\"><a class=\"wp-block-button__link wp-element-button\" href=\"https:\/\/application.unyp.cz\/\" target=\"_blank\" rel=\"noreferrer noopener\"><span class=\"icon-student\"><\/span> P\u0159ihlaste se online<\/a><\/div>\n<\/div>\n<\/div>\n","protected":false},"excerpt":{"rendered":"<p>Odemkn\u011bte sv\u016fj profesn\u00ed r\u016fst d\u00edky kou\u010dovac\u00edmu a mentorsk\u00e9mu programu UNYP Na University of New York in Prague (UNYP) nab\u00edz\u00edme komplexn\u00ed kurz kou\u010dov\u00e1n\u00ed a mentoringu, jeho\u017e c\u00edlem je pos\u00edlit postaven\u00ed profesion\u00e1l\u016f, mana\u017eer\u016f a za\u010d\u00ednaj\u00edc\u00edch l\u00eddr\u016f. A\u0165 u\u017e se chcete st\u00e1t certifikovan\u00fdm kou\u010dem, zdokonalit sv\u00e9 dovednosti v oblasti mentoringu vedouc\u00edch pracovn\u00edk\u016f nebo podporovat ostatn\u00ed v jejich kari\u00e9rn\u00edm [&hellip;]<\/p>\n","protected":false},"author":1,"featured_media":0,"parent":0,"menu_order":0,"comment_status":"closed","ping_status":"closed","template":"","meta":{"_acf_changed":false,"inline_featured_image":false,"advgb_blocks_editor_width":"","advgb_blocks_columns_visual_guide":"","footnotes":""},"categories":[],"tags":[107],"class_list":["post-20818","page","type-page","status-publish","hentry","tag-mba-cs"],"acf":[],"mb":[],"coauthors":[],"author_meta":{"author_link":"https:\/\/www.unyp.cz\/cs\/author\/kucera-centario\/","display_name":"kucera.centario"},"relative_dates":{"created":"Posted 4 years ago","modified":"Updated 11 months ago"},"absolute_dates":{"created":"Posted on October 14, 2022","modified":"Updated on May 26, 2025"},"absolute_dates_time":{"created":"Posted on October 14, 2022 12:59 PM","modified":"Updated on May 26, 2025 4:00 PM"},"featured_img_caption":"","featured_img":false,"series_order":"","mfb_rest_fields":["title","coauthors","author_meta","relative_dates","absolute_dates","absolute_dates_time","featured_img_caption","featured_img","series_order"],"_links":{"self":[{"href":"https:\/\/www.unyp.cz\/cs\/wp-json\/wp\/v2\/pages\/20818","targetHints":{"allow":["GET"]}}],"collection":[{"href":"https:\/\/www.unyp.cz\/cs\/wp-json\/wp\/v2\/pages"}],"about":[{"href":"https:\/\/www.unyp.cz\/cs\/wp-json\/wp\/v2\/types\/page"}],"author":[{"embeddable":true,"href":"https:\/\/www.unyp.cz\/cs\/wp-json\/wp\/v2\/users\/1"}],"replies":[{"embeddable":true,"href":"https:\/\/www.unyp.cz\/cs\/wp-json\/wp\/v2\/comments?post=20818"}],"version-history":[{"count":9,"href":"https:\/\/www.unyp.cz\/cs\/wp-json\/wp\/v2\/pages\/20818\/revisions"}],"predecessor-version":[{"id":63932,"href":"https:\/\/www.unyp.cz\/cs\/wp-json\/wp\/v2\/pages\/20818\/revisions\/63932"}],"wp:attachment":[{"href":"https:\/\/www.unyp.cz\/cs\/wp-json\/wp\/v2\/media?parent=20818"}],"wp:term":[{"taxonomy":"category","embeddable":true,"href":"https:\/\/www.unyp.cz\/cs\/wp-json\/wp\/v2\/categories?post=20818"},{"taxonomy":"post_tag","embeddable":true,"href":"https:\/\/www.unyp.cz\/cs\/wp-json\/wp\/v2\/tags?post=20818"}],"curies":[{"name":"wp","href":"https:\/\/api.w.org\/{rel}","templated":true}]}}