{"id":20834,"date":"2022-10-14T11:13:20","date_gmt":"2022-10-14T10:13:20","guid":{"rendered":"https:\/\/www.unyp.cz\/?page_id=20834"},"modified":"2026-04-27T14:28:48","modified_gmt":"2026-04-27T13:28:48","slug":"mba-praha","status":"publish","type":"page","link":"https:\/\/www.unyp.cz\/cs\/magisterske-programy\/mba-praha\/","title":{"rendered":"MBA v&nbsp;Praze (s americkou akreditac\u00ed) pro pracuj\u00edc\u00ed profesion\u00e1ly"},"content":{"rendered":"\n<h2 class=\"wp-block-heading\" id=\"h-mba-v-praze-s-americkou-akreditaci-18-mesicu-vikendove-studium-iacbe\" style=\"font-size:1.15rem\"><strong>MBA v Praze (s americkou akreditac\u00ed) | 18 m\u011bs\u00edc\u016f | V\u00edkendov\u00e9 studium | IACBE<\/strong><\/h2>\n\n\n\n<hr class=\"wp-block-separator has-alpha-channel-opacity\"\/>\n\n\n\n<h2 class=\"wp-block-heading\" id=\"h-mba-s-americkou-akreditaci-v-praze-ktery-je-navrzeny-pro-pracujici-profesionaly\"><strong><strong>MBA s americkou akreditac\u00ed<\/strong> v Praze, kter\u00fd je navr\u017een\u00fd pro pracuj\u00edc\u00ed profesion\u00e1ly<\/strong><\/h2>\n\n\n\n<p>Z\u00edskejte <strong>MBA s americkou akreditac\u00ed v Praze<\/strong> na University of New York in Prague. Program je akreditovan\u00fd americkou organizac\u00ed IACBE a je navr\u017een pro profesion\u00e1ly, kte\u0159\u00ed cht\u011bj\u00ed kari\u00e9rn\u011b r\u016fst bez p\u0159eru\u0161en\u00ed zam\u011bstn\u00e1n\u00ed.<\/p>\n\n\n\n<p>Kombinuje <strong>flexibiln\u00ed v\u00edkendovou formu studia<\/strong> s v\u00fdukou zam\u011b\u0159enou na <strong>leadership, rozhodov\u00e1n\u00ed a praktick\u00e9 vyu\u017eit\u00ed v businessu<\/strong>, v\u010detn\u011b z\u00e1v\u011bre\u010dn\u00e9ho konzulta\u010dn\u00edho projektu pro firmu.<\/p>\n\n\n\n<p>Studujte v angli\u010dtin\u011b, u\u010dte se od <strong>lektor\u016f s prax\u00ed z oboru<\/strong> a budujte profesn\u00ed s\u00ed\u0165 vyu\u017eitelnou pro mezin\u00e1rodn\u00ed kari\u00e9ru.<\/p>\n\n\n\n<p>\u2139\ufe0f Zaj\u00edmaj\u00ed v\u00e1s i dal\u0161\u00ed mo\u017enosti? Prohl\u00e9dn\u011bte si tak\u00e9 <a href=\"https:\/\/www.unyp.cz\/cs\/magisterske-programy\/\">magistersk\u00e9 programy<\/a> na UNYP.<\/p>\n\n\n\n<p>\u27a1\ufe0f Hled\u00e1te bakal\u00e1\u0159sk\u00fd program? Pod\u00edvejte se na <a href=\"https:\/\/www.unyp.cz\/cs\/bakalarske-programy\/bakalarsky-program-business-administration\/\">UNYP BBA<\/a>.<\/p>\n\n\n\n<hr class=\"wp-block-separator has-alpha-channel-opacity\"\/>\n\n\n\n<h4 class=\"wp-block-heading\" id=\"h-jak-vypada-mba-na-unyp-v-praxi\">Jak vypad\u00e1 MBA na UNYP v praxi<\/h4>\n\n\n\n<figure class=\"wp-block-embed is-type-video is-provider-youtube wp-block-embed-youtube wp-embed-aspect-16-9 wp-has-aspect-ratio\"><div class=\"wp-block-embed__wrapper\">\n<iframe title=\"Meet Lucie, MBA Program Graduate at UNYP\" width=\"500\" height=\"281\" src=\"https:\/\/www.youtube.com\/embed\/OD4pD3Z-eus?start=25&#038;feature=oembed\" frameborder=\"0\" allow=\"accelerometer; autoplay; clipboard-write; encrypted-media; gyroscope; picture-in-picture; web-share\" referrerpolicy=\"strict-origin-when-cross-origin\" allowfullscreen><\/iframe>\n<\/div><\/figure>\n\n\n\n<p>Kr\u00e1tk\u00e9 p\u0159edstaven\u00ed programu a zku\u0161enosti absolvent\u016f.<\/p>\n\n\n\n<hr class=\"wp-block-separator has-alpha-channel-opacity\"\/>\n\n\n\n<h2 class=\"wp-block-heading\"><strong>\u010c\u00edm je toto MBA americk\u00e9?<\/strong><\/h2>\n\n\n\n<ul class=\"wp-block-list\">\n<li><strong>Akreditace americkou instituc\u00ed IACBE<\/strong><\/li>\n\n\n\n<li>Studium podle standard\u016f americk\u00e9ho business vzd\u011bl\u00e1v\u00e1n\u00ed<\/li>\n\n\n\n<li>V\u00fduka v angli\u010dtin\u011b veden\u00e1 <strong>lektory s prax\u00ed z oboru<\/strong><\/li>\n<\/ul>\n\n\n\n<hr class=\"wp-block-separator has-alpha-channel-opacity\"\/>\n\n\n\n<h2 class=\"wp-block-heading\"><strong>Pro koho je MBA vhodn\u00e9<\/strong><\/h2>\n\n\n\n<p>Tento program je ide\u00e1ln\u00ed pro:<\/p>\n\n\n\n<ul class=\"wp-block-list\">\n<li><strong>Pracuj\u00edc\u00ed profesion\u00e1ly<\/strong>, kte\u0159\u00ed cht\u011bj\u00ed posunout svou kari\u00e9ru<\/li>\n\n\n\n<li>Z\u00e1jemce o <strong>mana\u017eersk\u00e9 nebo strategick\u00e9 pozice<\/strong><\/li>\n\n\n\n<li>Ty, kte\u0159\u00ed hledaj\u00ed <strong>MBA v Praze v angli\u010dtin\u011b<\/strong><\/li>\n\n\n\n<li>Profesion\u00e1ly pl\u00e1nuj\u00edc\u00ed kari\u00e9rn\u00ed zm\u011bnu nebo r\u016fst<\/li>\n<\/ul>\n\n\n\n<hr class=\"wp-block-separator has-alpha-channel-opacity\"\/>\n\n\n\n<h2 class=\"wp-block-heading\"><strong>Pro\u010d si vybrat MBA na UNYP<\/strong><\/h2>\n\n\n\n<ul class=\"wp-block-list\">\n<li><strong>V\u00edkendov\u00e1 forma studia<\/strong> \u2014 umo\u017e\u0148uje kombinovat studium s kari\u00e9rou<\/li>\n\n\n\n<li><strong>Leadershipov\u011b zam\u011b\u0159en\u00e9 studium<\/strong> \u2014 rozvoj rozhodov\u00e1n\u00ed, ne jen teorie<\/li>\n\n\n\n<li><strong>Flexibiln\u00ed studium<\/strong> \u2014 mo\u017enost p\u0159izp\u016fsobit MBA sv\u00fdm c\u00edl\u016fm<\/li>\n\n\n\n<li><strong>Praktick\u00e9 zam\u011b\u0159en\u00ed<\/strong> \u2014 zahrnuje konzulta\u010dn\u00ed projekt pro firmu<\/li>\n\n\n\n<li><strong>Americk\u00e1 akreditace (IACBE)<\/strong> \u2014 titul uzn\u00e1van\u00fd mezin\u00e1rodn\u011b<\/li>\n<\/ul>\n\n\n\n<hr class=\"wp-block-separator has-alpha-channel-opacity\"\/>\n\n\n\n<h2 class=\"wp-block-heading\"><strong>Leadershipov\u011b zam\u011b\u0159en\u00e9 studium<\/strong><\/h2>\n\n\n\n<p>Tento MBA program je postaven na rozvoji leadershipu a strategick\u00e9ho rozhodov\u00e1n\u00ed, kter\u00e9 jsou kl\u00ed\u010dov\u00e9 pro \u0159\u00edzen\u00ed organizac\u00ed v komplexn\u00edm mezin\u00e1rodn\u00edm prost\u0159ed\u00ed.<\/p>\n\n\n\n<ul class=\"wp-block-list\">\n<li>Osvoj\u00edte si kl\u00ed\u010dov\u00e9 oblasti businessu: finance, marketing, operations a strategii<\/li>\n\n\n\n<li>Pos\u00edl\u00edte schopnost rozhodov\u00e1n\u00ed a \u0159e\u0161en\u00ed komplexn\u00edch probl\u00e9m\u016f<\/li>\n\n\n\n<li>Nau\u010d\u00edte se v\u00e9st t\u00fdmy a \u0159\u00eddit zm\u011bny<\/li>\n\n\n\n<li>Zvol\u00edte si specializaci podle sv\u00fdch kari\u00e9rn\u00edch c\u00edl\u016f<\/li>\n\n\n\n<li>Rozvinete podnikatelsk\u00e9 a inova\u010dn\u00ed my\u0161len\u00ed<\/li>\n\n\n\n<li>Roz\u0161\u00ed\u0159\u00edte svou profesn\u00ed s\u00ed\u0165<\/li>\n<\/ul>\n\n\n\n<hr class=\"wp-block-separator has-alpha-channel-opacity\"\/>\n\n\n\n<h2 class=\"wp-block-heading\"><strong>Struktura a flexibilita studia<\/strong><\/h2>\n\n\n\n<p>MBA m\u016f\u017eete dokon\u010dit ji\u017e za <strong>18 m\u011bs\u00edc\u016f<\/strong>, s ohledem na va\u0161e pracovn\u00ed vyt\u00ed\u017een\u00ed:<\/p>\n\n\n\n<ul class=\"wp-block-list\">\n<li>V\u00edkendov\u00e1 forma studia (ide\u00e1ln\u00ed pro pracuj\u00edc\u00ed profesion\u00e1ly)<\/li>\n\n\n\n<li>Mo\u017enost individu\u00e1ln\u00edho rozvrhu (na vy\u017e\u00e1d\u00e1n\u00ed)<\/li>\n<\/ul>\n\n\n\n<p>Program kombinuje <strong>z\u00e1kladn\u00ed business znalosti, leadership a strategickou praxi<\/strong>, co\u017e v\u00e1m umo\u017en\u00ed skloubit flexibilitu s kvalitn\u00edm vzd\u011bl\u00e1n\u00edm.<\/p>\n\n\n\n<h3 class=\"wp-block-heading\"><strong>Jak je studium strukturov\u00e1no<\/strong><\/h3>\n\n\n\n<p>Studium postupn\u011b rozv\u00edj\u00ed va\u0161e znalosti a dovednosti ve t\u0159ech propojen\u00fdch oblastech:<\/p>\n\n\n\n<ul class=\"wp-block-list\">\n<li><strong>Z\u00e1klady businessu<\/strong><br>Finance \u00b7 Marketing \u00b7 Operations \u00b7 Accounting<\/li>\n\n\n\n<li><strong>Leadership a pr\u00e1ce s lidmi<\/strong><br>Management lid\u00ed \u00b7 Coaching \u00b7 Leadership<\/li>\n\n\n\n<li><strong>Strategie a praxe<\/strong><br>Strategick\u00e9 \u0159\u00edzen\u00ed \u00b7 Rozhodov\u00e1n\u00ed \u00b7 Konzulta\u010dn\u00ed projekt<\/li>\n<\/ul>\n\n\n\n<p>Studium zakon\u010d\u00edte <strong>re\u00e1ln\u00fdm konzulta\u010dn\u00edm projektem pro firmu<\/strong>, kde aplikujete z\u00edskan\u00e9 znalosti na konkr\u00e9tn\u00ed businessov\u00e9 v\u00fdzvy.<\/p>\n\n\n\n<hr class=\"wp-block-separator has-alpha-channel-opacity\"\/>\n\n\n\n<h4 class=\"wp-block-heading\" id=\"h-jak-mba-na-unyp-pomaha-v-kariere\">Jak MBA na UNYP pom\u00e1h\u00e1 v kari\u00e9\u0159e?<\/h4>\n\n\n\n<figure class=\"wp-block-embed is-type-video is-provider-youtube wp-block-embed-youtube wp-embed-aspect-16-9 wp-has-aspect-ratio\"><div class=\"wp-block-embed__wrapper\">\n<iframe title=\"MBA at UNYP: A Step Forward in Your Career\" width=\"500\" height=\"281\" src=\"https:\/\/www.youtube.com\/embed\/_caINLMnFq0?feature=oembed\" frameborder=\"0\" allow=\"accelerometer; autoplay; clipboard-write; encrypted-media; gyroscope; picture-in-picture; web-share\" referrerpolicy=\"strict-origin-when-cross-origin\" allowfullscreen><\/iframe>\n<\/div><\/figure>\n\n\n\n<p>Pod\u00edvejte se, pro\u010d si absolventi vybrali tento program a jak jim pomohl profesn\u011b r\u016fst.<\/p>\n\n\n\n<hr class=\"wp-block-separator has-alpha-channel-opacity\"\/>\n\n\n\n<h2 class=\"wp-block-heading\" id=\"h-vyberte-si-smer-sve-kariery\"><strong>Vyberte si sm\u011br sv\u00e9 kari\u00e9ry<\/strong><\/h2>\n\n\n\n<p>P\u0159izp\u016fsobte si MBA podle sv\u00fdch profesn\u00edch c\u00edl\u016f v\u00fdb\u011brem koncentrace:<\/p>\n\n\n\n<h3 class=\"wp-block-heading\" id=\"h-management\">\ud83d\udfe6 Management<\/h3>\n\n\n\n<p>Veden\u00ed t\u00fdm\u016f, strategie a \u0159\u00edzen\u00ed v\u00fdkonnosti<\/p>\n\n\n\n<h3 class=\"wp-block-heading\" id=\"h-finance\">\ud83d\udfe6 Finance<\/h3>\n\n\n\n<p>Investice, finan\u010dn\u00ed rozhodov\u00e1n\u00ed a trhy<\/p>\n\n\n\n<h3 class=\"wp-block-heading\" id=\"h-marketing\">\ud83d\udfe6 Marketing<\/h3>\n\n\n\n<p>Zna\u010dka, digit\u00e1ln\u00ed strategie a z\u00e1kaznick\u00e9 chov\u00e1n\u00ed<\/p>\n\n\n\n<h3 class=\"wp-block-heading\" id=\"h-entrepreneurship\">\ud83d\udfe6 Entrepreneurship<\/h3>\n\n\n\n<p>Zakl\u00e1d\u00e1n\u00ed a rozvoj vlastn\u00edho podnik\u00e1n\u00ed<\/p>\n\n\n\n<h3 class=\"wp-block-heading\" id=\"h-neuromanagement\">\ud83d\udfe6 Neuromanagement<\/h3>\n\n\n\n<p>Psychologie a neurov\u011bdy v leadershipu<\/p>\n\n\n\n<h3 class=\"wp-block-heading\" id=\"h-global-business-services\">\ud83d\udfe6 Global Business Services<\/h3>\n\n\n\n<p>\u0158\u00edzen\u00ed mezin\u00e1rodn\u00edch operac\u00ed a slu\u017eeb<\/p>\n\n\n\n<p>\u27a1\ufe0f <a href=\"https:\/\/www.unyp.cz\/cs\/magisterske-programy\/mba-koncentrace\/\">Prozkoumat v\u0161echny specializace<\/a><\/p>\n\n\n\n<hr class=\"wp-block-separator has-alpha-channel-opacity\"\/>\n\n\n\n<h2 class=\"wp-block-heading\"><strong>Roz\u0161i\u0159te sv\u00e9 leadership dovednosti<\/strong><\/h2>\n\n\n\n<p>Sou\u010d\u00e1st\u00ed MBA jsou i dal\u0161\u00ed rozvojov\u00e9 prvky:<\/p>\n\n\n\n<ul class=\"wp-block-list\">\n<li><strong>G.R.O.W. to Flow\u2122 peer-learning framework<\/strong><br>Strukturovan\u00fd p\u0159\u00edstup ke kou\u010dinku a osobn\u00edmu rozvoji<\/li>\n\n\n\n<li><strong>Rozvoj coaching dovednost\u00ed<\/strong><br>Praktick\u00e9 n\u00e1stroje pro pr\u00e1ci s lidmi a leadership<\/li>\n<\/ul>\n\n\n\n<hr class=\"wp-block-separator has-alpha-channel-opacity\"\/>\n\n\n\n<h2 class=\"wp-block-heading\" id=\"h-karierni-uplatneni\"><strong>Kari\u00e9rn\u00ed uplatn\u011bn\u00ed<\/strong><\/h2>\n\n\n\n<p>Absolventi MBA na UNYP se \u010dasto posouvaj\u00ed na pozice jako:<\/p>\n\n\n\n<p><strong>Senior Manager \u00b7 Strategy Director \u00b7 Finance Manager \u00b7 Project Manager \u00b7 Business Development Manager \u00b7 Consultant \u00b7 Entrepreneur \u00b7 HR Leader<\/strong><\/p>\n\n\n\n<p>MBA v\u00e1m pom\u016f\u017ee:<\/p>\n\n\n\n<ul class=\"wp-block-list\">\n<li>zv\u00fd\u0161it svou hodnotu na trhu pr\u00e1ce<\/li>\n\n\n\n<li>posunout se na vy\u0161\u0161\u00ed pozice<\/li>\n\n\n\n<li>zm\u011bnit obor<\/li>\n<\/ul>\n\n\n\n<hr class=\"wp-block-separator has-alpha-channel-opacity\"\/>\n\n\n\n<h2 class=\"wp-block-heading\"><strong>Akreditace a kvalita MBA<\/strong><\/h2>\n\n\n\n<p>MBA na University of New York in Prague m\u00e1 <strong>americkou akreditaci (IACBE)<\/strong>, kter\u00e1 garantuje mezin\u00e1rodn\u00ed standard kvality vzd\u011bl\u00e1v\u00e1n\u00ed.<\/p>\n\n\n\n<div class=\"wp-block-columns are-vertically-aligned-center is-layout-flex wp-container-core-columns-is-layout-28f84493 wp-block-columns-is-layout-flex\">\n<div class=\"wp-block-column is-vertically-aligned-center is-layout-flow wp-block-column-is-layout-flow\">\n<div class=\"wp-block-columns is-layout-flex wp-container-core-columns-is-layout-28f84493 wp-block-columns-is-layout-flex\">\n<div class=\"wp-block-column is-vertically-aligned-center is-layout-flow wp-block-column-is-layout-flow\">\n<figure class=\"wp-block-image alignwide size-full wp-duotone-grayscale\"><img data-opt-id=385608226  fetchpriority=\"high\" decoding=\"async\" width=\"720\" height=\"720\" src=\"https:\/\/www.unyp.cz\/wp-content\/uploads\/2025\/04\/iacbe-vertical-logo.png\" alt=\"\" class=\"wp-image-62748\" srcset=\"https:\/\/www.unyp.cz\/wp-content\/uploads\/2025\/04\/iacbe-vertical-logo.png 720w, https:\/\/www.unyp.cz\/wp-content\/uploads\/2025\/04\/iacbe-vertical-logo.png 300w, https:\/\/www.unyp.cz\/wp-content\/uploads\/2025\/04\/iacbe-vertical-logo.png 150w\" sizes=\"(max-width: 720px) 100vw, 720px\" \/><\/figure>\n<\/div>\n\n\n\n<div class=\"wp-block-column is-vertically-aligned-center is-layout-flow wp-block-column-is-layout-flow\">\n<figure class=\"wp-block-image alignwide size-full wp-duotone-grayscale\"><img data-opt-id=2059527017  fetchpriority=\"high\" decoding=\"async\" width=\"886\" height=\"770\" src=\"https:\/\/mlgfjgj9j0su.i.optimole.com\/w:auto\/h:auto\/q:mauto\/f:best\/https:\/\/www.unyp.cz\/wp-content\/uploads\/2025\/04\/absl_logo_cmyk_full_twitter.jpg\" alt=\"\" class=\"wp-image-62745\" srcset=\"https:\/\/mlgfjgj9j0su.i.optimole.com\/w:886\/h:770\/q:mauto\/f:best\/https:\/\/www.unyp.cz\/wp-content\/uploads\/2025\/04\/absl_logo_cmyk_full_twitter.jpg 886w, https:\/\/mlgfjgj9j0su.i.optimole.com\/w:300\/h:261\/q:mauto\/f:best\/https:\/\/www.unyp.cz\/wp-content\/uploads\/2025\/04\/absl_logo_cmyk_full_twitter.jpg 300w, https:\/\/mlgfjgj9j0su.i.optimole.com\/w:150\/h:130\/q:mauto\/f:best\/https:\/\/www.unyp.cz\/wp-content\/uploads\/2025\/04\/absl_logo_cmyk_full_twitter.jpg 150w, https:\/\/mlgfjgj9j0su.i.optimole.com\/w:768\/h:667\/q:mauto\/f:best\/https:\/\/www.unyp.cz\/wp-content\/uploads\/2025\/04\/absl_logo_cmyk_full_twitter.jpg 768w\" sizes=\"(max-width: 886px) 100vw, 886px\" \/><\/figure>\n<\/div>\n\n\n\n<div class=\"wp-block-column is-vertically-aligned-center is-layout-flow wp-block-column-is-layout-flow\">\n<figure class=\"wp-block-image alignwide size-full\"><img data-opt-id=884239791  fetchpriority=\"high\" decoding=\"async\" width=\"471\" height=\"308\" src=\"https:\/\/mlgfjgj9j0su.i.optimole.com\/w:auto\/h:auto\/q:mauto\/f:best\/https:\/\/www.unyp.cz\/wp-content\/uploads\/2022\/10\/cambas_vector_small.jpg\" alt=\"\" class=\"wp-image-17493\" srcset=\"https:\/\/mlgfjgj9j0su.i.optimole.com\/w:471\/h:308\/q:mauto\/f:best\/https:\/\/www.unyp.cz\/wp-content\/uploads\/2022\/10\/cambas_vector_small.jpg 471w, https:\/\/mlgfjgj9j0su.i.optimole.com\/w:300\/h:196\/q:mauto\/f:best\/https:\/\/www.unyp.cz\/wp-content\/uploads\/2022\/10\/cambas_vector_small.jpg 300w, https:\/\/mlgfjgj9j0su.i.optimole.com\/w:150\/h:98\/q:mauto\/f:best\/https:\/\/www.unyp.cz\/wp-content\/uploads\/2022\/10\/cambas_vector_small.jpg 150w\" sizes=\"(max-width: 471px) 100vw, 471px\" \/><\/figure>\n<\/div>\n<\/div>\n<\/div>\n\n\n\n<div class=\"wp-block-column is-vertically-aligned-center is-layout-flow wp-block-column-is-layout-flow\">\n<div class=\"wp-block-columns is-layout-flex wp-container-core-columns-is-layout-28f84493 wp-block-columns-is-layout-flex\">\n<div class=\"wp-block-column is-layout-flow wp-block-column-is-layout-flow\">\n<figure class=\"wp-block-image size-full is-resized wp-duotone-grayscale\"><img data-opt-id=2042867821  fetchpriority=\"high\" decoding=\"async\" width=\"150\" height=\"96\" src=\"https:\/\/mlgfjgj9j0su.i.optimole.com\/w:auto\/h:auto\/q:mauto\/f:best\/https:\/\/www.unyp.cz\/wp-content\/uploads\/2022\/10\/th_ceeman_logo2012_150x150_0.jpg\" alt=\"\" class=\"wp-image-17695\" style=\"width:72px;height:auto\"\/><\/figure>\n<\/div>\n\n\n\n<div class=\"wp-block-column is-layout-flow wp-block-column-is-layout-flow\">\n<figure class=\"wp-block-image size-full is-resized wp-duotone-grayscale\"><img data-opt-id=658621745  fetchpriority=\"high\" decoding=\"async\" width=\"180\" height=\"126\" src=\"https:\/\/www.unyp.cz\/wp-content\/uploads\/2022\/10\/bac_logo-1.png\" alt=\"\" class=\"wp-image-17717\" style=\"width:69px;height:auto\" srcset=\"https:\/\/www.unyp.cz\/wp-content\/uploads\/2022\/10\/bac_logo-1.png 180w, https:\/\/www.unyp.cz\/wp-content\/uploads\/2022\/10\/bac_logo-1.png 150w\" sizes=\"(max-width: 180px) 100vw, 180px\" \/><\/figure>\n<\/div>\n<\/div>\n<\/div>\n\n\n\n<div class=\"wp-block-column is-vertically-aligned-center is-layout-flow wp-block-column-is-layout-flow\">\n<div class=\"wp-block-columns is-layout-flex wp-container-core-columns-is-layout-28f84493 wp-block-columns-is-layout-flex\">\n<div class=\"wp-block-column is-layout-flow wp-block-column-is-layout-flow\">\n<figure class=\"wp-block-image size-full is-resized wp-duotone-grayscale\"><img data-opt-id=694801972  fetchpriority=\"high\" decoding=\"async\" width=\"800\" height=\"533\" src=\"https:\/\/mlgfjgj9j0su.i.optimole.com\/w:auto\/h:auto\/q:mauto\/f:best\/https:\/\/www.unyp.cz\/wp-content\/uploads\/2025\/04\/eqa-logo.jpg\" alt=\"\" class=\"wp-image-62751\" style=\"width:88px;height:auto\" srcset=\"https:\/\/mlgfjgj9j0su.i.optimole.com\/w:800\/h:533\/q:mauto\/f:best\/https:\/\/www.unyp.cz\/wp-content\/uploads\/2025\/04\/eqa-logo.jpg 800w, https:\/\/mlgfjgj9j0su.i.optimole.com\/w:300\/h:200\/q:mauto\/f:best\/https:\/\/www.unyp.cz\/wp-content\/uploads\/2025\/04\/eqa-logo.jpg 300w, https:\/\/mlgfjgj9j0su.i.optimole.com\/w:150\/h:100\/q:mauto\/f:best\/https:\/\/www.unyp.cz\/wp-content\/uploads\/2025\/04\/eqa-logo.jpg 150w, https:\/\/mlgfjgj9j0su.i.optimole.com\/w:768\/h:512\/q:mauto\/f:best\/https:\/\/www.unyp.cz\/wp-content\/uploads\/2025\/04\/eqa-logo.jpg 768w\" sizes=\"(max-width: 800px) 100vw, 800px\" \/><\/figure>\n<\/div>\n\n\n\n<div class=\"wp-block-column is-layout-flow wp-block-column-is-layout-flow\">\n<figure class=\"wp-block-image alignwide size-large wp-duotone-grayscale\"><img data-opt-id=697623119  fetchpriority=\"high\" decoding=\"async\" width=\"1400\" height=\"854\" src=\"https:\/\/mlgfjgj9j0su.i.optimole.com\/w:1400\/h:854\/q:mauto\/f:best\/https:\/\/www.unyp.cz\/wp-content\/uploads\/2022\/10\/efmd-global-h-pantone.jpg\" alt=\"\" class=\"wp-image-17707\" srcset=\"https:\/\/mlgfjgj9j0su.i.optimole.com\/w:1400\/h:854\/q:mauto\/f:best\/https:\/\/www.unyp.cz\/wp-content\/uploads\/2022\/10\/efmd-global-h-pantone.jpg 1400w, https:\/\/mlgfjgj9j0su.i.optimole.com\/w:300\/h:183\/q:mauto\/f:best\/https:\/\/www.unyp.cz\/wp-content\/uploads\/2022\/10\/efmd-global-h-pantone.jpg 300w, https:\/\/mlgfjgj9j0su.i.optimole.com\/w:150\/h:92\/q:mauto\/f:best\/https:\/\/www.unyp.cz\/wp-content\/uploads\/2022\/10\/efmd-global-h-pantone.jpg 150w, https:\/\/mlgfjgj9j0su.i.optimole.com\/w:768\/h:469\/q:mauto\/f:best\/https:\/\/www.unyp.cz\/wp-content\/uploads\/2022\/10\/efmd-global-h-pantone.jpg 768w, https:\/\/mlgfjgj9j0su.i.optimole.com\/w:1411\/h:861\/q:mauto\/f:best\/https:\/\/www.unyp.cz\/wp-content\/uploads\/2022\/10\/efmd-global-h-pantone.jpg 1411w\" sizes=\"(max-width: 1000px) 100vw, 1000px\" \/><\/figure>\n<\/div>\n<\/div>\n<\/div>\n<\/div>\n\n\n\n<hr class=\"wp-block-separator has-alpha-channel-opacity\"\/>\n\n\n\n<h2 class=\"wp-block-heading\" id=\"h-casto-kladene-otazky-o-mba-studiu\"><strong>\u010casto kladen\u00e9 ot\u00e1zky o MBA studiu<\/strong><\/h2>\n\n\n\n<div class=\"schema-faq wp-block-yoast-faq-block\"><div class=\"schema-faq-section\" id=\"faq-question-1775828894207\"><strong class=\"schema-faq-question\"><strong>Lze MBA studovat p\u0159i pr\u00e1ci?<\/strong><\/strong> <p class=\"schema-faq-answer\">Ano, program je navr\u017een pro pracuj\u00edc\u00ed profesion\u00e1ly a v\u00fduka prob\u00edh\u00e1 p\u0159ev\u00e1\u017en\u011b o v\u00edkendech.<\/p> <\/div> <div class=\"schema-faq-section\" id=\"faq-question-1775828946190\"><strong class=\"schema-faq-question\"><strong>Jak dlouho trv\u00e1 MBA?<\/strong><\/strong> <p class=\"schema-faq-answer\">Program lze dokon\u010dit u\u017e za 18 m\u011bs\u00edc\u016f.<\/p> <\/div> <div class=\"schema-faq-section\" id=\"faq-question-1775828961120\"><strong class=\"schema-faq-question\"><strong>Je v\u00fduka v angli\u010dtin\u011b?<\/strong><\/strong> <p class=\"schema-faq-answer\">Ano, cel\u00fd MBA program prob\u00edh\u00e1 v angli\u010dtin\u011b.<\/p> <\/div> <div class=\"schema-faq-section\" id=\"faq-question-1775828976912\"><strong class=\"schema-faq-question\"><strong>Pot\u0159ebuji ekonomick\u00e9 vzd\u011bl\u00e1n\u00ed?<\/strong><\/strong> <p class=\"schema-faq-answer\">Ne, program je otev\u0159en\u00fd i uchaze\u010d\u016fm z jin\u00fdch obor\u016f.<\/p> <\/div> <div class=\"schema-faq-section\" id=\"faq-question-1775828991784\"><strong class=\"schema-faq-question\"><strong><strong>Jak\u00e9 uplatn\u011bn\u00ed m\u00e1 MBA v praxi?<\/strong><\/strong><\/strong> <p class=\"schema-faq-answer\">Absolventi MBA se uplat\u0148uj\u00ed na mana\u017eersk\u00fdch a strategick\u00fdch pozic\u00edch nap\u0159\u00ed\u010d obory, nap\u0159\u00edklad jako project manager, finance manager nebo business development manager.<\/p> <\/div> <\/div>\n\n\n\n<hr class=\"wp-block-separator has-alpha-channel-opacity\"\/>\n\n\n\n<h2 class=\"wp-block-heading\" id=\"h-posunte-svou-karieru-s-mba\"><strong>Posu\u0148te svou kari\u00e9ru s MBA<\/strong><\/h2>\n\n\n\n<p>Rozv\u00edjejte sv\u00e9 leadership schopnosti a z\u00edskejte mezin\u00e1rodn\u011b uzn\u00e1van\u00e9 MBA, kter\u00e9 kombinuje flexibilitu, praktick\u00e9 zam\u011b\u0159en\u00ed a kvalitn\u00ed vzd\u011bl\u00e1n\u00ed.<\/p>\n\n\n\n<div style=\"height:20px\" aria-hidden=\"true\" class=\"wp-block-spacer\"><\/div>\n\n\n\n<div class=\"wp-block-group content-block content-block--message is-style-question-box has-unyp-light-blue-background-color has-background is-layout-flow wp-block-group-is-layout-flow\">\n<h3 class=\"wp-block-heading\">M\u00e1te dotaz? Chcete podat p\u0159ihl\u00e1\u0161ku?<\/h3>\n\n\n\n<div class=\"wp-block-buttons is-layout-flex wp-block-buttons-is-layout-flex\">\n<div class=\"wp-block-button\"><a class=\"wp-block-button__link wp-element-button\" href=\"https:\/\/www.unyp.cz\/contact\/\">Kontaktujte n\u00e1s<\/a><\/div>\n\n\n\n<div class=\"wp-block-button is-style-btn-apply-online\"><a class=\"wp-block-button__link wp-element-button\" href=\"https:\/\/application.unyp.cz\/\" target=\"_blank\" rel=\"noreferrer noopener\"><span class=\"icon-student\"><\/span> P\u0159ihlaste se online<\/a><\/div>\n<\/div>\n<\/div>\n","protected":false},"excerpt":{"rendered":"<p>MBA v Praze (s americkou akreditac\u00ed) | 18 m\u011bs\u00edc\u016f | V\u00edkendov\u00e9 studium | IACBE MBA s americkou akreditac\u00ed v Praze, kter\u00fd je navr\u017een\u00fd pro pracuj\u00edc\u00ed profesion\u00e1ly Z\u00edskejte MBA s americkou akreditac\u00ed v Praze na University of New York in Prague. Program je akreditovan\u00fd americkou organizac\u00ed IACBE a je navr\u017een pro profesion\u00e1ly, kte\u0159\u00ed cht\u011bj\u00ed kari\u00e9rn\u011b r\u016fst [&hellip;]<\/p>\n","protected":false},"author":1,"featured_media":0,"parent":20171,"menu_order":0,"comment_status":"closed","ping_status":"closed","template":"","meta":{"_acf_changed":false,"inline_featured_image":false,"advgb_blocks_editor_width":"","advgb_blocks_columns_visual_guide":"","footnotes":""},"categories":[],"tags":[],"class_list":["post-20834","page","type-page","status-publish","hentry"],"acf":[],"mb":[],"coauthors":[],"author_meta":{"author_link":"https:\/\/www.unyp.cz\/cs\/author\/kucera-centario\/","display_name":"kucera.centario"},"relative_dates":{"created":"Posted 4 years ago","modified":"Updated 2 weeks ago"},"absolute_dates":{"created":"Posted on October 14, 2022","modified":"Updated on April 27, 2026"},"absolute_dates_time":{"created":"Posted on October 14, 2022 11:13 AM","modified":"Updated on April 27, 2026 2:28 PM"},"featured_img_caption":"","featured_img":false,"series_order":"","mfb_rest_fields":["title","coauthors","author_meta","relative_dates","absolute_dates","absolute_dates_time","featured_img_caption","featured_img","series_order"],"_links":{"self":[{"href":"https:\/\/www.unyp.cz\/cs\/wp-json\/wp\/v2\/pages\/20834","targetHints":{"allow":["GET"]}}],"collection":[{"href":"https:\/\/www.unyp.cz\/cs\/wp-json\/wp\/v2\/pages"}],"about":[{"href":"https:\/\/www.unyp.cz\/cs\/wp-json\/wp\/v2\/types\/page"}],"author":[{"embeddable":true,"href":"https:\/\/www.unyp.cz\/cs\/wp-json\/wp\/v2\/users\/1"}],"replies":[{"embeddable":true,"href":"https:\/\/www.unyp.cz\/cs\/wp-json\/wp\/v2\/comments?post=20834"}],"version-history":[{"count":70,"href":"https:\/\/www.unyp.cz\/cs\/wp-json\/wp\/v2\/pages\/20834\/revisions"}],"predecessor-version":[{"id":79328,"href":"https:\/\/www.unyp.cz\/cs\/wp-json\/wp\/v2\/pages\/20834\/revisions\/79328"}],"up":[{"embeddable":true,"href":"https:\/\/www.unyp.cz\/cs\/wp-json\/wp\/v2\/pages\/20171"}],"wp:attachment":[{"href":"https:\/\/www.unyp.cz\/cs\/wp-json\/wp\/v2\/media?parent=20834"}],"wp:term":[{"taxonomy":"category","embeddable":true,"href":"https:\/\/www.unyp.cz\/cs\/wp-json\/wp\/v2\/categories?post=20834"},{"taxonomy":"post_tag","embeddable":true,"href":"https:\/\/www.unyp.cz\/cs\/wp-json\/wp\/v2\/tags?post=20834"}],"curies":[{"name":"wp","href":"https:\/\/api.w.org\/{rel}","templated":true}]}}