{"id":20847,"date":"2025-06-20T09:12:48","date_gmt":"2025-06-20T08:12:48","guid":{"rendered":"https:\/\/www.unyp.cz\/?page_id=20847"},"modified":"2025-12-16T12:41:14","modified_gmt":"2025-12-16T11:41:14","slug":"informace-pro-vyjizdejici-vymenne-studenty","status":"publish","type":"page","link":"https:\/\/www.unyp.cz\/cs\/informace-pro-vyjizdejici-vymenne-studenty\/","title":{"rendered":"Informace pro vyj\u00ed\u017ed\u011bj\u00edc\u00ed v\u00fdm\u011bnn\u00e9 studenty"},"content":{"rendered":"\n<figure class=\"wp-block-image size-full\"><img data-opt-id=872134676  fetchpriority=\"high\" decoding=\"async\" width=\"610\" height=\"350\" src=\"https:\/\/mlgfjgj9j0su.i.optimole.com\/w:auto\/h:auto\/q:mauto\/f:best\/https:\/\/www.unyp.cz\/wp-content\/uploads\/2022\/10\/outbound-exchange.jpg\" alt=\"\" class=\"wp-image-18032\" srcset=\"https:\/\/mlgfjgj9j0su.i.optimole.com\/w:610\/h:350\/q:mauto\/f:best\/https:\/\/www.unyp.cz\/wp-content\/uploads\/2022\/10\/outbound-exchange.jpg 610w, https:\/\/mlgfjgj9j0su.i.optimole.com\/w:300\/h:172\/q:mauto\/f:best\/https:\/\/www.unyp.cz\/wp-content\/uploads\/2022\/10\/outbound-exchange.jpg 300w, https:\/\/mlgfjgj9j0su.i.optimole.com\/w:150\/h:86\/q:mauto\/f:best\/https:\/\/www.unyp.cz\/wp-content\/uploads\/2022\/10\/outbound-exchange.jpg 150w\" sizes=\"(max-width: 610px) 100vw, 610px\" \/><\/figure>\n\n\n\n<h2 class=\"wp-block-heading\">P\u0159\u00edle\u017eitost pro studenty UNYP roz\u0161\u00ed\u0159it si sv\u00e9 obzory<\/h2>\n\n\n\n<p><strong>University of New York in&nbsp;Prague<\/strong>&nbsp;spolupracuje na v\u00fdm\u011bnn\u00fdch programech student\u016f s dal\u0161\u00edmi univerzitami po cel\u00e9m sv\u011bt\u011b. Studenti UNYP rozum\u00ed tomu, jak\u00fd p\u0159\u00ednos m\u00e1 mezin\u00e1rodn\u00ed vzd\u011bl\u00e1v\u00e1n\u00ed a str\u00e1vit semestr v zahrani\u010d\u00ed na partnersk\u00e9 univerzit\u011b je pro studenty vynikaj\u00edc\u00ed p\u0159\u00edle\u017eitost\u00ed, jak si roz\u0161\u00ed\u0159it obzory.<\/p>\n\n\n\n<hr class=\"wp-block-separator has-alpha-channel-opacity\"\/>\n\n\n\n<h3 class=\"wp-block-heading\">Pro\u010d vycestovat?<\/h3>\n\n\n\n<p>Studium v zahrani\u010d\u00ed v\u00e1m pom\u016f\u017ee:<\/p>\n\n\n\n<ul class=\"wp-block-list\">\n<li>Roz\u0161\u00ed\u0159it akademick\u00e9 i kulturn\u00ed obzory.<\/li>\n\n\n\n<li>Z\u00edskat mezikulturn\u00ed kompetence oce\u0148ovan\u00e9 na glob\u00e1ln\u00edm trhu pr\u00e1ce.<\/li>\n\n\n\n<li>Pos\u00edlit sv\u00e9 CV d\u00edky mezin\u00e1rodn\u00edm zku\u0161enostem.<\/li>\n\n\n\n<li>Nav\u00e1zat p\u0159\u00e1telstv\u00ed na cel\u00fd \u017eivot.<\/li>\n<\/ul>\n\n\n\n<p><strong>UNYP doporu\u010duje<\/strong>&nbsp;v\u0161em student\u016fm, aby tuto jedine\u010dnou p\u0159\u00edle\u017eitost zv\u00e1\u017eili.<\/p>\n\n\n\n<hr class=\"wp-block-separator has-alpha-channel-opacity\"\/>\n\n\n\n<h3 class=\"wp-block-heading\">Jak to funguje<\/h3>\n\n\n\n<ol class=\"wp-block-list\">\n<li>Projd\u011bte si s\u00ed\u0165 na\u0161ich partnersk\u00fdch \u0161kol a vyberte si svou vysn\u011bnou destinaci.<\/li>\n\n\n\n<li>Z\u00fa\u010dastn\u011bte se informa\u010dn\u00ed sch\u016fzky nebo <a href=\"https:\/\/outlook.office.com\/book\/CGE1@unyp.cz\/?ismsaljsauthenabled\" target=\"_blank\" rel=\"noreferrer noopener\">si domluvte setk\u00e1n\u00ed<\/a> s t\u00fdmem\u00a0<strong>Center for Global Engagement (CGE)<\/strong>.<\/li>\n\n\n\n<li>Podejte p\u0159ihl\u00e1\u0161ku prost\u0159ednictv\u00edm online formul\u00e1\u0159e.<\/li>\n<\/ol>\n\n\n\n<p>Pro kompletn\u00ed informace o p\u0159ihl\u00e1\u0161en\u00ed, term\u00ednech a podm\u00ednk\u00e1ch nav\u0161tivte str\u00e1nku Global Engagement na E-Learning port\u00e1lu:<\/p>\n\n\n\n<div class=\"wp-block-buttons is-layout-flex wp-block-buttons-is-layout-flex\">\n<div class=\"wp-block-button\"><a class=\"wp-block-button__link wp-element-button\" href=\"https:\/\/elearning.unyp.cz\/course\/view.php?id=7355\"><strong>Informace pro vyj\u00ed\u017ed\u011bj\u00edc\u00ed studenty \u2013 Exchange<\/strong><\/a><\/div>\n<\/div>\n\n\n\n<iframe src=\"https:\/\/www.google.com\/maps\/d\/u\/1\/embed?mid=1EiW6rYKV5G1IOjfFVXSr8EBNoeU4Bqo&#038;ehbc=2E312F\" width=\"640\" height=\"480\"><\/iframe>\n\n\n\n<div class=\"wp-block-buttons is-layout-flex wp-block-buttons-is-layout-flex\">\n<div class=\"wp-block-button is-style-btn-apply-online\"><a class=\"wp-block-button__link wp-element-button\" href=\"https:\/\/airtable.com\/apphH6ps3KwgArXMS\/shrDATkRmLbmOKckc\">Seznam Exchange Partner\u016f<\/a><\/div>\n<\/div>\n\n\n\n<p><\/p>\n\n\n\n<div class=\"wp-block-getwid-accordion has-icon-left\" data-active-element=\"none\">\n<div class=\"wp-block-getwid-accordion__header-wrapper\"><span class=\"wp-block-getwid-accordion__header\"><a href=\"#\"><span class=\"wp-block-getwid-accordion__header-title\">Zp\u016fsobilost<\/span><span class=\"wp-block-getwid-accordion__icon is-active\"><i class=\"fas fa-plus\"><\/i><\/span><span class=\"wp-block-getwid-accordion__icon is-passive\"><i class=\"fas fa-minus\"><\/i><\/span><\/a><\/span><\/div><div class=\"wp-block-getwid-accordion__content-wrapper\"><div class=\"wp-block-getwid-accordion__content\">\n<p>V\u0161ichni uchaze\u010di mus\u00ed spl\u0148ovat n\u00e1sleduj\u00edc\u00ed podm\u00ednky:<\/p>\n\n\n\n<p>Mus\u00edte b\u00fdt <strong>studentem prezen\u010dn\u00edho bakal\u00e1\u0159sk\u00e9ho studia<\/strong>, kter\u00fd usiluje o z\u00edsk\u00e1n\u00ed titulu.<\/p>\n\n\n\n<ul class=\"wp-block-list\">\n<li>P\u0159ed odjezdem do zahrani\u010d\u00ed mus\u00edte m\u00edt <strong>ukon\u010den\u00fd alespo\u0148 jeden rok studia<\/strong>.<\/li>\n\n\n\n<li>P\u0159ed za\u010d\u00e1tkem prvn\u00edho semestru v r\u00e1mci programu Erasmus mus\u00edte m\u00edt <strong>spln\u011bno minim\u00e1ln\u011b 24 americk\u00fdch kredit\u016f<\/strong>.<\/li>\n\n\n\n<li>\u00da\u010dast v programu Exchange <strong>nen\u00ed povolena student\u016fm v posledn\u00edm roce<\/strong> studia.<\/li>\n\n\n\n<li>Nesm\u00edte m\u00edt <strong>\u017e\u00e1dn\u00e9 nedokon\u010den\u00e9 zn\u00e1mky<\/strong> z p\u0159edchoz\u00edch semestr\u016f.<\/li>\n\n\n\n<li>Mus\u00edte m\u00edt <strong>v\u00e1\u017een\u00fd studijn\u00ed pr\u016fm\u011br (GPA) alespo\u0148 2.80<\/strong>.<br><em>(Pozn\u00e1mka: N\u011bkter\u00e9 hostitelsk\u00e9 instituce mohou vy\u017eadovat vy\u0161\u0161\u00ed GPA.)<\/em><\/li>\n\n\n\n<li>Nesm\u00edte m\u00edt <strong>\u017e\u00e1dn\u00e9 neuhrazen\u00e9 finan\u010dn\u00ed z\u00e1vazky v\u016f\u010di UNYP<\/strong>.<\/li>\n<\/ul>\n<\/div><\/div>\n\n\n\n<div class=\"wp-block-getwid-accordion__header-wrapper\"><span class=\"wp-block-getwid-accordion__header\"><a href=\"#\"><span class=\"wp-block-getwid-accordion__header-title\">Kontakt<\/span><span class=\"wp-block-getwid-accordion__icon is-active\"><i class=\"fas fa-plus\"><\/i><\/span><span class=\"wp-block-getwid-accordion__icon is-passive\"><i class=\"fas fa-minus\"><\/i><\/span><\/a><\/span><\/div><div class=\"wp-block-getwid-accordion__content-wrapper\"><div class=\"wp-block-getwid-accordion__content\">\n<p>V\u0161echny ot\u00e1zky mohou b\u00fdt sm\u011brov\u00e1ny na UNYP Center for Global Engagement (<a href=\"mailto:cge@unyp.cz\">cge@unyp.cz<\/a>).<\/p>\n<\/div><\/div>\n<\/div>\n\n\n\n<p><\/p>\n","protected":false},"excerpt":{"rendered":"<p>P\u0159\u00edle\u017eitost pro studenty UNYP roz\u0161\u00ed\u0159it si sv\u00e9 obzory University of New York in&nbsp;Prague&nbsp;spolupracuje na v\u00fdm\u011bnn\u00fdch programech student\u016f s dal\u0161\u00edmi univerzitami po cel\u00e9m sv\u011bt\u011b. Studenti UNYP rozum\u00ed tomu, jak\u00fd p\u0159\u00ednos m\u00e1 mezin\u00e1rodn\u00ed vzd\u011bl\u00e1v\u00e1n\u00ed a str\u00e1vit semestr v zahrani\u010d\u00ed na partnersk\u00e9 univerzit\u011b je pro studenty vynikaj\u00edc\u00ed p\u0159\u00edle\u017eitost\u00ed, jak si roz\u0161\u00ed\u0159it obzory. Pro\u010d vycestovat? Studium v zahrani\u010d\u00ed v\u00e1m [&hellip;]<\/p>\n","protected":false},"author":1,"featured_media":0,"parent":0,"menu_order":0,"comment_status":"closed","ping_status":"closed","template":"","meta":{"_acf_changed":false,"inline_featured_image":false,"advgb_blocks_editor_width":"","advgb_blocks_columns_visual_guide":"","footnotes":""},"categories":[],"tags":[],"class_list":["post-20847","page","type-page","status-publish","hentry"],"acf":[],"mb":[],"coauthors":[],"author_meta":{"author_link":"https:\/\/www.unyp.cz\/cs\/author\/kucera-centario\/","display_name":"kucera.centario"},"relative_dates":{"created":"Posted 10 months ago","modified":"Updated 4 months ago"},"absolute_dates":{"created":"Posted on June 20, 2025","modified":"Updated on December 16, 2025"},"absolute_dates_time":{"created":"Posted on June 20, 2025 9:12 AM","modified":"Updated on December 16, 2025 12:41 PM"},"featured_img_caption":"","featured_img":false,"series_order":"","mfb_rest_fields":["title","coauthors","author_meta","relative_dates","absolute_dates","absolute_dates_time","featured_img_caption","featured_img","series_order"],"_links":{"self":[{"href":"https:\/\/www.unyp.cz\/cs\/wp-json\/wp\/v2\/pages\/20847","targetHints":{"allow":["GET"]}}],"collection":[{"href":"https:\/\/www.unyp.cz\/cs\/wp-json\/wp\/v2\/pages"}],"about":[{"href":"https:\/\/www.unyp.cz\/cs\/wp-json\/wp\/v2\/types\/page"}],"author":[{"embeddable":true,"href":"https:\/\/www.unyp.cz\/cs\/wp-json\/wp\/v2\/users\/1"}],"replies":[{"embeddable":true,"href":"https:\/\/www.unyp.cz\/cs\/wp-json\/wp\/v2\/comments?post=20847"}],"version-history":[{"count":42,"href":"https:\/\/www.unyp.cz\/cs\/wp-json\/wp\/v2\/pages\/20847\/revisions"}],"predecessor-version":[{"id":72489,"href":"https:\/\/www.unyp.cz\/cs\/wp-json\/wp\/v2\/pages\/20847\/revisions\/72489"}],"wp:attachment":[{"href":"https:\/\/www.unyp.cz\/cs\/wp-json\/wp\/v2\/media?parent=20847"}],"wp:term":[{"taxonomy":"category","embeddable":true,"href":"https:\/\/www.unyp.cz\/cs\/wp-json\/wp\/v2\/categories?post=20847"},{"taxonomy":"post_tag","embeddable":true,"href":"https:\/\/www.unyp.cz\/cs\/wp-json\/wp\/v2\/tags?post=20847"}],"curies":[{"name":"wp","href":"https:\/\/api.w.org\/{rel}","templated":true}]}}