{"id":20855,"date":"2025-01-25T07:59:37","date_gmt":"2025-01-25T06:59:37","guid":{"rendered":"https:\/\/www.unyp.cz\/?page_id=20855"},"modified":"2026-01-29T17:57:53","modified_gmt":"2026-01-29T16:57:53","slug":"informace-pro-vyjizdejici-erasmus-studenty","status":"publish","type":"page","link":"https:\/\/www.unyp.cz\/cs\/informace-pro-vyjizdejici-erasmus-studenty\/","title":{"rendered":"Informace pro vyj\u00ed\u017ed\u011bj\u00edc\u00ed Erasmus+ studenty"},"content":{"rendered":"\n<figure class=\"wp-block-image size-full\"><img data-opt-id=1700914921  fetchpriority=\"high\" decoding=\"async\" width=\"610\" height=\"350\" src=\"https:\/\/mlgfjgj9j0su.i.optimole.com\/w:auto\/h:auto\/q:mauto\/f:best\/https:\/\/www.unyp.cz\/wp-content\/uploads\/2022\/10\/erasmus-outbound.jpg\" alt=\"Studenti UNYP b\u011bhem studijn\u00edho pobytu Erasmus v zahrani\u010d\u00ed, studentsk\u00e1 mobilita v Evrop\u011b.\" class=\"wp-image-18062\" srcset=\"https:\/\/mlgfjgj9j0su.i.optimole.com\/w:610\/h:350\/q:mauto\/f:best\/https:\/\/www.unyp.cz\/wp-content\/uploads\/2022\/10\/erasmus-outbound.jpg 610w, https:\/\/mlgfjgj9j0su.i.optimole.com\/w:300\/h:172\/q:mauto\/f:best\/https:\/\/www.unyp.cz\/wp-content\/uploads\/2022\/10\/erasmus-outbound.jpg 300w, https:\/\/mlgfjgj9j0su.i.optimole.com\/w:150\/h:86\/q:mauto\/f:best\/https:\/\/www.unyp.cz\/wp-content\/uploads\/2022\/10\/erasmus-outbound.jpg 150w\" sizes=\"(max-width: 610px) 100vw, 610px\" \/><\/figure>\n\n\n\n<h2 class=\"wp-block-heading\" id=\"h-rozsir-sve-obzory-studuj-na-jedne-z-partnerskych-univerzit-unyp-v-programu-erasmus\">Roz\u0161i\u0159 sv\u00e9 obzory &#8211; studuj na jedn\u00e9 z partnersk\u00fdch univerzit UNYP v programu Erasmus+.<\/h2>\n\n\n\n<p><strong>UNYP<\/strong> je hrd\u00fdm \u00fa\u010dastn\u00edkem programu <strong>Erasmus+<\/strong>, kter\u00fd student\u016fm umo\u017e\u0148uje studovat v zahrani\u010d\u00ed v r\u00e1mci \u0161irok\u00e9 s\u00edt\u011b evropsk\u00fdch partnersk\u00fdch univerzit a p\u0159itom z\u016fstat v souladu se sv\u00fdm studijn\u00edm pl\u00e1nem.<\/p>\n\n\n\n<hr class=\"wp-block-separator has-alpha-channel-opacity\"\/>\n\n\n\n<h3 class=\"wp-block-heading\" id=\"h-proc-vycestovat\">Pro\u010d vycestovat?<\/h3>\n\n\n\n<p>Studium v zahrani\u010d\u00ed v\u00e1m pom\u016f\u017ee:<\/p>\n\n\n\n<ul class=\"wp-block-list\">\n<li>Roz\u0161\u00ed\u0159it akademick\u00e9 i kulturn\u00ed obzory.<\/li>\n\n\n\n<li>Z\u00edskat mezikulturn\u00ed kompetence oce\u0148ovan\u00e9 na glob\u00e1ln\u00edm trhu pr\u00e1ce.<\/li>\n\n\n\n<li>Pos\u00edlit sv\u00e9 CV d\u00edky mezin\u00e1rodn\u00edm zku\u0161enostem.<\/li>\n\n\n\n<li>Nav\u00e1zat p\u0159\u00e1telstv\u00ed na cel\u00fd \u017eivot.<\/li>\n<\/ul>\n\n\n\n<p><strong>UNYP doporu\u010duje<\/strong> v\u0161em student\u016fm, aby tuto jedine\u010dnou p\u0159\u00edle\u017eitost zv\u00e1\u017eili.<\/p>\n\n\n\n<hr class=\"wp-block-separator has-alpha-channel-opacity\"\/>\n\n\n\n<h3 class=\"wp-block-heading\" id=\"h-jak-to-funguje\">Jak to funguje<\/h3>\n\n\n\n<ol class=\"wp-block-list\">\n<li>Projd\u011bte si s\u00ed\u0165 na\u0161ich partnersk\u00fdch \u0161kol a vyberte si svou vysn\u011bnou destinaci.<\/li>\n\n\n\n<li>Z\u00fa\u010dastn\u011bte se informa\u010dn\u00ed sch\u016fzky nebo si <a href=\"https:\/\/outlook.office.com\/book\/CGE1@unyp.cz\/?ismsaljsauthenabled\" target=\"_blank\" rel=\"noreferrer noopener\">domluvte setk\u00e1n\u00ed<\/a> s t\u00fdmem <strong>Center for Global Engagement (CGE)<\/strong>.<\/li>\n\n\n\n<li>Podejte p\u0159ihl\u00e1\u0161ku prost\u0159ednictv\u00edm online formul\u00e1\u0159e.<\/li>\n<\/ol>\n\n\n\n<p>Pro kompletn\u00ed informace o p\u0159ihl\u00e1\u0161en\u00ed, term\u00ednech a podm\u00ednk\u00e1ch nav\u0161tivte str\u00e1nku Global Engagement na E-Learning port\u00e1lu:<\/p>\n\n\n\n<div class=\"wp-block-buttons is-layout-flex wp-block-buttons-is-layout-flex\">\n<div class=\"wp-block-button\"><a class=\"wp-block-button__link wp-element-button\" href=\"https:\/\/elearning.unyp.cz\/course\/view.php?id=7354\"><strong>Informace pro vyj\u00ed\u017ed\u011bj\u00edc\u00ed studenty \u2013 Erasmus+<\/strong><\/a><\/div>\n<\/div>\n\n\n\n<iframe src=\"https:\/\/www.google.com\/maps\/d\/u\/1\/embed?mid=1YppdfQe09s0jrqlNqwxSKgGOMNA3BmM&#038;ehbc=2E312F\" width=\"640\" height=\"480\"><\/iframe>\n\n\n\n<div class=\"wp-block-buttons is-layout-flex wp-block-buttons-is-layout-flex\">\n<div class=\"wp-block-button is-style-btn-apply-online\"><a class=\"wp-block-button__link wp-element-button\" href=\"https:\/\/airtable.com\/apphH6ps3KwgArXMS\/shrpBBmobSA36JEFm\">Seznam Erasmus+ Partner\u016f<\/a><\/div>\n<\/div>\n\n\n\n<p><\/p>\n\n\n\n<div class=\"wp-block-getwid-accordion has-icon-left\" data-active-element=\"none\">\n<div class=\"wp-block-getwid-accordion__header-wrapper\"><span class=\"wp-block-getwid-accordion__header\"><a href=\"#\"><span class=\"wp-block-getwid-accordion__header-title\">Zp\u016fsobilost<\/span><span class=\"wp-block-getwid-accordion__icon is-active\"><i class=\"fas fa-plus\"><\/i><\/span><span class=\"wp-block-getwid-accordion__icon is-passive\"><i class=\"fas fa-minus\"><\/i><\/span><\/a><\/span><\/div><div class=\"wp-block-getwid-accordion__content-wrapper\"><div class=\"wp-block-getwid-accordion__content\">\n<p>V\u0161ichni uchaze\u010di mus\u00ed spl\u0148ovat n\u00e1sleduj\u00edc\u00ed podm\u00ednky:<\/p>\n\n\n\n<p>Mus\u00edte b\u00fdt <strong>studentem prezen\u010dn\u00edho bakal\u00e1\u0159sk\u00e9ho studia<\/strong>, kter\u00fd usiluje o z\u00edsk\u00e1n\u00ed titulu.<\/p>\n\n\n\n<ul class=\"wp-block-list\">\n<li>P\u0159ed odjezdem do zahrani\u010d\u00ed mus\u00edte m\u00edt <strong>ukon\u010den\u00fd alespo\u0148 jeden rok studia<\/strong>.<\/li>\n\n\n\n<li>P\u0159ed za\u010d\u00e1tkem prvn\u00edho semestru v r\u00e1mci programu Erasmus mus\u00edte m\u00edt <strong>spln\u011bno minim\u00e1ln\u011b 24 americk\u00fdch kredit\u016f<\/strong>.<\/li>\n\n\n\n<li>\u00da\u010dast v programu Erasmus <strong>nen\u00ed povolena student\u016fm v posledn\u00edm roce<\/strong> studia.<\/li>\n\n\n\n<li>Nesm\u00edte m\u00edt <strong>\u017e\u00e1dn\u00e9 nedokon\u010den\u00e9 zn\u00e1mky<\/strong> z p\u0159edchoz\u00edch semestr\u016f.<\/li>\n\n\n\n<li>Mus\u00edte m\u00edt <strong>v\u00e1\u017een\u00fd studijn\u00ed pr\u016fm\u011br (GPA) alespo\u0148 2.80<\/strong>.<br><em>(Pozn\u00e1mka: N\u011bkter\u00e9 hostitelsk\u00e9 instituce mohou vy\u017eadovat vy\u0161\u0161\u00ed GPA.)<\/em><\/li>\n\n\n\n<li>Nesm\u00edte m\u00edt <strong>\u017e\u00e1dn\u00e9 neuhrazen\u00e9 finan\u010dn\u00ed z\u00e1vazky v\u016f\u010di UNYP<\/strong>.<\/li>\n<\/ul>\n<\/div><\/div>\n\n\n\n<div class=\"wp-block-getwid-accordion__header-wrapper\"><span class=\"wp-block-getwid-accordion__header\"><a href=\"#\"><span class=\"wp-block-getwid-accordion__header-title\">Finan\u010dn\u00ed stipendium a podpora speci\u00e1ln\u00edch pot\u0159eb<\/span><span class=\"wp-block-getwid-accordion__icon is-active\"><i class=\"fas fa-plus\"><\/i><\/span><span class=\"wp-block-getwid-accordion__icon is-passive\"><i class=\"fas fa-minus\"><\/i><\/span><\/a><\/span><\/div><div class=\"wp-block-getwid-accordion__content-wrapper\"><div class=\"wp-block-getwid-accordion__content\">\n<p>Student mus\u00ed br\u00e1t na v\u011bdom\u00ed, \u017ee finan\u010dn\u00ed podpora Erasmus+ nen\u00ed automaticky zaru\u010dena. Dostupnost takov\u00e9 podpory je v\u017edy z\u00e1visl\u00e1 na finan\u010dn\u00edch prost\u0159edc\u00edch p\u0159id\u011blen\u00fdch N\u00e1rodn\u00ed Agenturou. Studenti mohou b\u00fdt alokov\u00e1ni pro pln\u00fd, \u010d\u00e1ste\u010dn\u00fd nebo nulov\u00fd grant, v z\u00e1vislosti na dostupn\u00fdch finan\u010dn\u00edch prost\u0159edc\u00edch.<\/p>\n\n\n\n<h4 class=\"wp-block-heading\" id=\"h-green-erasmus\">GREEN ERASMUS<\/h4>\n\n\n\n<p>V r\u00e1mci programu Green Erasmus maj\u00ed studenti \u0161anci p\u0159isp\u011bt ke snaze eliminovat negativn\u00ed dopady, kter\u00e9 cestov\u00e1n\u00ed letadlem p\u0159in\u00e1\u0161\u00ed.<\/p>\n\n\n\n<p>\u00da\u010dastn\u00edci, kte\u0159\u00ed se rozhodnou vyu\u017e\u00edt zelen\u00fd dopravn\u00ed prost\u0159edek, obdr\u017e\u00ed <strong>nav\u00ed\u0161en\u00ed finan\u010dn\u00ed podpory<\/strong>. Vyu\u017e\u00edt lze <strong>vlak, autobus, kolo nebo sd\u00edlen\u00e9 auto<\/strong>.<\/p>\n\n\n\n<h4 class=\"wp-block-heading\" id=\"h-podpora-specialnich-potreb\">PODPORA SPECI\u00c1LN\u00cdCH POT\u0158EB<\/h4>\n\n\n\n<p>Erasmus+ se sna\u017e\u00ed co nejv\u00edce zp\u0159\u00edstupnit zahrani\u010dn\u00ed studijn\u00ed pobyty. To je d\u016fvod, pro\u010d n\u011bkte\u0159\u00ed studenti se speci\u00e1ln\u00edmi pot\u0159ebami mohou z\u00edskat dal\u0161\u00ed finan\u010dn\u00ed podporu v r\u00e1mci European Special Needs Support Programme. Studenti s <strong>fyzick\u00fdmi, du\u0161evn\u00edmi nebo zdravotn\u00edmi probl\u00e9my<\/strong> mohou tuto podporu vyu\u017e\u00edt ke zlep\u0161en\u00ed a zjednodu\u0161en\u00ed sv\u00e9ho pobytu. Pro v\u00edce informac\u00ed a jak postupovat pros\u00edm kontaktujte CGE.<\/p>\n\n\n\n<p>V\u00edce informac\u00ed naleznete <a href=\"https:\/\/erasmus-plus.ec.europa.eu\/opportunities\/opportunities-for-individuals\/students\/students-and-staff-with-physical-mental-or-health-related-conditions\">zde<\/a>.<\/p>\n<\/div><\/div>\n\n\n\n<div class=\"wp-block-getwid-accordion__header-wrapper\"><span class=\"wp-block-getwid-accordion__header\"><a href=\"#\"><span class=\"wp-block-getwid-accordion__header-title\">Kontaktn\u00ed informace<\/span><span class=\"wp-block-getwid-accordion__icon is-active\"><i class=\"fas fa-plus\"><\/i><\/span><span class=\"wp-block-getwid-accordion__icon is-passive\"><i class=\"fas fa-minus\"><\/i><\/span><\/a><\/span><\/div><div class=\"wp-block-getwid-accordion__content-wrapper\"><div class=\"wp-block-getwid-accordion__content\">\n<p><\/p>\n\n\n\n<p>Ve\u0161ker\u00e9 dotazy m\u016f\u017eete sm\u011b\u0159ovat do Centra pro glob\u00e1ln\u00ed spolupr\u00e1ci UNYP (<a href=\"mailto:erasmus@unyp.cz\">cge@unyp.cz<\/a>).<\/p>\n<\/div><\/div>\n<\/div>\n\n\n\n<p><\/p>\n","protected":false},"excerpt":{"rendered":"<p>Roz\u0161i\u0159 sv\u00e9 obzory &#8211; studuj na jedn\u00e9 z partnersk\u00fdch univerzit UNYP v programu Erasmus+. UNYP je hrd\u00fdm \u00fa\u010dastn\u00edkem programu Erasmus+, kter\u00fd student\u016fm umo\u017e\u0148uje studovat v zahrani\u010d\u00ed v r\u00e1mci \u0161irok\u00e9 s\u00edt\u011b evropsk\u00fdch partnersk\u00fdch univerzit a p\u0159itom z\u016fstat v souladu se sv\u00fdm studijn\u00edm pl\u00e1nem. Pro\u010d vycestovat? Studium v zahrani\u010d\u00ed v\u00e1m pom\u016f\u017ee: UNYP doporu\u010duje v\u0161em student\u016fm, aby tuto [&hellip;]<\/p>\n","protected":false},"author":1,"featured_media":0,"parent":0,"menu_order":0,"comment_status":"closed","ping_status":"closed","template":"","meta":{"_acf_changed":false,"inline_featured_image":false,"advgb_blocks_editor_width":"","advgb_blocks_columns_visual_guide":"","footnotes":""},"categories":[],"tags":[],"class_list":["post-20855","page","type-page","status-publish","hentry"],"acf":[],"mb":[],"coauthors":[],"author_meta":{"author_link":"https:\/\/www.unyp.cz\/cs\/author\/kucera-centario\/","display_name":"kucera.centario"},"relative_dates":{"created":"Posted 1 year ago","modified":"Updated 3 months ago"},"absolute_dates":{"created":"Posted on January 25, 2025","modified":"Updated on January 29, 2026"},"absolute_dates_time":{"created":"Posted on January 25, 2025 7:59 AM","modified":"Updated on January 29, 2026 5:57 PM"},"featured_img_caption":"","featured_img":false,"series_order":"","mfb_rest_fields":["title","coauthors","author_meta","relative_dates","absolute_dates","absolute_dates_time","featured_img_caption","featured_img","series_order"],"_links":{"self":[{"href":"https:\/\/www.unyp.cz\/cs\/wp-json\/wp\/v2\/pages\/20855","targetHints":{"allow":["GET"]}}],"collection":[{"href":"https:\/\/www.unyp.cz\/cs\/wp-json\/wp\/v2\/pages"}],"about":[{"href":"https:\/\/www.unyp.cz\/cs\/wp-json\/wp\/v2\/types\/page"}],"author":[{"embeddable":true,"href":"https:\/\/www.unyp.cz\/cs\/wp-json\/wp\/v2\/users\/1"}],"replies":[{"embeddable":true,"href":"https:\/\/www.unyp.cz\/cs\/wp-json\/wp\/v2\/comments?post=20855"}],"version-history":[{"count":50,"href":"https:\/\/www.unyp.cz\/cs\/wp-json\/wp\/v2\/pages\/20855\/revisions"}],"predecessor-version":[{"id":74331,"href":"https:\/\/www.unyp.cz\/cs\/wp-json\/wp\/v2\/pages\/20855\/revisions\/74331"}],"wp:attachment":[{"href":"https:\/\/www.unyp.cz\/cs\/wp-json\/wp\/v2\/media?parent=20855"}],"wp:term":[{"taxonomy":"category","embeddable":true,"href":"https:\/\/www.unyp.cz\/cs\/wp-json\/wp\/v2\/categories?post=20855"},{"taxonomy":"post_tag","embeddable":true,"href":"https:\/\/www.unyp.cz\/cs\/wp-json\/wp\/v2\/tags?post=20855"}],"curies":[{"name":"wp","href":"https:\/\/api.w.org\/{rel}","templated":true}]}}