{"id":20893,"date":"2022-09-28T11:50:07","date_gmt":"2022-09-28T10:50:07","guid":{"rendered":"https:\/\/www.unyp.cz\/schools-and-programs\/"},"modified":"2026-02-26T11:44:49","modified_gmt":"2026-02-26T10:44:49","slug":"schools-and-programs","status":"publish","type":"page","link":"https:\/\/www.unyp.cz\/cs\/schools-and-programs\/","title":{"rendered":"Katedry"},"content":{"rendered":"\n<p>Na UNYP za\u010d\u00edn\u00e1 va\u0161e akademick\u00e1 cesta v\u00fdb\u011brem \u0161koly, kter\u00e1 odpov\u00edd\u00e1 va\u0161im ambic\u00edm, z\u00e1jm\u016fm a dlouhodob\u00fdm c\u00edl\u016fm. Ka\u017ed\u00e1 \u0161kola sdru\u017euje souvisej\u00edc\u00ed obory pod odborn\u00fdm veden\u00edm, \u010d\u00edm\u017e vytv\u00e1\u0159\u00ed pevn\u00fd intelektu\u00e1ln\u00ed z\u00e1klad pro va\u0161e studium.<\/p>\n\n\n\n<p>Prozkoumejte sv\u00e9 mo\u017enosti n\u00ed\u017ee.<\/p>\n\n\n\n<figure class=\"wp-block-image size-full\"><img data-opt-id=2002846580  fetchpriority=\"high\" decoding=\"async\" width=\"1400\" height=\"933\" src=\"https:\/\/mlgfjgj9j0su.i.optimole.com\/w:auto\/h:auto\/q:mauto\/f:best\/https:\/\/www.unyp.cz\/wp-content\/uploads\/2025\/04\/211-1400x933-1.jpg\" alt=\"\" class=\"wp-image-61697\" srcset=\"https:\/\/mlgfjgj9j0su.i.optimole.com\/w:1400\/h:933\/q:mauto\/f:best\/https:\/\/www.unyp.cz\/wp-content\/uploads\/2025\/04\/211-1400x933-1.jpg 1400w, https:\/\/mlgfjgj9j0su.i.optimole.com\/w:300\/h:200\/q:mauto\/f:best\/https:\/\/www.unyp.cz\/wp-content\/uploads\/2025\/04\/211-1400x933-1.jpg 300w, https:\/\/mlgfjgj9j0su.i.optimole.com\/w:150\/h:100\/q:mauto\/f:best\/https:\/\/www.unyp.cz\/wp-content\/uploads\/2025\/04\/211-1400x933-1.jpg 150w, https:\/\/mlgfjgj9j0su.i.optimole.com\/w:768\/h:512\/q:mauto\/f:best\/https:\/\/www.unyp.cz\/wp-content\/uploads\/2025\/04\/211-1400x933-1.jpg 768w\" sizes=\"(max-width: 1000px) 100vw, 1000px\" \/><\/figure>\n\n\n\n<div style=\"height:20px\" aria-hidden=\"true\" class=\"wp-block-spacer\"><\/div>\n\n\n\n<h2 class=\"wp-block-heading\" id=\"h-nase-skoly\"><strong>Na\u0161e \u0161koly<\/strong><\/h2>\n\n\n\n<p><strong><a href=\"https:\/\/www.unyp.cz\/cs\/katedra-business-a-it-programy\/\">School of Business<\/a> | <a href=\"https:\/\/www.unyp.cz\/cs\/katedra-mezinarodnich-vztahu-a-medialnich-studii\/\">School of International Relations &amp; Media Studies<\/a> | <a href=\"https:\/\/www.unyp.cz\/cs\/katedra-psychologie\/\">School of Psychology<\/a><\/strong><\/p>\n\n\n\n<p>Ka\u017ed\u00e1 \u0161kola p\u0159edstavuje samostatnou akademickou komunitu s zku\u0161en\u00fdm fakultn\u00edm t\u00fdmem, odborn\u00fdmi znalostmi a programy, kter\u00e9 jsou navr\u017eeny s ohledem na re\u00e1ln\u00fd sv\u011bt a glob\u00e1ln\u00ed perspektivy.<\/p>\n\n\n\n<hr class=\"wp-block-separator has-alpha-channel-opacity\"\/>\n\n\n\n<h2 class=\"wp-block-heading\" id=\"h-studijni-programy\"><strong>Studijn\u00ed programy<\/strong><\/h2>\n\n\n\n<p><strong><a href=\"https:\/\/www.unyp.cz\/cs\/bakalarske-programy\/\">Bakal\u00e1\u0159sk\u00e9 programy na UNYP<\/a> | <a href=\"https:\/\/www.unyp.cz\/cs\/magisterske-programy\/\">Magistersk\u00e9 programy na UNYP<\/a> | <a href=\"https:\/\/www.unyp.cz\/cs\/phd-na-zaklade-vyzkumu\/\">Doktorsk\u00e9 programy na UNYP<\/a><\/strong><\/p>\n\n\n\n<p>V r\u00e1mci ka\u017ed\u00e9 \u0161koly si studenti vol\u00ed \u00farove\u0148 studia, kter\u00e1 odpov\u00edd\u00e1 jejich akademick\u00e9 etap\u011b a profesn\u00edmu zam\u011b\u0159en\u00ed.<\/p>\n\n\n\n<p>V\u0161echny programy UNYP jsou akreditovan\u00e9 a vyu\u010dovan\u00e9 v angli\u010dtin\u011b v osobn\u00edm, na studenta zam\u011b\u0159en\u00e9m prost\u0159ed\u00ed.<\/p>\n\n\n\n<hr class=\"wp-block-separator has-alpha-channel-opacity\"\/>\n\n\n\n<h2 class=\"wp-block-heading\" id=\"h-jak-je-unyp-strukturovan\"><strong>Jak je UNYP strukturov\u00e1n<\/strong><\/h2>\n\n\n\n<p>UNYP je organizov\u00e1n do akademick\u00fdch \u0161kol, kter\u00e9 jsou zodpov\u011bdn\u00e9 za v\u00fdvoj u\u010debn\u00edch pl\u00e1n\u016f, veden\u00ed fakulty a akademick\u00e9 standardy ve sv\u00fdch oborech. Tato struktura zaji\u0161\u0165uje hlubokou odbornost p\u0159i zachov\u00e1n\u00ed flexibility nap\u0159\u00ed\u010d \u00farovn\u011bmi studia.<\/p>\n\n\n\n<p>Ve v\u0161ech \u0161kol\u00e1ch studenti z\u00edsk\u00e1vaj\u00ed v\u00fdhody:<\/p>\n\n\n\n<ul class=\"wp-block-list\">\n<li>Americk\u00fd styl vzd\u011bl\u00e1v\u00e1n\u00ed<\/li>\n\n\n\n<li>Mal\u00e9 velikosti t\u0159\u00edd<\/li>\n\n\n\n<li>Individu\u00e1ln\u00ed akademickou podporu<\/li>\n\n\n\n<li>Mezin\u00e1rodn\u00ed fakultu<\/li>\n\n\n\n<li>Praktick\u00e9, kari\u00e9rn\u011b orientovan\u00e9 u\u010den\u00ed<\/li>\n<\/ul>\n\n\n\n<hr class=\"wp-block-separator has-alpha-channel-opacity\"\/>\n\n\n\n<h2 class=\"wp-block-heading\" id=\"h-nejste-si-jisti-kde-zacit\"><strong>Nejste si jist\u00ed, kde za\u010d\u00edt?<\/strong><\/h2>\n\n\n\n<p>V\u00fdb\u011br \u0161koly ur\u010duje v\u00e1\u0161 akademick\u00fd sm\u011br, nikoli va\u0161e hranice. Va\u0161e studium se vyv\u00edj\u00ed spolu s va\u0161imi z\u00e1jmy a c\u00edli.<\/p>\n\n\n\n<p>Pokud chcete osobn\u00ed poradenstv\u00ed, n\u00e1\u0161 p\u0159ij\u00edmac\u00ed t\u00fdm je p\u0159ipraven v\u00e1m pomoci s hodnocen\u00edm mo\u017enost\u00ed a pl\u00e1nov\u00e1n\u00edm dal\u0161\u00edho kroku.<\/p>\n\n\n\n<p><a href=\"mailto:admissions@unyp.cz\" type=\"mailto\" id=\"mailto:admissions@unyp.cz\">Kontaktujte p\u0159ij\u00edmac\u00ed odd\u011blen\u00ed<\/a><strong> | <\/strong><a href=\"https:\/\/www.unyp.cz\/cs\/kontakt\/\" type=\"link\" id=\"https:\/\/www.unyp.cz\/contact\/\">Po\u017e\u00e1dejte o v\u00edce informac\u00ed<\/a><\/p>\n\n\n\n<p><\/p>\n","protected":false},"excerpt":{"rendered":"<p>Na UNYP za\u010d\u00edn\u00e1 va\u0161e akademick\u00e1 cesta v\u00fdb\u011brem \u0161koly, kter\u00e1 odpov\u00edd\u00e1 va\u0161im ambic\u00edm, z\u00e1jm\u016fm a dlouhodob\u00fdm c\u00edl\u016fm. Ka\u017ed\u00e1 \u0161kola sdru\u017euje souvisej\u00edc\u00ed obory pod odborn\u00fdm veden\u00edm, \u010d\u00edm\u017e vytv\u00e1\u0159\u00ed pevn\u00fd intelektu\u00e1ln\u00ed z\u00e1klad pro va\u0161e studium. Prozkoumejte sv\u00e9 mo\u017enosti n\u00ed\u017ee. Na\u0161e \u0161koly School of Business | School of International Relations &amp; Media Studies | School of Psychology Ka\u017ed\u00e1 \u0161kola [&hellip;]<\/p>\n","protected":false},"author":1,"featured_media":0,"parent":0,"menu_order":0,"comment_status":"closed","ping_status":"closed","template":"","meta":{"_acf_changed":false,"inline_featured_image":false,"advgb_blocks_editor_width":"","advgb_blocks_columns_visual_guide":"","footnotes":""},"categories":[],"tags":[],"class_list":["post-20893","page","type-page","status-publish","hentry"],"acf":[],"mb":[],"coauthors":[],"author_meta":{"author_link":"https:\/\/www.unyp.cz\/cs\/author\/kucera-centario\/","display_name":"kucera.centario"},"relative_dates":{"created":"Posted 4 years ago","modified":"Updated 1 month ago"},"absolute_dates":{"created":"Posted on September 28, 2022","modified":"Updated on February 26, 2026"},"absolute_dates_time":{"created":"Posted on September 28, 2022 11:50 AM","modified":"Updated on February 26, 2026 11:44 AM"},"featured_img_caption":"","featured_img":false,"series_order":"","mfb_rest_fields":["title","coauthors","author_meta","relative_dates","absolute_dates","absolute_dates_time","featured_img_caption","featured_img","series_order"],"_links":{"self":[{"href":"https:\/\/www.unyp.cz\/cs\/wp-json\/wp\/v2\/pages\/20893","targetHints":{"allow":["GET"]}}],"collection":[{"href":"https:\/\/www.unyp.cz\/cs\/wp-json\/wp\/v2\/pages"}],"about":[{"href":"https:\/\/www.unyp.cz\/cs\/wp-json\/wp\/v2\/types\/page"}],"author":[{"embeddable":true,"href":"https:\/\/www.unyp.cz\/cs\/wp-json\/wp\/v2\/users\/1"}],"replies":[{"embeddable":true,"href":"https:\/\/www.unyp.cz\/cs\/wp-json\/wp\/v2\/comments?post=20893"}],"version-history":[{"count":20,"href":"https:\/\/www.unyp.cz\/cs\/wp-json\/wp\/v2\/pages\/20893\/revisions"}],"predecessor-version":[{"id":76558,"href":"https:\/\/www.unyp.cz\/cs\/wp-json\/wp\/v2\/pages\/20893\/revisions\/76558"}],"wp:attachment":[{"href":"https:\/\/www.unyp.cz\/cs\/wp-json\/wp\/v2\/media?parent=20893"}],"wp:term":[{"taxonomy":"category","embeddable":true,"href":"https:\/\/www.unyp.cz\/cs\/wp-json\/wp\/v2\/categories?post=20893"},{"taxonomy":"post_tag","embeddable":true,"href":"https:\/\/www.unyp.cz\/cs\/wp-json\/wp\/v2\/tags?post=20893"}],"curies":[{"name":"wp","href":"https:\/\/api.w.org\/{rel}","templated":true}]}}