{"id":20910,"date":"2022-09-28T11:58:41","date_gmt":"2022-09-28T10:58:41","guid":{"rendered":"https:\/\/www.unyp.cz\/?page_id=20910"},"modified":"2025-03-13T17:36:44","modified_gmt":"2025-03-13T16:36:44","slug":"psychologie","status":"publish","type":"page","link":"https:\/\/www.unyp.cz\/cs\/psychologie\/","title":{"rendered":"Katedra Psychologie"},"content":{"rendered":"<div class=\"person person--academic compact\">\n    <div class=\"person__photo\">\n        <div class=\"person__photoWrapper\">\n            <img data-opt-id=534830385  fetchpriority=\"high\" decoding=\"async\" src=\"https:\/\/unyp-airtable.zvladneme.cz\/attachment\/academic-person\/recQEYd5Et0F3dGv2\/attXso8TudLIJxt3J\/large.png\" width=\"426\" height=\"426\" alt=\"Jana Ter-Akopow \u010cemusov\u00e1\" loading=\"lazy\" class=\"img-fluid rounded-circle\"> \n        <\/div>\n    <\/div>\n    <div class=\"person__about\">\n        <div class=\"person__link mb-1\">\n            <a href=\"\/cs\/academic-staff\/recQEYd5Et0F3dGv2\/jana-ter-akopow-emusov\" class=\"post-headline\">Jana Ter-Akopow \u010cemusov\u00e1<\/a>\n        <\/div>\n        <div class=\"person__text mb-1\">Vedouc\u00ed katedry<\/div>\n        <div>\n            <a href=\"mailto:jcemusova@unyp.cz\">jcemusova@unyp.cz<\/a>\n        <\/div>\n    <\/div>\n<\/div>\n\n\n<h2 class=\"wp-block-heading\">Na\u0161e mise<\/h2>\n\n\n\n<p>P\u0159ipravujeme studenty na to, aby usp\u011bli ve st\u00e1le v\u00edce se globalizuj\u00edc\u00edm sv\u011bt\u011b psychologie. Na\u0161e osnovy&nbsp;jsou navr\u017eeny tak, aby vyhovovaly jak standard\u016fm Americk\u00e9 psychologick\u00e9 asociace, tak i souboru standard\u016f Evropsk\u00e9 unie EuroPSY. &nbsp;<\/p>\n\n\n\n<h2 class=\"wp-block-heading\">Na\u0161e vize<\/h2>\n\n\n\n<p>Zv\u00fd\u0161it zviditeln\u011bn\u00ed na\u0161\u00ed katedry jako jedin\u00e9ho programu psychologie v&nbsp;regionu, nab\u00edzej\u00edc\u00edho student\u016fm dvoj\u00ed titul v oboru psychologie, kter\u00fd je pln\u011b akreditov\u00e1n ve Spojen\u00fdch st\u00e1tech americk\u00fdch a v cel\u00e9 Evropsk\u00e9 unii d\u00edky na\u0161\u00ed zdej\u0161\u00ed akreditaci od Ministerstva \u0161kolstv\u00ed \u010cR. Spole\u010dn\u011b s na\u0161imi partnersk\u00fdmi univerzitami, jako\u017e i fakult\u011b a student\u016fm z cel\u00e9ho sv\u011bta se sna\u017e\u00edme p\u0159eklenout kulturn\u00ed rozd\u00edly pomoc\u00ed vzd\u011bl\u00e1v\u00e1n\u00ed, spolupr\u00e1ce a v\u00fdzkumu.<\/p>\n\n\n\n<h2 class=\"wp-block-heading\">Na\u0161e \u0161iroce koncipovan\u00e9 c\u00edle vzd\u011bl\u00e1v\u00e1n\u00ed student\u016f<\/h2>\n\n\n\n<ul class=\"wp-block-list\">\n<li>Studenti z\u00edskaj\u00ed p\u0159\u00edslu\u0161n\u00e9 znalosti a kompetence v&nbsp;oboru, kter\u00e9 odpov\u00eddaj\u00ed jejich studijn\u00edmu programu.<\/li>\n<\/ul>\n\n\n\n<ul class=\"wp-block-list\">\n<li>Studenti budou m\u00edt p\u0159\u00edle\u017eitost k sebepozn\u00e1n\u00ed a zam\u011b\u0159it se jasn\u011b na sv\u00e9 budouc\u00ed kari\u00e9rn\u00ed c\u00edle.<\/li>\n\n\n\n<li>Studenti z\u00edskaj\u00ed teoretick\u00e9 a praktick\u00e9 zku\u0161enosti v&nbsp;r\u00e1mci v\u00fduky i mimo ni, jako je pr\u00e1ce dobrovoln\u00edka, kter\u00e9 jim poskytnou v\u00fdhody, a\u017e budou pozd\u011bji usilovat o postgradu\u00e1ln\u00ed studium nebo o z\u00edsk\u00e1n\u00ed zam\u011bstn\u00e1n\u00ed.<\/li>\n<\/ul>\n\n\n\n<h2 class=\"wp-block-heading\">Na\u0161e \u0161iroce koncipovan\u00e9 pracovn\u00ed c\u00edle<\/h2>\n\n\n\n<p>Katedra psychologie bude:<\/p>\n\n\n\n<ul class=\"wp-block-list\">\n<li>Zam\u011bstn\u00e1vat a udr\u017eovat skv\u011bl\u00fd t\u00fdm fakulty, kter\u00fd vynik\u00e1 ve vyu\u010dovac\u00edch aktivit\u00e1ch a neust\u00e1le se pod\u00edl\u00ed na profesorsk\u00fdch a\/nebo v\u00fdzkumn\u00fdch \u010dinnostech v&nbsp;r\u016fzn\u00fdch oblastech psychologie.&nbsp;<\/li>\n\n\n\n<li>Podporovat atmosf\u00e9ru otev\u0159en\u00e9 intelektu\u00e1ln\u00ed diskuse a prosazovat toleranci, vz\u00e1jemn\u00e9 pochopen\u00ed a rovnost\u00e1\u0159sk\u00fd p\u0159\u00edstup k&nbsp;u\u010den\u00ed a studiu.&nbsp;&nbsp;<\/li>\n\n\n\n<li>Vytv\u00e1\u0159et multikulturn\u00ed prost\u0159ed\u00ed, v&nbsp;n\u011bm\u017e jsou studenti st\u0159edobodem a kter\u00e9 ct\u00ed diverzitu ve v\u0161ech jej\u00edch form\u00e1ch.<\/li>\n<\/ul>\n\n\n\n<h2 class=\"wp-block-heading\">Zam\u00fd\u0161len\u00e9 v\u00fdsledky student\u016f Psychologie\u00a0\u00a0\u00a0\u00a0\u00a0\u00a0\u00a0\u00a0\u00a0\u00a0\u00a0\u00a0\u00a0\u00a0\u00a0\u00a0\u00a0\u00a0\u00a0\u00a0\u00a0\u00a0\u00a0\u00a0\u00a0\u00a0\u00a0\u00a0\u00a0\u00a0\u00a0\u00a0\u00a0\u00a0\u00a0\u00a0\u00a0\u00a0\u00a0\u00a0\u00a0\u00a0\u00a0\u00a0\u00a0\u00a0\u00a0<\/h2>\n\n\n\n<ul class=\"wp-block-list\">\n<li>Studenti budou ch\u00e1pat mnoho oblast\u00ed psychologie, kter\u00e9 se jim nab\u00edzej\u00ed v jejich budouc\u00ed kari\u00e9\u0159e.<\/li>\n\n\n\n<li>Studenti budou m\u00edt z\u00e1kladn\u00ed pot\u0159ebn\u00e9 znalosti, aby mohli hladce a \u00fasp\u011b\u0161n\u011b p\u0159ej\u00edt ke studiu postgradu\u00e1ln\u00edch program\u016f v&nbsp;psychologii nebo ve spole\u010densk\u00fdch v\u011bd\u00e1ch.<\/li>\n\n\n\n<li>Studenti budou m\u00edt praktick\u00e9 zku\u0161enosti v oblasti du\u0161evn\u00edho zdrav\u00ed, z\u00edskan\u00e9 d\u00edky na\u0161\u00ed spolupr\u00e1ci s m\u00edstn\u00edmi zdravotnick\u00fdmi za\u0159\u00edzen\u00edmi du\u0161evn\u00edho zdrav\u00ed, jako je Psychiatrick\u00e9 centrum v&nbsp;Praze v&nbsp;nemocnici v Bohnic\u00edch. Krom\u011b toho nab\u00edz\u00ed na\u0161e spolupr\u00e1ce s \u010ceskou akademi\u00ed v\u011bd student\u016fm p\u0159\u00edle\u017eitosti k \u00fa\u010dasti na v\u00fdzkumech development\u00e1ln\u00ed a kognitivn\u00ed v\u011bdy.<\/li>\n\n\n\n<li>Studenti z\u00edskaj\u00ed pevn\u00e9 z\u00e1kladn\u00ed v\u00fdzkumn\u00e9 dovednosti v oblasti navrhov\u00e1n\u00ed, prov\u00e1d\u011bn\u00ed, sb\u011bru dat, anal\u00fdz dat a prezentace v\u00fdsledk\u016f v\u00fdzkumu.<\/li>\n<\/ul>\n\n\n\n<hr class=\"wp-block-separator has-alpha-channel-opacity\"\/>\n\n\n\n<h2 class=\"wp-block-heading\">Programy katedry Psychologie<\/h2>\n\n\n\n<p>Hled\u00e1te \u00fapln\u00fd seznam \u0161koln\u00edch program\u016f? Klikn\u011bte <a href=\"https:\/\/www.unyp.cz\/faculties-school-of-psychology\/\">zde.<\/a><\/p>\n","protected":false},"excerpt":{"rendered":"<p>Na\u0161e mise P\u0159ipravujeme studenty na to, aby usp\u011bli ve st\u00e1le v\u00edce se globalizuj\u00edc\u00edm sv\u011bt\u011b psychologie. Na\u0161e osnovy&nbsp;jsou navr\u017eeny tak, aby vyhovovaly jak standard\u016fm Americk\u00e9 psychologick\u00e9 asociace, tak i souboru standard\u016f Evropsk\u00e9 unie EuroPSY. &nbsp; Na\u0161e vize Zv\u00fd\u0161it zviditeln\u011bn\u00ed na\u0161\u00ed katedry jako jedin\u00e9ho programu psychologie v&nbsp;regionu, nab\u00edzej\u00edc\u00edho student\u016fm dvoj\u00ed titul v oboru psychologie, kter\u00fd je pln\u011b [&hellip;]<\/p>\n","protected":false},"author":1,"featured_media":0,"parent":0,"menu_order":0,"comment_status":"closed","ping_status":"closed","template":"","meta":{"_acf_changed":false,"inline_featured_image":false,"advgb_blocks_editor_width":"","advgb_blocks_columns_visual_guide":"","footnotes":""},"categories":[],"tags":[],"class_list":["post-20910","page","type-page","status-publish","hentry"],"acf":[],"mb":[],"coauthors":[],"author_meta":{"author_link":"https:\/\/www.unyp.cz\/cs\/author\/kucera-centario\/","display_name":"kucera.centario"},"relative_dates":{"created":"Posted 4 years ago","modified":"Updated 1 year ago"},"absolute_dates":{"created":"Posted on September 28, 2022","modified":"Updated on March 13, 2025"},"absolute_dates_time":{"created":"Posted on September 28, 2022 11:58 AM","modified":"Updated on March 13, 2025 5:36 PM"},"featured_img_caption":"","featured_img":false,"series_order":"","mfb_rest_fields":["title","coauthors","author_meta","relative_dates","absolute_dates","absolute_dates_time","featured_img_caption","featured_img","series_order"],"_links":{"self":[{"href":"https:\/\/www.unyp.cz\/cs\/wp-json\/wp\/v2\/pages\/20910","targetHints":{"allow":["GET"]}}],"collection":[{"href":"https:\/\/www.unyp.cz\/cs\/wp-json\/wp\/v2\/pages"}],"about":[{"href":"https:\/\/www.unyp.cz\/cs\/wp-json\/wp\/v2\/types\/page"}],"author":[{"embeddable":true,"href":"https:\/\/www.unyp.cz\/cs\/wp-json\/wp\/v2\/users\/1"}],"replies":[{"embeddable":true,"href":"https:\/\/www.unyp.cz\/cs\/wp-json\/wp\/v2\/comments?post=20910"}],"version-history":[{"count":8,"href":"https:\/\/www.unyp.cz\/cs\/wp-json\/wp\/v2\/pages\/20910\/revisions"}],"predecessor-version":[{"id":60505,"href":"https:\/\/www.unyp.cz\/cs\/wp-json\/wp\/v2\/pages\/20910\/revisions\/60505"}],"wp:attachment":[{"href":"https:\/\/www.unyp.cz\/cs\/wp-json\/wp\/v2\/media?parent=20910"}],"wp:term":[{"taxonomy":"category","embeddable":true,"href":"https:\/\/www.unyp.cz\/cs\/wp-json\/wp\/v2\/categories?post=20910"},{"taxonomy":"post_tag","embeddable":true,"href":"https:\/\/www.unyp.cz\/cs\/wp-json\/wp\/v2\/tags?post=20910"}],"curies":[{"name":"wp","href":"https:\/\/api.w.org\/{rel}","templated":true}]}}