{"id":21576,"date":"2022-10-26T07:49:36","date_gmt":"2022-10-26T06:49:36","guid":{"rendered":"https:\/\/www.unyp.cz\/?page_id=21576"},"modified":"2026-02-26T10:16:13","modified_gmt":"2026-02-26T09:16:13","slug":"katedra-mezinarodnich-vztahu-a-medialnich-studii","status":"publish","type":"page","link":"https:\/\/www.unyp.cz\/cs\/katedra-mezinarodnich-vztahu-a-medialnich-studii\/","title":{"rendered":"Katedra mezin\u00e1rodn\u00edch vztah\u016f a&nbsp;medi\u00e1ln\u00edch studi\u00ed"},"content":{"rendered":"\n<p>\u0160kola mezin\u00e1rodn\u00edch vztah\u016f a medi\u00e1ln\u00edch studi\u00ed na University of New York in Prague p\u0159ipravuje studenty na anal\u00fdzu glob\u00e1ln\u00edch syst\u00e9m\u016f, interpretaci politick\u00e9ho a kulturn\u00edho v\u00fdvoje, tvorbu medi\u00e1ln\u00edho obsahu a kritick\u00e9 zkoum\u00e1n\u00ed literatury a spole\u010dnosti v r\u00e1mci mezin\u00e1rodn\u00edho akademick\u00e9ho prost\u0159ed\u00ed.<\/p>\n\n\n\n<p>Spojen\u00edm americk\u00fdch akademick\u00fdch standard\u016f s mezin\u00e1rodn\u00edm prost\u0159ed\u00edm Prahy \u0161kola klade d\u016fraz na analytickou hloubku, tv\u016fr\u010d\u00ed vyj\u00e1d\u0159en\u00ed a glob\u00e1ln\u00ed rozhled.<\/p>\n\n\n\n<figure class=\"wp-block-image size-large\"><img data-opt-id=1542035435  fetchpriority=\"high\" decoding=\"async\" width=\"1400\" height=\"934\" src=\"https:\/\/mlgfjgj9j0su.i.optimole.com\/w:1400\/h:934\/q:mauto\/f:best\/https:\/\/www.unyp.cz\/wp-content\/uploads\/2026\/01\/660a7705.jpg\" alt=\"\" class=\"wp-image-74333\" srcset=\"https:\/\/mlgfjgj9j0su.i.optimole.com\/w:1400\/h:934\/q:mauto\/f:best\/https:\/\/www.unyp.cz\/wp-content\/uploads\/2026\/01\/660a7705.jpg 1400w, https:\/\/mlgfjgj9j0su.i.optimole.com\/w:300\/h:200\/q:mauto\/f:best\/https:\/\/www.unyp.cz\/wp-content\/uploads\/2026\/01\/660a7705.jpg 300w, https:\/\/mlgfjgj9j0su.i.optimole.com\/w:150\/h:100\/q:mauto\/f:best\/https:\/\/www.unyp.cz\/wp-content\/uploads\/2026\/01\/660a7705.jpg 150w, https:\/\/mlgfjgj9j0su.i.optimole.com\/w:768\/h:512\/q:mauto\/f:best\/https:\/\/www.unyp.cz\/wp-content\/uploads\/2026\/01\/660a7705.jpg 768w, https:\/\/mlgfjgj9j0su.i.optimole.com\/w:1536\/h:1025\/q:mauto\/f:best\/https:\/\/www.unyp.cz\/wp-content\/uploads\/2026\/01\/660a7705.jpg 1536w\" sizes=\"(max-width: 1000px) 100vw, 1000px\" \/><\/figure>\n\n\n\n<div style=\"height:20px\" aria-hidden=\"true\" class=\"wp-block-spacer\"><\/div>\n\n\n\n<h2 class=\"wp-block-heading\"><strong>O \u0161kole<\/strong><\/h2>\n\n\n\n<p>\u0160kola propojuje obory zam\u011b\u0159en\u00e9 na mezin\u00e1rodn\u00ed vztahy, komunikaci, kreativn\u00ed tvorbu a liter\u00e1rn\u00ed kulturu v anglicky vyu\u010dovan\u00e9m akademick\u00e9m prost\u0159ed\u00ed.<\/p>\n\n\n\n<p>Studijn\u00ed programy funguj\u00ed v r\u00e1mci americko-evropsk\u00e9ho syst\u00e9mu dvoj\u00edho diplomu UNYP, kter\u00fd nab\u00edz\u00ed mezin\u00e1rodn\u011b uzn\u00e1van\u00e9 kvalifikace p\u0159i zachov\u00e1n\u00ed \u00fazk\u00e9ho akademick\u00e9ho kontaktu a mal\u00fdch studijn\u00edch skupin.<\/p>\n\n\n\n<p>\u0160kola nab\u00edz\u00ed:<\/p>\n\n\n\n<ul class=\"wp-block-list\">\n<li>Akademick\u00e9 standardy s americkou akreditac\u00ed<\/li>\n\n\n\n<li>V\u00fduku pln\u011b v angli\u010dtin\u011b<\/li>\n\n\n\n<li>Mezin\u00e1rodn\u00ed vyu\u010duj\u00edc\u00ed s akademick\u00fdmi i profesn\u00edmi zku\u0161enostmi<\/li>\n\n\n\n<li>R\u016fznorod\u00e9 a multikulturn\u00ed studentsk\u00e9 prost\u0159ed\u00ed<\/li>\n\n\n\n<li>D\u016fraz na kritick\u00e9 my\u0161len\u00ed, v\u00fdzkum a komunika\u010dn\u00ed dovednosti<\/li>\n<\/ul>\n\n\n\n<p>Studenti si osvojuj\u00ed analytick\u00e9, v\u00fdzkumn\u00e9 a interpreta\u010dn\u00ed dovednosti pot\u0159ebn\u00e9 k orientaci ve slo\u017eit\u00fdch mezin\u00e1rodn\u00edch a medi\u00e1ln\u00edch souvislostech.<\/p>\n\n\n\n<hr class=\"wp-block-separator has-alpha-channel-opacity\"\/>\n\n\n\n<h2 class=\"wp-block-heading\"><strong>Studium mezin\u00e1rodn\u00edch vztah\u016f a m\u00e9di\u00ed v Praze<\/strong><\/h2>\n\n\n\n<p>Praha nab\u00edz\u00ed jedine\u010dnou perspektivu pro studium mezin\u00e1rodn\u00edch vztah\u016f a m\u00e9di\u00ed. M\u011bsto le\u017e\u00edc\u00ed na pomez\u00ed z\u00e1padn\u00ed a st\u0159edn\u00ed Evropy pro\u0161lo v posledn\u00edch desetilet\u00edch v\u00fdraznou politickou transformac\u00ed, evropskou integrac\u00ed i glob\u00e1ln\u00edm rozvojem.<\/p>\n\n\n\n<p>Studenti zde z\u00edsk\u00e1vaj\u00ed:<\/p>\n\n\n\n<ul class=\"wp-block-list\">\n<li>Kontakt s evropsk\u00fdmi politick\u00fdmi institucemi a mezin\u00e1rodn\u00edmi organizacemi<\/li>\n\n\n\n<li>Multikulturn\u00ed akademick\u00e9 prost\u0159ed\u00ed<\/li>\n\n\n\n<li>P\u0159\u00edstup k mezin\u00e1rodn\u00edm konferenc\u00edm, ambas\u00e1d\u00e1m, nevl\u00e1dn\u00edm organizac\u00edm a medi\u00e1ln\u00edm instituc\u00edm<\/li>\n<\/ul>\n\n\n\n<p>Toto prost\u0159ed\u00ed posiluje akademick\u00e9 b\u00e1d\u00e1n\u00ed i hlub\u0161\u00ed porozum\u011bn\u00ed glob\u00e1ln\u00edm syst\u00e9m\u016fm v jejich \u0161ir\u0161\u00edm kontextu.<\/p>\n\n\n\n<hr class=\"wp-block-separator has-alpha-channel-opacity\"\/>\n\n\n\n<h2 class=\"wp-block-heading\" id=\"h-akademicky-pristup-a-prakticke-zapojeni\"><strong>Akademick\u00fd p\u0159\u00edstup a praktick\u00e9 zapojen\u00ed<\/strong><\/h2>\n\n\n\n<p>\u0160kola klade d\u016fraz jak na pevn\u00e9 teoretick\u00e9 z\u00e1klady, tak na aplikovan\u00e9 formy v\u00fduky.<\/p>\n\n\n\n<p>Studenti se v\u011bnuj\u00ed zejm\u00e9na:<\/p>\n\n\n\n<ul class=\"wp-block-list\">\n<li>Anal\u00fdze mezin\u00e1rodn\u00edch politick\u00fdch syst\u00e9m\u016f a instituc\u00ed<\/li>\n\n\n\n<li>Medi\u00e1ln\u00ed teorii a strategick\u00e9 komunikaci<\/li>\n\n\n\n<li>Kreativn\u00ed digit\u00e1ln\u00ed tvorb\u011b a vizu\u00e1ln\u00edmu vypr\u00e1v\u011bn\u00ed<\/li>\n\n\n\n<li>Liter\u00e1rn\u00ed anal\u00fdze a kritick\u00e9 interpretaci<\/li>\n\n\n\n<li>Systematick\u00e9mu v\u00fdzkumu, akademick\u00e9mu psan\u00ed a profesion\u00e1ln\u00ed prezentaci<\/li>\n<\/ul>\n\n\n\n<p>V\u00fduka integruje aktu\u00e1ln\u00ed glob\u00e1ln\u00ed t\u00e9mata, medi\u00e1ln\u00ed v\u00fdvoj i p\u0159eshrani\u010dn\u00ed v\u00fdzvy a p\u0159ipravuje studenty na profesn\u00ed i akademick\u00fd r\u016fst.<\/p>\n\n\n\n<p>\u0160kola klade zvl\u00e1\u0161tn\u00ed d\u016fraz na kritick\u00e9 my\u0161len\u00ed, etick\u00e9 uva\u017eov\u00e1n\u00ed a samostatn\u00fd v\u00fdzkum v r\u00e1mci spolupracuj\u00edc\u00edho a multikulturn\u00edho akademick\u00e9ho prost\u0159ed\u00ed.<\/p>\n\n\n\n<hr class=\"wp-block-separator has-alpha-channel-opacity\"\/>\n\n\n\n<h2 class=\"wp-block-heading\"><strong>Akademick\u00fd t\u00fdm a veden\u00ed<\/strong><\/h2>\n\n\n\n<p>Vyu\u010duj\u00edc\u00ed p\u0159in\u00e1\u0161ej\u00ed mezin\u00e1rodn\u00ed akademick\u00e9 z\u00e1zem\u00ed i profesn\u00ed zku\u0161enosti z oblasti diplomacie, politick\u00e9 anal\u00fdzy, \u017eurnalistiky, medi\u00e1ln\u00ed strategie, kreativn\u00ed produkce a liter\u00e1rn\u00ed v\u011bdy.<\/p>\n\n\n\n<p>Mal\u00e9 studijn\u00ed skupiny umo\u017e\u0148uj\u00ed:<\/p>\n\n\n\n<ul class=\"wp-block-list\">\n<li>P\u0159\u00edm\u00fd kontakt s vyu\u010duj\u00edc\u00edmi<\/li>\n\n\n\n<li>Strukturovan\u00e9 debaty a diskuse<\/li>\n\n\n\n<li>Individu\u00e1ln\u00ed veden\u00ed v\u00fdzkumu<\/li>\n\n\n\n<li>Mentoring v oblasti akademick\u00e9ho i kari\u00e9rn\u00edho rozvoje<\/li>\n<\/ul>\n\n\n\n<hr class=\"wp-block-separator has-alpha-channel-opacity\"\/>\n\n\n\n<h2 class=\"wp-block-heading\"><strong>Kari\u00e9rn\u00ed uplatn\u011bn\u00ed<\/strong><\/h2>\n\n\n\n<p>Absolventi \u0161koly p\u016fsob\u00ed v profesn\u00ed i akademick\u00e9 sf\u00e9\u0159e nap\u0159\u00ed\u010d Evropou i mezin\u00e1rodn\u011b, nap\u0159\u00edklad v oblastech:<\/p>\n\n\n\n<ul class=\"wp-block-list\">\n<li>Diplomacie a mezin\u00e1rodn\u00ed organizace<\/li>\n\n\n\n<li>Ve\u0159ejn\u00e1 politika a st\u00e1tn\u00ed spr\u00e1va<\/li>\n\n\n\n<li>\u017durnalistika a medi\u00e1ln\u00ed produkce<\/li>\n\n\n\n<li>Strategick\u00e1 komunikace a public affairs<\/li>\n\n\n\n<li>Digit\u00e1ln\u00ed m\u00e9dia a kreativn\u00ed pr\u016fmysly<\/li>\n\n\n\n<li>Nakladatelstv\u00ed, psan\u00ed a kulturn\u00ed instituce<\/li>\n\n\n\n<li>Navazuj\u00edc\u00ed magistersk\u00e9 a doktorsk\u00e9 studium v p\u0159\u00edbuzn\u00fdch oborech<\/li>\n<\/ul>\n\n\n\n<p>Absolventi jsou p\u0159ipraveni jak na vstup do profesn\u00ed praxe, tak na pokra\u010dov\u00e1n\u00ed ve studiu na p\u0159edn\u00edch mezin\u00e1rodn\u00edch instituc\u00edch.<\/p>\n\n\n\n<hr class=\"wp-block-separator has-alpha-channel-opacity\"\/>\n\n\n\n<h2 class=\"wp-block-heading\"><strong>Studijn\u00ed programy<\/strong><\/h2>\n\n\n\n<p>\u0160kola mezin\u00e1rodn\u00edch vztah\u016f a medi\u00e1ln\u00edch studi\u00ed nab\u00edz\u00ed bakal\u00e1\u0159sk\u00e9 i navazuj\u00edc\u00ed magistersk\u00e9 programy v souladu s mezin\u00e1rodn\u00edmi akademick\u00fdmi standardy.<\/p>\n\n\n\n<h3 class=\"wp-block-heading\">Bakal\u00e1\u0159sk\u00e9 programy<\/h3>\n\n\n\n<ul class=\"wp-block-list\">\n<li><a href=\"https:\/\/www.unyp.cz\/cs\/bakalarske-programy\/bakalarsky-program-mezinarodni-vztahy\/\" type=\"link\" id=\"https:\/\/www.unyp.cz\/cs\/bakalarske-programy\/bakalarsky-program-mezinarodni-vztahy\/\">Bakal\u00e1\u0159sk\u00fd program Mezin\u00e1rodn\u00ed vztahy<\/a><\/li>\n\n\n\n<li><a href=\"https:\/\/www.unyp.cz\/cs\/bakalarske-programy\/bakalarsky-program-komunikace-a-media\/\" type=\"link\" id=\"https:\/\/www.unyp.cz\/cs\/bakalarske-programy\/bakalarsky-program-komunikace-a-media\/\">Bakal\u00e1\u0159sk\u00fd program Komunikace a m\u00e9dia<\/a><\/li>\n\n\n\n<li><a href=\"https:\/\/www.unyp.cz\/cs\/bakalarske-programy\/bakalarsky-program-umeni-digitalnich-medii\/\">Bakal\u00e1\u0159sk\u00fd program Digit\u00e1ln\u00ed medi\u00e1ln\u00ed um\u011bn\u00ed<\/a><\/li>\n\n\n\n<li><a href=\"https:\/\/www.unyp.cz\/cs\/bakalarske-programy\/cs-bakalarske-programy-anglicka-literatura\/\">Bakal\u00e1\u0159sk\u00fd program Anglick\u00e1 literatura<\/a><\/li>\n<\/ul>\n\n\n\n<h3 class=\"wp-block-heading\">Specializace program\u016f<\/h3>\n\n\n\n<p id=\"h-dvoji-diplomy-nbsp\">Programy Mezin\u00e1rodn\u00ed vztahy a Komunikace a m\u00e9dia nab\u00edzej\u00ed \u0159adu odborn\u00fdch specializac\u00ed, kter\u00e9 student\u016fm umo\u017e\u0148uj\u00ed p\u0159izp\u016fsobit studium konkr\u00e9tn\u00edm profesn\u00edm a intelektu\u00e1ln\u00edm z\u00e1jm\u016fm. Pro v\u00edce informac\u00ed o dostupn\u00fdch specializac\u00edch klikn\u011bte zde.<\/p>\n\n\n\n<hr class=\"wp-block-separator has-alpha-channel-opacity\"\/>\n\n\n\n<h2 class=\"wp-block-heading\" id=\"h-vedouci-katedry-mezinarodnich-vztahu-a-nbsp-medialnich-studii\"><strong>Vedouc\u00ed Katedry mezin\u00e1rodn\u00edch vztah\u016f a&nbsp;medi\u00e1ln\u00edch studi\u00ed<\/strong><\/h2>\n\n\n<p class=\"advgb-dyn-20237604\"><div>\n            <div class=\"person row align-items-start\">\n        <div class=\"col-sm-3\">\n        <div class=\"person__photo text-center\">\n            <a href=\"\/cs\/academic-staff\/rectyVlkej2oGlR2A\/oscar-hidalgo-redondo\">\n                                    <img data-opt-id=18649179  fetchpriority=\"high\" decoding=\"async\"\n                        src=\"https:\/\/unyp-airtable.zvladneme.cz\/attachment\/academic-person\/rectyVlkej2oGlR2A\/attPpXZty8fu0fX6L\/large.jpg\"\n                        width=\"512\"\n                        height=\"512\"\n                        alt=\"Oscar Hidalgo-Redondo\"\n                        loading=\"lazy\"\n                        class=\"img-fluid rounded-circle\"\n                    >\n                            <\/a>\n        <\/div>\n    <\/div>\n    <div class=\"col-sm-9 align-self-center\">\n        <div class=\"person__name mb-2\"><a href=\"\/cs\/academic-staff\/rectyVlkej2oGlR2A\/oscar-hidalgo-redondo\" class=\"post-headline\">Oscar Hidalgo-Redondo<\/a><\/div>\n        <div class=\"person__position fw-bold mb-2\">Vedouc\u00ed katedry mezin\u00e1rodn\u00edch vztah\u016f<\/div>\n        <div class=\"person__degrees fst-italic mb-2\">M.Phil. University of Kent, UK<br \/>\nM.A. University of Basque Country, Spain<br \/>\n<\/div>\n        <div class=\"person__bio\">\n            <p>Profesor \u00d3scar Hidalgo-Redondo p\u016fsob\u00ed jako d\u011bkan Fakulty mezin\u00e1rodn\u00edch vztah\u016f na University of New York in Prague (UNYP). Poch\u00e1z\u00ed z Baskicka\u2026<\/p>\n            <a href=\"\/cs\/academic-staff\/rectyVlkej2oGlR2A\/oscar-hidalgo-redondo\">Read&nbsp;more&nbsp;&raquo;<\/a>\n        <\/div>\n    <\/div>\n<\/div>\n    <\/div>\n<\/p>\n\n\n\n<p>\u00dapln\u00fd seznam \u0161koln\u00edch lektor\u016f najdete&nbsp;<a href=\"https:\/\/www.unyp.cz\/cs\/pedagogicky-sbor\/\">zde<\/a>.<\/p>\n\n\n\n<hr class=\"wp-block-separator has-alpha-channel-opacity\"\/>\n\n\n\n<h2 class=\"wp-block-heading\" id=\"h-akreditace-a-akademicke-informace\"><strong>Akreditace a akademick\u00e9 informace<\/strong><\/h2>\n\n\n\n<p>Informace o akreditaci a povinn\u011b zve\u0159ej\u0148ovan\u00fdch akademick\u00fdch \u00fadaj\u00edch pro \u0160kolu mezin\u00e1rodn\u00edch vztah\u016f a medi\u00e1ln\u00edch studi\u00ed jsou k dispozici na str\u00e1nk\u00e1ch v\u011bnovan\u00fdch akreditaci a <a href=\"https:\/\/www.unyp.cz\/cs\/predpisy-a-smernice\/\">akademick\u00e9 integrit\u011b<\/a>.<\/p>\n\n\n\n<hr class=\"wp-block-separator has-alpha-channel-opacity\"\/>\n\n\n\n<h2 class=\"wp-block-heading\"><strong>\u010casto kladen\u00e9 ot\u00e1zky<\/strong><\/h2>\n\n\n\n<h3 class=\"wp-block-heading\" id=\"h-cim-se-vyznacuje-skola-mezinarodnich-vztahu-a-medialnich-studii-na-unyp\">\u010c\u00edm se vyzna\u010duje \u0160kola mezin\u00e1rodn\u00edch vztah\u016f a medi\u00e1ln\u00edch studi\u00ed na UNYP?<\/h3>\n\n\n\n<p id=\"h-cim-se-vyznacuje-skola-mezinarodnich-vztahu-a-medialnich-studii-na-unyp-skola-propojuje-americke-akademicke-standardy-vyuku-v-anglictine-a-strategickou-polohu-prahy-v-ramci-evropy-cimz-poskytuje-mezinarodni-perspektivu-na-politiku-diplomacii-a-media\">\u0160kola propojuje americk\u00e9 akademick\u00e9 standardy, v\u00fduku v angli\u010dtin\u011b a strategickou polohu Prahy v r\u00e1mci Evropy, \u010d\u00edm\u017e poskytuje mezin\u00e1rodn\u00ed perspektivu na politiku, diplomacii a m\u00e9dia.<\/p>\n\n\n\n<h3 class=\"wp-block-heading\" id=\"h-jsou-programy-vyucovany-v-anglictine\">Jsou programy vyu\u010dov\u00e1ny v angli\u010dtin\u011b?<\/h3>\n\n\n\n<p>Ano. V\u0161echny programy \u0161koly jsou vyu\u010dov\u00e1ny v\u00fdhradn\u011b v angli\u010dtin\u011b a jsou ur\u010deny jak pro zahrani\u010dn\u00ed, tak pro \u010desk\u00e9 studenty, kte\u0159\u00ed hledaj\u00ed mezin\u00e1rodn\u011b orientovan\u00e9 akademick\u00e9 prost\u0159ed\u00ed.<\/p>\n\n\n\n<h3 class=\"wp-block-heading\" id=\"h-jake-tituly-skola-nabizi\">Jak\u00e9 tituly \u0161kola nab\u00edz\u00ed?<\/h3>\n\n\n\n<p>\u0160kola nab\u00edz\u00ed bakal\u00e1\u0159sk\u00e9 studijn\u00ed programy v oborech Mezin\u00e1rodn\u00ed vztahy a Komunikace a m\u00e9dia a d\u00e1le magistersk\u00fd program Mezin\u00e1rodn\u00ed vztahy a diplomacie.<\/p>\n\n\n\n<h3 class=\"wp-block-heading\" id=\"h-jake-karierni-moznosti-absolventi-nejcasteji-voli\">Jak\u00e9 kari\u00e9rn\u00ed mo\u017enosti absolventi nej\u010dast\u011bji vol\u00ed?<\/h3>\n\n\n\n<p id=\"h-dvoji-diplomy-nbsp\">Absolventi nach\u00e1zej\u00ed uplatn\u011bn\u00ed v diplomacii, mezin\u00e1rodn\u00edch instituc\u00edch, \u017eurnalistice, ve\u0159ejn\u00e9 politice, strategick\u00e9 komunikaci i v navazuj\u00edc\u00edm akademick\u00e9m studiu.<\/p>\n\n\n\n<p><\/p>\n","protected":false},"excerpt":{"rendered":"<p>\u0160kola mezin\u00e1rodn\u00edch vztah\u016f a medi\u00e1ln\u00edch studi\u00ed na University of New York in Prague p\u0159ipravuje studenty na anal\u00fdzu glob\u00e1ln\u00edch syst\u00e9m\u016f, interpretaci politick\u00e9ho a kulturn\u00edho v\u00fdvoje, tvorbu medi\u00e1ln\u00edho obsahu a kritick\u00e9 zkoum\u00e1n\u00ed literatury a spole\u010dnosti v r\u00e1mci mezin\u00e1rodn\u00edho akademick\u00e9ho prost\u0159ed\u00ed. Spojen\u00edm americk\u00fdch akademick\u00fdch standard\u016f s mezin\u00e1rodn\u00edm prost\u0159ed\u00edm Prahy \u0161kola klade d\u016fraz na analytickou hloubku, tv\u016fr\u010d\u00ed vyj\u00e1d\u0159en\u00ed a [&hellip;]<\/p>\n","protected":false},"author":1,"featured_media":0,"parent":0,"menu_order":0,"comment_status":"closed","ping_status":"closed","template":"","meta":{"_acf_changed":false,"inline_featured_image":false,"advgb_blocks_editor_width":"","advgb_blocks_columns_visual_guide":"","footnotes":""},"categories":[],"tags":[],"class_list":["post-21576","page","type-page","status-publish","hentry"],"acf":[],"mb":[],"coauthors":[],"author_meta":{"author_link":"https:\/\/www.unyp.cz\/cs\/author\/kucera-centario\/","display_name":"kucera.centario"},"relative_dates":{"created":"Posted 3 years ago","modified":"Updated 2 months ago"},"absolute_dates":{"created":"Posted on October 26, 2022","modified":"Updated on February 26, 2026"},"absolute_dates_time":{"created":"Posted on October 26, 2022 7:49 AM","modified":"Updated on February 26, 2026 10:16 AM"},"featured_img_caption":"","featured_img":false,"series_order":"","mfb_rest_fields":["title","coauthors","author_meta","relative_dates","absolute_dates","absolute_dates_time","featured_img_caption","featured_img","series_order"],"_links":{"self":[{"href":"https:\/\/www.unyp.cz\/cs\/wp-json\/wp\/v2\/pages\/21576","targetHints":{"allow":["GET"]}}],"collection":[{"href":"https:\/\/www.unyp.cz\/cs\/wp-json\/wp\/v2\/pages"}],"about":[{"href":"https:\/\/www.unyp.cz\/cs\/wp-json\/wp\/v2\/types\/page"}],"author":[{"embeddable":true,"href":"https:\/\/www.unyp.cz\/cs\/wp-json\/wp\/v2\/users\/1"}],"replies":[{"embeddable":true,"href":"https:\/\/www.unyp.cz\/cs\/wp-json\/wp\/v2\/comments?post=21576"}],"version-history":[{"count":19,"href":"https:\/\/www.unyp.cz\/cs\/wp-json\/wp\/v2\/pages\/21576\/revisions"}],"predecessor-version":[{"id":76532,"href":"https:\/\/www.unyp.cz\/cs\/wp-json\/wp\/v2\/pages\/21576\/revisions\/76532"}],"wp:attachment":[{"href":"https:\/\/www.unyp.cz\/cs\/wp-json\/wp\/v2\/media?parent=21576"}],"wp:term":[{"taxonomy":"category","embeddable":true,"href":"https:\/\/www.unyp.cz\/cs\/wp-json\/wp\/v2\/categories?post=21576"},{"taxonomy":"post_tag","embeddable":true,"href":"https:\/\/www.unyp.cz\/cs\/wp-json\/wp\/v2\/tags?post=21576"}],"curies":[{"name":"wp","href":"https:\/\/api.w.org\/{rel}","templated":true}]}}