{"id":21580,"date":"2022-10-26T07:48:19","date_gmt":"2022-10-26T06:48:19","guid":{"rendered":"https:\/\/www.unyp.cz\/?page_id=21580"},"modified":"2026-02-26T11:08:50","modified_gmt":"2026-02-26T10:08:50","slug":"katedra-business-a-it-programy","status":"publish","type":"page","link":"https:\/\/www.unyp.cz\/cs\/katedra-business-a-it-programy\/","title":{"rendered":"Katedra Business &amp; IT\u00a0na UNYP"},"content":{"rendered":"\n<p id=\"h-\">The School of Business &amp; IT na University of New York in Prague p\u0159ipravuje studenty na vedouc\u00ed pozice v mezin\u00e1rodn\u00edm obchod\u011b, financ\u00edch, technologi\u00edch a digit\u00e1ln\u00edch inovac\u00edch. \u0160kola kombinuje americk\u00e9 akademick\u00e9 standardy s evropsk\u00fdm obchodn\u00edm prost\u0159ed\u00edm a klade d\u016fraz na analytickou p\u0159\u00edsnost, praktick\u00e9 znalosti a glob\u00e1ln\u00ed perspektivu.<\/p>\n\n\n\n<figure class=\"wp-block-image size-large\"><img data-opt-id=408615862  fetchpriority=\"high\" decoding=\"async\" src=\"https:\/\/mlgfjgj9j0su.i.optimole.com\/w:1400\/h:934\/q:mauto\/f:best\/https:\/\/www.unyp.cz\/wp-content\/uploads\/2025\/11\/660a7485.jpg\" alt=\"\" class=\"wp-image-70318\"\/><\/figure>\n\n\n\n<div style=\"height:10px\" aria-hidden=\"true\" class=\"wp-block-spacer\"><\/div>\n\n\n\n<h2 class=\"wp-block-heading\" id=\"h-o-katedre-business-amp-it-school-of-business-amp-it\"><strong>O kated\u0159e Business &amp; IT (School of Business &amp; IT)<\/strong><\/h2>\n\n\n\n<p>Katedra Business &amp; IT na UNYP je navr\u017eena pro studenty, kte\u0159\u00ed hledaj\u00ed praktick\u00e9 odborn\u00e9 znalosti, mezin\u00e1rodn\u00ed perspektivu a dlouhodob\u00fd profesn\u00ed r\u016fst. Jako \u0161kola americk\u00e9ho typu s v\u00fdukou v angli\u010dtin\u011b se s\u00eddlem v Praze katedra kombinuje:<\/p>\n\n\n\n<ul class=\"wp-block-list\">\n<li>Akademick\u00e9 standardy s americkou akreditac\u00ed<\/li>\n\n\n\n<li>V\u00fduku vedenou v\u00fdhradn\u011b v angli\u010dtin\u011b<\/li>\n\n\n\n<li>Mezin\u00e1rodn\u00ed pedagogick\u00fd sbor se zku\u0161enostmi z oboru<\/li>\n\n\n\n<li>Rozmanitou glob\u00e1ln\u00ed komunitu student\u016f<\/li>\n\n\n\n<li>Siln\u00fd d\u016fraz na kari\u00e9rn\u00ed p\u0159ipravenost<\/li>\n<\/ul>\n\n\n\n<p>Studenti si rozv\u00edjej\u00ed v\u016fd\u010d\u00ed schopnosti, analytickou preciznost a aplikovan\u00e9 obchodn\u00ed kompetence nezbytn\u00e9 pro dne\u0161n\u00ed glob\u00e1ln\u00ed ekonomiku.<\/p>\n\n\n\n<hr class=\"wp-block-separator has-alpha-channel-opacity\"\/>\n\n\n\n<h2 class=\"wp-block-heading\"><strong>Vzd\u011bl\u00e1v\u00e1n\u00ed v mezin\u00e1rodn\u00edm obchodn\u00edm prost\u0159ed\u00ed Prahy<\/strong><\/h2>\n\n\n\n<p>Praha slou\u017e\u00ed jako strategick\u00e1 lokalita v r\u00e1mci st\u0159edn\u00ed Evropy a je domovem nadn\u00e1rodn\u00edch korporac\u00ed, finan\u010dn\u00edch instituc\u00ed, poradensk\u00fdch firem a rostouc\u00edho technologick\u00e9ho sektoru. Studium obchodu a IT v tomto prost\u0159ed\u00ed poskytuje student\u016fm kontakt s mezin\u00e1rodn\u00edmi trhy, p\u0159eshrani\u010dn\u00edmi operacemi a odv\u011btv\u00edmi zam\u011b\u0159en\u00fdmi na inovace. Kombinace mezin\u00e1rodn\u00ed obchodn\u00ed p\u0159\u00edtomnosti v Praze a americk\u00e9ho akademick\u00e9ho r\u00e1mce UNYP nab\u00edz\u00ed v r\u00e1mci \u010cesk\u00e9 republiky jedine\u010dn\u00fd vzd\u011bl\u00e1vac\u00ed kontext.<\/p>\n\n\n\n<hr class=\"wp-block-separator has-alpha-channel-opacity\"\/>\n\n\n\n<h2 class=\"wp-block-heading\"><strong>Aplikovan\u00e9 u\u010den\u00ed a profesn\u00ed p\u0159\u00edprava<\/strong><\/h2>\n\n\n\n<p>Fakulta klade d\u016fraz na integraci teorie a praxe. Studenti se zapojuj\u00ed do:<\/p>\n\n\n\n<ul class=\"wp-block-list\">\n<li>U\u010den\u00ed zalo\u017een\u00e9ho na p\u0159\u00edpadov\u00fdch studi\u00edch<\/li>\n\n\n\n<li>Projektov\u011b orientovan\u00e9 v\u00fduky<\/li>\n\n\n\n<li>Aplikovan\u00e9 obchodn\u00ed anal\u00fdzy<\/li>\n\n\n\n<li>St\u00e1\u017e\u00ed a p\u0159\u00edle\u017eitost\u00ed k profesion\u00e1ln\u00edmu networkingu<\/li>\n\n\n\n<li>Integrace discipl\u00edn obchodu a informa\u010dn\u00edch technologi\u00ed<\/li>\n<\/ul>\n\n\n\n<p>Zvl\u00e1\u0161tn\u00ed d\u016fraz je kladen na rozhodov\u00e1n\u00ed zalo\u017een\u00e9 na datech, digit\u00e1ln\u00ed transformaci a technologicky podpo\u0159en\u00e9 \u0159\u00edzen\u00ed \u2013 oblasti, kter\u00e9 jsou pro modern\u00ed organizace st\u00e1le kl\u00ed\u010dov\u011bj\u0161\u00ed. Absolventi jsou p\u0159ipraveni efektivn\u011b p\u016fsobit v komplexn\u00edm mezin\u00e1rodn\u00edm obchodn\u00edm prost\u0159ed\u00ed.<\/p>\n\n\n\n<hr class=\"wp-block-separator has-alpha-channel-opacity\"\/>\n\n\n\n<h2 class=\"wp-block-heading\"><strong>Fakulta a akademick\u00e9 veden\u00ed<\/strong><\/h2>\n\n\n\n<p>\u010clenov\u00e9 fakulty p\u0159in\u00e1\u0161ej\u00ed akademick\u00e9 odborn\u00e9 znalosti a profesion\u00e1ln\u00ed zku\u0161enosti nap\u0159\u00ed\u010d kl\u00ed\u010dov\u00fdmi obchodn\u00edmi a technologick\u00fdmi discipl\u00ednami, v\u010detn\u011b:<\/p>\n\n\n\n<ul class=\"wp-block-list\">\n<li>Mezin\u00e1rodn\u00edch financ\u00ed<\/li>\n\n\n\n<li>Strategick\u00e9ho managementu<\/li>\n\n\n\n<li>Digit\u00e1ln\u00ed transformace<\/li>\n\n\n\n<li>Datov\u00e9 analytiky<\/li>\n\n\n\n<li>Marketingov\u00e9 strategie<\/li>\n\n\n\n<li>Podnik\u00e1n\u00ed<\/li>\n<\/ul>\n\n\n\n<p>Mal\u00e9 studijn\u00ed skupiny podporuj\u00ed p\u0159\u00edm\u00e9 zapojen\u00ed vyu\u010duj\u00edc\u00edch, strukturovanou zp\u011btnou vazbu a individu\u00e1ln\u00ed akademick\u00fd rozvoj.<\/p>\n\n\n\n<hr class=\"wp-block-separator has-alpha-channel-opacity\"\/>\n\n\n\n<h2 class=\"wp-block-heading\"><strong>Kari\u00e9rn\u00ed cesty<\/strong><\/h2>\n\n\n\n<p>Absolventi Fakulty Business &amp; IT buduj\u00ed profesion\u00e1ln\u00ed kari\u00e9ru po cel\u00e9 Evrop\u011b i v mezin\u00e1rodn\u00edm m\u011b\u0159\u00edtku v sektorech, jako jsou:<\/p>\n\n\n\n<ul class=\"wp-block-list\">\n<li>Finance a bankovnictv\u00ed<\/li>\n\n\n\n<li>Consulting<\/li>\n\n\n\n<li>Marketing a digit\u00e1ln\u00ed strategie<\/li>\n\n\n\n<li>Technologie a management IT<\/li>\n\n\n\n<li>Mezin\u00e1rodn\u00ed obchod<\/li>\n\n\n\n<li>Podnik\u00e1n\u00ed<\/li>\n<\/ul>\n\n\n\n<p>Zam\u011b\u0159en\u00ed fakulty na analytick\u00e9 dovednosti, komunikaci, leadership a aplikovanou obchodn\u00ed strategii vybavuje absolventy pro \u00fasp\u011bch na glob\u00e1ln\u00edch trz\u00edch.<\/p>\n\n\n\n<hr class=\"wp-block-separator has-alpha-channel-opacity\"\/>\n\n\n\n<h2 class=\"wp-block-heading\"><strong>Akademick\u00e9 programy<\/strong><\/h2>\n\n\n\n<p id=\"h-\">Katedra Business &amp; IT nab\u00edz\u00ed bakal\u00e1\u0159sk\u00e9 a magistersk\u00e9 programy&#8230;<\/p>\n\n\n\n<h3 class=\"wp-block-heading\">Bachelor\u2019s Programs<\/h3>\n\n\n\n<ul class=\"wp-block-list\">\n<li><a href=\"https:\/\/www.unyp.cz\/cs\/bakalarske-programy\/bakalarsky-program-business-administration\/\">American Bachelor of Business Administration<\/a><\/li>\n\n\n\n<li><a href=\"https:\/\/www.unyp.cz\/cs\/bachelor-of-business-administration-bba\/\">European Bachelor of Business Administration<\/a><\/li>\n\n\n\n<li><a href=\"https:\/\/www.unyp.cz\/cs\/bakalarske-programy\/bakalarsky-program-informacni-technologie\/\">Bachelor of Information Technology<\/a><\/li>\n<\/ul>\n\n\n\n<h3 class=\"wp-block-heading\">Master\u2019s Programs<\/h3>\n\n\n\n<ul class=\"wp-block-list\">\n<li><a href=\"https:\/\/www.unyp.cz\/cs\/magisterske-programy\/mba-programy-na-unyp\/\">MBA<\/a><\/li>\n\n\n\n<li><a href=\"https:\/\/www.unyp.cz\/cs\/magistersky-program-digital-marketing-and-analytics-msc\/\">MSc in Digital Marketing and Analytics<\/a><\/li>\n\n\n\n<li><a href=\"https:\/\/www.unyp.cz\/cs\/msc-in-business-analytics\/\">MSc in Business Analytics<\/a><\/li>\n<\/ul>\n\n\n\n<p>Podrobn\u00e9 informace o studijn\u00edch pl\u00e1nech, podm\u00ednk\u00e1ch p\u0159ijet\u00ed a struktu\u0159e kurz\u016f naleznete na str\u00e1nk\u00e1ch jednotliv\u00fdch program\u016f.<\/p>\n\n\n\n<hr class=\"wp-block-separator has-alpha-channel-opacity\"\/>\n\n\n\n<h2 class=\"wp-block-heading\" id=\"h-vedouci-katedry-business-a-it\"><strong>Vedouc\u00ed katedry Business a IT<\/strong><\/h2>\n\n\n<div>\n            <div class=\"person row align-items-start\">\n        <div class=\"col-sm-3\">\n        <div class=\"person__photo text-center\">\n            <a href=\"\/cs\/academic-staff\/recTTVT4shEpyoiGw\/stefano-cavagnetto\">\n                                    <img data-opt-id=356997181  fetchpriority=\"high\" decoding=\"async\"\n                        src=\"https:\/\/unyp-airtable.zvladneme.cz\/attachment\/academic-person\/recTTVT4shEpyoiGw\/attIgYwK9RwDLaTSc\/large.JPG\"\n                        width=\"512\"\n                        height=\"512\"\n                        alt=\"Stefano Cavagnetto\"\n                        loading=\"lazy\"\n                        class=\"img-fluid rounded-circle\"\n                    >\n                            <\/a>\n        <\/div>\n    <\/div>\n    <div class=\"col-sm-9 align-self-center\">\n        <div class=\"person__name mb-2\"><a href=\"\/cs\/academic-staff\/recTTVT4shEpyoiGw\/stefano-cavagnetto\" class=\"post-headline\">Stefano Cavagnetto<\/a><\/div>\n        <div class=\"person__position fw-bold mb-2\">Vedouc\u00ed katedry Business a IT<\/div>\n        <div class=\"person__degrees fst-italic mb-2\">Ph.D. Mathematics, Charles University, Prague, Czech Republic<br \/>\nPhDr. Philosophy, University of Eastern Piedmont \u201cAmedeo Avogadro\u201d, Vercelli, Italy <br \/>\n<\/div>\n        <div class=\"person__bio\">\n            <p>Dr. Stefano Cavagnetto\u00a0zast\u00e1val v pr\u016fb\u011bhu sv\u00e9 mezin\u00e1rodn\u00ed kari\u00e9ry \u0159adu vysok\u00fdch vedouc\u00edch pozic v akademick\u00e9 sf\u00e9\u0159e. Za sv\u00e9 dlouhodob\u00e9 a z\u00e1sadn\u00ed\u2026<\/p>\n            <a href=\"\/cs\/academic-staff\/recTTVT4shEpyoiGw\/stefano-cavagnetto\">Read&nbsp;more&nbsp;&raquo;<\/a>\n        <\/div>\n    <\/div>\n<\/div>\n    <\/div>\n\n\n\n\n<p>\u00dapln\u00fd seznam \u0161koln\u00edch lektor\u016f najdete <a href=\"https:\/\/www.unyp.cz\/cs\/pedagogicky-sbor\/\">zde<\/a>.<\/p>\n\n\n\n<p>Zde je p\u0159eklad druh\u00e9 \u010d\u00e1sti, op\u011bt naform\u00e1tovan\u00fd pro snadn\u00e9 vlo\u017een\u00ed do WordPressu (v\u010detn\u011b zachov\u00e1n\u00ed struktury nadpis\u016f a seznamu ot\u00e1zek).<\/p>\n\n\n\n<hr class=\"wp-block-separator has-alpha-channel-opacity\"\/>\n\n\n\n<h2 class=\"wp-block-heading\"><strong>Akreditace a akademick\u00e9 v\u00fdkaznictv\u00ed<\/strong><\/h2>\n\n\n\n<p>Informace o akreditaci, \u00fadaje o \u00fasp\u011b\u0161nosti student\u016f a povinn\u00e9 akademick\u00e9 informace pro Fakultu Business &amp; IT jsou k dispozici na na\u0161ich str\u00e1nk\u00e1ch <a href=\"https:\/\/www.unyp.cz\/cs\/akreditace\/\">Akreditace<\/a> a <a href=\"https:\/\/www.unyp.cz\/cs\/predpisy-a-smernice\/\">Akademick\u00e1 integrita<\/a>.<\/p>\n\n\n\n<hr class=\"wp-block-separator has-alpha-channel-opacity\"\/>\n\n\n\n<h2 class=\"wp-block-heading\"><strong>\u010casto kladen\u00e9 ot\u00e1zky<\/strong><\/h2>\n\n\n\n<h5 class=\"wp-block-heading\" id=\"h-v-cem-je-unyp-predni-obchodni-skolou\">V \u010dem je UNYP p\u0159edn\u00ed obchodn\u00ed \u0161kolou?<\/h5>\n\n\n\n<p>UNYP v Praze poskytuje obchodn\u00ed programy s americkou akreditac\u00ed v anglick\u00e9m jazyce, s mezin\u00e1rodn\u00edm profesorsk\u00fdm sborem a siln\u00fdm zam\u011b\u0159en\u00edm na kari\u00e9rn\u00ed p\u0159ipravenost. Propojen\u00ed obchodn\u00edch a IT discipl\u00edn p\u0159ipravuje studenty na modern\u00ed glob\u00e1ln\u00ed trhy.<\/p>\n\n\n\n<h5 class=\"wp-block-heading\" id=\"h-probiha-vyuka-v-anglictine\">Prob\u00edh\u00e1 v\u00fduka v angli\u010dtin\u011b?<\/h5>\n\n\n\n<p>Ano. V\u0161echny programy v r\u00e1mci katedry Business &amp; IT jsou vyu\u010dov\u00e1ny v\u00fdhradn\u011b v angli\u010dtin\u011b a jsou ur\u010deny jak pro mezin\u00e1rodn\u00ed, tak pro \u010desk\u00e9 studenty, kte\u0159\u00ed hledaj\u00ed glob\u00e1ln\u00ed vzd\u011bl\u00e1n\u00ed.<\/p>\n\n\n\n<h5 class=\"wp-block-heading\" id=\"h-jake-tituly-fakulta-business-amp-it-nabizi\">Jak\u00e9 tituly Fakulta Business &amp; IT nab\u00edz\u00ed?<\/h5>\n\n\n\n<p>Fakulta nab\u00edz\u00ed bakal\u00e1\u0159sk\u00e9 a magistersk\u00e9 tituly v oborech Business Administration (podnikov\u00e1 administrativa) a Informa\u010dn\u00ed technologie, v\u010detn\u011b program\u016f MBA a specializovan\u00fdch program\u016f MSc.<\/p>\n\n\n\n<h5 class=\"wp-block-heading\" id=\"h-je-fakulta-akreditovana\">Je fakulta akreditovan\u00e1?<\/h5>\n\n\n\n<p>UNYP se \u0159\u00edd\u00ed americk\u00fdmi standardy vysoko\u0161kolsk\u00e9ho vzd\u011bl\u00e1v\u00e1n\u00ed a nab\u00edz\u00ed akreditovan\u00e9 studijn\u00ed programy. Konkr\u00e9tn\u00ed akreditace jsou uvedeny na str\u00e1nk\u00e1ch jednotliv\u00fdch program\u016f.<\/p>\n\n\n\n<h5 class=\"wp-block-heading\" id=\"h-jake-karierni-cesty-absolventi-voli\">Jak\u00e9 kari\u00e9rn\u00ed cesty absolventi vol\u00ed?<\/h5>\n\n\n\n<p>Absolventi pracuj\u00ed v oblasti financ\u00ed, poradenstv\u00ed, marketingu, managementu, datov\u00e9 analytiky, technologi\u00ed a podnik\u00e1n\u00ed nap\u0159\u00ed\u010d Evropou i v mezin\u00e1rodn\u00edm m\u011b\u0159\u00edtku.<\/p>\n\n\n\n<h5 class=\"wp-block-heading\" id=\"h-nabizi-unyp-studium-mba-v-praze\">Nab\u00edz\u00ed UNYP studium MBA v Praze?<\/h5>\n\n\n\n<p>Ano. UNYP nab\u00edz\u00ed programy MBA ur\u010den\u00e9 pro profesion\u00e1ly v oboru, kte\u0159\u00ed hledaj\u00ed pokro\u010dil\u00e9 odborn\u00e9 znalosti v oblasti leadershipu a managementu v mezin\u00e1rodn\u00edm akademick\u00e9m prost\u0159ed\u00ed.<\/p>\n","protected":false},"excerpt":{"rendered":"<p>The School of Business &amp; IT na University of New York in Prague p\u0159ipravuje studenty na vedouc\u00ed pozice v mezin\u00e1rodn\u00edm obchod\u011b, financ\u00edch, technologi\u00edch a digit\u00e1ln\u00edch inovac\u00edch. \u0160kola kombinuje americk\u00e9 akademick\u00e9 standardy s evropsk\u00fdm obchodn\u00edm prost\u0159ed\u00edm a klade d\u016fraz na analytickou p\u0159\u00edsnost, praktick\u00e9 znalosti a glob\u00e1ln\u00ed perspektivu. O kated\u0159e Business &amp; IT (School of Business &amp; [&hellip;]<\/p>\n","protected":false},"author":1,"featured_media":0,"parent":0,"menu_order":0,"comment_status":"closed","ping_status":"closed","template":"","meta":{"_acf_changed":false,"inline_featured_image":false,"advgb_blocks_editor_width":"","advgb_blocks_columns_visual_guide":"","footnotes":""},"categories":[],"tags":[],"class_list":["post-21580","page","type-page","status-publish","hentry"],"acf":[],"mb":[],"coauthors":[],"author_meta":{"author_link":"https:\/\/www.unyp.cz\/cs\/author\/kucera-centario\/","display_name":"kucera.centario"},"relative_dates":{"created":"Posted 3 years ago","modified":"Updated 2 months ago"},"absolute_dates":{"created":"Posted on October 26, 2022","modified":"Updated on February 26, 2026"},"absolute_dates_time":{"created":"Posted on October 26, 2022 7:48 AM","modified":"Updated on February 26, 2026 11:08 AM"},"featured_img_caption":"","featured_img":false,"series_order":"","mfb_rest_fields":["title","coauthors","author_meta","relative_dates","absolute_dates","absolute_dates_time","featured_img_caption","featured_img","series_order"],"_links":{"self":[{"href":"https:\/\/www.unyp.cz\/cs\/wp-json\/wp\/v2\/pages\/21580","targetHints":{"allow":["GET"]}}],"collection":[{"href":"https:\/\/www.unyp.cz\/cs\/wp-json\/wp\/v2\/pages"}],"about":[{"href":"https:\/\/www.unyp.cz\/cs\/wp-json\/wp\/v2\/types\/page"}],"author":[{"embeddable":true,"href":"https:\/\/www.unyp.cz\/cs\/wp-json\/wp\/v2\/users\/1"}],"replies":[{"embeddable":true,"href":"https:\/\/www.unyp.cz\/cs\/wp-json\/wp\/v2\/comments?post=21580"}],"version-history":[{"count":34,"href":"https:\/\/www.unyp.cz\/cs\/wp-json\/wp\/v2\/pages\/21580\/revisions"}],"predecessor-version":[{"id":76543,"href":"https:\/\/www.unyp.cz\/cs\/wp-json\/wp\/v2\/pages\/21580\/revisions\/76543"}],"wp:attachment":[{"href":"https:\/\/www.unyp.cz\/cs\/wp-json\/wp\/v2\/media?parent=21580"}],"wp:term":[{"taxonomy":"category","embeddable":true,"href":"https:\/\/www.unyp.cz\/cs\/wp-json\/wp\/v2\/categories?post=21580"},{"taxonomy":"post_tag","embeddable":true,"href":"https:\/\/www.unyp.cz\/cs\/wp-json\/wp\/v2\/tags?post=21580"}],"curies":[{"name":"wp","href":"https:\/\/api.w.org\/{rel}","templated":true}]}}