{"id":26863,"date":"2023-03-15T14:48:51","date_gmt":"2023-03-15T13:48:51","guid":{"rendered":"https:\/\/www.unyp.cz\/?page_id=26863"},"modified":"2026-01-30T16:46:51","modified_gmt":"2026-01-30T15:46:51","slug":"skolne","status":"publish","type":"page","link":"https:\/\/www.unyp.cz\/cs\/skolne\/","title":{"rendered":"\u0160koln\u00e9 a&nbsp;poplatky"},"content":{"rendered":"\n<p>\u0160koln\u00e9 na UNYP se li\u0161\u00ed podle programu, ale \u010dasto m\u016f\u017ee b\u00fdt sn\u00ed\u017eeno d\u00edky stipendi\u00edm, odm\u011bn\u00e1m a slev\u00e1m za v\u010dasnou platbu.<\/p>\n\n\n\n<p>N\u00ed\u017ee je uveden p\u0159ehled na\u0161eho aktu\u00e1ln\u00edho \u0161koln\u00e9ho a poplatk\u016f podle program\u016f.<\/p>\n\n\n\n<p>Pro individu\u00e1ln\u00ed v\u00fdpo\u010det \u0161koln\u00e9ho a prozkoum\u00e1n\u00ed mo\u017enost\u00ed stipendi\u00ed kontaktujte p\u0159ij\u00edmac\u00ed t\u00fdm UNYP na adrese <a href=\"mailto:admissions@unyp.cz\" target=\"_blank\" rel=\"noreferrer noopener\">admissions@unyp.cz<\/a>.<\/p>\n\n\n\n<p>Dal\u0161\u00ed informace o stipendi\u00edch a slev\u00e1ch na \u0161koln\u00e9m najdete <a href=\"https:\/\/www.unyp.cz\/cs\/stipendia-a-financni-pomoc\/\">zde.<\/a><\/p>\n\n\n\n<figure class=\"wp-block-image size-large\"><img data-opt-id=1428705807  fetchpriority=\"high\" decoding=\"async\" width=\"1400\" height=\"933\" src=\"https:\/\/mlgfjgj9j0su.i.optimole.com\/w:1400\/h:933\/q:mauto\/f:best\/https:\/\/www.unyp.cz\/wp-content\/uploads\/2026\/01\/2g3a1836-1.jpeg\" alt=\"Z\u00e1jemkyn\u011b o studium hovo\u0159\u00ed s pracovnic\u00ed univerzity u p\u0159ep\u00e1\u017eky v administrativn\u00ed kancel\u00e1\u0159i o \u0161koln\u00e9m a poplatc\u00edch.\" class=\"wp-image-73497\" srcset=\"https:\/\/mlgfjgj9j0su.i.optimole.com\/w:1400\/h:933\/q:mauto\/f:best\/https:\/\/www.unyp.cz\/wp-content\/uploads\/2026\/01\/2g3a1836-1.jpeg 1400w, https:\/\/mlgfjgj9j0su.i.optimole.com\/w:300\/h:200\/q:mauto\/f:best\/https:\/\/www.unyp.cz\/wp-content\/uploads\/2026\/01\/2g3a1836-1.jpeg 300w, https:\/\/mlgfjgj9j0su.i.optimole.com\/w:150\/h:100\/q:mauto\/f:best\/https:\/\/www.unyp.cz\/wp-content\/uploads\/2026\/01\/2g3a1836-1.jpeg 150w, https:\/\/mlgfjgj9j0su.i.optimole.com\/w:768\/h:512\/q:mauto\/f:best\/https:\/\/www.unyp.cz\/wp-content\/uploads\/2026\/01\/2g3a1836-1.jpeg 768w, https:\/\/mlgfjgj9j0su.i.optimole.com\/w:1536\/h:1024\/q:mauto\/f:best\/https:\/\/www.unyp.cz\/wp-content\/uploads\/2026\/01\/2g3a1836-1.jpeg 1536w, https:\/\/mlgfjgj9j0su.i.optimole.com\/w:1920\/h:1279\/q:mauto\/f:best\/https:\/\/www.unyp.cz\/wp-content\/uploads\/2026\/01\/2g3a1836-1.jpeg 2048w\" sizes=\"(max-width: 1000px) 100vw, 1000px\" \/><\/figure>\n\n\n\n<div style=\"height:26px\" aria-hidden=\"true\" class=\"wp-block-spacer\"><\/div>\n\n\n\n<h3 class=\"wp-block-heading\" id=\"h-prehled-skolneho-a-poplatku-2026-2027\"><strong><strong>P\u0159ehled \u0161koln\u00e9ho a poplatk\u016f 2026-2027<\/strong><\/strong><\/h3>\n\n\n\n<div class=\"wp-block-getwid-accordion has-icon-left\" data-active-element=\"none\">\n<div class=\"wp-block-getwid-accordion__header-wrapper\"><span class=\"wp-block-getwid-accordion__header\"><a href=\"#\"><span class=\"wp-block-getwid-accordion__header-title\">Bakal\u00e1\u0159sk\u00e9 programy<\/span><span class=\"wp-block-getwid-accordion__icon is-active\"><i class=\"fas fa-plus\"><\/i><\/span><span class=\"wp-block-getwid-accordion__icon is-passive\"><i class=\"fas fa-minus\"><\/i><\/span><\/a><\/span><\/div><div class=\"wp-block-getwid-accordion__content-wrapper\"><div class=\"wp-block-getwid-accordion__content\">\n<p>\u0160koln\u00e9 a poplatky za bakal\u00e1\u0159sk\u00e9 studijn\u00ed programy na University of New York in Prague jsou jednotn\u00e9 nap\u0159\u00ed\u010d studijn\u00edmi obory a odv\u00edjej\u00ed se od typu studia a reziden\u010dn\u00edho statusu studenta. N\u00ed\u017ee uveden\u00fd p\u0159ehled rozli\u0161uje americk\u00e9 a evropsk\u00e9 bakal\u00e1\u0159sk\u00e9 programy a uv\u00e1d\u00ed platn\u00e9 ro\u010dn\u00ed \u0161koln\u00e9 pro ob\u010dany EU\/EFTA, osoby s trval\u00fdm pobytem v \u010cesk\u00e9 republice a zahrani\u010dn\u00ed studenty. V\u0161echny \u010d\u00e1stky jsou uvedeny v CZK, EUR a USD, aby student\u016fm i jejich rodin\u00e1m usnadnily porovn\u00e1n\u00ed a pochopen\u00ed n\u00e1klad\u016f.<\/p>\n\n\n\n<hr class=\"wp-block-separator has-alpha-channel-opacity\" \/>\n\n\n\n<h4 class=\"wp-block-heading\" id=\"h-americke-bakalarske-programy-rocni-skolne-a-poplatky\"><strong>Americk\u00e9 bakal\u00e1\u0159sk\u00e9 programy &#8211; RO\u010cN\u00cd<\/strong> <strong>\u0161koln\u00e9 a poplatky<\/strong><\/h4>\n\n\n\n<div style=\"height:20px\" aria-hidden=\"true\" class=\"wp-block-spacer\"><\/div>\n\n\n\n<ul class=\"wp-block-list\">\n<li>EU\/EFTA Nationals &amp; Czech Permanent Residents<\/li>\n<\/ul>\n\n\n\n<figure class=\"wp-block-table is-style-stripes\"><table class=\"has-fixed-layout\"><tbody><tr><td><em>in CZK<\/em><\/td><td><em>in EUR<\/em><\/td><td>i<em>n USD<\/em><\/td><\/tr><tr><td>258,500<\/td><td>10,692<\/td><td>12,310<\/td><\/tr><\/tbody><\/table><\/figure>\n\n\n\n<div style=\"height:20px\" aria-hidden=\"true\" class=\"wp-block-spacer\"><\/div>\n\n\n\n<ul class=\"wp-block-list\">\n<li>International Students (non-EU\/EFTA)<\/li>\n<\/ul>\n\n\n\n<figure class=\"wp-block-table is-style-stripes\"><table class=\"has-fixed-layout\"><tbody><tr><td><em>in CZK<\/em><\/td><td><em>in EUR<\/em><\/td><td>i<em>n USD<\/em><\/td><\/tr><tr><td>311,800<\/td><td>12,863<\/td><td>14,810<\/td><\/tr><\/tbody><\/table><\/figure>\n\n\n\n<div style=\"height:20px\" aria-hidden=\"true\" class=\"wp-block-spacer\"><\/div>\n\n\n\n<h4 class=\"wp-block-heading\" id=\"h-evropske-bakalarske-programy-rocni-skolne-a-poplatky\"><strong>Evropsk\u00e9 bakal\u00e1\u0159sk\u00e9 programy &#8211; <strong>RO\u010cN\u00cd<\/strong> \u0161koln\u00e9 a poplatky<\/strong><\/h4>\n\n\n\n<div style=\"height:20px\" aria-hidden=\"true\" class=\"wp-block-spacer\"><\/div>\n\n\n\n<ul class=\"wp-block-list\">\n<li>EU\/EFTA Nationals &amp; Czech Permanent Residents<\/li>\n<\/ul>\n\n\n\n<figure class=\"wp-block-table is-style-stripes\"><table class=\"has-fixed-layout\"><tbody><tr><td><em>in CZK<\/em><\/td><td><em>in EUR<\/em><\/td><td>i<em>n USD<\/em><\/td><\/tr><tr><td>258,500<\/td><td>10,692<\/td><td>12,310<\/td><\/tr><\/tbody><\/table><\/figure>\n\n\n\n<div style=\"height:20px\" aria-hidden=\"true\" class=\"wp-block-spacer\"><\/div>\n\n\n\n<ul class=\"wp-block-list\">\n<li>International Students (non-EU\/EFTA)<\/li>\n<\/ul>\n\n\n\n<figure class=\"wp-block-table is-style-stripes\"><table class=\"has-fixed-layout\"><tbody><tr><td><em>in CZK<\/em><\/td><td><em>in EUR<\/em><\/td><td>i<em>n USD<\/em><\/td><\/tr><tr><td>299,000<\/td><td>12,369<\/td><td>14,263<\/td><\/tr><\/tbody><\/table><\/figure>\n\n\n\n<div style=\"height:20px\" aria-hidden=\"true\" class=\"wp-block-spacer\"><\/div>\n\n\n\n<hr class=\"wp-block-separator has-alpha-channel-opacity is-style-default\" \/>\n\n\n\n<p class=\"has-medium-font-size\"><span style=\"text-decoration: underline\">Pozn\u00e1mky:<\/span><\/p>\n\n\n\n<p class=\"has-medium-font-size\">\u0160koln\u00e9 je stanoveno v \u010desk\u00fdch korun\u00e1ch, p\u0159i\u010dem\u017e \u010d\u00e1stky v eurech a americk\u00fdch dolarech jsou uvedeny jako odhady na z\u00e1klad\u011b sm\u011bnn\u00e9ho kurzu z listopadu 2025. Aktu\u00e1ln\u00ed sm\u011bnn\u00e9 kurzy si pros\u00edm ov\u011b\u0159te <a href=\"https:\/\/www.xe.com\/currencyconverter\/\">zde<\/a>.<\/p>\n\n\n\n<p>\u0160koln\u00e9 se vypo\u010d\u00edt\u00e1v\u00e1 na z\u00e1klad\u011b po\u010dtu p\u0159edm\u011bt\u016f\/kredit\u016f, kter\u00e9 studenti absolvuj\u00ed za semestr, a m\u016f\u017ee se li\u0161it.<\/p>\n\n\n\n<p class=\"has-medium-font-size\">\u00dapln\u00fd rozpis \u0161koln\u00e9ho a poplatk\u016f naleznete v n\u00ed\u017ee uveden\u00e9m pr\u016fvodci ke sta\u017een\u00ed.<\/p>\n\n\n\n<div class=\"wp-block-file\"><a id=\"wp-block-file--media-ff26be6e-20e3-4f19-941d-0c263e2edf92\" href=\"https:\/\/www.unyp.cz\/wp-content\/uploads\/2025\/11\/tuition-fees-overview-academic-year-2026-2027-2.pdf\">Tuition &amp; Fees Overview Academic Year 2026 \u2013 2027<\/a><a href=\"https:\/\/www.unyp.cz\/wp-content\/uploads\/2025\/11\/tuition-fees-overview-academic-year-2026-2027-2.pdf\" class=\"wp-block-file__button wp-element-button\" download aria-describedby=\"wp-block-file--media-ff26be6e-20e3-4f19-941d-0c263e2edf92\">Download<\/a><\/div>\n<\/div><\/div>\n\n\n\n<div class=\"wp-block-getwid-accordion__header-wrapper\"><span class=\"wp-block-getwid-accordion__header\"><a href=\"#\"><span class=\"wp-block-getwid-accordion__header-title\">Magistersk\u00e9 programy<\/span><span class=\"wp-block-getwid-accordion__icon is-active\"><i class=\"fas fa-plus\"><\/i><\/span><span class=\"wp-block-getwid-accordion__icon is-passive\"><i class=\"fas fa-minus\"><\/i><\/span><\/a><\/span><\/div><div class=\"wp-block-getwid-accordion__content-wrapper\"><div class=\"wp-block-getwid-accordion__content\">\n<p>\u0160koln\u00e9 za magistersk\u00e9 studijn\u00ed programy na University of New York in Prague je uvedeno jako celkov\u00e1 \u010d\u00e1stka za celou dobu studia, nikoli jako ro\u010dn\u00ed poplatek. N\u00ed\u017ee uveden\u00fd p\u0159ehled zobrazuje kompletn\u00ed \u0161koln\u00e9 pro jednotliv\u00e9 magistersk\u00e9 programy, p\u0159i\u010dem\u017e \u010d\u00e1stky jsou uvedeny v CZK a orienta\u010dn\u011b tak\u00e9 v EUR a USD. Tento zp\u016fsob prezentace umo\u017e\u0148uje student\u016fm i jejich rodin\u00e1m jasn\u011b porozum\u011bt celkov\u00e9 finan\u010dn\u00ed investici pot\u0159ebn\u00e9 k \u00fasp\u011b\u0161n\u00e9mu dokon\u010den\u00ed studia od zah\u00e1jen\u00ed a\u017e po absolvov\u00e1n\u00ed.<\/p>\n\n\n\n<hr class=\"wp-block-separator has-alpha-channel-opacity\" \/>\n\n\n\n<h4 class=\"wp-block-heading has-text-align-left\" id=\"h-naklady-na-skolne-za-celou-dobu-trvani-programu\">N\u00e1klady na \u0161koln\u00e9 za CELOU dobu trv\u00e1n\u00ed programu<\/h4>\n\n\n\n<div style=\"height:20px\" aria-hidden=\"true\" class=\"wp-block-spacer\"><\/div>\n\n\n\n<ul class=\"wp-block-list\">\n<li><strong>Master\u2019s in Psychology<\/strong><\/li>\n<\/ul>\n\n\n\n<figure class=\"wp-block-table is-style-stripes\"><table class=\"has-fixed-layout\"><tbody><tr><td><em>in CZK<\/em><\/td><td><em>in EUR<\/em><\/td><td>i<em>n USD<\/em><\/td><\/tr><tr><td>410,000<\/td><td>16,961<\/td><td>19,559<\/td><\/tr><\/tbody><\/table><\/figure>\n\n\n\n<div style=\"height:20px\" aria-hidden=\"true\" class=\"wp-block-spacer\"><\/div>\n\n\n\n<ul class=\"wp-block-list\">\n<li><strong>Master\u2019s in Business Administration (MBA)<\/strong><\/li>\n<\/ul>\n\n\n\n<figure class=\"wp-block-table is-style-stripes\"><table class=\"has-fixed-layout\"><tbody><tr><td><em>in CZK<\/em><\/td><td><em>in EUR<\/em><\/td><td><em>in USD<\/em><\/td><\/tr><tr><td>410,000<\/td><td>16,961<\/td><td>19,559<\/td><\/tr><\/tbody><\/table><\/figure>\n\n\n\n<div style=\"height:20px\" aria-hidden=\"true\" class=\"wp-block-spacer\"><\/div>\n\n\n\n<ul class=\"wp-block-list\">\n<li><strong>Master\u2019s in Digital Marketing and Analytics<\/strong><\/li>\n<\/ul>\n\n\n\n<figure class=\"wp-block-table is-style-stripes\"><table class=\"has-fixed-layout\"><tbody><tr><td><em>in CZK<\/em><\/td><td><em>in EUR<\/em><\/td><td><em>in USD<\/em><\/td><\/tr><tr><td>350,000<\/td><td>14,212<\/td><td>16,713<\/td><\/tr><\/tbody><\/table><\/figure>\n\n\n\n<p><\/p>\n\n\n\n<ul class=\"wp-block-list\">\n<li><strong>Master&#8217;s in Business Analytics<\/strong><\/li>\n<\/ul>\n\n\n\n<figure class=\"wp-block-table is-style-stripes\"><table class=\"has-fixed-layout\"><tbody><tr><td><em>in CZK<\/em><\/td><td><em>in EUR<\/em><\/td><td><em>in USD<\/em><\/td><\/tr><tr><td>350,000<\/td><td>14,478<\/td><td>16,697<\/td><\/tr><\/tbody><\/table><\/figure>\n\n\n\n<hr class=\"wp-block-separator has-alpha-channel-opacity\" \/>\n\n\n\n<p class=\"has-medium-font-size\"><span style=\"text-decoration: underline\">Pozn\u00e1mky:<\/span><\/p>\n\n\n\n<p class=\"has-medium-font-size\">\u0160koln\u00e9 je stanoveno v \u010desk\u00fdch korun\u00e1ch, p\u0159i\u010dem\u017e \u010d\u00e1stky v eurech a americk\u00fdch dolarech jsou uvedeny jako odhady na z\u00e1klad\u011b sm\u011bnn\u00e9ho kurzu z listopadu 2025.<\/p>\n\n\n\n<p>\u0160koln\u00e9 za magistersk\u00fd program pokr\u00fdv\u00e1 celou dobu trv\u00e1n\u00ed programu.<\/p>\n\n\n\n<p class=\"has-medium-font-size\">\u00dapln\u00fd rozpis \u0161koln\u00e9ho a poplatk\u016f naleznete n\u00ed\u017ee p\u0159\u00edmo v pr\u016fvodci podrobnostmi o \u0161koln\u00e9m.<\/p>\n\n\n\n<div class=\"wp-block-file\"><a id=\"wp-block-file--media-1480735c-8ea6-4126-b8cb-ff967718bba6\" href=\"https:\/\/www.unyp.cz\/wp-content\/uploads\/2025\/11\/tuition-fees-overview-academic-year-2026-2027-3.pdf\">Tuition &amp; Fees Overview Academic Year 2026 \u2013 2027<\/a><a href=\"https:\/\/www.unyp.cz\/wp-content\/uploads\/2025\/11\/tuition-fees-overview-academic-year-2026-2027-3.pdf\" class=\"wp-block-file__button wp-element-button\" download aria-describedby=\"wp-block-file--media-1480735c-8ea6-4126-b8cb-ff967718bba6\">Download<\/a><\/div>\n<\/div><\/div>\n\n\n\n<div class=\"wp-block-getwid-accordion__header-wrapper\"><span class=\"wp-block-getwid-accordion__header\"><a href=\"#\"><span class=\"wp-block-getwid-accordion__header-title\">Stipendia a slevy na \u0161koln\u00e9m<\/span><span class=\"wp-block-getwid-accordion__icon is-active\"><i class=\"fas fa-plus\"><\/i><\/span><span class=\"wp-block-getwid-accordion__icon is-passive\"><i class=\"fas fa-minus\"><\/i><\/span><\/a><\/span><\/div><div class=\"wp-block-getwid-accordion__content-wrapper\"><div class=\"wp-block-getwid-accordion__content\">\n<p>UNYP ka\u017edoro\u010dn\u011b nab\u00edz\u00ed student\u016fm stipendia a odm\u011bny v hodnot\u011b v\u00edce ne\u017e 10 milion\u016f K\u010d a flexibiln\u00ed platebn\u00ed pl\u00e1ny, d\u00edky nim\u017e je vysoko\u0161kolsk\u00e9 vzd\u011bl\u00e1n\u00ed v angli\u010dtin\u011b v Praze dostupn\u011bj\u0161\u00ed pro v\u0161echny.<\/p>\n\n\n\n<p>Pro individu\u00e1ln\u00ed v\u00fdpo\u010det \u0161koln\u00e9ho a prozkoum\u00e1n\u00ed mo\u017enost\u00ed stipendi\u00ed kontaktujte p\u0159ij\u00edmac\u00ed t\u00fdm UNYP na adrese <a href=\"mailto:admissions@unyp.cz\">admissions@unyp.cz<\/a>.<\/p>\n\n\n\n<p>Dal\u0161\u00ed informace o na\u0161ich stipendi\u00edch a slev\u00e1ch naleznete <a href=\"https:\/\/www.unyp.cz\/cs\/stipendia-a-financni-pomoc\/\">zde<\/a>.<\/p>\n<\/div><\/div>\n<\/div>\n\n\n\n<div style=\"height:20px\" aria-hidden=\"true\" class=\"wp-block-spacer\"><\/div>\n\n\n\n<h3 class=\"wp-block-heading\" id=\"h-\"><\/h3>\n\n\n\n<p><\/p>\n","protected":false},"excerpt":{"rendered":"<p>\u0160koln\u00e9 na UNYP se li\u0161\u00ed podle programu, ale \u010dasto m\u016f\u017ee b\u00fdt sn\u00ed\u017eeno d\u00edky stipendi\u00edm, odm\u011bn\u00e1m a slev\u00e1m za v\u010dasnou platbu. N\u00ed\u017ee je uveden p\u0159ehled na\u0161eho aktu\u00e1ln\u00edho \u0161koln\u00e9ho a poplatk\u016f podle program\u016f. Pro individu\u00e1ln\u00ed v\u00fdpo\u010det \u0161koln\u00e9ho a prozkoum\u00e1n\u00ed mo\u017enost\u00ed stipendi\u00ed kontaktujte p\u0159ij\u00edmac\u00ed t\u00fdm UNYP na adrese admissions@unyp.cz. Dal\u0161\u00ed informace o stipendi\u00edch a slev\u00e1ch na \u0161koln\u00e9m najdete [&hellip;]<\/p>\n","protected":false},"author":4,"featured_media":0,"parent":0,"menu_order":0,"comment_status":"closed","ping_status":"closed","template":"","meta":{"_acf_changed":false,"inline_featured_image":false,"advgb_blocks_editor_width":"","advgb_blocks_columns_visual_guide":"","footnotes":""},"categories":[],"tags":[],"class_list":["post-26863","page","type-page","status-publish","hentry"],"acf":[],"mb":[],"coauthors":[],"author_meta":{"author_link":"https:\/\/www.unyp.cz\/cs\/author\/dnovakunyp-cz\/","display_name":"David Nov\u00e1k"},"relative_dates":{"created":"Posted 3 years ago","modified":"Updated 2 months ago"},"absolute_dates":{"created":"Posted on March 15, 2023","modified":"Updated on January 30, 2026"},"absolute_dates_time":{"created":"Posted on March 15, 2023 2:48 PM","modified":"Updated on January 30, 2026 4:46 PM"},"featured_img_caption":"","featured_img":false,"series_order":"","mfb_rest_fields":["title","coauthors","author_meta","relative_dates","absolute_dates","absolute_dates_time","featured_img_caption","featured_img","series_order"],"_links":{"self":[{"href":"https:\/\/www.unyp.cz\/cs\/wp-json\/wp\/v2\/pages\/26863","targetHints":{"allow":["GET"]}}],"collection":[{"href":"https:\/\/www.unyp.cz\/cs\/wp-json\/wp\/v2\/pages"}],"about":[{"href":"https:\/\/www.unyp.cz\/cs\/wp-json\/wp\/v2\/types\/page"}],"author":[{"embeddable":true,"href":"https:\/\/www.unyp.cz\/cs\/wp-json\/wp\/v2\/users\/4"}],"replies":[{"embeddable":true,"href":"https:\/\/www.unyp.cz\/cs\/wp-json\/wp\/v2\/comments?post=26863"}],"version-history":[{"count":41,"href":"https:\/\/www.unyp.cz\/cs\/wp-json\/wp\/v2\/pages\/26863\/revisions"}],"predecessor-version":[{"id":78714,"href":"https:\/\/www.unyp.cz\/cs\/wp-json\/wp\/v2\/pages\/26863\/revisions\/78714"}],"wp:attachment":[{"href":"https:\/\/www.unyp.cz\/cs\/wp-json\/wp\/v2\/media?parent=26863"}],"wp:term":[{"taxonomy":"category","embeddable":true,"href":"https:\/\/www.unyp.cz\/cs\/wp-json\/wp\/v2\/categories?post=26863"},{"taxonomy":"post_tag","embeddable":true,"href":"https:\/\/www.unyp.cz\/cs\/wp-json\/wp\/v2\/tags?post=26863"}],"curies":[{"name":"wp","href":"https:\/\/api.w.org\/{rel}","templated":true}]}}