{"id":28374,"date":"2023-03-26T07:04:18","date_gmt":"2023-03-26T06:04:18","guid":{"rendered":"https:\/\/www.unyp.cz\/?page_id=28374"},"modified":"2024-11-05T16:42:30","modified_gmt":"2024-11-05T15:42:30","slug":"vyzkum-a-publikace","status":"publish","type":"page","link":"https:\/\/www.unyp.cz\/cs\/vyzkum-a-publikace\/","title":{"rendered":"V\u00fdzkum a&nbsp;publikace"},"content":{"rendered":"\n<figure class=\"wp-block-image size-full\"><img data-opt-id=180805921  fetchpriority=\"high\" decoding=\"async\" width=\"1152\" height=\"768\" src=\"https:\/\/mlgfjgj9j0su.i.optimole.com\/w:auto\/h:auto\/q:mauto\/f:best\/https:\/\/www.unyp.cz\/wp-content\/uploads\/2023\/03\/iStock-1047699430-Medium-3.jpg\" alt=\"\" class=\"wp-image-28650\" srcset=\"https:\/\/mlgfjgj9j0su.i.optimole.com\/w:1152\/h:768\/q:mauto\/f:best\/https:\/\/www.unyp.cz\/wp-content\/uploads\/2023\/03\/iStock-1047699430-Medium-3.jpg 1152w, https:\/\/mlgfjgj9j0su.i.optimole.com\/w:300\/h:200\/q:mauto\/f:best\/https:\/\/www.unyp.cz\/wp-content\/uploads\/2023\/03\/iStock-1047699430-Medium-3.jpg 300w, https:\/\/mlgfjgj9j0su.i.optimole.com\/w:150\/h:100\/q:mauto\/f:best\/https:\/\/www.unyp.cz\/wp-content\/uploads\/2023\/03\/iStock-1047699430-Medium-3.jpg 150w, https:\/\/mlgfjgj9j0su.i.optimole.com\/w:768\/h:512\/q:mauto\/f:best\/https:\/\/www.unyp.cz\/wp-content\/uploads\/2023\/03\/iStock-1047699430-Medium-3.jpg 768w\" sizes=\"(max-width: 1000px) 100vw, 1000px\" \/><\/figure>\n\n\n\n<p>Posledn\u00edch n\u011bkolik let bylo kl\u00ed\u010dov\u00fdch pro UNYP a jej\u00ed transformaci v instituci siln\u011b zam\u011b\u0159enou na v\u00fdzkumn\u00e9 aktivity a projekty. Zam\u011bstnanci v\u011bnuj\u00ed velk\u00e9mno\u017estv\u00ed sv\u00e9ho \u010dasu v\u00fdzkumu, v\u010detn\u011b publikov\u00e1n\u00ed a \u00fa\u010dasti na evropsk\u00fdch a mezin\u00e1rodn\u00edch projektech. UNYP se tak\u00e9 zapojuje do v\u00fdzkumn\u00e9 spolupr\u00e1ce s r\u016fzn\u00fdmi mezin\u00e1rodn\u00edmi partnery.&nbsp;<\/p>\n\n\n\n<h2 class=\"wp-block-heading\">Iveta Hlouchov\u00e1<\/h2>\n\n\n\n<p>Osobou zodpov\u011bdnou za veden\u00ed institucion\u00e1ln\u00edho v\u00fdzkumu UNYP a za rozvoj a spr\u00e1vu st\u00e1vaj\u00edc\u00edho v\u00fdzkumn\u00e9ho portfolia UNYP je na\u0161e<strong> vedouc\u00ed v\u00fdzkumu, Dr. Iveta Hlouchov\u00e1<\/strong>. Koordinuje v\u00fdzkumn\u00e9 aktivity a projekty se v\u00fdzkumn\u00fdmi vedouc\u00edmi na jednotliv\u00fdch \u0161kol\u00e1ch UNYPu, \u0159\u00edd\u00ed vztahy mezi UNYPem a financuj\u00edc\u00edmi institucemi\/agenturami a udr\u017euje vztahy s v\u00fdzkumn\u00fdmi partnery a potenci\u00e1ln\u00edmi spolupracovn\u00edky a podporovateli financov\u00e1n\u00ed. Dr. Hlouchov\u00e1 dohl\u00ed\u017e\u00ed na datab\u00e1zi v\u00fdzkumn\u00fdch v\u00fdstup\u016f UNYPu, stejn\u011b jako na relevantn\u00ed zadan\u00ed do RIV, schvaluje jednotliv\u00e9 \u017e\u00e1dosti o odm\u011bnu za v\u00fdzkumnou \u010dinnosti a podporu v\u00fdzkumu a podle pot\u0159eby koordinuje s Ministerstvem \u0161kolstv\u00ed \u010cR. Mana\u017eerka v\u00fdzkumu UNYPu tak\u00e9 koordinuje \u010dinnost souvisej\u00edc\u00ed s v\u00fdzkumn\u00fdmi p\u0159\u00edle\u017eitostmi v \u010cesk\u00e9 republice a v m\u00edstn\u00edm regionu, kter\u00e9 jsou relevantn\u00ed pro ka\u017edou \u0161kolu UNYPu a organizuje na UNYPu v\u00fdzkumn\u00e9 akce a konference.&nbsp;&nbsp;&nbsp;<\/p>\n\n\n\n<p><strong>Kontakt:<\/strong> <a href=\"mailto:ihlouchova@unyp.cz\" target=\"_blank\" rel=\"noreferrer noopener\">ihlouchova@unyp.cz<\/a>&nbsp;&nbsp;&nbsp;&nbsp;<\/p>\n\n\n\n<h2 class=\"wp-block-heading\">UNYP Research Vision 2024-2029<\/h2>\n\n\n\n<p>University of New York in Prague (UNYP) p\u0159edstavuje svou v\u00fdzkumnou vizi na p\u0159\u00ed\u0161t\u00edch 5 let, zam\u011b\u0159enou na podporu interdisciplin\u00e1rn\u00edho v\u00fdzkumu, region\u00e1ln\u00ed anga\u017eovanosti a spole\u010densk\u00e9ho dopadu. Tato vize zd\u016fraz\u0148uje mezin\u00e1rodn\u00ed spolupr\u00e1ci a v\u00fdzkum s jasn\u00fdm \u00fa\u010delem, kter\u00fd m\u00e1 \u0159e\u0161it v\u00fdzvy re\u00e1ln\u00e9ho sv\u011bta. Tato vize slou\u017e\u00ed jako stru\u010dn\u00fd a dynamick\u00fd pr\u016fvodce, posouvaj\u00edc\u00ed UNYP sm\u011brem k budoucnosti, kde se v\u00fdzkum a vzd\u011bl\u00e1v\u00e1n\u00ed spojuj\u00ed pro pozitivn\u00ed dopad.<\/p>\n\n\n\n<p>Cel\u00fd text V\u00fdzkumn\u00e9 vize UNYP 2024-2029 lze naj\u00edt zde: [Odkaz na text]<\/p>\n\n\n\n<div data-wp-interactive=\"core\/file\" class=\"wp-block-file\"><object data-wp-bind--hidden=\"!state.hasPdfPreview\" hidden class=\"wp-block-file__embed\" data=\"https:\/\/www.unyp.cz\/wp-content\/uploads\/2024\/02\/UNYP-RESEARCH-VISION-2023-2028-1-1.pdf\" type=\"application\/pdf\" style=\"width:100%;height:600px\" aria-label=\"Embed of UNYP-RESEARCH-VISION-2023-2028-1-1.\"><\/object><a id=\"wp-block-file--media-35d3f492-95cb-40a3-82c4-fd2cb237ffa7\" href=\"https:\/\/www.unyp.cz\/wp-content\/uploads\/2024\/02\/UNYP-RESEARCH-VISION-2023-2028-1-1.pdf\">UNYP-RESEARCH-VISION-2023-2028-1-1<\/a><a href=\"https:\/\/www.unyp.cz\/wp-content\/uploads\/2024\/02\/UNYP-RESEARCH-VISION-2023-2028-1-1.pdf\" class=\"wp-block-file__button wp-element-button\" download aria-describedby=\"wp-block-file--media-35d3f492-95cb-40a3-82c4-fd2cb237ffa7\">Download<\/a><\/div>\n\n\n\n<h2 class=\"wp-block-heading\">V\u00fdzkumn\u00e1 centra<\/h2>\n\n\n\n<p>Pro vytv\u00e1\u0159en\u00ed a podporu prost\u0159ed\u00ed, ve kter\u00e9m se m\u016f\u017ee vykon\u00e1vat a vzkv\u00e9tat vysoce kvalitn\u00ed v\u00fdzkum, UNYP provozuje \u010dty\u0159i v\u00fdzkumn\u00e1 centra. Ta dopl\u0148uj\u00ed v\u00fdzkumnou a v\u00fdukovou \u010dinnost jednotliv\u00fdch \u0161kol UNYP. Inovativn\u00ed interdisciplin\u00e1rn\u00ed v\u00fdzkum spolu se z\u00e1kladn\u00edmi pil\u00ed\u0159i kriticko \u2013 analytick\u00e9ho my\u0161len\u00ed a reflexe a hodnoty demokracie a otev\u0159en\u00e9 spole\u010dnosti zde jsou kultivov\u00e1ny a podporov\u00e1ny. V\u00fdzkumn\u00e1 centra UNYP tak\u00e9 pom\u00e1haj\u00ed zvy\u0161ovat mezin\u00e1rodn\u00ed profil a viditelnost \u0161koly budov\u00e1n\u00edm konstruktivn\u00edch a dlouhodob\u00fdch partnerstv\u00ed s region\u00e1ln\u00edmi a mezin\u00e1rodn\u00edmi partnery.<\/p>\n\n\n\n<ul class=\"wp-block-list\">\n<li><a data-type=\"page\" data-id=\"31193\" href=\"https:\/\/www.unyp.cz\/cs\/vyzkum-a-publikace\/school-of-business-research-center\/\">School of Business and IT Research Center<\/a><\/li>\n\n\n\n<li><a href=\"https:\/\/www.unyp.cz\/cs\/vyzkum-a-publikace\/school-of-psychology-research-center\/\" data-type=\"page\" data-id=\"31199\">School of Psychology Research Center<\/a><\/li>\n\n\n\n<li><a data-type=\"page\" data-id=\"31209\" href=\"https:\/\/www.unyp.cz\/cs\/vyzkum-a-publikace\/school-of-international-relations-research-center\/\">International Relations Research Center<\/a><\/li>\n\n\n\n<li><a data-type=\"page\" data-id=\"31205\" href=\"https:\/\/www.unyp.cz\/cs\/vyzkum-a-publikace\/school-of-communication-and-media-research-center\/\">Centre for the Study of&nbsp;Media and Communication (CSMC)<\/a><\/li>\n<\/ul>\n\n\n\n<p>Pro v\u00edce informac\u00ed:<\/p>\n\n\n\n<ul class=\"wp-block-list\">\n<li><a href=\"https:\/\/www.unyp.cz\/cs\/repozitar-publikaci\" data-type=\"URL\" data-id=\"https:\/\/www.unyp.cz\/cs\/repozitar-publikaci\"><strong>Repozit\u00e1\u0159 publikac\u00ed<\/strong><\/a><\/li>\n\n\n\n<li><strong><a href=\"https:\/\/www.unyp.cz\/cs\/vyzkumna-centra\" data-type=\"URL\" data-id=\"https:\/\/www.unyp.cz\/cs\/vyzkumna-centra\">V\u00fdzkumn\u00e1 centra<\/a>&nbsp;<\/strong><\/li>\n\n\n\n<li><a href=\"https:\/\/www.unyp.cz\/cs\/vyzkumne-zdroje-a-zarizeni\" data-type=\"URL\" data-id=\"https:\/\/www.unyp.cz\/cs\/vyzkumne-zdroje-a-zarizeni\"><strong>V\u00fdzkumn\u00e9 zdroje a za\u0159\u00edzen\u00ed<\/strong><\/a><\/li>\n<\/ul>\n","protected":false},"excerpt":{"rendered":"<p>Posledn\u00edch n\u011bkolik let bylo kl\u00ed\u010dov\u00fdch pro UNYP a jej\u00ed transformaci v instituci siln\u011b zam\u011b\u0159enou na v\u00fdzkumn\u00e9 aktivity a projekty. Zam\u011bstnanci v\u011bnuj\u00ed velk\u00e9mno\u017estv\u00ed sv\u00e9ho \u010dasu v\u00fdzkumu, v\u010detn\u011b publikov\u00e1n\u00ed a \u00fa\u010dasti na evropsk\u00fdch a mezin\u00e1rodn\u00edch projektech. UNYP se tak\u00e9 zapojuje do v\u00fdzkumn\u00e9 spolupr\u00e1ce s r\u016fzn\u00fdmi mezin\u00e1rodn\u00edmi partnery.&nbsp; Iveta Hlouchov\u00e1 Osobou zodpov\u011bdnou za veden\u00ed institucion\u00e1ln\u00edho v\u00fdzkumu UNYP a [&hellip;]<\/p>\n","protected":false},"author":1,"featured_media":0,"parent":0,"menu_order":0,"comment_status":"closed","ping_status":"closed","template":"","meta":{"_acf_changed":false,"inline_featured_image":false,"advgb_blocks_editor_width":"","advgb_blocks_columns_visual_guide":"","footnotes":""},"categories":[],"tags":[],"class_list":["post-28374","page","type-page","status-publish","hentry"],"acf":[],"mb":[],"coauthors":[],"author_meta":{"author_link":"https:\/\/www.unyp.cz\/cs\/author\/kucera-centario\/","display_name":"kucera.centario"},"relative_dates":{"created":"Posted 3 years ago","modified":"Updated 1 year ago"},"absolute_dates":{"created":"Posted on March 26, 2023","modified":"Updated on November 5, 2024"},"absolute_dates_time":{"created":"Posted on March 26, 2023 7:04 AM","modified":"Updated on November 5, 2024 4:42 PM"},"featured_img_caption":"","featured_img":false,"series_order":"","mfb_rest_fields":["title","coauthors","author_meta","relative_dates","absolute_dates","absolute_dates_time","featured_img_caption","featured_img","series_order"],"_links":{"self":[{"href":"https:\/\/www.unyp.cz\/cs\/wp-json\/wp\/v2\/pages\/28374","targetHints":{"allow":["GET"]}}],"collection":[{"href":"https:\/\/www.unyp.cz\/cs\/wp-json\/wp\/v2\/pages"}],"about":[{"href":"https:\/\/www.unyp.cz\/cs\/wp-json\/wp\/v2\/types\/page"}],"author":[{"embeddable":true,"href":"https:\/\/www.unyp.cz\/cs\/wp-json\/wp\/v2\/users\/1"}],"replies":[{"embeddable":true,"href":"https:\/\/www.unyp.cz\/cs\/wp-json\/wp\/v2\/comments?post=28374"}],"version-history":[{"count":18,"href":"https:\/\/www.unyp.cz\/cs\/wp-json\/wp\/v2\/pages\/28374\/revisions"}],"predecessor-version":[{"id":53006,"href":"https:\/\/www.unyp.cz\/cs\/wp-json\/wp\/v2\/pages\/28374\/revisions\/53006"}],"wp:attachment":[{"href":"https:\/\/www.unyp.cz\/cs\/wp-json\/wp\/v2\/media?parent=28374"}],"wp:term":[{"taxonomy":"category","embeddable":true,"href":"https:\/\/www.unyp.cz\/cs\/wp-json\/wp\/v2\/categories?post=28374"},{"taxonomy":"post_tag","embeddable":true,"href":"https:\/\/www.unyp.cz\/cs\/wp-json\/wp\/v2\/tags?post=28374"}],"curies":[{"name":"wp","href":"https:\/\/api.w.org\/{rel}","templated":true}]}}