{"id":28402,"date":"2023-03-26T07:02:26","date_gmt":"2023-03-26T06:02:26","guid":{"rendered":"https:\/\/www.unyp.cz\/?page_id=28402"},"modified":"2023-03-28T20:44:33","modified_gmt":"2023-03-28T20:44:33","slug":"repozitar-publikaci","status":"publish","type":"page","link":"https:\/\/www.unyp.cz\/cs\/repozitar-publikaci\/","title":{"rendered":"Repozit\u00e1\u0159 publikac\u00ed"},"content":{"rendered":"\n<figure class=\"wp-block-image size-full\"><img data-opt-id=1861592259  fetchpriority=\"high\" decoding=\"async\" width=\"1152\" height=\"768\" src=\"https:\/\/mlgfjgj9j0su.i.optimole.com\/w:auto\/h:auto\/q:mauto\/f:best\/https:\/\/www.unyp.cz\/wp-content\/uploads\/2023\/03\/iStock-951746182-Medium-1.jpg\" alt=\"\" class=\"wp-image-28660\" srcset=\"https:\/\/mlgfjgj9j0su.i.optimole.com\/w:1152\/h:768\/q:mauto\/f:best\/https:\/\/www.unyp.cz\/wp-content\/uploads\/2023\/03\/iStock-951746182-Medium-1.jpg 1152w, https:\/\/mlgfjgj9j0su.i.optimole.com\/w:300\/h:200\/q:mauto\/f:best\/https:\/\/www.unyp.cz\/wp-content\/uploads\/2023\/03\/iStock-951746182-Medium-1.jpg 300w, https:\/\/mlgfjgj9j0su.i.optimole.com\/w:150\/h:100\/q:mauto\/f:best\/https:\/\/www.unyp.cz\/wp-content\/uploads\/2023\/03\/iStock-951746182-Medium-1.jpg 150w, https:\/\/mlgfjgj9j0su.i.optimole.com\/w:768\/h:512\/q:mauto\/f:best\/https:\/\/www.unyp.cz\/wp-content\/uploads\/2023\/03\/iStock-951746182-Medium-1.jpg 768w\" sizes=\"(max-width: 1000px) 100vw, 1000px\" \/><\/figure>\n\n\n\n<p>Repozit\u00e1\u0159 publikac\u00ed UNYP umo\u017e\u0148uje p\u0159\u00edstup ke v\u0161em v\u00fdsledk\u016fm \u010dinnosti v\u00fdzkumn\u00fdch center UNYP (BRC, CMRC, PRC, IRRC), jako jsou monografie, recenzovan\u00e9 \u010dl\u00e1nky a dal\u0161\u00ed v\u011bdeck\u00e9 v\u00fdstupy. Obsah se postupn\u011b rozr\u016fst\u00e1 s t\u00edm, jak jsou nov\u00e9 publikace zav\u00e1d\u011bny do repozit\u00e1\u0159e.&nbsp;<\/p>\n\n\n\n<p class=\"has-large-font-size\"><strong>Seznam publikac\u00ed:<\/strong><\/p>\n\n\n\n<iframe class=\"airtable-embed\" src=\"https:\/\/airtable.com\/embed\/shre0ABCioaf6suSe?backgroundColor=yellow&amp;viewControls=on\" frameborder=\"0\" onmousewheel=\"\" width=\"100%\" height=\"533\" style=\"background: transparent; border: 1px solid #ccc;\"><\/iframe>\n","protected":false},"excerpt":{"rendered":"<p>Repozit\u00e1\u0159 publikac\u00ed UNYP umo\u017e\u0148uje p\u0159\u00edstup ke v\u0161em v\u00fdsledk\u016fm \u010dinnosti v\u00fdzkumn\u00fdch center UNYP (BRC, CMRC, PRC, IRRC), jako jsou monografie, recenzovan\u00e9 \u010dl\u00e1nky a dal\u0161\u00ed v\u011bdeck\u00e9 v\u00fdstupy. Obsah se postupn\u011b rozr\u016fst\u00e1 s t\u00edm, jak jsou nov\u00e9 publikace zav\u00e1d\u011bny do repozit\u00e1\u0159e.&nbsp; Seznam publikac\u00ed:<\/p>\n","protected":false},"author":1,"featured_media":0,"parent":0,"menu_order":0,"comment_status":"closed","ping_status":"closed","template":"","meta":{"_acf_changed":false,"inline_featured_image":false,"advgb_blocks_editor_width":"","advgb_blocks_columns_visual_guide":"","footnotes":""},"categories":[],"tags":[],"class_list":["post-28402","page","type-page","status-publish","hentry"],"acf":[],"mb":[],"coauthors":[],"author_meta":{"author_link":"https:\/\/www.unyp.cz\/cs\/author\/kucera-centario\/","display_name":"kucera.centario"},"relative_dates":{"created":"Posted 3 years ago","modified":"Updated 3 years ago"},"absolute_dates":{"created":"Posted on March 26, 2023","modified":"Updated on March 28, 2023"},"absolute_dates_time":{"created":"Posted on March 26, 2023 7:02 AM","modified":"Updated on March 28, 2023 8:44 PM"},"featured_img_caption":"","featured_img":false,"series_order":"","mfb_rest_fields":["title","coauthors","author_meta","relative_dates","absolute_dates","absolute_dates_time","featured_img_caption","featured_img","series_order"],"_links":{"self":[{"href":"https:\/\/www.unyp.cz\/cs\/wp-json\/wp\/v2\/pages\/28402","targetHints":{"allow":["GET"]}}],"collection":[{"href":"https:\/\/www.unyp.cz\/cs\/wp-json\/wp\/v2\/pages"}],"about":[{"href":"https:\/\/www.unyp.cz\/cs\/wp-json\/wp\/v2\/types\/page"}],"author":[{"embeddable":true,"href":"https:\/\/www.unyp.cz\/cs\/wp-json\/wp\/v2\/users\/1"}],"replies":[{"embeddable":true,"href":"https:\/\/www.unyp.cz\/cs\/wp-json\/wp\/v2\/comments?post=28402"}],"version-history":[{"count":8,"href":"https:\/\/www.unyp.cz\/cs\/wp-json\/wp\/v2\/pages\/28402\/revisions"}],"predecessor-version":[{"id":28843,"href":"https:\/\/www.unyp.cz\/cs\/wp-json\/wp\/v2\/pages\/28402\/revisions\/28843"}],"wp:attachment":[{"href":"https:\/\/www.unyp.cz\/cs\/wp-json\/wp\/v2\/media?parent=28402"}],"wp:term":[{"taxonomy":"category","embeddable":true,"href":"https:\/\/www.unyp.cz\/cs\/wp-json\/wp\/v2\/categories?post=28402"},{"taxonomy":"post_tag","embeddable":true,"href":"https:\/\/www.unyp.cz\/cs\/wp-json\/wp\/v2\/tags?post=28402"}],"curies":[{"name":"wp","href":"https:\/\/api.w.org\/{rel}","templated":true}]}}