{"id":28438,"date":"2023-03-26T07:04:03","date_gmt":"2023-03-26T06:04:03","guid":{"rendered":"https:\/\/www.unyp.cz\/?page_id=28438"},"modified":"2023-04-25T15:45:30","modified_gmt":"2023-04-25T15:45:30","slug":"vyzkumne-zdroje-a-zarizeni","status":"publish","type":"page","link":"https:\/\/www.unyp.cz\/cs\/vyzkumne-zdroje-a-zarizeni\/","title":{"rendered":"V\u00fdzkumn\u00e9 zdroje a&nbsp;za\u0159\u00edzen\u00ed"},"content":{"rendered":"\n<figure class=\"wp-block-image size-full\"><img data-opt-id=1740403493  fetchpriority=\"high\" decoding=\"async\" width=\"1366\" height=\"720\" src=\"https:\/\/mlgfjgj9j0su.i.optimole.com\/w:auto\/h:auto\/q:mauto\/f:best\/https:\/\/www.unyp.cz\/wp-content\/uploads\/2023\/03\/iStock-1401178943-Medium-1.jpg\" alt=\"\" class=\"wp-image-28680\" srcset=\"https:\/\/mlgfjgj9j0su.i.optimole.com\/w:1366\/h:720\/q:mauto\/f:best\/https:\/\/www.unyp.cz\/wp-content\/uploads\/2023\/03\/iStock-1401178943-Medium-1.jpg 1366w, https:\/\/mlgfjgj9j0su.i.optimole.com\/w:300\/h:158\/q:mauto\/f:best\/https:\/\/www.unyp.cz\/wp-content\/uploads\/2023\/03\/iStock-1401178943-Medium-1.jpg 300w, https:\/\/mlgfjgj9j0su.i.optimole.com\/w:150\/h:79\/q:mauto\/f:best\/https:\/\/www.unyp.cz\/wp-content\/uploads\/2023\/03\/iStock-1401178943-Medium-1.jpg 150w, https:\/\/mlgfjgj9j0su.i.optimole.com\/w:768\/h:405\/q:mauto\/f:best\/https:\/\/www.unyp.cz\/wp-content\/uploads\/2023\/03\/iStock-1401178943-Medium-1.jpg 768w\" sizes=\"(max-width: 1000px) 100vw, 1000px\" \/><\/figure>\n\n\n\n<p>UNYP poskytuje p\u0159\u00edstup k r\u016fzn\u00fdm online i offline zdroj\u016fm na podporu v\u00fdzkumn\u00fdch aktivit sv\u00fdch zam\u011bstnanc\u016f i student\u016f.&nbsp;<\/p>\n\n\n\n<h2 class=\"wp-block-heading advgb-dyn-93e59ab7\">Online zdroje<\/h2>\n\n\n\n<ul class=\"wp-block-list\">\n<li>UNYP nab\u00edz\u00ed \u0161irokou \u0161k\u00e1lu online zdroj\u016f, p\u0159i\u010dem\u017e je prvn\u00ed vysokou \u0161kolou v \u010cesk\u00e9 republice, kter\u00e1 sv\u00fdm student\u016fm zprost\u0159edkovala p\u0159\u00edstup k platform\u011b <a href=\"https:\/\/www.perlego.com\/\" target=\"_blank\" rel=\"noreferrer noopener\">Perlego<\/a>.&nbsp;<\/li>\n\n\n\n<li>Digit\u00e1ln\u00ed knihovna Perlego obsahuje v\u00edce ne\u017e 400 tis\u00edc odborn\u00fdch titul\u016f a u\u010debnic v anglick\u00e9m jazyce. Studenti UNYPu maj\u00ed d\u00e1le p\u0159\u00edstup k datab\u00e1zi Statista. Dostupn\u00e1 je d\u00edky na\u0161\u00ed partnersk\u00e9 univerzit\u011b The State University of New York, Empire State University i online datab\u00e1ze ESU, d\u00edky kter\u00e9 maj\u00ed studenti p\u0159\u00edstup ke zhruba 60 tis\u00edc\u016fm digit\u00e1ln\u00edch knih a des\u00edtk\u00e1m tis\u00edc elektronick\u00fdch odborn\u00fdch \u010dl\u00e1nk\u016f.&nbsp;<\/li>\n\n\n\n<li>V sou\u010dasn\u00e9 dob\u011b nav\u00edc nab\u00edz\u00edm jeden voln\u00fd kurz na platform\u011b Coursera v\u0161em na\u0161m student\u016fm a absolvent\u016fm!&nbsp;&nbsp;<\/li>\n<\/ul>\n\n\n\n<p><a rel=\"noreferrer noopener\" href=\"https:\/\/www.perlego.com\/\" target=\"_blank\"><strong>Perlego<\/strong><\/a> (dostupn\u00e9 skrz e-learning i z domova)\u00a0<br><a rel=\"noreferrer noopener\" href=\"https:\/\/www.statista.com\/\" target=\"_blank\"><strong>Statista<\/strong><\/a> (dostupn\u00e9 skrz e-learning i z domova)\u00a0<br><a href=\"https:\/\/www.esc.edu\/library\/?_ga=2.38173667.1770475914.1673356277-1455075421.1663855153\" target=\"_blank\" rel=\"noreferrer noopener\"><strong>SUNY Empire Online Library<\/strong><\/a> (dostupn\u00e9 pouze z knihovny \u2013 vy\u017eaduje asistenci knihovn\u00edka k p\u0159ihl\u00e1\u0161en\u00ed)\u00a0\u00a0<br><a rel=\"noreferrer noopener\" href=\"https:\/\/www.coursera.org\/\" target=\"_blank\"><strong>Coursera<\/strong><\/a> (na dotaz, dostupn\u00e9 z domova)\u00a0<\/p>\n\n\n\n<h2 class=\"wp-block-heading advgb-dyn-c31081cb\">Offline zdroje<\/h2>\n\n\n\n<ul class=\"wp-block-list\">\n<li>Knihovna University of New York in Prague je um\u00edst\u011bna p\u0159\u00edmo naproti hlavn\u00ed budov\u011b UNYPu v ulici Lond\u00fdnsk\u00e1 32. K zap\u016fj\u010den\u00ed nab\u00edz\u00ed p\u0159es 13 tis\u00edc knih, v\u010detn\u011b odborn\u00fdch publikac\u00ed, \u010dasopis\u016f a r\u016fznorod\u00fdch audio-vizu\u00e1ln\u00edch materi\u00e1l\u016f. Knihovna UNYPu je jednou z nejv\u011bt\u0161\u00edch sb\u00edrek anglicko-jazy\u010dn\u00fdch publikac\u00ed v Praze.&nbsp;<\/li>\n\n\n\n<li>K dispozici jsou nejen u\u010debnice a odborn\u00e9 texty, ale i st\u00e1le se roz\u0161i\u0159uj\u00edc\u00ed nab\u00eddka kr\u00e1sn\u00e9 literatury a biografi\u00ed, kter\u00e9 si mohou studenti kdykoli zap\u016fj\u010dit.&nbsp;<\/li>\n\n\n\n<li>Krom\u011b knih a digit\u00e1ln\u00edch zdroj\u016f nab\u00edz\u00ed knihovna tak\u00e9 22 voln\u011b dostupn\u00fdch PC, fotokop\u00edrovac\u00ed stanice, dv\u011b projektov\u00e9 zasedac\u00ed m\u00edstnosti vybaven\u00e9 nejnov\u011bj\u0161\u00edmi technologiemi a velkou spole\u010dnou studovnu.&nbsp;<\/li>\n\n\n\n<li>Knihovna UNYPu je skv\u011bl\u00fdm m\u00edstem pro studium a pr\u00e1ci na samostatn\u00fdch i skupinov\u00fdch \u0161koln\u00edch projektech!&nbsp;<\/li>\n\n\n\n<li>Knihovna UNYPu pravid\u011bln\u011b odeb\u00edr\u00e1 mnoho \u010desk\u00fdch i mezin\u00e1rodn\u00edch publikac\u00ed, kter\u00e9 studenti mohou vyu\u017e\u00edt k odpo\u010dinku, roz\u0161\u00ed\u0159en\u00ed obzor\u016f nebo jako zdroj informac\u00ed pro sv\u00e9 v\u00fdzkumy a \u0161koln\u00ed projekty. Mezi pravideln\u011b odeb\u00edran\u00e1 m\u00e9dia pat\u0159\u00ed: Marketing and Media, The Economist, Psychologie Dnes, The Week, Aspen Review, Taiwan Review.&nbsp;<\/li>\n<\/ul>\n\n\n\n<p>Pro v\u00edce informac\u00ed:<br><a href=\"https:\/\/www.unyp.cz\/cs\/vyzkumna-centra\" data-type=\"URL\" data-id=\"https:\/\/www.unyp.cz\/cs\/vyzkumna-centra\"><strong>V\u00fdzkumn\u00e1 centra<\/strong><\/a><\/p>\n","protected":false},"excerpt":{"rendered":"<p>UNYP poskytuje p\u0159\u00edstup k r\u016fzn\u00fdm online i offline zdroj\u016fm na podporu v\u00fdzkumn\u00fdch aktivit sv\u00fdch zam\u011bstnanc\u016f i student\u016f.&nbsp; Online zdroje Perlego (dostupn\u00e9 skrz e-learning i z domova)\u00a0Statista (dostupn\u00e9 skrz e-learning i z domova)\u00a0SUNY Empire Online Library (dostupn\u00e9 pouze z knihovny \u2013 vy\u017eaduje asistenci knihovn\u00edka k p\u0159ihl\u00e1\u0161en\u00ed)\u00a0\u00a0Coursera (na dotaz, dostupn\u00e9 z domova)\u00a0 Offline zdroje Pro v\u00edce informac\u00ed:V\u00fdzkumn\u00e1 [&hellip;]<\/p>\n","protected":false},"author":1,"featured_media":0,"parent":0,"menu_order":0,"comment_status":"closed","ping_status":"closed","template":"","meta":{"_acf_changed":false,"inline_featured_image":false,"advgb_blocks_editor_width":"","advgb_blocks_columns_visual_guide":"","footnotes":""},"categories":[],"tags":[],"class_list":["post-28438","page","type-page","status-publish","hentry"],"acf":[],"mb":[],"coauthors":[],"author_meta":{"author_link":"https:\/\/www.unyp.cz\/cs\/author\/kucera-centario\/","display_name":"kucera.centario"},"relative_dates":{"created":"Posted 3 years ago","modified":"Updated 3 years ago"},"absolute_dates":{"created":"Posted on March 26, 2023","modified":"Updated on April 25, 2023"},"absolute_dates_time":{"created":"Posted on March 26, 2023 7:04 AM","modified":"Updated on April 25, 2023 3:45 PM"},"featured_img_caption":"","featured_img":false,"series_order":"","mfb_rest_fields":["title","coauthors","author_meta","relative_dates","absolute_dates","absolute_dates_time","featured_img_caption","featured_img","series_order"],"_links":{"self":[{"href":"https:\/\/www.unyp.cz\/cs\/wp-json\/wp\/v2\/pages\/28438","targetHints":{"allow":["GET"]}}],"collection":[{"href":"https:\/\/www.unyp.cz\/cs\/wp-json\/wp\/v2\/pages"}],"about":[{"href":"https:\/\/www.unyp.cz\/cs\/wp-json\/wp\/v2\/types\/page"}],"author":[{"embeddable":true,"href":"https:\/\/www.unyp.cz\/cs\/wp-json\/wp\/v2\/users\/1"}],"replies":[{"embeddable":true,"href":"https:\/\/www.unyp.cz\/cs\/wp-json\/wp\/v2\/comments?post=28438"}],"version-history":[{"count":15,"href":"https:\/\/www.unyp.cz\/cs\/wp-json\/wp\/v2\/pages\/28438\/revisions"}],"predecessor-version":[{"id":37909,"href":"https:\/\/www.unyp.cz\/cs\/wp-json\/wp\/v2\/pages\/28438\/revisions\/37909"}],"wp:attachment":[{"href":"https:\/\/www.unyp.cz\/cs\/wp-json\/wp\/v2\/media?parent=28438"}],"wp:term":[{"taxonomy":"category","embeddable":true,"href":"https:\/\/www.unyp.cz\/cs\/wp-json\/wp\/v2\/categories?post=28438"},{"taxonomy":"post_tag","embeddable":true,"href":"https:\/\/www.unyp.cz\/cs\/wp-json\/wp\/v2\/tags?post=28438"}],"curies":[{"name":"wp","href":"https:\/\/api.w.org\/{rel}","templated":true}]}}