{"id":28496,"date":"2023-03-26T07:03:30","date_gmt":"2023-03-26T06:03:30","guid":{"rendered":"https:\/\/www.unyp.cz\/?page_id=28496"},"modified":"2025-04-11T15:38:28","modified_gmt":"2025-04-11T14:38:28","slug":"vyzkumna-centra","status":"publish","type":"page","link":"https:\/\/www.unyp.cz\/cs\/vyzkumna-centra\/","title":{"rendered":"V\u00fdzkumn\u00e1 centra"},"content":{"rendered":"\n<figure class=\"wp-block-image size-full is-resized\"><img data-opt-id=316685244  fetchpriority=\"high\" decoding=\"async\" width=\"1152\" height=\"768\" src=\"https:\/\/mlgfjgj9j0su.i.optimole.com\/w:auto\/h:auto\/q:mauto\/f:best\/https:\/\/www.unyp.cz\/wp-content\/uploads\/2023\/03\/iStock-1203933900-Medium-1.jpg\" alt=\"\" class=\"wp-image-28670\" style=\"width:740px;height:493px\" srcset=\"https:\/\/mlgfjgj9j0su.i.optimole.com\/w:1152\/h:768\/q:mauto\/f:best\/https:\/\/www.unyp.cz\/wp-content\/uploads\/2023\/03\/iStock-1203933900-Medium-1.jpg 1152w, https:\/\/mlgfjgj9j0su.i.optimole.com\/w:300\/h:200\/q:mauto\/f:best\/https:\/\/www.unyp.cz\/wp-content\/uploads\/2023\/03\/iStock-1203933900-Medium-1.jpg 300w, https:\/\/mlgfjgj9j0su.i.optimole.com\/w:150\/h:100\/q:mauto\/f:best\/https:\/\/www.unyp.cz\/wp-content\/uploads\/2023\/03\/iStock-1203933900-Medium-1.jpg 150w, https:\/\/mlgfjgj9j0su.i.optimole.com\/w:768\/h:512\/q:mauto\/f:best\/https:\/\/www.unyp.cz\/wp-content\/uploads\/2023\/03\/iStock-1203933900-Medium-1.jpg 768w\" sizes=\"(max-width: 1000px) 100vw, 1000px\" \/><\/figure>\n\n\n\n<h2 class=\"wp-block-heading\">V\u00fdzkumn\u00e1 centra UNYP: Pokrok v inovac\u00edch a spolupr\u00e1ci<\/h2>\n\n\n\n<p>UNYP provozuje \u010dty\u0159i v\u00fdzkumn\u00e1 centra na podporu \u0161pi\u010dkov\u00e9ho v\u00fdzkumu.<\/p>\n\n\n\n<p>Tato centra dopl\u0148uj\u00ed v\u00fdukov\u00e9 a v\u00fdzkumn\u00e9 aktivity \u0161kol UNYP.<\/p>\n\n\n\n<p>Zam\u011b\u0159uj\u00ed se na interdisciplin\u00e1rn\u00ed v\u00fdzkum, kladou d\u016fraz na kritick\u00e9 my\u0161len\u00ed, demokracii a hodnoty otev\u0159en\u00e9 spole\u010dnosti.<\/p>\n\n\n\n<p>Centra posiluj\u00ed mezin\u00e1rodn\u00ed profil UNYP budov\u00e1n\u00edm trval\u00fdch partnerstv\u00ed s region\u00e1ln\u00edmi a glob\u00e1ln\u00edmi institucemi.<\/p>\n\n\n\n<div class=\"wp-block-getwid-accordion has-icon-left\" data-active-element=\"none\">\n<div class=\"wp-block-getwid-accordion__header-wrapper\"><span class=\"wp-block-getwid-accordion__header\"><a href=\"#\"><span class=\"wp-block-getwid-accordion__header-title\">School of Business and IT Research Center<\/span><span class=\"wp-block-getwid-accordion__icon is-active\"><i class=\"fas fa-plus\"><\/i><\/span><span class=\"wp-block-getwid-accordion__icon is-passive\"><i class=\"fas fa-minus\"><\/i><\/span><\/a><\/span><\/div><div class=\"wp-block-getwid-accordion__content-wrapper\"><div class=\"wp-block-getwid-accordion__content\">\n<p>V\u00fdzkumn\u00e9 centrum pro podnik\u00e1n\u00ed a IT (BIRC) zkoum\u00e1 kritick\u00e9 oblasti podnikov\u00e9 administrativy s c\u00edlem zlep\u0161it pochopen\u00ed jej\u00edch funkc\u00ed a princip\u016f. V\u00fdzkum centra zahrnuje ekonomii, management, marketing, IT a pr\u00e1vo.<\/p>\n\n\n\n<h5 class=\"wp-block-heading\">Specifick\u00e9 oblasti v\u00fdzkumu zahrnuj\u00ed:<\/h5>\n\n\n\n<ul class=\"wp-block-list\">\n<li>Law and regulations: Business law, IFRS, and global regulatory frameworks<\/li>\n\n\n\n<li>Economics and trade: Labor markets, public sector dynamics, institutions, and international trade<\/li>\n\n\n\n<li>Management and innovation: Human resources, motivation, sports management, risk, and innovation<\/li>\n\n\n\n<li>Marketing and behavior: Consumer behavior, neuromarketing, and sports-related studies<\/li>\n\n\n\n<li>Information technology: Neural and wireless networks, including beamforming technologies<\/li>\n<\/ul>\n<\/div><\/div>\n\n\n\n<div class=\"wp-block-getwid-accordion__header-wrapper\"><span class=\"wp-block-getwid-accordion__header\"><a href=\"#\"><span class=\"wp-block-getwid-accordion__header-title\">School of Psychology Research Center<\/span><span class=\"wp-block-getwid-accordion__icon is-active\"><i class=\"fas fa-plus\"><\/i><\/span><span class=\"wp-block-getwid-accordion__icon is-passive\"><i class=\"fas fa-minus\"><\/i><\/span><\/a><\/span><\/div><div class=\"wp-block-getwid-accordion__content-wrapper\"><div class=\"wp-block-getwid-accordion__content\">\n<p><strong>School of Psychology Research Center (PRC)<\/strong> \u2013 tamn\u00ed aktivita je soust\u0159ed\u011bna kolem hlavn\u00edch t\u00e9mat \u0161pi\u010dkov\u00e9ho v\u00fdzkumu v psychologii, kter\u00fd je \u010dasto propojen\u00fd s jin\u00fdmi akademick\u00fdmi discipl\u00ednami.<\/p>\n\n\n\n<h5 class=\"wp-block-heading\">Mezi hlavn\u00ed oblasti v\u00fdzkumu v PRC pat\u0159\u00ed:<\/h5>\n\n\n\n<ul class=\"wp-block-list\">\n<li>V\u00fdvoj d\u00edt\u011bte<\/li>\n\n\n\n<li>Vzd\u011bl\u00e1vac\u00ed psychologie<\/li>\n\n\n\n<li>Vn\u00edm\u00e1n\u00ed jinakosti<\/li>\n\n\n\n<li>Posttraumatick\u00fd stres a r\u016fst<\/li>\n\n\n\n<li>Srovn\u00e1vac\u00ed psychologie<\/li>\n\n\n\n<li>Ekopsychologie<\/li>\n\n\n\n<li>Soci\u00e1ln\u00ed psychologie<\/li>\n\n\n\n<li>Osobnost (nap\u0159. p\u0159edsudky, chov\u00e1n\u00ed k ostatn\u00edm)<\/li>\n\n\n\n<li>Motivace a inhibice (nap\u0159. prevence obezity)<\/li>\n\n\n\n<li>Hudebn\u00ed psychologie \u2013 kognitivn\u00ed a terapeutick\u00e9 aplikace<\/li>\n\n\n\n<li>Pozitivn\u00ed psychologie a wellness<\/li>\n\n\n\n<li>Neurov\u011bda a du\u0161evn\u00ed zdrav\u00ed (nap\u0159. Alzheimerova choroba)<\/li>\n<\/ul>\n<\/div><\/div>\n\n\n\n<div class=\"wp-block-getwid-accordion__header-wrapper\"><span class=\"wp-block-getwid-accordion__header\"><a href=\"#\"><span class=\"wp-block-getwid-accordion__header-title\">Communication and Media Research Center<\/span><span class=\"wp-block-getwid-accordion__icon is-active\"><i class=\"fas fa-plus\"><\/i><\/span><span class=\"wp-block-getwid-accordion__icon is-passive\"><i class=\"fas fa-minus\"><\/i><\/span><\/a><\/span><\/div><div class=\"wp-block-getwid-accordion__content-wrapper\"><div class=\"wp-block-getwid-accordion__content\">\n<p><strong>Communication and Media Research Center (CMRC)<\/strong> \u2013 se zam\u011b\u0159uje na \u0161irokou \u0161k\u00e1lu r\u016fzn\u00fdch t\u00e9mat ve snaze p\u0159isp\u011bt k pochopen\u00ed dopadu m\u00e9di\u00ed na spole\u010dnost. <\/p>\n\n\n\n<h5 class=\"wp-block-heading\">Mezi obecn\u00e9 oblasti z\u00e1jmu v\u00fdzkumu pat\u0159\u00ed:<\/h5>\n\n\n\n<ul class=\"wp-block-list\">\n<li>Politick\u00e1 komunikace<\/li>\n\n\n\n<li>Politick\u00e1 kampa\u0148\/komunikace kampan\u011b<\/li>\n\n\n\n<li>Nov\u00e9 probl\u00e9my\/hodnoty<\/li>\n\n\n\n<li>Rozvoj komunikace\/m\u00e9di\u00ed<\/li>\n\n\n\n<li>M\u00e9dia a demokratick\u00fd p\u0159echod, m\u00e9dia a demokratizace<\/li>\n\n\n\n<li>Medi\u00e1ln\u00ed reformn\u00ed hnut\u00ed<\/li>\n\n\n\n<li>Ob\u010dansk\u00e1 spole\u010dnost a reformy m\u00e9di\u00ed<\/li>\n\n\n\n<li>Strategick\u00e1 komunikace<\/li>\n\n\n\n<li>Komunikace pro soci\u00e1ln\u00ed zm\u011bnu<\/li>\n\n\n\n<li>Medi\u00e1ln\u00ed efekty (kognitivn\u00ed, behavior\u00e1ln\u00ed, postoje)<\/li>\n\n\n\n<li>Sociolingvistika<\/li>\n<\/ul>\n<\/div><\/div>\n\n\n\n<div class=\"wp-block-getwid-accordion__header-wrapper\"><span class=\"wp-block-getwid-accordion__header\"><a href=\"#\"><span class=\"wp-block-getwid-accordion__header-title\">International Relations Research Center<\/span><span class=\"wp-block-getwid-accordion__icon is-active\"><i class=\"fas fa-plus\"><\/i><\/span><span class=\"wp-block-getwid-accordion__icon is-passive\"><i class=\"fas fa-minus\"><\/i><\/span><\/a><\/span><\/div><div class=\"wp-block-getwid-accordion__content-wrapper\"><div class=\"wp-block-getwid-accordion__content\">\n<p><strong>School of International Relations Research Center (IRRC)<\/strong> \u2013 je v\u00fdzkumn\u00e9 centrum UNYPu, kter\u00e9 se zab\u00fdv\u00e1 interdisciplin\u00e1rn\u00edmi v\u00fdzkumn\u00fdmi projekty jak v r\u00e1mci UNYPu, tak s extern\u00edmi partnery. Jeho v\u00fdzkum je metodologicky r\u016fznorod\u00fd, orientovan\u00fd na politiku a zam\u011b\u0159uje se na kl\u00ed\u010dov\u00e1 t\u00e9mata politick\u00e9 komunikace, mezin\u00e1rodn\u00edch organizac\u00ed a kolektivn\u00ed bezpe\u010dnosti, m\u00edrov\u00fdch studi\u00ed, anal\u00fdzy konflikt\u016f, rozvoje bezpe\u010dnostn\u00ed politiky a strategie, mezin\u00e1rodn\u00edho pr\u00e1va.<\/p>\n\n\n\n<h5 class=\"wp-block-heading\">Mezi hlavn\u00ed oblasti sou\u010dasn\u00e9ho v\u00fdzkumu na IRRC pat\u0159\u00ed:<\/h5>\n\n\n\n<ul class=\"wp-block-list\">\n<li>Komunikace &amp; m\u00e9dia, propaganda, politick\u00e1 komunikace<\/li>\n\n\n\n<li>Demokratizace, etika<\/li>\n\n\n\n<li>Volebn\u00ed chov\u00e1n\u00ed, stranick\u00e1 politika, populismus<\/li>\n\n\n\n<li>Americk\u00e9 a sv\u011btov\u00e9 d\u011bjiny, d\u011bjiny EU, studen\u00e1 v\u00e1lka<\/li>\n\n\n\n<li>Africk\u00e1 studia<\/li>\n\n\n\n<li>Mezin\u00e1rodn\u00ed organizace, EU, NATO, kolektivn\u00ed bezpe\u010dnost<\/li>\n\n\n\n<li>M\u00edrov\u00e9 studie, m\u00edrov\u00e9 operace, budov\u00e1n\u00ed m\u00edru<\/li>\n\n\n\n<li>Anal\u00fdza konflikt\u016f, zvl\u00e1d\u00e1n\u00ed a transformace konflikt\u016f, prevence konflikt\u016f<\/li>\n\n\n\n<li>Privatizace bezpe\u010dnosti<\/li>\n\n\n\n<li>(proti)terorismus, (proti)povst\u00e1n\u00ed, hybridn\u00ed\/neregul\u00e9rn\u00ed v\u00e1lka, modern\u00ed v\u00e1lka<\/li>\n\n\n\n<li>Environment\u00e1ln\u00ed bezpe\u010dnost<\/li>\n\n\n\n<li>Pl\u00e1nov\u00e1n\u00ed a rozvoj bezpe\u010dnostn\u00ed strategie a obrann\u00e9 politiky<\/li>\n\n\n\n<li>Mezin\u00e1rodn\u00ed pr\u00e1vo, mezin\u00e1rodn\u00ed humanit\u00e1rn\u00ed pr\u00e1vo, lidsk\u00e1 pr\u00e1va<\/li>\n<\/ul>\n<\/div><\/div>\n<\/div>\n\n\n\n<p>Pro v\u00edce informac\u00ed:<\/p>\n\n\n\n<ul class=\"wp-block-list\">\n<li><strong><a href=\"https:\/\/www.unyp.cz\/cs\/repozitar-publikaci\/\" data-type=\"URL\" data-id=\"https:\/\/www.unyp.cz\/cs\/repozitar-publikaci\">Repozit\u00e1\u0159 publikac\u00ed<\/a><\/strong><\/li>\n\n\n\n<li><strong><a href=\"https:\/\/www.unyp.cz\/cs\/vyzkum-a-publikace\/\" data-type=\"URL\" data-id=\"https:\/\/www.unyp.cz\/cs\/vyzkum-a-publikace\">V\u00fdzkum a publikace<\/a><\/strong><\/li>\n\n\n\n<li><strong><a href=\"https:\/\/www.unyp.cz\/cs\/vyzkumne-zdroje-a-zarizeni\/\" data-type=\"URL\" data-id=\"https:\/\/www.unyp.cz\/cs\/vyzkumne-zdroje-a-zarizeni\">V\u00fdzkumn\u00e9 zdroje a za\u0159\u00edzen\u00ed<\/a><\/strong><\/li>\n<\/ul>\n\n\n\n<p><\/p>\n","protected":false},"excerpt":{"rendered":"<p>V\u00fdzkumn\u00e1 centra UNYP: Pokrok v inovac\u00edch a spolupr\u00e1ci UNYP provozuje \u010dty\u0159i v\u00fdzkumn\u00e1 centra na podporu \u0161pi\u010dkov\u00e9ho v\u00fdzkumu. Tato centra dopl\u0148uj\u00ed v\u00fdukov\u00e9 a v\u00fdzkumn\u00e9 aktivity \u0161kol UNYP. Zam\u011b\u0159uj\u00ed se na interdisciplin\u00e1rn\u00ed v\u00fdzkum, kladou d\u016fraz na kritick\u00e9 my\u0161len\u00ed, demokracii a hodnoty otev\u0159en\u00e9 spole\u010dnosti. Centra posiluj\u00ed mezin\u00e1rodn\u00ed profil UNYP budov\u00e1n\u00edm trval\u00fdch partnerstv\u00ed s region\u00e1ln\u00edmi a glob\u00e1ln\u00edmi institucemi. Pro [&hellip;]<\/p>\n","protected":false},"author":1,"featured_media":0,"parent":0,"menu_order":0,"comment_status":"closed","ping_status":"closed","template":"","meta":{"_acf_changed":false,"inline_featured_image":false,"advgb_blocks_editor_width":"","advgb_blocks_columns_visual_guide":"","footnotes":""},"categories":[],"tags":[],"class_list":["post-28496","page","type-page","status-publish","hentry"],"acf":[],"mb":[],"coauthors":[],"author_meta":{"author_link":"https:\/\/www.unyp.cz\/cs\/author\/kucera-centario\/","display_name":"kucera.centario"},"relative_dates":{"created":"Posted 3 years ago","modified":"Updated 12 months ago"},"absolute_dates":{"created":"Posted on March 26, 2023","modified":"Updated on April 11, 2025"},"absolute_dates_time":{"created":"Posted on March 26, 2023 7:03 AM","modified":"Updated on April 11, 2025 3:38 PM"},"featured_img_caption":"","featured_img":false,"series_order":"","mfb_rest_fields":["title","coauthors","author_meta","relative_dates","absolute_dates","absolute_dates_time","featured_img_caption","featured_img","series_order"],"_links":{"self":[{"href":"https:\/\/www.unyp.cz\/cs\/wp-json\/wp\/v2\/pages\/28496","targetHints":{"allow":["GET"]}}],"collection":[{"href":"https:\/\/www.unyp.cz\/cs\/wp-json\/wp\/v2\/pages"}],"about":[{"href":"https:\/\/www.unyp.cz\/cs\/wp-json\/wp\/v2\/types\/page"}],"author":[{"embeddable":true,"href":"https:\/\/www.unyp.cz\/cs\/wp-json\/wp\/v2\/users\/1"}],"replies":[{"embeddable":true,"href":"https:\/\/www.unyp.cz\/cs\/wp-json\/wp\/v2\/comments?post=28496"}],"version-history":[{"count":16,"href":"https:\/\/www.unyp.cz\/cs\/wp-json\/wp\/v2\/pages\/28496\/revisions"}],"predecessor-version":[{"id":62232,"href":"https:\/\/www.unyp.cz\/cs\/wp-json\/wp\/v2\/pages\/28496\/revisions\/62232"}],"wp:attachment":[{"href":"https:\/\/www.unyp.cz\/cs\/wp-json\/wp\/v2\/media?parent=28496"}],"wp:term":[{"taxonomy":"category","embeddable":true,"href":"https:\/\/www.unyp.cz\/cs\/wp-json\/wp\/v2\/categories?post=28496"},{"taxonomy":"post_tag","embeddable":true,"href":"https:\/\/www.unyp.cz\/cs\/wp-json\/wp\/v2\/tags?post=28496"}],"curies":[{"name":"wp","href":"https:\/\/api.w.org\/{rel}","templated":true}]}}