{"id":31193,"date":"2023-06-13T14:31:11","date_gmt":"2023-06-13T13:31:11","guid":{"rendered":"https:\/\/www.unyp.cz\/?page_id=31193"},"modified":"2024-11-05T08:24:31","modified_gmt":"2024-11-05T07:24:31","slug":"school-of-business-research-center","status":"publish","type":"page","link":"https:\/\/www.unyp.cz\/cs\/vyzkum-a-publikace\/school-of-business-research-center\/","title":{"rendered":"Center for Business and Economic Research (CBER)"},"content":{"rendered":"\n<figure class=\"wp-block-image size-large\"><img data-opt-id=116080218  fetchpriority=\"high\" decoding=\"async\" width=\"1400\" height=\"933\" src=\"https:\/\/mlgfjgj9j0su.i.optimole.com\/w:1400\/h:933\/q:mauto\/f:best\/https:\/\/www.unyp.cz\/wp-content\/uploads\/2023\/06\/School-of-Business-Research-Center.jpg\" alt=\"School of Business Research Center\" class=\"wp-image-31005\" srcset=\"https:\/\/mlgfjgj9j0su.i.optimole.com\/w:1400\/h:933\/q:mauto\/f:best\/https:\/\/www.unyp.cz\/wp-content\/uploads\/2023\/06\/School-of-Business-Research-Center-scaled.jpg 1400w, https:\/\/mlgfjgj9j0su.i.optimole.com\/w:300\/h:200\/q:mauto\/f:best\/https:\/\/www.unyp.cz\/wp-content\/uploads\/2023\/06\/School-of-Business-Research-Center-scaled.jpg 300w, https:\/\/mlgfjgj9j0su.i.optimole.com\/w:150\/h:100\/q:mauto\/f:best\/https:\/\/www.unyp.cz\/wp-content\/uploads\/2023\/06\/School-of-Business-Research-Center-scaled.jpg 150w, https:\/\/mlgfjgj9j0su.i.optimole.com\/w:768\/h:512\/q:mauto\/f:best\/https:\/\/www.unyp.cz\/wp-content\/uploads\/2023\/06\/School-of-Business-Research-Center-scaled.jpg 768w, https:\/\/mlgfjgj9j0su.i.optimole.com\/w:1536\/h:1024\/q:mauto\/f:best\/https:\/\/www.unyp.cz\/wp-content\/uploads\/2023\/06\/School-of-Business-Research-Center-scaled.jpg 1536w, https:\/\/mlgfjgj9j0su.i.optimole.com\/w:1920\/h:1279\/q:mauto\/f:best\/https:\/\/www.unyp.cz\/wp-content\/uploads\/2023\/06\/School-of-Business-Research-Center-scaled.jpg 2048w\" sizes=\"(max-width: 1000px) 100vw, 1000px\" \/><\/figure>\n\n\n\n<p><strong>Center for Business and Economic Research (CBER)<\/strong> zam\u011b\u0159uje sv\u016fj v\u00fdzkum na nep\u0159ebern\u00e9 mno\u017estv\u00ed probl\u00e9m\u016f souvisej\u00edc\u00edch s obchodem, aby l\u00e9pe porozum\u011bla kl\u00ed\u010dov\u00fdm rys\u016fm, charakteristik\u00e1m a fungov\u00e1n\u00ed obchodn\u00ed administrativy. Hlavn\u00edmi v\u00fdzkumn\u00fdmi koncentracemi jsou ekonomika, management, marketing, informa\u010dn\u00ed technologie a pr\u00e1vo.<\/p>\n\n\n\n<p>Specifick\u00e9 oblasti z\u00e1jmu v\u00fdzkumu zahrnuj\u00ed:<\/p>\n\n\n\n<ul class=\"wp-block-list\">\n<li>Trh pr\u00e1ce, ve\u0159ejn\u00fd sektor, instituce, mezin\u00e1rodn\u00ed obchod<\/li>\n\n\n\n<li>Lidsk\u00e9 zdroje, motivace, sport, riziko, inovace<\/li>\n\n\n\n<li>Spot\u0159ebitelsk\u00e9 chov\u00e1n\u00ed, neurov\u011bda, sport<\/li>\n\n\n\n<li>Neutr\u00e1ln\u00ed s\u00edt\u011b, bezdr\u00e1tov\u00e9 s\u00edt\u011b, beamforming<\/li>\n\n\n\n<li>Obchodn\u00ed p\u0159edpisy, IFRS, mezin\u00e1rodn\u00ed p\u0159edpisy<\/li>\n<\/ul>\n\n\n\n<h2 class=\"wp-block-heading\">V\u00fdzkumn\u00e9 projekty<\/h2>\n\n\n\n<p>Centrum pro podnik\u00e1n\u00ed a ekonomick\u00fd v\u00fdzkum (CBER) spravuje rozmanitou \u0161k\u00e1lu v\u00fdzkumn\u00fdch projekt\u016f zam\u011b\u0159en\u00fdch na r\u016fzn\u00e9 d\u016fle\u017eit\u00e9 ot\u00e1zky. Na\u0161e iniciativy, realizovan\u00e9 ve spolupr\u00e1ci s mezin\u00e1rodn\u00edmi partnery, ukazuj\u00ed z\u00e1vazek UNYP k v\u00fdznamn\u00fdm p\u0159\u00edsp\u011bvk\u016fm v oblasti akademie, pr\u016fmyslu a spole\u010dnosti.<\/p>\n\n\n\n<p>EASE<\/p>\n\n\n\n<p>N\u00e1zev projektu: Pos\u00edlen\u00ed dosp\u011bl\u00fdch p\u0159e\u017eiv\u0161\u00edch dom\u00e1c\u00edho n\u00e1sil\u00ed prost\u0159ednictv\u00edm podnik\u00e1n\u00ed (EASE)<\/p>\n\n\n\n<p>Trv\u00e1n\u00ed: 2022-2024<\/p>\n\n\n\n<p>Finan\u010dn\u00ed agentura: Erasmus+<\/p>\n\n\n\n<p>Stav: V implementaci<\/p>\n\n\n\n<p>Stru\u010dn\u00fd popis: Projekt EASE si klade za c\u00edl posilovat p\u0159e\u017eiv\u0161\u00ed dom\u00e1c\u00edho n\u00e1sil\u00ed prost\u0159ednictv\u00edm podnik\u00e1n\u00ed. Za t\u00edmto \u00fa\u010delem se EASE sna\u017e\u00ed spoluvytv\u00e1\u0159et \u0161kolic\u00ed program speci\u00e1ln\u011b navr\u017een\u00fd k usnadn\u011bn\u00ed p\u0159ijet\u00ed podnikatelsk\u00e9 identity po p\u0159e\u017eit\u00ed dom\u00e1c\u00edho n\u00e1sil\u00ed, kter\u00fd lze replikovat nap\u0159\u00ed\u010d Evropou.<\/p>\n\n\n\n<p>Webov\u00e1 str\u00e1nka: https:\/\/www.easeproject.eu\/<\/p>\n\n\n\n<h2 class=\"wp-block-heading\">Lid\u00e9 v tomto centru<\/h2>\n\n\n\n<h3 class=\"wp-block-heading\">Vedouc\u00ed v\u00fdzkumu<\/h3>\n\n\n<div class=\"person person--academic default\">\n    <div class=\"person__photo\">\n        <div class=\"person__photoWrapper\">\n            <img data-opt-id=341283637  fetchpriority=\"high\" decoding=\"async\" src=\"https:\/\/unyp-airtable.zvladneme.cz\/attachment\/academic-person\/rec9KWCqxonW3Dj08\/att77sXFhk8dLvNQA\/large.png\" width=\"518\" height=\"512\" alt=\"Ond\u0159ej Dvoulet\u00fd\" loading=\"lazy\" class=\"img-fluid rounded-circle\"> \n        <\/div>\n    <\/div>\n    <div class=\"person__about\">\n        <div class=\"person__link mb-1\">\n            <a href=\"\/cs\/academic-staff\/rec9KWCqxonW3Dj08\/ond-ej-dvoulet\" class=\"post-headline\">Ond\u0159ej Dvoulet\u00fd<\/a>\n        <\/div>\n        <div class=\"person__text mb-1\">doc. V\u0160E, Czech Republic Ing. V\u0160E, Czech Republic Ph.D. V\u0160E, Czech Republic MSc. Linnaeus University, Sweden<br \/>\n<br \/>\nOnd\u0159ej Dvoulet\u00fd vystudoval hospod\u00e1\u0159skou politiku na Vysok\u00e9 \u0161kole ekonomick\u00e9 v Praze (Ing.), a podnik\u00e1n\u00ed na Linnaeus University ve \u0160v\u00e9dsku (MSc.). V roce 2017 pak dokon\u010dil doktorsk\u00e9 studium (Ph.D.) na Kated\u0159e podnik\u00e1n\u00ed, Vysok\u00e9 \u0161koly ekonomick\u00e9 v Praze. V roce 2020 \u00fasp\u011b\u0161n\u011b obh\u00e1jil p\u0159ed v\u011bdeckou radou Fakulty podnikohospod\u00e1\u0159sk\u00e9, Vysok\u00e9 \u0161koly ekonomick\u00e9 v Praze, habilita\u010dn\u00ed pr\u00e1ci s n\u00e1zvem Ekonomick\u00e9 dopady podpory podnik\u00e1n\u00ed v \u010cesk\u00e9 republice, a na z\u00e1klad\u011b toho byl jmenov\u00e1n docentem pro obor Podnikov\u00e1 ekonomika a management. Dlouhodob\u011b se v\u011bnuje v\u00fdzkumu podnikatelsk\u00e9 aktivity, vyhodnocov\u00e1n\u00ed dopad\u016f ve\u0159ejn\u00fdch politik podpory podnik\u00e1n\u00ed, ekonomii podnik\u00e1n\u00ed a ekonomii trhu pr\u00e1ce.  (&#8230;)<\/div>\n        <div>\n            <a href=\"mailto:\"><\/a>\n        <\/div>\n    <\/div>\n<\/div>\n\n\n<h3 class=\"wp-block-heading\">V\u00fdzkumn\u00ed pracovn\u00edci<\/h3>\n\n\n<div class=\"person person--academic compact\">\n    <div class=\"person__photo\">\n        <div class=\"person__photoWrapper\">\n            <img data-opt-id=2021917390  fetchpriority=\"high\" decoding=\"async\" src=\"https:\/\/unyp-airtable.zvladneme.cz\/attachment\/academic-person\/recfLXlj7IVZE8LrY\/atti8hBvGbmhe6nKA\/large.jpg\" width=\"512\" height=\"512\" alt=\"David Anthony Proch\u00e1zka\" loading=\"lazy\" class=\"img-fluid rounded-circle\"> \n        <\/div>\n    <\/div>\n    <div class=\"person__about\">\n        <div class=\"person__link mb-1\">\n            <a href=\"\/cs\/academic-staff\/recfLXlj7IVZE8LrY\/david-anthony-proch-zka\" class=\"post-headline\">David Anthony Proch\u00e1zka<\/a>\n        <\/div>\n        <div class=\"person__text mb-1\">D\u011bkan, School of Business and IT<\/div>\n        <div>\n            <a href=\"mailto:\"><\/a>\n        <\/div>\n    <\/div>\n<\/div>\n\n<div class=\"person person--academic compact\">\n    <div class=\"person__photo\">\n        <div class=\"person__photoWrapper\">\n            <img data-opt-id=1069046595  fetchpriority=\"high\" decoding=\"async\" src=\"https:\/\/unyp-airtable.zvladneme.cz\/attachment\/academic-person\/recP4PfNybgRhMc3N\/attE0Tjh3AW53hC1d\/large.jpg\" width=\"100\" height=\"100\" alt=\"Martin H\u00e1la\" loading=\"lazy\" class=\"img-fluid rounded-circle\"> \n        <\/div>\n    <\/div>\n    <div class=\"person__about\">\n        <div class=\"person__link mb-1\">\n            <a href=\"\/cs\/academic-staff\/recP4PfNybgRhMc3N\/martin-h-la\" class=\"post-headline\">Martin H\u00e1la<\/a>\n        <\/div>\n        <div class=\"person__text mb-1\"><\/div>\n        <div>\n            <a href=\"mailto:\"><\/a>\n        <\/div>\n    <\/div>\n<\/div>\n\n<div class=\"person person--academic compact\">\n    <div class=\"person__photo\">\n        <div class=\"person__photoWrapper\">\n            <img data-opt-id=691969520  fetchpriority=\"high\" decoding=\"async\" src=\"https:\/\/unyp-airtable.zvladneme.cz\/attachment\/academic-person\/reco2HGrGY1W4YHNf\/attzESRzQdTsls5kB\/large.jpg\" width=\"100\" height=\"100\" alt=\"Tom\u00e1\u0161 K\u00e1brt\" loading=\"lazy\" class=\"img-fluid rounded-circle\"> \n        <\/div>\n    <\/div>\n    <div class=\"person__about\">\n        <div class=\"person__link mb-1\">\n            <a href=\"\/cs\/academic-staff\/reco2HGrGY1W4YHNf\/tom-k-brt\" class=\"post-headline\">Tom\u00e1\u0161 K\u00e1brt<\/a>\n        <\/div>\n        <div class=\"person__text mb-1\"><\/div>\n        <div>\n            <a href=\"mailto:\"><\/a>\n        <\/div>\n    <\/div>\n<\/div>\n\n<div class=\"person person--academic compact\">\n    <div class=\"person__photo\">\n        <div class=\"person__photoWrapper\">\n            <img data-opt-id=1433660826  fetchpriority=\"high\" decoding=\"async\" src=\"https:\/\/unyp-airtable.zvladneme.cz\/attachment\/academic-person\/recpVtGc6niCrhK6n\/att6peywONqKKx72H\/large.png\" width=\"431\" height=\"428\" alt=\"Adriana Tyka\u010dov\u00e1\" loading=\"lazy\" class=\"img-fluid rounded-circle\"> \n        <\/div>\n    <\/div>\n    <div class=\"person__about\">\n        <div class=\"person__link mb-1\">\n            <a href=\"\/cs\/academic-staff\/recpVtGc6niCrhK6n\/adriana-tyka-ov\" class=\"post-headline\">Adriana Tyka\u010dov\u00e1<\/a>\n        <\/div>\n        <div class=\"person__text mb-1\"><\/div>\n        <div>\n            <a href=\"mailto:\"><\/a>\n        <\/div>\n    <\/div>\n<\/div>\n\n<div class=\"person person--academic compact\">\n    <div class=\"person__photo\">\n        <div class=\"person__photoWrapper\">\n            <img data-opt-id=1713195291  fetchpriority=\"high\" decoding=\"async\" src=\"https:\/\/unyp-airtable.zvladneme.cz\/attachment\/academic-person\/rec6xcKFYP4MymAJx\/att4PNegymbRw81X4\/large.jpg\" width=\"100\" height=\"100\" alt=\"Martin \u0160ik\u00fd\u0159\" loading=\"lazy\" class=\"img-fluid rounded-circle\"> \n        <\/div>\n    <\/div>\n    <div class=\"person__about\">\n        <div class=\"person__link mb-1\">\n            <a href=\"\/cs\/academic-staff\/rec6xcKFYP4MymAJx\/martin-ik\" class=\"post-headline\">Martin \u0160ik\u00fd\u0159<\/a>\n        <\/div>\n        <div class=\"person__text mb-1\"><\/div>\n        <div>\n            <a href=\"mailto:\"><\/a>\n        <\/div>\n    <\/div>\n<\/div>\n\n\n<div style=\"height:41px\" aria-hidden=\"true\" class=\"wp-block-spacer\"><\/div>\n\n\n\n<h2 class=\"wp-block-heading\">Novinky<\/h2>\n\n\n\n<div class=\"wp-block-query is-layout-flow wp-block-query-is-layout-flow\"><ul class=\"post-date wp-block-post-template is-layout-flow wp-block-post-template-is-layout-flow\"><li class=\"wp-block-post post-63370 post type-post status-publish format-standard hentry category-news tag-research tag-research-business\">\n<h2 class=\"post-title-h2 wp-block-post-title\"><a href=\"https:\/\/www.unyp.cz\/cs\/news\/ease-project-earns-excellent-evaluation\/\" target=\"_self\" >EASE Project Earns Excellent Evaluation<\/a><\/h2>\n\n\n\n<div class=\"fw-bold wp-block-post-date\"><time datetime=\"2025-05-13T20:30:06+01:00\">May 13<\/time><\/div>\n\n<div class=\"wp-block-post-date\"><time datetime=\"2025-05-13T20:30:06+01:00\">2025<\/time><\/div>\n\n<div class=\"wp-block-post-excerpt\"><p class=\"wp-block-post-excerpt__excerpt\">We\u2019re proud to share that the&nbsp;EASE project, where UNYP participated as part of a strong European consortium, received an&nbsp;outstanding final score of 89 out of 100&nbsp;from the National Agency. The evaluators praised the project\u2019s\u00a0clear objectives, high-quality materials, and\u00a0strong European focus. They noted that the outcomes are not only relevant and well implemented, but also\u00a0valuable from <a class=\"wp-block-post-excerpt__more-link\" href=\"https:\/\/www.unyp.cz\/cs\/news\/ease-project-earns-excellent-evaluation\/\">Read&nbsp;more&nbsp;&gt;<\/a><\/p><\/div>\n\n<div class=\"taxonomy-post_tag tags wp-block-post-terms\"><a href=\"https:\/\/www.unyp.cz\/tag\/research\/\" rel=\"tag\">Research<\/a><span class=\"wp-block-post-terms__separator\"> <\/span><a href=\"https:\/\/www.unyp.cz\/tag\/research-business\/\" rel=\"tag\">Research &#8211; Business<\/a><\/div>\n\n\n<hr class=\"wp-block-separator has-css-opacity\"\/>\n\n<\/li><li class=\"wp-block-post post-48605 post type-post status-publish format-standard has-post-thumbnail hentry category-news tag-research-business tag-research-communication\">\n<h2 class=\"post-title-h2 wp-block-post-title\"><a href=\"https:\/\/www.unyp.cz\/cs\/news\/is-the-european-consumer-transformed-in-the-homo-responsabilus\/\" target=\"_self\" >Is the European consumer transformed in&nbsp;the homo responsabilus?<\/a><\/h2>\n\n<figure class=\"alignwide wp-block-post-featured-image\"><a href=\"https:\/\/www.unyp.cz\/cs\/news\/is-the-european-consumer-transformed-in-the-homo-responsabilus\/\" target=\"_self\"  ><img data-opt-id=1305168115  fetchpriority=\"high\" decoding=\"async\" width=\"1920\" height=\"1080\" src=\"https:\/\/mlgfjgj9j0su.i.optimole.com\/w:auto\/h:auto\/q:mauto\/f:best\/https:\/\/www.unyp.cz\/wp-content\/uploads\/2024\/06\/Untitled-design.jpg\" class=\"attachment-post-thumbnail size-post-thumbnail wp-post-image\" alt=\"Is the European consumer transformed in&nbsp;the homo responsabilus?\" style=\"object-fit:cover;\" srcset=\"https:\/\/mlgfjgj9j0su.i.optimole.com\/w:1920\/h:1080\/q:mauto\/f:best\/https:\/\/www.unyp.cz\/wp-content\/uploads\/2024\/06\/Untitled-design.jpg 1920w, https:\/\/mlgfjgj9j0su.i.optimole.com\/w:300\/h:169\/q:mauto\/f:best\/https:\/\/www.unyp.cz\/wp-content\/uploads\/2024\/06\/Untitled-design.jpg 300w, https:\/\/mlgfjgj9j0su.i.optimole.com\/w:1400\/h:788\/q:mauto\/f:best\/https:\/\/www.unyp.cz\/wp-content\/uploads\/2024\/06\/Untitled-design.jpg 1400w, https:\/\/mlgfjgj9j0su.i.optimole.com\/w:150\/h:84\/q:mauto\/f:best\/https:\/\/www.unyp.cz\/wp-content\/uploads\/2024\/06\/Untitled-design.jpg 150w, https:\/\/mlgfjgj9j0su.i.optimole.com\/w:768\/h:432\/q:mauto\/f:best\/https:\/\/www.unyp.cz\/wp-content\/uploads\/2024\/06\/Untitled-design.jpg 768w, https:\/\/mlgfjgj9j0su.i.optimole.com\/w:1536\/h:864\/q:mauto\/f:best\/https:\/\/www.unyp.cz\/wp-content\/uploads\/2024\/06\/Untitled-design.jpg 1536w\" sizes=\"(max-width: 1000px) 100vw, 1000px\" \/><\/a><\/figure>\n\n<div class=\"fw-bold wp-block-post-date\"><time datetime=\"2024-06-19T15:38:23+01:00\">June 19<\/time><\/div>\n\n<div class=\"wp-block-post-date\"><time datetime=\"2024-06-19T15:38:23+01:00\">2024<\/time><\/div>\n\n<div class=\"wp-block-post-excerpt\"><p class=\"wp-block-post-excerpt__excerpt\">The newest Scopus publication of Dr. MacGregor Pelik\u00e1nov\u00e1 address the fact that the EU is aware that advancement of\u00a0\u00a0sustainability via the multi-stakeholder model is feasible only with the active involvement of all stakeholders, including European consumers. Consequently, the EU policy and law pendulum has swung from the state, government and businesses to consumers, i.e. the <a class=\"wp-block-post-excerpt__more-link\" href=\"https:\/\/www.unyp.cz\/cs\/news\/is-the-european-consumer-transformed-in-the-homo-responsabilus\/\">Read&nbsp;more&nbsp;&gt;<\/a><\/p><\/div>\n\n<div class=\"taxonomy-post_tag tags wp-block-post-terms\"><a href=\"https:\/\/www.unyp.cz\/tag\/research-business\/\" rel=\"tag\">Research &#8211; Business<\/a><span class=\"wp-block-post-terms__separator\"> <\/span><a href=\"https:\/\/www.unyp.cz\/tag\/research-communication\/\" rel=\"tag\">Research &#8211; Communication<\/a><\/div>\n\n\n<hr class=\"wp-block-separator has-css-opacity\"\/>\n\n<\/li><li class=\"wp-block-post post-43446 post type-post status-publish format-standard has-post-thumbnail hentry category-news tag-research-business tag-research-communication tag-research-international-relations tag-research-psychology\">\n<h2 class=\"post-title-h2 wp-block-post-title\"><a href=\"https:\/\/www.unyp.cz\/cs\/news\/interview-with-tanu-muino\/\" target=\"_self\" >From Odesa to&nbsp;Global Stages: Tanu Muino on&nbsp;Fashion, Fame, and Responsibility<\/a><\/h2>\n\n<figure class=\"alignwide wp-block-post-featured-image\"><a href=\"https:\/\/www.unyp.cz\/cs\/news\/interview-with-tanu-muino\/\" target=\"_self\"  ><img data-opt-id=1624171592  fetchpriority=\"high\" decoding=\"async\" width=\"1920\" height=\"1080\" src=\"https:\/\/mlgfjgj9j0su.i.optimole.com\/w:auto\/h:auto\/q:mauto\/f:best\/https:\/\/www.unyp.cz\/wp-content\/uploads\/2024\/02\/Untitled-design-2-1.jpg\" class=\"attachment-post-thumbnail size-post-thumbnail wp-post-image\" alt=\"From Odesa to&nbsp;Global Stages: Tanu Muino on&nbsp;Fashion, Fame, and Responsibility\" style=\"object-fit:cover;\" srcset=\"https:\/\/mlgfjgj9j0su.i.optimole.com\/w:1920\/h:1080\/q:mauto\/f:best\/https:\/\/www.unyp.cz\/wp-content\/uploads\/2024\/02\/Untitled-design-2-1.jpg 1920w, https:\/\/mlgfjgj9j0su.i.optimole.com\/w:300\/h:169\/q:mauto\/f:best\/https:\/\/www.unyp.cz\/wp-content\/uploads\/2024\/02\/Untitled-design-2-1.jpg 300w, https:\/\/mlgfjgj9j0su.i.optimole.com\/w:1400\/h:788\/q:mauto\/f:best\/https:\/\/www.unyp.cz\/wp-content\/uploads\/2024\/02\/Untitled-design-2-1.jpg 1400w, https:\/\/mlgfjgj9j0su.i.optimole.com\/w:150\/h:84\/q:mauto\/f:best\/https:\/\/www.unyp.cz\/wp-content\/uploads\/2024\/02\/Untitled-design-2-1.jpg 150w, https:\/\/mlgfjgj9j0su.i.optimole.com\/w:768\/h:432\/q:mauto\/f:best\/https:\/\/www.unyp.cz\/wp-content\/uploads\/2024\/02\/Untitled-design-2-1.jpg 768w, https:\/\/mlgfjgj9j0su.i.optimole.com\/w:1536\/h:864\/q:mauto\/f:best\/https:\/\/www.unyp.cz\/wp-content\/uploads\/2024\/02\/Untitled-design-2-1.jpg 1536w\" sizes=\"(max-width: 1000px) 100vw, 1000px\" \/><\/a><\/figure>\n\n<div class=\"fw-bold wp-block-post-date\"><time datetime=\"2024-02-27T08:49:08+01:00\">February 27<\/time><\/div>\n\n<div class=\"wp-block-post-date\"><time datetime=\"2024-02-27T08:49:08+01:00\">2024<\/time><\/div>\n\n<div class=\"wp-block-post-excerpt\"><p class=\"wp-block-post-excerpt__excerpt\">From Odesa to International Acclaim Ms. Nataliia Bogachova, a member of the Association of European Journalists, has published an in-depth interview with internationally acclaimed music video director Tanu Muino in Vogue Czech Republic. Born in Odesa, Ukraine, Muino has become one of the most sought-after directors in the global music industry. She has worked with <a class=\"wp-block-post-excerpt__more-link\" href=\"https:\/\/www.unyp.cz\/cs\/news\/interview-with-tanu-muino\/\">Read&nbsp;more&nbsp;&gt;<\/a><\/p><\/div>\n\n<div class=\"taxonomy-post_tag tags wp-block-post-terms\"><a href=\"https:\/\/www.unyp.cz\/tag\/research-business\/\" rel=\"tag\">Research &#8211; Business<\/a><span class=\"wp-block-post-terms__separator\"> <\/span><a href=\"https:\/\/www.unyp.cz\/tag\/research-communication\/\" rel=\"tag\">Research &#8211; Communication<\/a><span class=\"wp-block-post-terms__separator\"> <\/span><a href=\"https:\/\/www.unyp.cz\/tag\/research-international-relations\/\" rel=\"tag\">Research &#8211; International Relations<\/a><span class=\"wp-block-post-terms__separator\"> <\/span><a href=\"https:\/\/www.unyp.cz\/tag\/research-psychology\/\" rel=\"tag\">Research &#8211; Psychology<\/a><\/div>\n\n\n<hr class=\"wp-block-separator has-css-opacity\"\/>\n\n<\/li><\/ul><\/div>\n","protected":false},"excerpt":{"rendered":"<p>Center for Business and Economic Research (CBER) zam\u011b\u0159uje sv\u016fj v\u00fdzkum na nep\u0159ebern\u00e9 mno\u017estv\u00ed probl\u00e9m\u016f souvisej\u00edc\u00edch s obchodem, aby l\u00e9pe porozum\u011bla kl\u00ed\u010dov\u00fdm rys\u016fm, charakteristik\u00e1m a fungov\u00e1n\u00ed obchodn\u00ed administrativy. Hlavn\u00edmi v\u00fdzkumn\u00fdmi koncentracemi jsou ekonomika, management, marketing, informa\u010dn\u00ed technologie a pr\u00e1vo. Specifick\u00e9 oblasti z\u00e1jmu v\u00fdzkumu zahrnuj\u00ed: V\u00fdzkumn\u00e9 projekty Centrum pro podnik\u00e1n\u00ed a ekonomick\u00fd v\u00fdzkum (CBER) spravuje rozmanitou \u0161k\u00e1lu [&hellip;]<\/p>\n","protected":false},"author":4,"featured_media":31005,"parent":28374,"menu_order":0,"comment_status":"closed","ping_status":"closed","template":"","meta":{"_acf_changed":false,"inline_featured_image":false,"advgb_blocks_editor_width":"","advgb_blocks_columns_visual_guide":"","footnotes":""},"categories":[],"tags":[],"class_list":["post-31193","page","type-page","status-publish","has-post-thumbnail","hentry"],"acf":[],"mb":[],"coauthors":[],"author_meta":{"author_link":"https:\/\/www.unyp.cz\/cs\/author\/dnovakunyp-cz\/","display_name":"David Nov\u00e1k"},"relative_dates":{"created":"Posted 3 years ago","modified":"Updated 1 year ago"},"absolute_dates":{"created":"Posted on June 13, 2023","modified":"Updated on November 5, 2024"},"absolute_dates_time":{"created":"Posted on June 13, 2023 2:31 PM","modified":"Updated on November 5, 2024 8:24 AM"},"featured_img_caption":"Group of people meeting with technology and paperwork. Close up of digital tablet and laptop computer with market analysis data on the screen. The documents have financial or marketing figures, graphs and charts on them. Multi ethnic group including Caucasian, latin and African American","featured_img":"https:\/\/mlgfjgj9j0su.i.optimole.com\/w:auto\/h:auto\/q:mauto\/f:best\/https:\/\/www.unyp.cz\/wp-content\/uploads\/2023\/06\/School-of-Business-Research-Center-scaled.jpg","series_order":"","mfb_rest_fields":["title","coauthors","author_meta","relative_dates","absolute_dates","absolute_dates_time","featured_img_caption","featured_img","series_order"],"_links":{"self":[{"href":"https:\/\/www.unyp.cz\/cs\/wp-json\/wp\/v2\/pages\/31193","targetHints":{"allow":["GET"]}}],"collection":[{"href":"https:\/\/www.unyp.cz\/cs\/wp-json\/wp\/v2\/pages"}],"about":[{"href":"https:\/\/www.unyp.cz\/cs\/wp-json\/wp\/v2\/types\/page"}],"author":[{"embeddable":true,"href":"https:\/\/www.unyp.cz\/cs\/wp-json\/wp\/v2\/users\/4"}],"replies":[{"embeddable":true,"href":"https:\/\/www.unyp.cz\/cs\/wp-json\/wp\/v2\/comments?post=31193"}],"version-history":[{"count":8,"href":"https:\/\/www.unyp.cz\/cs\/wp-json\/wp\/v2\/pages\/31193\/revisions"}],"predecessor-version":[{"id":52905,"href":"https:\/\/www.unyp.cz\/cs\/wp-json\/wp\/v2\/pages\/31193\/revisions\/52905"}],"up":[{"embeddable":true,"href":"https:\/\/www.unyp.cz\/cs\/wp-json\/wp\/v2\/pages\/28374"}],"wp:featuredmedia":[{"embeddable":true,"href":"https:\/\/www.unyp.cz\/cs\/wp-json\/wp\/v2\/media\/31005"}],"wp:attachment":[{"href":"https:\/\/www.unyp.cz\/cs\/wp-json\/wp\/v2\/media?parent=31193"}],"wp:term":[{"taxonomy":"category","embeddable":true,"href":"https:\/\/www.unyp.cz\/cs\/wp-json\/wp\/v2\/categories?post=31193"},{"taxonomy":"post_tag","embeddable":true,"href":"https:\/\/www.unyp.cz\/cs\/wp-json\/wp\/v2\/tags?post=31193"}],"curies":[{"name":"wp","href":"https:\/\/api.w.org\/{rel}","templated":true}]}}