{"id":31199,"date":"2023-06-13T14:47:47","date_gmt":"2023-06-13T13:47:47","guid":{"rendered":"https:\/\/www.unyp.cz\/?page_id=31199"},"modified":"2025-04-11T15:30:26","modified_gmt":"2025-04-11T14:30:26","slug":"school-of-psychology-research-center","status":"publish","type":"page","link":"https:\/\/www.unyp.cz\/cs\/vyzkum-a-publikace\/school-of-psychology-research-center\/","title":{"rendered":"School of\u00a0Psychology Research Center (PRC)"},"content":{"rendered":"\n<figure class=\"wp-block-image size-large\"><img data-opt-id=383887614  fetchpriority=\"high\" decoding=\"async\" width=\"1400\" height=\"933\" src=\"https:\/\/mlgfjgj9j0su.i.optimole.com\/w:1400\/h:933\/q:mauto\/f:best\/https:\/\/www.unyp.cz\/wp-content\/uploads\/2023\/06\/School-of-Psychology-Research-Center.jpg\" alt=\"School of Psychology Research Center\" class=\"wp-image-31017\" srcset=\"https:\/\/mlgfjgj9j0su.i.optimole.com\/w:1400\/h:933\/q:mauto\/f:best\/https:\/\/www.unyp.cz\/wp-content\/uploads\/2023\/06\/School-of-Psychology-Research-Center.jpg 1400w, https:\/\/mlgfjgj9j0su.i.optimole.com\/w:300\/h:200\/q:mauto\/f:best\/https:\/\/www.unyp.cz\/wp-content\/uploads\/2023\/06\/School-of-Psychology-Research-Center.jpg 300w, https:\/\/mlgfjgj9j0su.i.optimole.com\/w:150\/h:100\/q:mauto\/f:best\/https:\/\/www.unyp.cz\/wp-content\/uploads\/2023\/06\/School-of-Psychology-Research-Center.jpg 150w, https:\/\/mlgfjgj9j0su.i.optimole.com\/w:768\/h:512\/q:mauto\/f:best\/https:\/\/www.unyp.cz\/wp-content\/uploads\/2023\/06\/School-of-Psychology-Research-Center.jpg 768w, https:\/\/mlgfjgj9j0su.i.optimole.com\/w:1536\/h:1024\/q:mauto\/f:best\/https:\/\/www.unyp.cz\/wp-content\/uploads\/2023\/06\/School-of-Psychology-Research-Center.jpg 1536w, https:\/\/mlgfjgj9j0su.i.optimole.com\/w:1920\/h:1279\/q:mauto\/f:best\/https:\/\/www.unyp.cz\/wp-content\/uploads\/2023\/06\/School-of-Psychology-Research-Center.jpg 2048w\" sizes=\"(max-width: 1000px) 100vw, 1000px\" \/><\/figure>\n\n\n\n<div style=\"height:20px\" aria-hidden=\"true\" class=\"wp-block-spacer\"><\/div>\n\n\n\n<p>\u0160koln\u00ed v\u00fdzkumn\u00e9 centrum psychologie (PRC) prov\u00e1d\u00ed inovativn\u00ed interdisciplin\u00e1rn\u00ed v\u00fdzkum v oblasti psychologie. Zkoum\u00e1me, jak osobn\u00ed, soci\u00e1ln\u00ed a environment\u00e1ln\u00ed vlivy ovliv\u0148uj\u00ed lidsk\u00e9 chov\u00e1n\u00ed, pozn\u00e1v\u00e1n\u00ed a emoce.<\/p>\n\n\n\n<p>Na\u0161e projekty propojuj\u00ed psychologii s neurov\u011bdou, vzd\u011bl\u00e1v\u00e1n\u00edm, sociologi\u00ed a muzikoterapi\u00ed a zam\u011b\u0159uj\u00ed se na re\u00e1ln\u00e9 aplikace, kter\u00e9 zlep\u0161uj\u00ed du\u0161evn\u00ed zdrav\u00ed, u\u010den\u00ed a psychickou pohodu.<\/p>\n\n\n\n<hr class=\"wp-block-separator has-alpha-channel-opacity\"\/>\n\n\n\n<h2 class=\"wp-block-heading\">Oblasti v\u00fdzkumu<\/h2>\n\n\n\n<h3 class=\"wp-block-heading\">Child Development<\/h3>\n\n\n\n<p>Studujeme kognitivn\u00ed, emocion\u00e1ln\u00ed a soci\u00e1ln\u00ed v\u00fdvoj d\u011bt\u00ed s d\u016frazem na roli prost\u0159ed\u00ed, vzd\u011bl\u00e1n\u00ed a ran\u00fdch zku\u0161enost\u00ed.<\/p>\n\n\n\n<h3 class=\"wp-block-heading\">Perceptions of Otherness<\/h3>\n\n\n\n<p>V\u00fdzkum zkoum\u00e1 p\u0159edsudky, stereotypy a soci\u00e1ln\u00ed identitu, aby bylo mo\u017en\u00e9 l\u00e9pe porozum\u011bt inkluzi a podpo\u0159it empatii.<\/p>\n\n\n\n<h3 class=\"wp-block-heading\">Trauma and Recovery<\/h3>\n\n\n\n<p>CABR zkoum\u00e1 posttraumatickou stresovou poruchu a posttraumatick\u00fd r\u016fst, identifikuje faktory odolnosti a terapeutick\u00e9 p\u0159\u00edstupy k uzdraven\u00ed.<\/p>\n\n\n\n<h3 class=\"wp-block-heading\">Comparative Psychology<\/h3>\n\n\n\n<p>Studiem r\u016fzn\u00fdch druh\u016f z\u00edsk\u00e1v\u00e1me poznatky o u\u010den\u00ed, chov\u00e1n\u00ed a evoluci pozn\u00e1vac\u00edch a soci\u00e1ln\u00edch vlastnost\u00ed.<\/p>\n\n\n\n<h3 class=\"wp-block-heading\">Ecopsychology<\/h3>\n\n\n\n<p>Zkoum\u00e1me souvislost mezi du\u0161evn\u00edm zdrav\u00edm a p\u0159\u00edrodou a zam\u011b\u0159ujeme se na to, jak p\u0159\u00edrodn\u00ed prost\u0159ed\u00ed sni\u017euje stres a zlep\u0161uje rozhodov\u00e1n\u00ed.<\/p>\n\n\n\n<h3 class=\"wp-block-heading\">Social Behavior and Personality<\/h3>\n\n\n\n<p>Na\u0161e pr\u00e1ce zkoum\u00e1, jak osobnostn\u00ed rysy jako empatie nebo p\u0159edsudky ovliv\u0148uj\u00ed soci\u00e1ln\u00ed chov\u00e1n\u00ed a skupinovou dynamiku.<\/p>\n\n\n\n<h3 class=\"wp-block-heading\">Motivation and Inhibition<\/h3>\n\n\n\n<p>V\u00fdzkum zahrnuje seberegulaci, stanovov\u00e1n\u00ed c\u00edl\u016f a zdravotn\u00ed n\u00e1vyky, nap\u0159\u00edklad prevenci obezity a zm\u011bnu \u017eivotn\u00edho stylu.<\/p>\n\n\n\n<h3 class=\"wp-block-heading\">Music Psychology<\/h3>\n\n\n\n<p>Studujeme, jak hudba ovliv\u0148uje n\u00e1ladu, pam\u011b\u0165 a terapii a podporuje kognitivn\u00ed a emocion\u00e1ln\u00ed pohodu.<\/p>\n\n\n\n<h3 class=\"wp-block-heading\">Positive Psychology<\/h3>\n\n\n\n<p>Tato oblast podporuje emo\u010dn\u00ed zdrav\u00ed prost\u0159ednictv\u00edm v\u00fdzkumu \u0161t\u011bst\u00ed, v\u0161\u00edmavosti a psychick\u00e9 odolnosti.<\/p>\n\n\n\n<h3 class=\"wp-block-heading\">Neuroscience and Mental Health<\/h3>\n\n\n\n<p>Zkoum\u00e1me mozkov\u00e9 aspekty chov\u00e1n\u00ed, v\u010detn\u011b studi\u00ed o Alzheimerov\u011b chorob\u011b a nervov\u00fdch z\u00e1kladech du\u0161evn\u00edch poruch.<\/p>\n\n\n\n<hr class=\"wp-block-separator has-alpha-channel-opacity\"\/>\n\n\n\n<h2 class=\"wp-block-heading\">Pokrok v psychologick\u00e9 v\u011bd\u011b<\/h2>\n\n\n\n<p>CABR se zav\u00e1zala k podpo\u0159e behavior\u00e1ln\u00edho v\u00fdzkumu, kter\u00fd je p\u0159\u00ednosem pro ve\u0159ejn\u00e9 zdrav\u00ed a vzd\u011bl\u00e1v\u00e1n\u00ed. Prost\u0159ednictv\u00edm spolupr\u00e1ce a osv\u011bty p\u0159ev\u00e1d\u00edme komplexn\u00ed v\u011bdeck\u00e9 poznatky do re\u00e1ln\u00e9ho sv\u011bta.<\/p>\n\n\n\n<p>P\u0159ipojte se k n\u00e1m p\u0159i zkoum\u00e1n\u00ed lidsk\u00e9ho chov\u00e1n\u00ed a p\u0159isp\u00edvejte k budoucnosti psychologick\u00e9ho pozn\u00e1n\u00ed.<\/p>\n\n\n\n<hr class=\"wp-block-separator has-alpha-channel-opacity\"\/>\n\n\n\n<div style=\"height:26px\" aria-hidden=\"true\" class=\"wp-block-spacer\"><\/div>\n\n\n\n<h2 class=\"wp-block-heading\">Lid\u00e9 v tomto centru<\/h2>\n\n\n\n<h3 class=\"wp-block-heading\">Vedouc\u00ed v\u00fdzkumu<\/h3>\n\n\n<div class=\"person person--academic default\">\n    <div class=\"person__photo\">\n        <div class=\"person__photoWrapper\">\n            <img data-opt-id=1634916634  fetchpriority=\"high\" decoding=\"async\" src=\"https:\/\/unyp-airtable.zvladneme.cz\/attachment\/academic-person\/recF0XyJXoX3crgzd\/attmDSdXaosU7Cws7\/large.jpg\" width=\"512\" height=\"512\" alt=\"Tereza P\u0159\u00edhodov\u00e1\" loading=\"lazy\" class=\"img-fluid rounded-circle\"> \n        <\/div>\n    <\/div>\n    <div class=\"person__about\">\n        <div class=\"person__link mb-1\">\n            <a href=\"\/cs\/academic-staff\/recF0XyJXoX3crgzd\/tereza-p-hodov\" class=\"post-headline\">Tereza P\u0159\u00edhodov\u00e1<\/a>\n        <\/div>\n        <div class=\"person__text mb-1\">Tereza P\u0159\u00edhodov\u00e1 z\u00edskala doktor\u00e1t na 1. l\u00e9ka\u0159sk\u00e9 fakult\u011b Univerzity Karlovy v oboru klinick\u00e1 psychologie a psychopatologie. Jej\u00ed hlavn\u00ed studijn\u00ed t\u00e9mata se zam\u011b\u0159uj\u00ed na integritu a etiku v psychologii, d\u00e1le se v\u011bnuje t\u00e9matu impulzivity v kombinaci s obecn\u00fdmi zdravotn\u00edmi probl\u00e9my, jako je kou\u0159en\u00ed, obezita nebo u\u017e\u00edv\u00e1n\u00ed drog. <br \/>\nVe sv\u00e9 klinick\u00e9 pr\u00e1ci klade d\u016fraz na probl\u00e9my spojen\u00e9 s traumatem a posttraumatickou stresovou poruchou. M\u00e1 zku\u0161enosti s prac\u00ed se seniory a zdravotnick\u00fdm pom\u00e1haj\u00edc\u00edm person\u00e1lem a vedla r\u016fzn\u00e9 univerzitn\u00ed kurzy.<\/div>\n        <div>\n            <a href=\"mailto:\"><\/a>\n        <\/div>\n    <\/div>\n<\/div>\n\n\n<h3 class=\"wp-block-heading\">V\u00fdzkumn\u00ed pracovn\u00edci<\/h3>\n\n\n<div class=\"person person--academic compact\">\n    <div class=\"person__photo\">\n        <div class=\"person__photoWrapper\">\n            <img data-opt-id=534830385  fetchpriority=\"high\" decoding=\"async\" src=\"https:\/\/unyp-airtable.zvladneme.cz\/attachment\/academic-person\/recQEYd5Et0F3dGv2\/attXso8TudLIJxt3J\/large.png\" width=\"426\" height=\"426\" alt=\"Jana Ter-Akopow \u010cemusov\u00e1\" loading=\"lazy\" class=\"img-fluid rounded-circle\"> \n        <\/div>\n    <\/div>\n    <div class=\"person__about\">\n        <div class=\"person__link mb-1\">\n            <a href=\"\/cs\/academic-staff\/recQEYd5Et0F3dGv2\/jana-ter-akopow-emusov\" class=\"post-headline\">Jana Ter-Akopow \u010cemusov\u00e1<\/a>\n        <\/div>\n        <div class=\"person__text mb-1\">D\u011bkan, School of Psychology<\/div>\n        <div>\n            <a href=\"mailto:\"><\/a>\n        <\/div>\n    <\/div>\n<\/div>\n\n<div class=\"person person--academic compact\">\n    <div class=\"person__photo\">\n        <div class=\"person__photoWrapper\">\n            <img data-opt-id=1640420848  fetchpriority=\"high\" decoding=\"async\" src=\"https:\/\/unyp-airtable.zvladneme.cz\/attachment\/academic-person\/recwf2x6GW4djFgCN\/attWBqA923MbJrilU\/large.jpg\" width=\"512\" height=\"512\" alt=\"Tereza Vandrovcov\u00e1\" loading=\"lazy\" class=\"img-fluid rounded-circle\"> \n        <\/div>\n    <\/div>\n    <div class=\"person__about\">\n        <div class=\"person__link mb-1\">\n            <a href=\"\/cs\/academic-staff\/recwf2x6GW4djFgCN\/tereza-vandrovcov\" class=\"post-headline\">Tereza Vandrovcov\u00e1<\/a>\n        <\/div>\n        <div class=\"person__text mb-1\"><\/div>\n        <div>\n            <a href=\"mailto:\"><\/a>\n        <\/div>\n    <\/div>\n<\/div>\n\n<div class=\"person person--academic compact\">\n    <div class=\"person__photo\">\n        <div class=\"person__photoWrapper\">\n            <img data-opt-id=814974670  fetchpriority=\"high\" decoding=\"async\" src=\"https:\/\/unyp-airtable.zvladneme.cz\/attachment\/academic-person\/recWq2o5s5QL2OBMN\/attdlKxHw2ODTakdb\/large.jpg\" width=\"100\" height=\"100\" alt=\"Marek Preiss\" loading=\"lazy\" class=\"img-fluid rounded-circle\"> \n        <\/div>\n    <\/div>\n    <div class=\"person__about\">\n        <div class=\"person__link mb-1\">\n            <a href=\"\/cs\/academic-staff\/recWq2o5s5QL2OBMN\/marek-preiss\" class=\"post-headline\">Marek Preiss<\/a>\n        <\/div>\n        <div class=\"person__text mb-1\"><\/div>\n        <div>\n            <a href=\"mailto:\"><\/a>\n        <\/div>\n    <\/div>\n<\/div>\n\n\n<hr class=\"wp-block-separator has-alpha-channel-opacity\"\/>\n\n\n\n<h2 class=\"wp-block-heading\">Zaj\u00edm\u00e1te se o v\u00fdzkum v t\u00e9to oblasti?<\/h2>\n\n\n\n<p>Nav\u0161tivte na\u0161i str\u00e1nku <a href=\"https:\/\/www.unyp.cz\/research-highlights\/\">Research Highlights<\/a> a prohl\u00e9dn\u011bte si kl\u00ed\u010dov\u00e9 projekty a v\u011bdeck\u00e9 p\u0159\u00edsp\u011bvky.<\/p>\n\n\n\n<hr class=\"wp-block-separator has-alpha-channel-opacity\"\/>\n\n\n\n<h2 class=\"wp-block-heading\">Kontakt<\/h2>\n\n\n\n<p>Chcete-li se dozv\u011bd\u011bt v\u00edce o v\u00fdzkumn\u00fdch aktivit\u00e1ch nebo potenci\u00e1ln\u00ed spolupr\u00e1ci, kontaktujte V\u00fdzkumn\u00e9 centrum psychologie na UNYP.<\/p>\n","protected":false},"excerpt":{"rendered":"<p>\u0160koln\u00ed v\u00fdzkumn\u00e9 centrum psychologie (PRC) prov\u00e1d\u00ed inovativn\u00ed interdisciplin\u00e1rn\u00ed v\u00fdzkum v oblasti psychologie. Zkoum\u00e1me, jak osobn\u00ed, soci\u00e1ln\u00ed a environment\u00e1ln\u00ed vlivy ovliv\u0148uj\u00ed lidsk\u00e9 chov\u00e1n\u00ed, pozn\u00e1v\u00e1n\u00ed a emoce. Na\u0161e projekty propojuj\u00ed psychologii s neurov\u011bdou, vzd\u011bl\u00e1v\u00e1n\u00edm, sociologi\u00ed a muzikoterapi\u00ed a zam\u011b\u0159uj\u00ed se na re\u00e1ln\u00e9 aplikace, kter\u00e9 zlep\u0161uj\u00ed du\u0161evn\u00ed zdrav\u00ed, u\u010den\u00ed a psychickou pohodu. Oblasti v\u00fdzkumu Child Development Studujeme kognitivn\u00ed, [&hellip;]<\/p>\n","protected":false},"author":4,"featured_media":31017,"parent":28374,"menu_order":0,"comment_status":"closed","ping_status":"closed","template":"","meta":{"_acf_changed":false,"inline_featured_image":false,"advgb_blocks_editor_width":"","advgb_blocks_columns_visual_guide":"","footnotes":""},"categories":[],"tags":[],"class_list":["post-31199","page","type-page","status-publish","has-post-thumbnail","hentry"],"acf":[],"mb":[],"coauthors":[],"author_meta":{"author_link":"https:\/\/www.unyp.cz\/cs\/author\/dnovakunyp-cz\/","display_name":"David Nov\u00e1k"},"relative_dates":{"created":"Posted 3 years ago","modified":"Updated 1 year ago"},"absolute_dates":{"created":"Posted on June 13, 2023","modified":"Updated on April 11, 2025"},"absolute_dates_time":{"created":"Posted on June 13, 2023 2:47 PM","modified":"Updated on April 11, 2025 3:30 PM"},"featured_img_caption":"People in a meeting or group therapy","featured_img":"https:\/\/mlgfjgj9j0su.i.optimole.com\/w:auto\/h:auto\/q:mauto\/f:best\/https:\/\/www.unyp.cz\/wp-content\/uploads\/2023\/06\/School-of-Psychology-Research-Center.jpg","series_order":"","mfb_rest_fields":["title","coauthors","author_meta","relative_dates","absolute_dates","absolute_dates_time","featured_img_caption","featured_img","series_order"],"_links":{"self":[{"href":"https:\/\/www.unyp.cz\/cs\/wp-json\/wp\/v2\/pages\/31199","targetHints":{"allow":["GET"]}}],"collection":[{"href":"https:\/\/www.unyp.cz\/cs\/wp-json\/wp\/v2\/pages"}],"about":[{"href":"https:\/\/www.unyp.cz\/cs\/wp-json\/wp\/v2\/types\/page"}],"author":[{"embeddable":true,"href":"https:\/\/www.unyp.cz\/cs\/wp-json\/wp\/v2\/users\/4"}],"replies":[{"embeddable":true,"href":"https:\/\/www.unyp.cz\/cs\/wp-json\/wp\/v2\/comments?post=31199"}],"version-history":[{"count":12,"href":"https:\/\/www.unyp.cz\/cs\/wp-json\/wp\/v2\/pages\/31199\/revisions"}],"predecessor-version":[{"id":62229,"href":"https:\/\/www.unyp.cz\/cs\/wp-json\/wp\/v2\/pages\/31199\/revisions\/62229"}],"up":[{"embeddable":true,"href":"https:\/\/www.unyp.cz\/cs\/wp-json\/wp\/v2\/pages\/28374"}],"wp:featuredmedia":[{"embeddable":true,"href":"https:\/\/www.unyp.cz\/cs\/wp-json\/wp\/v2\/media\/31017"}],"wp:attachment":[{"href":"https:\/\/www.unyp.cz\/cs\/wp-json\/wp\/v2\/media?parent=31199"}],"wp:term":[{"taxonomy":"category","embeddable":true,"href":"https:\/\/www.unyp.cz\/cs\/wp-json\/wp\/v2\/categories?post=31199"},{"taxonomy":"post_tag","embeddable":true,"href":"https:\/\/www.unyp.cz\/cs\/wp-json\/wp\/v2\/tags?post=31199"}],"curies":[{"name":"wp","href":"https:\/\/api.w.org\/{rel}","templated":true}]}}