{"id":31205,"date":"2023-06-13T14:56:36","date_gmt":"2023-06-13T13:56:36","guid":{"rendered":"https:\/\/www.unyp.cz\/?page_id=31205"},"modified":"2025-04-22T14:17:21","modified_gmt":"2025-04-22T13:17:21","slug":"school-of-communication-and-media-research-center","status":"publish","type":"page","link":"https:\/\/www.unyp.cz\/cs\/vyzkum-a-publikace\/school-of-communication-and-media-research-center\/","title":{"rendered":"Communication and Media Research Center (CMRC)"},"content":{"rendered":"\n<figure class=\"wp-block-image size-large\"><img data-opt-id=1793062577  fetchpriority=\"high\" decoding=\"async\" width=\"1400\" height=\"933\" src=\"https:\/\/mlgfjgj9j0su.i.optimole.com\/w:1400\/h:933\/q:mauto\/f:best\/https:\/\/www.unyp.cz\/wp-content\/uploads\/2023\/06\/School-of-Communication-and-Media-Research-Center.jpg\" alt=\"\" class=\"wp-image-31009\" srcset=\"https:\/\/mlgfjgj9j0su.i.optimole.com\/w:1400\/h:933\/q:mauto\/f:best\/https:\/\/www.unyp.cz\/wp-content\/uploads\/2023\/06\/School-of-Communication-and-Media-Research-Center-scaled.jpg 1400w, https:\/\/mlgfjgj9j0su.i.optimole.com\/w:300\/h:200\/q:mauto\/f:best\/https:\/\/www.unyp.cz\/wp-content\/uploads\/2023\/06\/School-of-Communication-and-Media-Research-Center-scaled.jpg 300w, https:\/\/mlgfjgj9j0su.i.optimole.com\/w:150\/h:100\/q:mauto\/f:best\/https:\/\/www.unyp.cz\/wp-content\/uploads\/2023\/06\/School-of-Communication-and-Media-Research-Center-scaled.jpg 150w, https:\/\/mlgfjgj9j0su.i.optimole.com\/w:768\/h:512\/q:mauto\/f:best\/https:\/\/www.unyp.cz\/wp-content\/uploads\/2023\/06\/School-of-Communication-and-Media-Research-Center-scaled.jpg 768w, https:\/\/mlgfjgj9j0su.i.optimole.com\/w:1536\/h:1024\/q:mauto\/f:best\/https:\/\/www.unyp.cz\/wp-content\/uploads\/2023\/06\/School-of-Communication-and-Media-Research-Center-scaled.jpg 1536w, https:\/\/mlgfjgj9j0su.i.optimole.com\/w:1920\/h:1279\/q:mauto\/f:best\/https:\/\/www.unyp.cz\/wp-content\/uploads\/2023\/06\/School-of-Communication-and-Media-Research-Center-scaled.jpg 2048w\" sizes=\"(max-width: 1000px) 100vw, 1000px\" \/><\/figure>\n\n\n\n<p>Communication and Media Research Center (CMRC) na University of New York in Prague je centrem akademick\u00e9ho v\u00fdzkumu v oblasti m\u00e9di\u00ed a komunikace.<\/p>\n\n\n\n<p>Jeho hlavn\u00edm posl\u00e1n\u00edm je prohlubovat znalosti a porozum\u011bn\u00ed dynamick\u00e9mu propojen\u00ed m\u00e9di\u00ed, komunikace a spole\u010dnosti.<\/p>\n\n\n\n<p>Centrum tvo\u0159\u00ed r\u016fznorod\u00e1 skupina v\u011bdc\u016f, v\u00fdzkumn\u00fdch pracovn\u00edk\u016f a profesion\u00e1l\u016f z oboru, kte\u0159\u00ed se v\u011bnuj\u00ed interdisciplin\u00e1rn\u00edmu v\u00fdzkumu, jen\u017e \u0159e\u0161\u00ed nal\u00e9hav\u00e9 probl\u00e9my.<\/p>\n\n\n\n<hr class=\"wp-block-separator has-alpha-channel-opacity\"\/>\n\n\n\n<h2 class=\"wp-block-heading\">Oblasti zam\u011b\u0159en\u00ed v\u00fdzkumu<\/h2>\n\n\n\n<p>Mezi obecn\u00e9 oblasti v\u00fdzkumu CMRC pat\u0159\u00ed:<\/p>\n\n\n\n<ul class=\"wp-block-list\">\n<li>Politick\u00e1 komunikace<\/li>\n\n\n\n<li>Politick\u00e1 kampa\u0148 a komunikace v r\u00e1mci kampan\u011b<\/li>\n\n\n\n<li>Nov\u00e9 ot\u00e1zky a hodnoty<\/li>\n\n\n\n<li>Rozvoj komunikace a m\u00e9di\u00ed<\/li>\n\n\n\n<li>M\u00e9dia a demokratick\u00e9 p\u0159echody<\/li>\n\n\n\n<li>Spole\u010dnost a medi\u00e1ln\u00ed reformy<\/li>\n\n\n\n<li>Strategick\u00e1 komunikace<\/li>\n\n\n\n<li>Komunikace pro soci\u00e1ln\u00ed zm\u011bnu<\/li>\n\n\n\n<li>\u00da\u010dinky m\u00e9di\u00ed (kognitivn\u00ed, behavior\u00e1ln\u00ed, postojov\u00e9)<\/li>\n\n\n\n<li>Sociolingvistika<\/li>\n<\/ul>\n\n\n\n<hr class=\"wp-block-separator has-alpha-channel-opacity\"\/>\n\n\n\n<h2 class=\"wp-block-heading\">Iniciativy pro spolupr\u00e1ci<\/h2>\n\n\n\n<p>Krom\u011b akademick\u00e9 \u010dinnosti CMRC aktivn\u011b usiluje o spolupr\u00e1ci s partnery z oboru, medi\u00e1ln\u00edmi organizacemi a dal\u0161\u00edmi vzd\u011bl\u00e1vac\u00edmi institucemi. C\u00edlem t\u011bchto partnerstv\u00ed je p\u0159eklenout propast mezi akademickou sf\u00e9rou a prax\u00ed a zajistit, aby prov\u00e1d\u011bn\u00fd v\u00fdzkum m\u011bl re\u00e1ln\u00fd dopad a v\u00fdznam.<\/p>\n\n\n\n<hr class=\"wp-block-separator has-alpha-channel-opacity\"\/>\n\n\n\n<h2 class=\"wp-block-heading\">Vedouc\u00ed v\u00fdzkumu<\/h2>\n\n\n<div class=\"person person--academic default\">\n    <div class=\"person__photo\">\n        <div class=\"person__photoWrapper\">\n             \n        <\/div>\n    <\/div>\n    <div class=\"person__about\">\n        <div class=\"person__link mb-1\">\n            \n        <\/div>\n        <div class=\"person__text mb-1\">JUDr. Radka MacGregor Pelik\u00e1nov\u00e1, Ph.D., LL.M., MBA, je vedouc\u00ed v\u00fdzkumu v sekci Komunikace a m\u00e9di\u00ed. Radka je produktivn\u00ed autorka, pedago\u017eka, a licencovan\u00e1 pr\u00e1vni\u010dka pro Evropu i USA. M\u00e1 v\u00edce ne\u017e 20 let zku\u0161enost\u00ed jako expertka na pr\u00e1va du\u0161evn\u00edho vlastnictv\u00ed, advok\u00e1tka, a ji\u017e patn\u00e1ct let se v\u011bnuje v\u00fduce a v\u00fdzkumu. Pochlubit se m\u016f\u017ee i desetiletou prax\u00ed v oblasti business managementu.<\/div>\n        <div>\n            <a href=\"mailto:\"><\/a>\n        <\/div>\n    <\/div>\n<\/div>\n\n\n<h3 class=\"wp-block-heading\">V\u00fdzkumn\u00ed pracovn\u00edci<\/h3>\n\n\n<div class=\"person person--academic compact\">\n    <div class=\"person__photo\">\n        <div class=\"person__photoWrapper\">\n            <img data-opt-id=906118368  fetchpriority=\"high\" decoding=\"async\" src=\"https:\/\/unyp-airtable.zvladneme.cz\/attachment\/academic-person\/recF6ozWqHX4mGpAG\/attqk8IJhCFrZIjCy\/large.jpg\" width=\"512\" height=\"512\" alt=\"Michael Austin Pitts\" loading=\"lazy\" class=\"img-fluid rounded-circle\"> \n        <\/div>\n    <\/div>\n    <div class=\"person__about\">\n        <div class=\"person__link mb-1\">\n            <a href=\"\/cs\/academic-staff\/recF6ozWqHX4mGpAG\/michael-austin-pitts\" class=\"post-headline\">Michael Austin Pitts<\/a>\n        <\/div>\n        <div class=\"person__text mb-1\">Vedouc\u00ed programu, Communication and Media<\/div>\n        <div>\n            <a href=\"mailto:\"><\/a>\n        <\/div>\n    <\/div>\n<\/div>\n\n<div class=\"person person--academic compact\">\n    <div class=\"person__photo\">\n        <div class=\"person__photoWrapper\">\n            <img data-opt-id=803070608  fetchpriority=\"high\" decoding=\"async\" src=\"https:\/\/unyp-airtable.zvladneme.cz\/attachment\/academic-person\/recPptETC1z2MVG8A\/atta0yNpMIrRk8ulh\/large.png\" width=\"428\" height=\"427\" alt=\"Todd Nesbitt\" loading=\"lazy\" class=\"img-fluid rounded-circle\"> \n        <\/div>\n    <\/div>\n    <div class=\"person__about\">\n        <div class=\"person__link mb-1\">\n            <a href=\"\/cs\/academic-staff\/recPptETC1z2MVG8A\/todd-nesbitt\" class=\"post-headline\">Todd Nesbitt<\/a>\n        <\/div>\n        <div class=\"person__text mb-1\">Garant<\/div>\n        <div>\n            <a href=\"mailto:\"><\/a>\n        <\/div>\n    <\/div>\n<\/div>\n\n<div class=\"person person--academic compact\">\n    <div class=\"person__photo\">\n        <div class=\"person__photoWrapper\">\n            <img data-opt-id=1592958926  fetchpriority=\"high\" decoding=\"async\" src=\"https:\/\/unyp-airtable.zvladneme.cz\/attachment\/academic-person\/rec95HMpOv5OotEKk\/attGbx7WCafIQvZ2y\/large.png\" width=\"429\" height=\"428\" alt=\"Tarik Jusi\u0107\" loading=\"lazy\" class=\"img-fluid rounded-circle\"> \n        <\/div>\n    <\/div>\n    <div class=\"person__about\">\n        <div class=\"person__link mb-1\">\n            <a href=\"\/cs\/academic-staff\/rec95HMpOv5OotEKk\/tarik-jusi\" class=\"post-headline\">Tarik Jusi\u0107<\/a>\n        <\/div>\n        <div class=\"person__text mb-1\"><\/div>\n        <div>\n            <a href=\"mailto:\"><\/a>\n        <\/div>\n    <\/div>\n<\/div>\n\n<div class=\"person person--academic compact\">\n    <div class=\"person__photo\">\n        <div class=\"person__photoWrapper\">\n            <img data-opt-id=877052807  fetchpriority=\"high\" decoding=\"async\" src=\"https:\/\/unyp-airtable.zvladneme.cz\/attachment\/academic-person\/recoAi2oFSlEfTIxR\/attJYKqqSBJAXWmVp\/large.jpg\" width=\"150\" height=\"150\" alt=\"Tess Slav\u00ed\u010dkov\u00e1\" loading=\"lazy\" class=\"img-fluid rounded-circle\"> \n        <\/div>\n    <\/div>\n    <div class=\"person__about\">\n        <div class=\"person__link mb-1\">\n            <a href=\"\/cs\/academic-staff\/recoAi2oFSlEfTIxR\/tess-slav-kov\" class=\"post-headline\">Tess Slav\u00ed\u010dkov\u00e1<\/a>\n        <\/div>\n        <div class=\"person__text mb-1\"><\/div>\n        <div>\n            <a href=\"mailto:\"><\/a>\n        <\/div>\n    <\/div>\n<\/div>\n\n<div class=\"person person--academic compact\">\n    <div class=\"person__photo\">\n        <div class=\"person__photoWrapper\">\n            <img data-opt-id=1825860219  fetchpriority=\"high\" decoding=\"async\" src=\"https:\/\/unyp-airtable.zvladneme.cz\/attachment\/academic-person\/reclhH88qoHOS5PTY\/attXo92cnqZcQeg9q\/large.jpg\" width=\"100\" height=\"100\" alt=\"Veronika Zav\u0159elov\u00e1\" loading=\"lazy\" class=\"img-fluid rounded-circle\"> \n        <\/div>\n    <\/div>\n    <div class=\"person__about\">\n        <div class=\"person__link mb-1\">\n            <a href=\"\/cs\/academic-staff\/reclhH88qoHOS5PTY\/veronika-zav-elov\" class=\"post-headline\">Veronika Zav\u0159elov\u00e1<\/a>\n        <\/div>\n        <div class=\"person__text mb-1\"><\/div>\n        <div>\n            <a href=\"mailto:\"><\/a>\n        <\/div>\n    <\/div>\n<\/div>\n\n\n<div style=\"height:23px\" aria-hidden=\"true\" class=\"wp-block-spacer\"><\/div>\n\n\n\n<h2 class=\"wp-block-heading\">Zaj\u00edm\u00e1te se o v\u00fdzkum CMRC?<\/h2>\n\n\n\n<p>Nav\u0161tivte na\u0161i str\u00e1nku <a href=\"https:\/\/www.unyp.cz\/research-highlights\/\">Research Highlights<\/a> a seznamte se s kl\u00ed\u010dov\u00fdmi projekty a v\u011bdeck\u00fdmi p\u0159\u00edsp\u011bvky.<\/p>\n\n\n\n<hr class=\"wp-block-separator has-alpha-channel-opacity\"\/>\n\n\n\n<h2 class=\"wp-block-heading\">Kontakt<\/h2>\n\n\n\n<p>Chcete-li se dozv\u011bd\u011bt v\u00edce o v\u00fdzkumn\u00fdch aktivit\u00e1ch nebo potenci\u00e1ln\u00ed spolupr\u00e1ci, kontaktujte v\u00fdzkumn\u00e9 centrum Communication and Media Research Center na UNYP.<\/p>\n","protected":false},"excerpt":{"rendered":"<p>Communication and Media Research Center (CMRC) na University of New York in Prague je centrem akademick\u00e9ho v\u00fdzkumu v oblasti m\u00e9di\u00ed a komunikace. Jeho hlavn\u00edm posl\u00e1n\u00edm je prohlubovat znalosti a porozum\u011bn\u00ed dynamick\u00e9mu propojen\u00ed m\u00e9di\u00ed, komunikace a spole\u010dnosti. Centrum tvo\u0159\u00ed r\u016fznorod\u00e1 skupina v\u011bdc\u016f, v\u00fdzkumn\u00fdch pracovn\u00edk\u016f a profesion\u00e1l\u016f z oboru, kte\u0159\u00ed se v\u011bnuj\u00ed interdisciplin\u00e1rn\u00edmu v\u00fdzkumu, jen\u017e \u0159e\u0161\u00ed nal\u00e9hav\u00e9 [&hellip;]<\/p>\n","protected":false},"author":4,"featured_media":31009,"parent":28374,"menu_order":0,"comment_status":"closed","ping_status":"closed","template":"","meta":{"_acf_changed":false,"inline_featured_image":false,"advgb_blocks_editor_width":"","advgb_blocks_columns_visual_guide":"","footnotes":""},"categories":[],"tags":[],"class_list":["post-31205","page","type-page","status-publish","has-post-thumbnail","hentry"],"acf":[],"mb":[],"coauthors":[],"author_meta":{"author_link":"https:\/\/www.unyp.cz\/cs\/author\/dnovakunyp-cz\/","display_name":"David Nov\u00e1k"},"relative_dates":{"created":"Posted 3 years ago","modified":"Updated 12 months ago"},"absolute_dates":{"created":"Posted on June 13, 2023","modified":"Updated on April 22, 2025"},"absolute_dates_time":{"created":"Posted on June 13, 2023 2:56 PM","modified":"Updated on April 22, 2025 2:17 PM"},"featured_img_caption":"","featured_img":"https:\/\/mlgfjgj9j0su.i.optimole.com\/w:auto\/h:auto\/q:mauto\/f:best\/https:\/\/www.unyp.cz\/wp-content\/uploads\/2023\/06\/School-of-Communication-and-Media-Research-Center-scaled.jpg","series_order":"","mfb_rest_fields":["title","coauthors","author_meta","relative_dates","absolute_dates","absolute_dates_time","featured_img_caption","featured_img","series_order"],"_links":{"self":[{"href":"https:\/\/www.unyp.cz\/cs\/wp-json\/wp\/v2\/pages\/31205","targetHints":{"allow":["GET"]}}],"collection":[{"href":"https:\/\/www.unyp.cz\/cs\/wp-json\/wp\/v2\/pages"}],"about":[{"href":"https:\/\/www.unyp.cz\/cs\/wp-json\/wp\/v2\/types\/page"}],"author":[{"embeddable":true,"href":"https:\/\/www.unyp.cz\/cs\/wp-json\/wp\/v2\/users\/4"}],"replies":[{"embeddable":true,"href":"https:\/\/www.unyp.cz\/cs\/wp-json\/wp\/v2\/comments?post=31205"}],"version-history":[{"count":7,"href":"https:\/\/www.unyp.cz\/cs\/wp-json\/wp\/v2\/pages\/31205\/revisions"}],"predecessor-version":[{"id":62575,"href":"https:\/\/www.unyp.cz\/cs\/wp-json\/wp\/v2\/pages\/31205\/revisions\/62575"}],"up":[{"embeddable":true,"href":"https:\/\/www.unyp.cz\/cs\/wp-json\/wp\/v2\/pages\/28374"}],"wp:featuredmedia":[{"embeddable":true,"href":"https:\/\/www.unyp.cz\/cs\/wp-json\/wp\/v2\/media\/31009"}],"wp:attachment":[{"href":"https:\/\/www.unyp.cz\/cs\/wp-json\/wp\/v2\/media?parent=31205"}],"wp:term":[{"taxonomy":"category","embeddable":true,"href":"https:\/\/www.unyp.cz\/cs\/wp-json\/wp\/v2\/categories?post=31205"},{"taxonomy":"post_tag","embeddable":true,"href":"https:\/\/www.unyp.cz\/cs\/wp-json\/wp\/v2\/tags?post=31205"}],"curies":[{"name":"wp","href":"https:\/\/api.w.org\/{rel}","templated":true}]}}