{"id":31209,"date":"2023-06-13T15:05:35","date_gmt":"2023-06-13T15:05:35","guid":{"rendered":"https:\/\/www.unyp.cz\/?page_id=31209"},"modified":"2025-04-22T14:02:23","modified_gmt":"2025-04-22T13:02:23","slug":"school-of-international-relations-research-center","status":"publish","type":"page","link":"https:\/\/www.unyp.cz\/cs\/vyzkum-a-publikace\/school-of-international-relations-research-center\/","title":{"rendered":"School of\u00a0International Relations Research Center (IRRC)"},"content":{"rendered":"\n<figure class=\"wp-block-image size-large\"><img data-opt-id=11106183  fetchpriority=\"high\" decoding=\"async\" width=\"1400\" height=\"841\" src=\"https:\/\/mlgfjgj9j0su.i.optimole.com\/w:1400\/h:841\/q:mauto\/f:best\/https:\/\/www.unyp.cz\/wp-content\/uploads\/2023\/06\/School-of-International-Relations-Research-Center.jpg\" alt=\"School of International Relations Research Center main image\" class=\"wp-image-31013\" srcset=\"https:\/\/mlgfjgj9j0su.i.optimole.com\/w:1400\/h:841\/q:mauto\/f:best\/https:\/\/www.unyp.cz\/wp-content\/uploads\/2023\/06\/School-of-International-Relations-Research-Center.jpg 1400w, https:\/\/mlgfjgj9j0su.i.optimole.com\/w:300\/h:180\/q:mauto\/f:best\/https:\/\/www.unyp.cz\/wp-content\/uploads\/2023\/06\/School-of-International-Relations-Research-Center.jpg 300w, https:\/\/mlgfjgj9j0su.i.optimole.com\/w:150\/h:90\/q:mauto\/f:best\/https:\/\/www.unyp.cz\/wp-content\/uploads\/2023\/06\/School-of-International-Relations-Research-Center.jpg 150w, https:\/\/mlgfjgj9j0su.i.optimole.com\/w:768\/h:462\/q:mauto\/f:best\/https:\/\/www.unyp.cz\/wp-content\/uploads\/2023\/06\/School-of-International-Relations-Research-Center.jpg 768w, https:\/\/mlgfjgj9j0su.i.optimole.com\/w:1536\/h:923\/q:mauto\/f:best\/https:\/\/www.unyp.cz\/wp-content\/uploads\/2023\/06\/School-of-International-Relations-Research-Center.jpg 1536w, https:\/\/mlgfjgj9j0su.i.optimole.com\/w:1920\/h:1154\/q:mauto\/f:best\/https:\/\/www.unyp.cz\/wp-content\/uploads\/2023\/06\/School-of-International-Relations-Research-Center.jpg 2048w\" sizes=\"(max-width: 1000px) 100vw, 1000px\" \/><\/figure>\n\n\n\n<div style=\"height:28px\" aria-hidden=\"true\" class=\"wp-block-spacer\"><\/div>\n\n\n\n<p><strong>International Relations Research Center (IRRC)<\/strong>&nbsp;na University of New York in Prague (UNYP) je akademick\u00fdm centrem pro interdisciplin\u00e1rn\u00ed a politicky orientovan\u00fd v\u00fdzkum. IRRC zkoum\u00e1 sou\u010dasn\u00e9 glob\u00e1ln\u00ed probl\u00e9my prost\u0159ednictv\u00edm spolupr\u00e1ce v r\u00e1mci UNYP a s extern\u00edmi institucemi a p\u0159isp\u00edv\u00e1 k v\u011bdeck\u00e9mu v\u00fdzkumu a politice v oblasti mezin\u00e1rodn\u00edch vztah\u016f, bezpe\u010dnosti, spr\u00e1vy v\u011bc\u00ed ve\u0159ejn\u00fdch a komunikace.<\/p>\n\n\n\n<hr class=\"wp-block-separator has-alpha-channel-opacity\"\/>\n\n\n\n<h3 class=\"wp-block-heading\">Politick\u00e1 komunikace a medi\u00e1ln\u00ed vliv<\/h3>\n\n\n\n<ul class=\"wp-block-list\">\n<li>Politick\u00e1 komunikace v demokratick\u00fdch a autorit\u00e1\u0159sk\u00fdch re\u017eimech<\/li>\n\n\n\n<li>Studium propagandy a dezinformac\u00ed<\/li>\n\n\n\n<li>Volebn\u00ed chov\u00e1n\u00ed a formov\u00e1n\u00ed ve\u0159ejn\u00e9ho m\u00edn\u011bn\u00ed<\/li>\n\n\n\n<li>Medi\u00e1ln\u00ed ekosyst\u00e9my, populismus a dynamika politick\u00fdch stran<\/li>\n<\/ul>\n\n\n\n<hr class=\"wp-block-separator has-alpha-channel-opacity\"\/>\n\n\n\n<h3 class=\"wp-block-heading\">Studia m\u00edru, konflikt\u016f a kolektivn\u00ed bezpe\u010dnosti<\/h3>\n\n\n\n<ul class=\"wp-block-list\">\n<li>Anal\u00fdza, prevence a transformace konflikt\u016f<\/li>\n\n\n\n<li>Budov\u00e1n\u00ed m\u00edru a postkonfliktn\u00ed obnova<\/li>\n\n\n\n<li>Mechanismy kolektivn\u00ed bezpe\u010dnosti (nap\u0159. NATO, OSN)<\/li>\n\n\n\n<li>Reakce na krize a p\u0159echodn\u00e9 soudnictv\u00ed<\/li>\n<\/ul>\n\n\n\n<hr class=\"wp-block-separator has-alpha-channel-opacity\"\/>\n\n\n\n<h3 class=\"wp-block-heading\">Mezin\u00e1rodn\u00ed vztahy a bezpe\u010dnostn\u00ed strategie<\/h3>\n\n\n\n<ul class=\"wp-block-list\">\n<li>Mnohostrann\u00e1 diplomacie a mezin\u00e1rodn\u00ed organizace (EU, NATO, OSN).<\/li>\n\n\n\n<li>Rozvoj strategick\u00e9 a obrann\u00e9 politiky<\/li>\n\n\n\n<li>Hybridn\u00ed v\u00e1lka a neregul\u00e9rn\u00ed konflikty<\/li>\n\n\n\n<li>Protipovstaleck\u00e9 a protiteroristick\u00e9 operace<\/li>\n\n\n\n<li>Environment\u00e1ln\u00ed a netradi\u010dn\u00ed bezpe\u010dnostn\u00ed hrozby<\/li>\n<\/ul>\n\n\n\n<hr class=\"wp-block-separator has-alpha-channel-opacity\"\/>\n\n\n\n<h3 class=\"wp-block-heading\">Spr\u00e1va v\u011bc\u00ed ve\u0159ejn\u00fdch, etika a demokratizace<\/h3>\n\n\n\n<ul class=\"wp-block-list\">\n<li>Demokratizace a politick\u00e9 p\u0159echody<\/li>\n\n\n\n<li>Politick\u00e1 etika a syst\u00e9my integrity<\/li>\n\n\n\n<li>Modely spr\u00e1vy a institucion\u00e1ln\u00ed odolnost<\/li>\n<\/ul>\n\n\n\n<hr class=\"wp-block-separator has-alpha-channel-opacity\"\/>\n\n\n\n<h3 class=\"wp-block-heading\">Pr\u00e1vo a glob\u00e1ln\u00ed normy<\/h3>\n\n\n\n<ul class=\"wp-block-list\">\n<li>Mezin\u00e1rodn\u00ed pr\u00e1vo a glob\u00e1ln\u00ed pr\u00e1vn\u00ed syst\u00e9my<\/li>\n\n\n\n<li>Mezin\u00e1rodn\u00ed humanit\u00e1rn\u00ed pr\u00e1vo<\/li>\n\n\n\n<li>Lidsk\u00e1 pr\u00e1va a jejich prosazov\u00e1n\u00ed<\/li>\n<\/ul>\n\n\n\n<hr class=\"wp-block-separator has-alpha-channel-opacity\"\/>\n\n\n\n<h3 class=\"wp-block-heading\">Historick\u00e1 a region\u00e1ln\u00ed studia<\/h3>\n\n\n\n<ul class=\"wp-block-list\">\n<li>D\u011bdictv\u00ed studen\u00e9 v\u00e1lky a vztahy velmoc\u00ed<\/li>\n\n\n\n<li>Historie a institucion\u00e1ln\u00ed v\u00fdvoj EU<\/li>\n\n\n\n<li>Americk\u00e1 zahrani\u010dn\u00ed politika<\/li>\n\n\n\n<li>Region\u00e1ln\u00ed studia se zam\u011b\u0159en\u00edm na Afriku a st\u0159edn\u00ed Evropu<\/li>\n<\/ul>\n\n\n\n<div style=\"height:20px\" aria-hidden=\"true\" class=\"wp-block-spacer\"><\/div>\n\n\n\n<h2 class=\"wp-block-heading\">Vedouc\u00ed v\u00fdzkumu<\/h2>\n\n\n<div class=\"person person--academic default\">\n    <div class=\"person__photo\">\n        <div class=\"person__photoWrapper\">\n            <img data-opt-id=1109636826  fetchpriority=\"high\" decoding=\"async\" src=\"https:\/\/unyp-airtable.zvladneme.cz\/attachment\/academic-person\/reclmNhqp72QzhMHO\/attshMu3pe0LJVPMC\/large.jpg\" width=\"512\" height=\"512\" alt=\"Jakub Z\u00e1hora\" loading=\"lazy\" class=\"img-fluid rounded-circle\"> \n        <\/div>\n    <\/div>\n    <div class=\"person__about\">\n        <div class=\"person__link mb-1\">\n            <a href=\"\/cs\/academic-staff\/reclmNhqp72QzhMHO\/jakub-z-hora\" class=\"post-headline\">Jakub Z\u00e1hora<\/a>\n        <\/div>\n        <div class=\"person__text mb-1\">Ph.D. Charles University, Czech Republic <br \/>\nMA SOAS University of London, UK<br \/>\nMA Charles University, Czech Republic<br \/>\n<br \/>\nJakub Z\u00e1hora vystudoval magistersk\u00e9 obory Bl\u00edzkov\u00fdchodn\u00ed studia na SOAS v Lond\u00fdn\u011b a Bezpe\u010dnostn\u00ed studia na Univerzit\u011b Karlov\u011b, kde absolvoval i doktorsk\u00e9 studium Mezin\u00e1rodn\u00edch vztah\u016f. \u010clenem Katedry mezin\u00e1rodn\u00edch vztah\u016f a medi\u00e1ln\u00edch studi\u00ed na UNYP je od podzimu 2023, kdy nastoupil do pozice v\u00fdzkumn\u00edka. V minulosti byl postdoktorandem na Institutu Maxe Plancka pro soci\u00e1ln\u00ed antroplogii a lektorem na Kated\u0159e mezin\u00e1rodn\u00edch vztah\u016f FSV UK, a p\u016fsobil tak\u00e9 jako hostuj\u00edc\u00ed v\u00fdzkumn\u00edk na Hebrejsk\u00e9 univerzit\u011b, Koda\u0148sk\u00e9 univerzit\u011b a Newyorsk\u00e9 univerzit\u011b. Z\u00e1hora vyu\u010doval kurzy v\u011bnuj\u00edc\u00ed se bl\u00edzkov\u00fdchodn\u00ed politice, teori\u00edm mezin\u00e1rodn\u00edch vztah\u016f a bezpe\u010dnostn\u00edch studi\u00ed a metodologi\u00edm v politick\u00e9 v\u011bd\u011b. Jeho odborn\u00e9 z\u00e1jmy pokr\u00fdvaj\u00ed kritick\u00e9 p\u0159\u00edstupy ke zkoum\u00e1n\u00ed mezin\u00e1rodn\u00ed politiky, politickou etnografii a izraelsko-palestinsk\u00fd konflikt. <\/div>\n        <div>\n            <a href=\"mailto:\"><\/a>\n        <\/div>\n    <\/div>\n<\/div>\n\n\n<h3 class=\"wp-block-heading\">V\u00fdzkumn\u00ed pracovn\u00edci<\/h3>\n\n\n<div class=\"person person--academic compact\">\n    <div class=\"person__photo\">\n        <div class=\"person__photoWrapper\">\n            <img data-opt-id=18649179  fetchpriority=\"high\" decoding=\"async\" src=\"https:\/\/unyp-airtable.zvladneme.cz\/attachment\/academic-person\/rectyVlkej2oGlR2A\/attPpXZty8fu0fX6L\/large.jpg\" width=\"512\" height=\"512\" alt=\"Oscar Hidalgo-Redondo\" loading=\"lazy\" class=\"img-fluid rounded-circle\"> \n        <\/div>\n    <\/div>\n    <div class=\"person__about\">\n        <div class=\"person__link mb-1\">\n            <a href=\"\/cs\/academic-staff\/rectyVlkej2oGlR2A\/oscar-hidalgo-redondo\" class=\"post-headline\">Oscar Hidalgo-Redondo<\/a>\n        <\/div>\n        <div class=\"person__text mb-1\">D\u011bkan, School of International Relations and Media Studies<\/div>\n        <div>\n            <a href=\"mailto:\"><\/a>\n        <\/div>\n    <\/div>\n<\/div>\n\n<div class=\"person person--academic compact\">\n    <div class=\"person__photo\">\n        <div class=\"person__photoWrapper\">\n            <img data-opt-id=2075612731  fetchpriority=\"high\" decoding=\"async\" src=\"https:\/\/unyp-airtable.zvladneme.cz\/attachment\/academic-person\/recIoMGrM1gwO0W5k\/attQsUutOK0vFgaC9\/large.jpeg\" width=\"512\" height=\"512\" alt=\"Iveta Hlouchov\u00e1\" loading=\"lazy\" class=\"img-fluid rounded-circle\"> \n        <\/div>\n    <\/div>\n    <div class=\"person__about\">\n        <div class=\"person__link mb-1\">\n            <a href=\"\/cs\/academic-staff\/recIoMGrM1gwO0W5k\/iveta-hlouchov\" class=\"post-headline\">Iveta Hlouchov\u00e1<\/a>\n        <\/div>\n        <div class=\"person__text mb-1\"><\/div>\n        <div>\n            <a href=\"mailto:\"><\/a>\n        <\/div>\n    <\/div>\n<\/div>\n\n<div class=\"person person--academic compact\">\n    <div class=\"person__photo\">\n        <div class=\"person__photoWrapper\">\n            <img data-opt-id=2019963726  fetchpriority=\"high\" decoding=\"async\" src=\"https:\/\/unyp-airtable.zvladneme.cz\/attachment\/academic-person\/rec4nIOcBPgAWr96O\/attDCe2mvwyph2DXc\/large.jpg\" width=\"100\" height=\"100\" alt=\"Charles Webel\" loading=\"lazy\" class=\"img-fluid rounded-circle\"> \n        <\/div>\n    <\/div>\n    <div class=\"person__about\">\n        <div class=\"person__link mb-1\">\n            <a href=\"\/cs\/academic-staff\/rec4nIOcBPgAWr96O\/charles-webel\" class=\"post-headline\">Charles Webel<\/a>\n        <\/div>\n        <div class=\"person__text mb-1\"><\/div>\n        <div>\n            <a href=\"mailto:\"><\/a>\n        <\/div>\n    <\/div>\n<\/div>\n\n<div class=\"person person--academic compact\">\n    <div class=\"person__photo\">\n        <div class=\"person__photoWrapper\">\n            <img data-opt-id=758586519  fetchpriority=\"high\" decoding=\"async\" src=\"https:\/\/unyp-airtable.zvladneme.cz\/attachment\/academic-person\/recGyrHtLgD2UnZgw\/attSxKju4nCS43iDy\/large.jpg\" width=\"100\" height=\"100\" alt=\"Jan Kov\u00e1\u0159\" loading=\"lazy\" class=\"img-fluid rounded-circle\"> \n        <\/div>\n    <\/div>\n    <div class=\"person__about\">\n        <div class=\"person__link mb-1\">\n            <a href=\"\/cs\/academic-staff\/recGyrHtLgD2UnZgw\/jan-kov\" class=\"post-headline\">Jan Kov\u00e1\u0159<\/a>\n        <\/div>\n        <div class=\"person__text mb-1\"><\/div>\n        <div>\n            <a href=\"mailto:\"><\/a>\n        <\/div>\n    <\/div>\n<\/div>\n\n<div class=\"person person--academic compact\">\n    <div class=\"person__photo\">\n        <div class=\"person__photoWrapper\">\n            <img data-opt-id=1887514277  fetchpriority=\"high\" decoding=\"async\" src=\"https:\/\/unyp-airtable.zvladneme.cz\/attachment\/academic-person\/recXXr9mXwrDziv5d\/attnL69yKPUeCGzyx\/large.jfif\" width=\"512\" height=\"512\" alt=\"Tam\u00e1s Lattmann\" loading=\"lazy\" class=\"img-fluid rounded-circle\"> \n        <\/div>\n    <\/div>\n    <div class=\"person__about\">\n        <div class=\"person__link mb-1\">\n            <a href=\"\/cs\/academic-staff\/recXXr9mXwrDziv5d\/tam-s-lattmann\" class=\"post-headline\">Tam\u00e1s Lattmann<\/a>\n        <\/div>\n        <div class=\"person__text mb-1\"><\/div>\n        <div>\n            <a href=\"mailto:\"><\/a>\n        <\/div>\n    <\/div>\n<\/div>\n\n\n<div style=\"height:45px\" aria-hidden=\"true\" class=\"wp-block-spacer\"><\/div>\n\n\n\n<h2 class=\"wp-block-heading\">Zaj\u00edm\u00e1te se o v\u00fdzkum IRRC?<\/h2>\n\n\n\n<p>Nav\u0161tivte na\u0161i str\u00e1nku <a href=\"https:\/\/www.unyp.cz\/research-highlights\/\">Research highlights<\/a> a seznamte se s kl\u00ed\u010dov\u00fdmi projekty a v\u011bdeck\u00fdmi p\u0159\u00edsp\u011bvky.<\/p>\n\n\n\n<hr class=\"wp-block-separator has-alpha-channel-opacity\"\/>\n\n\n\n<h2 class=\"wp-block-heading\">Kontakt<\/h2>\n\n\n\n<p>Chcete-li se dozv\u011bd\u011bt v\u00edce o v\u00fdzkumn\u00fdch aktivit\u00e1ch nebo potenci\u00e1ln\u00ed spolupr\u00e1ci, kontaktujte School of&nbsp;International Relations Research Center na UNYP.<\/p>\n\n\n\n<p><\/p>\n","protected":false},"excerpt":{"rendered":"<p>International Relations Research Center (IRRC)&nbsp;na University of New York in Prague (UNYP) je akademick\u00fdm centrem pro interdisciplin\u00e1rn\u00ed a politicky orientovan\u00fd v\u00fdzkum. IRRC zkoum\u00e1 sou\u010dasn\u00e9 glob\u00e1ln\u00ed probl\u00e9my prost\u0159ednictv\u00edm spolupr\u00e1ce v r\u00e1mci UNYP a s extern\u00edmi institucemi a p\u0159isp\u00edv\u00e1 k v\u011bdeck\u00e9mu v\u00fdzkumu a politice v oblasti mezin\u00e1rodn\u00edch vztah\u016f, bezpe\u010dnosti, spr\u00e1vy v\u011bc\u00ed ve\u0159ejn\u00fdch a komunikace. Politick\u00e1 komunikace a [&hellip;]<\/p>\n","protected":false},"author":4,"featured_media":31013,"parent":28374,"menu_order":0,"comment_status":"closed","ping_status":"closed","template":"","meta":{"_acf_changed":false,"inline_featured_image":false,"advgb_blocks_editor_width":"","advgb_blocks_columns_visual_guide":"","footnotes":""},"categories":[],"tags":[],"class_list":["post-31209","page","type-page","status-publish","has-post-thumbnail","hentry"],"acf":[],"mb":[],"coauthors":[],"author_meta":{"author_link":"https:\/\/www.unyp.cz\/cs\/author\/dnovakunyp-cz\/","display_name":"David Nov\u00e1k"},"relative_dates":{"created":"Posted 3 years ago","modified":"Updated 12 months ago"},"absolute_dates":{"created":"Posted on June 13, 2023","modified":"Updated on April 22, 2025"},"absolute_dates_time":{"created":"Posted on June 13, 2023 3:05 PM","modified":"Updated on April 22, 2025 2:02 PM"},"featured_img_caption":"","featured_img":"https:\/\/mlgfjgj9j0su.i.optimole.com\/w:auto\/h:auto\/q:mauto\/f:best\/https:\/\/www.unyp.cz\/wp-content\/uploads\/2023\/06\/School-of-International-Relations-Research-Center.jpg","series_order":"","mfb_rest_fields":["title","coauthors","author_meta","relative_dates","absolute_dates","absolute_dates_time","featured_img_caption","featured_img","series_order"],"_links":{"self":[{"href":"https:\/\/www.unyp.cz\/cs\/wp-json\/wp\/v2\/pages\/31209","targetHints":{"allow":["GET"]}}],"collection":[{"href":"https:\/\/www.unyp.cz\/cs\/wp-json\/wp\/v2\/pages"}],"about":[{"href":"https:\/\/www.unyp.cz\/cs\/wp-json\/wp\/v2\/types\/page"}],"author":[{"embeddable":true,"href":"https:\/\/www.unyp.cz\/cs\/wp-json\/wp\/v2\/users\/4"}],"replies":[{"embeddable":true,"href":"https:\/\/www.unyp.cz\/cs\/wp-json\/wp\/v2\/comments?post=31209"}],"version-history":[{"count":12,"href":"https:\/\/www.unyp.cz\/cs\/wp-json\/wp\/v2\/pages\/31209\/revisions"}],"predecessor-version":[{"id":62571,"href":"https:\/\/www.unyp.cz\/cs\/wp-json\/wp\/v2\/pages\/31209\/revisions\/62571"}],"up":[{"embeddable":true,"href":"https:\/\/www.unyp.cz\/cs\/wp-json\/wp\/v2\/pages\/28374"}],"wp:featuredmedia":[{"embeddable":true,"href":"https:\/\/www.unyp.cz\/cs\/wp-json\/wp\/v2\/media\/31013"}],"wp:attachment":[{"href":"https:\/\/www.unyp.cz\/cs\/wp-json\/wp\/v2\/media?parent=31209"}],"wp:term":[{"taxonomy":"category","embeddable":true,"href":"https:\/\/www.unyp.cz\/cs\/wp-json\/wp\/v2\/categories?post=31209"},{"taxonomy":"post_tag","embeddable":true,"href":"https:\/\/www.unyp.cz\/cs\/wp-json\/wp\/v2\/tags?post=31209"}],"curies":[{"name":"wp","href":"https:\/\/api.w.org\/{rel}","templated":true}]}}