{"id":43922,"date":"2024-02-26T16:18:13","date_gmt":"2024-02-26T15:18:13","guid":{"rendered":"https:\/\/www.unyp.cz\/?page_id=43922"},"modified":"2025-03-13T11:11:13","modified_gmt":"2025-03-13T10:11:13","slug":"vyzkumne-projekty","status":"publish","type":"page","link":"https:\/\/www.unyp.cz\/cs\/vyzkum-a-publikace\/vyzkumne-projekty\/","title":{"rendered":"V\u00fdzkumn\u00e9 projekty"},"content":{"rendered":"\n<div style=\"height:5px\" aria-hidden=\"true\" class=\"wp-block-spacer\"><\/div>\n\n\n\n<p>V\u00fdzkumn\u00e9 projekty a granty jsou \u00fast\u0159edn\u00edm prvkem z\u00e1vazku UNYP k akademick\u00e9 excelenci a spole\u010densk\u00e9mu dopadu. \u00da\u010dast\u00ed na r\u016fzn\u00fdch v\u00fdzkumn\u00fdch iniciativ\u00e1ch UNYP rozv\u00edj\u00ed znalosti a zvy\u0161uje kvalitu vzd\u011bl\u00e1v\u00e1n\u00ed.<\/p>\n\n\n\n<p>UNYP se pod\u00edlela na n\u00e1sleduj\u00edc\u00edch v\u00fdzkumn\u00fdch projektech a grantech:<\/p>\n\n\n\n<div style=\"height:5px\" aria-hidden=\"true\" class=\"wp-block-spacer\"><\/div>\n\n\n\n<h2 class=\"wp-block-heading\">EASE<\/h2>\n\n\n\n<figure class=\"wp-block-table\"><table class=\"has-fixed-layout\"><tbody><tr><td><strong>N\u00e1zev projektu<\/strong><\/td><td>Empowering Adult Survivors of Domestic Violence through Entrepreneurship (EASE)<\/td><\/tr><tr><td><strong>Obdob\u00ed<\/strong><\/td><td>2022-2024<\/td><\/tr><tr><td><strong>Organizace<\/strong><\/td><td>Erasmus+<\/td><\/tr><tr><td><strong>Status<\/strong><\/td><td>V realizaci<\/td><\/tr><tr><td><strong>Stru\u010dn\u00fd popis<\/strong><\/td><td>C\u00edlem projektu EASE je pos\u00edlit postaven\u00ed osob, kter\u00e9 p\u0159e\u017eily dom\u00e1c\u00ed n\u00e1sil\u00ed, prost\u0159ednictv\u00edm podnik\u00e1n\u00ed. Za t\u00edmto \u00fa\u010delem se projekt EASE sna\u017e\u00ed spoluvytvo\u0159it \u0161kolic\u00ed program, kter\u00fd je speci\u00e1ln\u011b navr\u017een tak, aby usnadnil p\u0159ijet\u00ed podnikatelsk\u00e9 identity po p\u0159e\u017eit\u00ed dom\u00e1c\u00edho n\u00e1sil\u00ed, a kter\u00fd m\u016f\u017ee b\u00fdt replikov\u00e1n v cel\u00e9 Evrop\u011b.<\/td><\/tr><tr><td><strong>Webov\u00e9 str\u00e1nky<\/strong><\/td><td><a href=\"https:\/\/www.easeproject.eu\/\" target=\"_blank\" rel=\"noreferrer noopener\">https:\/\/www.easeproject.eu\/<\/a><\/td><\/tr><\/tbody><\/table><\/figure>\n","protected":false},"excerpt":{"rendered":"<p>V\u00fdzkumn\u00e9 projekty a granty jsou \u00fast\u0159edn\u00edm prvkem z\u00e1vazku UNYP k akademick\u00e9 excelenci a spole\u010densk\u00e9mu dopadu. \u00da\u010dast\u00ed na r\u016fzn\u00fdch v\u00fdzkumn\u00fdch iniciativ\u00e1ch UNYP rozv\u00edj\u00ed znalosti a zvy\u0161uje kvalitu vzd\u011bl\u00e1v\u00e1n\u00ed. UNYP se pod\u00edlela na n\u00e1sleduj\u00edc\u00edch v\u00fdzkumn\u00fdch projektech a grantech: EASE N\u00e1zev projektu Empowering Adult Survivors of Domestic Violence through Entrepreneurship (EASE) Obdob\u00ed 2022-2024 Organizace Erasmus+ Status V realizaci [&hellip;]<\/p>\n","protected":false},"author":4,"featured_media":43379,"parent":28374,"menu_order":0,"comment_status":"closed","ping_status":"closed","template":"","meta":{"_acf_changed":false,"inline_featured_image":false,"advgb_blocks_editor_width":"","advgb_blocks_columns_visual_guide":"","footnotes":""},"categories":[],"tags":[],"class_list":["post-43922","page","type-page","status-publish","has-post-thumbnail","hentry"],"acf":[],"mb":[],"coauthors":[],"author_meta":{"author_link":"https:\/\/www.unyp.cz\/cs\/author\/dnovakunyp-cz\/","display_name":"David Nov\u00e1k"},"relative_dates":{"created":"Posted 2 years ago","modified":"Updated 1 year ago"},"absolute_dates":{"created":"Posted on February 26, 2024","modified":"Updated on March 13, 2025"},"absolute_dates_time":{"created":"Posted on February 26, 2024 4:18 PM","modified":"Updated on March 13, 2025 11:11 AM"},"featured_img_caption":"","featured_img":"https:\/\/mlgfjgj9j0su.i.optimole.com\/w:auto\/h:auto\/q:mauto\/f:best\/https:\/\/www.unyp.cz\/wp-content\/uploads\/2024\/02\/research-projects.jpg","series_order":"","mfb_rest_fields":["title","coauthors","author_meta","relative_dates","absolute_dates","absolute_dates_time","featured_img_caption","featured_img","series_order"],"_links":{"self":[{"href":"https:\/\/www.unyp.cz\/cs\/wp-json\/wp\/v2\/pages\/43922","targetHints":{"allow":["GET"]}}],"collection":[{"href":"https:\/\/www.unyp.cz\/cs\/wp-json\/wp\/v2\/pages"}],"about":[{"href":"https:\/\/www.unyp.cz\/cs\/wp-json\/wp\/v2\/types\/page"}],"author":[{"embeddable":true,"href":"https:\/\/www.unyp.cz\/cs\/wp-json\/wp\/v2\/users\/4"}],"replies":[{"embeddable":true,"href":"https:\/\/www.unyp.cz\/cs\/wp-json\/wp\/v2\/comments?post=43922"}],"version-history":[{"count":2,"href":"https:\/\/www.unyp.cz\/cs\/wp-json\/wp\/v2\/pages\/43922\/revisions"}],"predecessor-version":[{"id":60448,"href":"https:\/\/www.unyp.cz\/cs\/wp-json\/wp\/v2\/pages\/43922\/revisions\/60448"}],"up":[{"embeddable":true,"href":"https:\/\/www.unyp.cz\/cs\/wp-json\/wp\/v2\/pages\/28374"}],"wp:featuredmedia":[{"embeddable":true,"href":"https:\/\/www.unyp.cz\/cs\/wp-json\/wp\/v2\/media\/43379"}],"wp:attachment":[{"href":"https:\/\/www.unyp.cz\/cs\/wp-json\/wp\/v2\/media?parent=43922"}],"wp:term":[{"taxonomy":"category","embeddable":true,"href":"https:\/\/www.unyp.cz\/cs\/wp-json\/wp\/v2\/categories?post=43922"},{"taxonomy":"post_tag","embeddable":true,"href":"https:\/\/www.unyp.cz\/cs\/wp-json\/wp\/v2\/tags?post=43922"}],"curies":[{"name":"wp","href":"https:\/\/api.w.org\/{rel}","templated":true}]}}