{"id":48140,"date":"2024-06-03T14:07:12","date_gmt":"2024-06-03T13:07:12","guid":{"rendered":"https:\/\/www.unyp.cz\/?page_id=48140"},"modified":"2025-04-25T09:05:25","modified_gmt":"2025-04-25T08:05:25","slug":"predstavujeme-letni-akceleracni-program-unyp","status":"publish","type":"page","link":"https:\/\/www.unyp.cz\/cs\/predstavujeme-letni-akceleracni-program-unyp\/","title":{"rendered":"UNYP Online Letn\u00ed Akcelera\u010dn\u00ed Program"},"content":{"rendered":"\n<figure class=\"wp-block-image size-full\"><img data-opt-id=870743841  fetchpriority=\"high\" decoding=\"async\" width=\"1400\" height=\"933\" src=\"https:\/\/mlgfjgj9j0su.i.optimole.com\/w:auto\/h:auto\/q:mauto\/f:best\/https:\/\/www.unyp.cz\/wp-content\/uploads\/2025\/02\/VLF_2588-1400x933-1.jpg\" alt=\"\" class=\"wp-image-59264\" srcset=\"https:\/\/mlgfjgj9j0su.i.optimole.com\/w:1400\/h:933\/q:mauto\/f:best\/https:\/\/www.unyp.cz\/wp-content\/uploads\/2025\/02\/VLF_2588-1400x933-1.jpg 1400w, https:\/\/mlgfjgj9j0su.i.optimole.com\/w:300\/h:200\/q:mauto\/f:best\/https:\/\/www.unyp.cz\/wp-content\/uploads\/2025\/02\/VLF_2588-1400x933-1.jpg 300w, https:\/\/mlgfjgj9j0su.i.optimole.com\/w:150\/h:100\/q:mauto\/f:best\/https:\/\/www.unyp.cz\/wp-content\/uploads\/2025\/02\/VLF_2588-1400x933-1.jpg 150w, https:\/\/mlgfjgj9j0su.i.optimole.com\/w:768\/h:512\/q:mauto\/f:best\/https:\/\/www.unyp.cz\/wp-content\/uploads\/2025\/02\/VLF_2588-1400x933-1.jpg 768w\" sizes=\"(max-width: 1000px) 100vw, 1000px\" \/><\/figure>\n\n\n\n<div style=\"height:20px\" aria-hidden=\"true\" class=\"wp-block-spacer\"><\/div>\n\n\n\n<h2 class=\"wp-block-heading\" id=\"h-rychle-zahajeni-studia-na-vysoke-skole-uz-letos-v-lete\">Rychl\u00e9 zah\u00e1jen\u00ed studia na vysok\u00e9 \u0161kole u\u017e letos v l\u00e9t\u011b<\/h2>\n\n\n\n<div style=\"height:25px\" aria-hidden=\"true\" class=\"wp-block-spacer\"><\/div>\n\n\n\n<p>University of New York in Prague (UNYP) s pot\u011b\u0161en\u00edm nab\u00edz\u00ed <strong>UNYP Online Summer Accelerator<\/strong>, komplexn\u00ed dvout\u00fddenn\u00ed online kurz, jeho\u017e c\u00edlem je p\u0159ipravit nastupuj\u00edc\u00ed studenty na \u00fasp\u011b\u0161n\u00e9 studium. Tento program v hodnot\u011b 25 000 K\u010d je k dispozici <strong>zcela zdarma<\/strong> v\u0161em student\u016fm, kte\u0159\u00ed dokon\u010dili registraci na podzimn\u00ed semestr 2026.<\/p>\n\n\n\n<hr class=\"wp-block-separator has-alpha-channel-opacity\" \/>\n\n\n\n<h3 class=\"wp-block-heading\" id=\"h-detaily-programu\">\ud83d\udcc5 Detaily programu<\/h3>\n\n\n\n<ul class=\"wp-block-list\">\n<li><strong>Term\u00edny:<\/strong> \u010cervenec 20 &#8211; 31 \u010cervence, 2026<\/li>\n\n\n\n<li><strong>Form\u00e1t: <\/strong>Pln\u011b online, p\u0159\u00edstupn\u00e9 odkudkoli<\/li>\n\n\n\n<li><strong>Zp\u016fsobilost: <\/strong>Studenti UNYP, kte\u0159\u00ed dokon\u010dili finan\u010dn\u00ed registraci do 15. kv\u011btna 2026<\/li>\n\n\n\n<li><strong>Hodnota:<\/strong> V\u00edce ne\u017e 25 000 K\u010d, nab\u00edzeno zdarma<\/li>\n<\/ul>\n\n\n\n<hr class=\"wp-block-separator has-alpha-channel-opacity\" \/>\n\n\n\n<h3 class=\"wp-block-heading\" id=\"h-slozky-programu\">\ud83e\udde0 Slo\u017eky programu<\/h3>\n\n\n\n<ol class=\"wp-block-list\">\n<li><strong>English Refresher Course<\/strong>\n<ul class=\"wp-block-list\">\n<li>Zlep\u0161ete sv\u00e9 akademick\u00e9 znalosti angli\u010dtiny se zam\u011b\u0159en\u00edm na \u010dten\u00ed, psan\u00ed a porozum\u011bn\u00ed.<\/li>\n\n\n\n<li>Ide\u00e1ln\u00ed pro nerodil\u00e9 mluv\u010d\u00ed, kte\u0159\u00ed cht\u011bj\u00ed vyniknout v anglicky mluv\u00edc\u00edm univerzitn\u00edm prost\u0159ed\u00ed.<\/li>\n<\/ul>\n<\/li>\n\n\n\n<li><strong>Mathematics Preparation Course<\/strong>\n<ul class=\"wp-block-list\">\n<li>Pos\u00edl\u00edte sv\u00e9 kvantitativn\u00ed uva\u017eov\u00e1n\u00ed a schopnost \u0159e\u0161it probl\u00e9my.<\/li>\n\n\n\n<li>Nezbytn\u00e9 pro studenty, kte\u0159\u00ed studuj\u00ed Business nebo IT.<\/li>\n<\/ul>\n<\/li>\n\n\n\n<li><strong>Introduction to University Studies<\/strong>\n<ul class=\"wp-block-list\">\n<li>Z\u00edskejte p\u0159ehled o po\u017eadavc\u00edch na univerzitn\u00ed \u00farovni, studijn\u00edch strategi\u00edch a time managementu.<\/li>\n\n\n\n<li>Po \u00fasp\u011b\u0161n\u00e9m absolvov\u00e1n\u00ed z\u00edsk\u00e1te prvn\u00ed univerzitn\u00ed kredit.<\/li>\n<\/ul>\n<\/li>\n<\/ol>\n\n\n\n<hr class=\"wp-block-separator has-alpha-channel-opacity\" \/>\n\n\n\n<h3 class=\"wp-block-heading\" id=\"h-dalsi-benefity\">\ud83c\udf81 Dal\u0161\u00ed benefity<\/h3>\n\n\n\n<ul class=\"wp-block-list\">\n<li><strong>P\u0159\u00edle\u017eitost ke stipendiu<\/strong>: Na z\u00e1klad\u011b va\u0161ich v\u00fdsledk\u016f m\u016f\u017eete z\u00edskat a\u017e 50% stipendium vztahuj\u00edc\u00ed se na kredity UNYP, a to na z\u00e1klad\u011b nepovinn\u00e9 stipendijn\u00ed zkou\u0161ky.<\/li>\n\n\n\n<li><strong>V\u010dasn\u00e1 akademick\u00e1 expozice<\/strong>: Seznamte se s akademick\u00fdm prost\u0159ed\u00edm a o\u010dek\u00e1v\u00e1n\u00edmi UNYP je\u0161t\u011b p\u0159ed za\u010d\u00e1tkem semestru.<\/li>\n<\/ul>\n\n\n\n<hr class=\"wp-block-separator has-alpha-channel-opacity\" \/>\n\n\n\n<h3 class=\"wp-block-heading\" id=\"h-jak-se-zapsat\">\ud83d\udcdd Jak se zapsat<\/h3>\n\n\n\n<p>Registrace do letn\u00edho akcelera\u010dn\u00edho programu:<\/p>\n\n\n\n<ul class=\"wp-block-list\">\n<li><strong>Email:<\/strong> <a href=\"mailto:admissions@unyp.cz\">admissions@unyp.cz<\/a><\/li>\n\n\n\n<li><strong>Uz\u00e1v\u011brka:<\/strong> Chcete-li se zapsat, mus\u00ed b\u00fdt va\u0161e finan\u010dn\u00ed registrace dokon\u010dena do 15. kv\u011btna 2026.<\/li>\n<\/ul>\n\n\n\n<hr class=\"wp-block-separator has-alpha-channel-opacity\" \/>\n\n\n\n<h3 class=\"wp-block-heading\" id=\"h-proc-si-vybrat-unyp\">\ud83c\udf0d Pro\u010d si vybrat UNYP?<\/h3>\n\n\n\n<ul class=\"wp-block-list\">\n<li><strong>Mezin\u00e1rodn\u011b akreditovan\u00e9 tituly:<\/strong> Z\u00edskejte americk\u00e9 a evropsk\u00e9 tituly uzn\u00e1van\u00e9 po cel\u00e9m sv\u011bt\u011b.<\/li>\n\n\n\n<li><strong>Rozmanit\u00e1 komunita: <\/strong>P\u0159idejte se ke student\u016fm reprezentuj\u00edc\u00edm v\u00edce ne\u017e 60 n\u00e1rodnost\u00ed.<\/li>\n\n\n\n<li><strong>V\u00fdhodn\u00e1 lokalita: <\/strong>Studujte v Praze, jednom z nejkr\u00e1sn\u011bj\u0161\u00edch a nejp\u0159\u00edv\u011btiv\u011bj\u0161\u00edch m\u011bst v Evrop\u011b.<\/li>\n\n\n\n<li><strong>Programy zam\u011b\u0159en\u00e9 na kari\u00e9ru:<\/strong> Vyu\u017eijte studijn\u00ed programy navr\u017een\u00e9 tak, aby v\u00e1s p\u0159ipravily na celosv\u011btov\u00e9 kari\u00e9rn\u00ed p\u0159\u00edle\u017eitosti.<\/li>\n<\/ul>\n\n\n\n<hr class=\"wp-block-separator has-alpha-channel-opacity\" \/>\n\n\n\n<p>Pro v\u00edce informac\u00ed kontaktujte n\u00e1\u0161 Admissions t\u00fdm na adrese <a class=\"\">admissions@unyp.cz<\/a>.<\/p>\n","protected":false},"excerpt":{"rendered":"<p>Rychl\u00e9 zah\u00e1jen\u00ed studia na vysok\u00e9 \u0161kole u\u017e letos v l\u00e9t\u011b University of New York in Prague (UNYP) s pot\u011b\u0161en\u00edm nab\u00edz\u00ed UNYP Online Summer Accelerator, komplexn\u00ed dvout\u00fddenn\u00ed online kurz, jeho\u017e c\u00edlem je p\u0159ipravit nastupuj\u00edc\u00ed studenty na \u00fasp\u011b\u0161n\u00e9 studium. Tento program v hodnot\u011b 25 000 K\u010d je k dispozici zcela zdarma v\u0161em student\u016fm, kte\u0159\u00ed dokon\u010dili registraci na [&hellip;]<\/p>\n","protected":false},"author":1,"featured_media":0,"parent":0,"menu_order":0,"comment_status":"closed","ping_status":"closed","template":"","meta":{"_acf_changed":false,"inline_featured_image":false,"advgb_blocks_editor_width":"","advgb_blocks_columns_visual_guide":"","footnotes":""},"categories":[],"tags":[],"class_list":["post-48140","page","type-page","status-publish","hentry"],"acf":[],"mb":[],"coauthors":[],"author_meta":{"author_link":"https:\/\/www.unyp.cz\/cs\/author\/kucera-centario\/","display_name":"kucera.centario"},"relative_dates":{"created":"Posted 2 years ago","modified":"Updated 1 year ago"},"absolute_dates":{"created":"Posted on June 3, 2024","modified":"Updated on April 25, 2025"},"absolute_dates_time":{"created":"Posted on June 3, 2024 2:07 PM","modified":"Updated on April 25, 2025 9:05 AM"},"featured_img_caption":"","featured_img":false,"series_order":"","mfb_rest_fields":["title","coauthors","author_meta","relative_dates","absolute_dates","absolute_dates_time","featured_img_caption","featured_img","series_order"],"_links":{"self":[{"href":"https:\/\/www.unyp.cz\/cs\/wp-json\/wp\/v2\/pages\/48140","targetHints":{"allow":["GET"]}}],"collection":[{"href":"https:\/\/www.unyp.cz\/cs\/wp-json\/wp\/v2\/pages"}],"about":[{"href":"https:\/\/www.unyp.cz\/cs\/wp-json\/wp\/v2\/types\/page"}],"author":[{"embeddable":true,"href":"https:\/\/www.unyp.cz\/cs\/wp-json\/wp\/v2\/users\/1"}],"replies":[{"embeddable":true,"href":"https:\/\/www.unyp.cz\/cs\/wp-json\/wp\/v2\/comments?post=48140"}],"version-history":[{"count":10,"href":"https:\/\/www.unyp.cz\/cs\/wp-json\/wp\/v2\/pages\/48140\/revisions"}],"predecessor-version":[{"id":77266,"href":"https:\/\/www.unyp.cz\/cs\/wp-json\/wp\/v2\/pages\/48140\/revisions\/77266"}],"wp:attachment":[{"href":"https:\/\/www.unyp.cz\/cs\/wp-json\/wp\/v2\/media?parent=48140"}],"wp:term":[{"taxonomy":"category","embeddable":true,"href":"https:\/\/www.unyp.cz\/cs\/wp-json\/wp\/v2\/categories?post=48140"},{"taxonomy":"post_tag","embeddable":true,"href":"https:\/\/www.unyp.cz\/cs\/wp-json\/wp\/v2\/tags?post=48140"}],"curies":[{"name":"wp","href":"https:\/\/api.w.org\/{rel}","templated":true}]}}