{"id":50029,"date":"2024-08-02T15:12:59","date_gmt":"2024-08-02T14:12:59","guid":{"rendered":"https:\/\/www.unyp.cz\/?page_id=50029"},"modified":"2026-03-10T10:58:21","modified_gmt":"2026-03-10T09:58:21","slug":"podejte-prihlasku-ke-studiu-od-ledna","status":"publish","type":"page","link":"https:\/\/www.unyp.cz\/cs\/podejte-prihlasku-ke-studiu-od-ledna\/","title":{"rendered":"Za\u010dn\u011bte studovat na&nbsp;UNYP od&nbsp;ledna"},"content":{"rendered":"\n<figure class=\"wp-block-image size-full is-resized\"><img data-opt-id=1814853276  fetchpriority=\"high\" decoding=\"async\" width=\"1200\" height=\"628\" src=\"https:\/\/mlgfjgj9j0su.i.optimole.com\/w:auto\/h:auto\/q:mauto\/f:best\/https:\/\/www.unyp.cz\/wp-content\/uploads\/2024\/10\/Russian-Open-Day-1200-x-628-px-1-1.jpg\" alt=\"\" class=\"wp-image-52532\" style=\"width:738px;height:auto\" srcset=\"https:\/\/mlgfjgj9j0su.i.optimole.com\/w:1200\/h:628\/q:mauto\/f:best\/https:\/\/www.unyp.cz\/wp-content\/uploads\/2024\/10\/Russian-Open-Day-1200-x-628-px-1-1.jpg 1200w, https:\/\/mlgfjgj9j0su.i.optimole.com\/w:300\/h:157\/q:mauto\/f:best\/https:\/\/www.unyp.cz\/wp-content\/uploads\/2024\/10\/Russian-Open-Day-1200-x-628-px-1-1.jpg 300w, https:\/\/mlgfjgj9j0su.i.optimole.com\/w:150\/h:79\/q:mauto\/f:best\/https:\/\/www.unyp.cz\/wp-content\/uploads\/2024\/10\/Russian-Open-Day-1200-x-628-px-1-1.jpg 150w, https:\/\/mlgfjgj9j0su.i.optimole.com\/w:768\/h:402\/q:mauto\/f:best\/https:\/\/www.unyp.cz\/wp-content\/uploads\/2024\/10\/Russian-Open-Day-1200-x-628-px-1-1.jpg 768w\" sizes=\"(max-width: 1000px) 100vw, 1000px\" \/><\/figure>\n\n\n\n<p>Zme\u0161kali jste z\u00e1\u0159ijov\u00fd n\u00e1bor? Nemus\u00edte \u010dekat dal\u0161\u00ed rok. Na University of New York in Prague m\u016f\u017eete zah\u00e1jit bakal\u00e1\u0159sk\u00e9 studium ji\u017e v lednu. N\u00e1\u0161 zimn\u00ed n\u00e1bor je ide\u00e1ln\u00ed pro studenty, kte\u0159\u00ed jsou p\u0159ipraveni za\u010d\u00edt hned, a\u0165 u\u017e jste si ud\u011blali ro\u010dn\u00ed p\u0159est\u00e1vku, rozhodli se p\u0159estoupit nebo na posledn\u00ed chv\u00edli zm\u011bnili pl\u00e1ny.<\/p>\n\n\n\n<hr class=\"wp-block-separator has-alpha-channel-opacity\"\/>\n\n\n\n<h2 class=\"wp-block-heading\">Pro\u010d za\u010d\u00ednat v lednu?<\/h2>\n\n\n\n<p>N\u00e1\u0161 lednov\u00fd n\u00e1bor nab\u00edz\u00ed flexibiln\u00ed cestu k va\u0161im studijn\u00edm c\u00edl\u016fm, ani\u017e byste museli \u010dekat na z\u00e1\u0159\u00ed. P\u0159ipoj\u00edte se k mezin\u00e1rodn\u00ed komunit\u011b a za\u010dnete studovat se stejnou akademickou strukturou a p\u0159\u00edle\u017eitostmi jako na\u0161e podzimn\u00ed kohorta.<\/p>\n\n\n\n<p>N\u00e1stup v lednu v\u00e1m d\u00e1v\u00e1 tyto p\u0159\u00edle\u017eitosti:<\/p>\n\n\n\n<ul class=\"wp-block-list\">\n<li>N\u00e1skok na studijn\u00ed a profesn\u00ed cest\u011b<\/li>\n\n\n\n<li>Stejn\u00fd p\u0159\u00edstup ke stipendi\u00edm a slu\u017eb\u00e1m pro studenty<\/li>\n\n\n\n<li>Pln\u00e9 za\u010dlen\u011bn\u00ed do studentsk\u00e9ho \u017eivota od prvn\u00edho dne<\/li>\n<\/ul>\n\n\n\n<hr class=\"wp-block-separator has-alpha-channel-opacity\"\/>\n\n\n\n<h2 class=\"wp-block-heading\">Programy dostupn\u00e9 od ledna<\/h2>\n\n\n\n<p>V lednu m\u016f\u017eete zah\u00e1jit studium v n\u00e1sleduj\u00edc\u00edch programech:<\/p>\n\n\n\n<ul class=\"wp-block-list\">\n<li>Business Administration<\/li>\n\n\n\n<li>Psychology<\/li>\n\n\n\n<li>Communication &amp; Media<\/li>\n\n\n\n<li>International Relations<\/li>\n\n\n\n<li>Digital Media Arts<\/li>\n\n\n\n<li>IT Management<\/li>\n\n\n\n<li>English Literature<\/li>\n<\/ul>\n\n\n\n<p>V\u0161echny programy jsou vyu\u010dov\u00e1ny v angli\u010dtin\u011b a \u0159\u00edd\u00ed se americk\u00fdmi a evropsk\u00fdmi akredita\u010dn\u00edmi standardy, kter\u00e9 definuj\u00ed vzd\u011bl\u00e1v\u00e1n\u00ed na UNYP.<\/p>\n\n\n\n<hr class=\"wp-block-separator has-alpha-channel-opacity\"\/>\n\n\n\n<h2 class=\"wp-block-heading\">Co d\u011bl\u00e1 studium na UNYP v\u00fdjime\u010dn\u00fdm?<\/h2>\n\n\n\n<p>Studium na UNYP nab\u00edz\u00ed:<\/p>\n\n\n\n<ul class=\"wp-block-list\">\n<li>Vzd\u011bl\u00e1v\u00e1n\u00ed v americk\u00e9m stylu v Praze<\/li>\n\n\n\n<li>Programy vyu\u010dovan\u00e9 v\u00fdhradn\u011b v angli\u010dtin\u011b<\/li>\n\n\n\n<li>Skute\u010dn\u011b mezin\u00e1rodn\u00ed studentsk\u00fd kolektiv<\/li>\n\n\n\n<li>Mal\u00e9 t\u0159\u00eddy a individu\u00e1ln\u00ed p\u0159\u00edstup<\/li>\n\n\n\n<li>Mo\u017enost dvoj\u00edho diplomu<\/li>\n\n\n\n<li>Praktick\u00e1 v\u00fduka a p\u0159\u00edprava na praxi<\/li>\n\n\n\n<li>V\u00edce ne\u017e 25 let tradice a excelence<\/li>\n<\/ul>\n\n\n\n<p>A\u0165 u\u017e jste z \u010cesk\u00e9 republiky, nebo p\u0159ich\u00e1z\u00edte ze zahrani\u010d\u00ed, UNYP v\u00e1m poskytne akademickou podporu a kulturn\u00ed prost\u0159ed\u00ed, kter\u00e9 v\u00e1m pomohou usp\u011bt.<\/p>\n\n\n\n<hr class=\"wp-block-separator has-alpha-channel-opacity\"\/>\n\n\n\n<h2 class=\"wp-block-heading\">Jak se p\u0159ihl\u00e1sit?<\/h2>\n\n\n\n<p>P\u0159ihl\u00e1\u0161ky pro p\u0159ij\u00edm\u00e1n\u00ed student\u016f v lednu 2026 jsou nyn\u00ed otev\u0159en\u00e9. Za\u010d\u00edt je snadn\u00e9 a rychl\u00e9:<\/p>\n\n\n\n<ol class=\"wp-block-list\">\n<li>Vypl\u0148te online p\u0159ihl\u00e1\u0161ku.<\/li>\n\n\n\n<li>P\u0159edlo\u017ete pot\u0159ebn\u00e9 dokumenty.<\/li>\n\n\n\n<li>P\u0159ipravte se na p\u0159ij\u00edmac\u00ed pohovor (bude v\u00e1s kontaktovat p\u0159ij\u00edmac\u00ed t\u00fdm UNYP).<\/li>\n<\/ol>\n\n\n\n<p>N\u00e1\u0161 t\u00fdm je zde, aby v\u00e1s podpo\u0159il na ka\u017ed\u00e9m kroku.<\/p>\n\n\n\n<p>\ud83d\udc49&nbsp;<a href=\"https:\/\/application.unyp.cz\/\">Podejte si p\u0159ihl\u00e1\u0161ku<\/a><\/p>\n\n\n\n<hr class=\"wp-block-separator has-alpha-channel-opacity\"\/>\n\n\n\n<h2 class=\"wp-block-heading\"><strong>M\u00e1te dotazy?<\/strong><\/h2>\n\n\n\n<p>M\u00e1te dotazy ohledn\u011b program\u016f, stipendi\u00ed nebo procesu pod\u00e1v\u00e1n\u00ed \u017e\u00e1dost\u00ed?<\/p>\n\n\n\n<p><a href=\"https:\/\/www.unyp.cz\/cs\/kontakt\/\">Kontaktujte na\u0161e p\u0159ij\u00edmac\u00ed odd\u011blen\u00ed<\/a> &#8211; r\u00e1di v\u00e1m pom\u016f\u017eeme.<\/p>\n\n\n\n<p><\/p>\n","protected":false},"excerpt":{"rendered":"<p>Zme\u0161kali jste z\u00e1\u0159ijov\u00fd n\u00e1bor? Nemus\u00edte \u010dekat dal\u0161\u00ed rok. Na University of New York in Prague m\u016f\u017eete zah\u00e1jit bakal\u00e1\u0159sk\u00e9 studium ji\u017e v lednu. N\u00e1\u0161 zimn\u00ed n\u00e1bor je ide\u00e1ln\u00ed pro studenty, kte\u0159\u00ed jsou p\u0159ipraveni za\u010d\u00edt hned, a\u0165 u\u017e jste si ud\u011blali ro\u010dn\u00ed p\u0159est\u00e1vku, rozhodli se p\u0159estoupit nebo na posledn\u00ed chv\u00edli zm\u011bnili pl\u00e1ny. Pro\u010d za\u010d\u00ednat v lednu? N\u00e1\u0161 [&hellip;]<\/p>\n","protected":false},"author":4,"featured_media":0,"parent":0,"menu_order":0,"comment_status":"closed","ping_status":"closed","template":"","meta":{"_acf_changed":false,"inline_featured_image":false,"advgb_blocks_editor_width":"","advgb_blocks_columns_visual_guide":"","footnotes":""},"categories":[],"tags":[88,143],"class_list":["post-50029","page","type-page","status-publish","hentry","tag-bakalar","tag-study-cs"],"acf":[],"mb":[],"coauthors":[],"author_meta":{"author_link":"https:\/\/www.unyp.cz\/cs\/author\/dnovakunyp-cz\/","display_name":"David Nov\u00e1k"},"relative_dates":{"created":"Posted 2 years ago","modified":"Updated 1 month ago"},"absolute_dates":{"created":"Posted on August 2, 2024","modified":"Updated on March 10, 2026"},"absolute_dates_time":{"created":"Posted on August 2, 2024 3:12 PM","modified":"Updated on March 10, 2026 10:58 AM"},"featured_img_caption":"","featured_img":false,"series_order":"","mfb_rest_fields":["title","coauthors","author_meta","relative_dates","absolute_dates","absolute_dates_time","featured_img_caption","featured_img","series_order"],"_links":{"self":[{"href":"https:\/\/www.unyp.cz\/cs\/wp-json\/wp\/v2\/pages\/50029","targetHints":{"allow":["GET"]}}],"collection":[{"href":"https:\/\/www.unyp.cz\/cs\/wp-json\/wp\/v2\/pages"}],"about":[{"href":"https:\/\/www.unyp.cz\/cs\/wp-json\/wp\/v2\/types\/page"}],"author":[{"embeddable":true,"href":"https:\/\/www.unyp.cz\/cs\/wp-json\/wp\/v2\/users\/4"}],"replies":[{"embeddable":true,"href":"https:\/\/www.unyp.cz\/cs\/wp-json\/wp\/v2\/comments?post=50029"}],"version-history":[{"count":14,"href":"https:\/\/www.unyp.cz\/cs\/wp-json\/wp\/v2\/pages\/50029\/revisions"}],"predecessor-version":[{"id":65793,"href":"https:\/\/www.unyp.cz\/cs\/wp-json\/wp\/v2\/pages\/50029\/revisions\/65793"}],"wp:attachment":[{"href":"https:\/\/www.unyp.cz\/cs\/wp-json\/wp\/v2\/media?parent=50029"}],"wp:term":[{"taxonomy":"category","embeddable":true,"href":"https:\/\/www.unyp.cz\/cs\/wp-json\/wp\/v2\/categories?post=50029"},{"taxonomy":"post_tag","embeddable":true,"href":"https:\/\/www.unyp.cz\/cs\/wp-json\/wp\/v2\/tags?post=50029"}],"curies":[{"name":"wp","href":"https:\/\/api.w.org\/{rel}","templated":true}]}}