{"id":53272,"date":"2022-10-12T13:15:40","date_gmt":"2022-10-12T12:15:40","guid":{"rendered":"https:\/\/www.unyp.cz\/?page_id=53272"},"modified":"2024-11-11T14:37:34","modified_gmt":"2024-11-11T13:37:34","slug":"detaily-akreditaci","status":"publish","type":"page","link":"https:\/\/www.unyp.cz\/cs\/detaily-akreditaci\/","title":{"rendered":"Detaily akreditac\u00ed"},"content":{"rendered":"\n<h2 class=\"wp-block-heading\">Informace o akreditaci UNYP<\/h2>\n\n\n\n<h3 class=\"wp-block-heading\">UNYP je uzn\u00e1vanou ofici\u00e1ln\u00ed \u010deskou vysoko\u0161kolskou instituc\u00ed<\/h3>\n\n\n\n<p><br>UNYP je uvedena v \u201eP\u0159ehledu soukrom\u00fdch vysok\u00fdch \u0161kol\u201c <strong>M\u0160MT<\/strong>:<\/p>\n\n\n\n<ul class=\"wp-block-list\">\n<li>English:&nbsp;<a href=\"http:\/\/www.msmt.cz\/areas-of-work\/tertiary-education\/overview-of-private-higher-education-institutions\" target=\"_blank\" rel=\"noreferrer noopener\">http:\/\/www.msmt.cz\/areas-of-work\/tertiary-education\/overview-of-private-higher-education-institutions<\/a><\/li>\n\n\n\n<li>Czech:&nbsp;<a href=\"http:\/\/www.msmt.cz\/vzdelavani\/vysoke-skolstvi\/prehled-vysokych-skol-v-cr-3\" target=\"_blank\" rel=\"noreferrer noopener\">http:\/\/www.msmt.cz\/vzdelavani\/vysoke-skolstvi\/prehled-vysokych-skol-v-cr-3<\/a><\/li>\n<\/ul>\n\n\n\n<p>UNYP je uvedena v seznamu \u010desk\u00fdch vysok\u00fdch \u0161kol D\u016fm zahrani\u010dn\u00ed spolupr\u00e1ce (DZS)\/Centra pro mezin\u00e1rodn\u00ed spolupr\u00e1ci ve vzd\u011bl\u00e1v\u00e1n\u00ed:<\/p>\n\n\n\n<ul class=\"wp-block-list\">\n<li>English:&nbsp;<a href=\"https:\/\/portal.studyin.cz\/find-your-institution\/?lang=en\" target=\"_blank\" rel=\"noreferrer noopener\">https:\/\/portal.studyin.cz\/find-your-institution\/?lang=en<\/a><\/li>\n<\/ul>\n\n\n\n<p>UNYP je uvedena v M\u0160MT&nbsp;<strong>Registr Vysok\u00fdch \u0160kol<\/strong>:<\/p>\n\n\n\n<ul class=\"wp-block-list\">\n<li>Czech:&nbsp;<a href=\"https:\/\/regvssp.msmt.cz\/registrvssp\/cvslist.aspx\" target=\"_blank\" rel=\"noreferrer noopener\">https:\/\/regvssp.msmt.cz\/registrvssp\/cvslist.aspx<\/a>&nbsp;<\/li>\n<\/ul>\n\n\n\n<p>Studijn\u00ed programy UNYP akreditovan\u00e9 v \u010de\u0161tin\u011b naleznete v seznamu akreditovan\u00fdch studijn\u00edch program\u016f M\u0160MT:<\/p>\n\n\n\n<ul class=\"wp-block-list\">\n<li>Czech:&nbsp;<a href=\"https:\/\/regvssp.msmt.cz\/registrvssp\/csplist.aspx\" target=\"_blank\" rel=\"noreferrer noopener\">https:\/\/regvssp.msmt.cz\/registrvssp\/csplist.aspx<\/a><\/li>\n<\/ul>\n\n\n\n<h3 class=\"wp-block-heading\">Registrace\/schv\u00e1len\u00ed zahrani\u010dn\u00edho studijn\u00edho programu<\/h3>\n\n\n\n<p>UNYP je ofici\u00e1ln\u011b registrov\u00e1na u \u010desk\u00e9ho ministerstva \u0161kolstv\u00ed jako dom\u00e1c\u00ed poskytovatel studijn\u00edch program\u016f nab\u00edzen\u00fdch State University of New York, Empire State University (USA), University of Bolton (UK) a Dublin Business School (IRL).<\/p>\n\n\n\n<p>Ofici\u00e1ln\u011b schv\u00e1len\u00e9 programy, kter\u00e9 UNYP ve spolupr\u00e1ci s t\u011bmito zahrani\u010dn\u00edmi univerzitami nab\u00edz\u00ed, najdete na M\u0160MT \u201eZahrani\u010dn\u00ed vysok\u00e9 \u0161koly p\u016fsob\u00edc\u00ed v \u010cR a jejich studijn\u00ed program\u201c, z Registru Vysok\u00fdch \u0161kol:<\/p>\n\n\n\n<ul class=\"wp-block-list\">\n<li>Czech:&nbsp;<a href=\"https:\/\/regvssp.msmt.cz\/registrvssp\/zvssp.aspx\" target=\"_blank\" rel=\"noreferrer noopener\">https:\/\/regvssp.msmt.cz\/registrvssp\/zvssp.aspx<\/a><\/li>\n<\/ul>\n\n\n\n<h3 class=\"wp-block-heading\">BAC akreditace UNYP<\/h3>\n\n\n\n<p>UNYP je od roku 2001 akreditov\u00e1na jako nez\u00e1visl\u00e1 vysoko\u0161kolsk\u00e1 instituce British Accreditation Council, \u010dlensk\u00e1 organizace ENQA, Evropsk\u00e9 asociace pro zaji\u0161\u0165ov\u00e1n\u00ed kvality ve vysoko\u0161kolsk\u00e9m vzd\u011bl\u00e1v\u00e1n\u00ed.<\/p>\n\n\n\n<ul class=\"wp-block-list\">\n<li>English:&nbsp;<a href=\"http:\/\/www.the-bac.org\/directory\/12677\/university-of-new-york-in-prague\/\" target=\"_blank\" rel=\"noreferrer noopener\">http:\/\/www.the-bac.org\/directory\/12677\/university-of-new-york-in-prague\/<\/a><\/li>\n<\/ul>\n\n\n\n<h3 class=\"wp-block-heading\">IACBE akreditace MBA, t\u0159\u00edlet\u00e9 BBA programy<\/h3>\n\n\n\n<p>Program MBA a jeho t\u0159\u00edlet\u00fd bakal\u00e1\u0159sk\u00fd program Business Administration jsou akreditov\u00e1ny Mezin\u00e1rodn\u00ed akredita\u010dn\u00ed radou pro obchodn\u00ed vzd\u011bl\u00e1v\u00e1n\u00ed (IACBE), kterou uznala americk\u00e1 Rada pro akreditaci vysoko\u0161kolsk\u00e9ho vzd\u011bl\u00e1v\u00e1n\u00ed (CHEA) jako programovou akredita\u010dn\u00ed organizaci.<\/p>\n\n\n\n<ul class=\"wp-block-list\">\n<li>English:\u00a0<a href=\"http:\/\/iacbe.org\/memberpdf\/UniversityofNewYorkinPrague.pdf\" target=\"_blank\" rel=\"noreferrer noopener\">http:\/\/iacbe.org\/memberpdf\/UniversityofNewYorkinPrague.pdf<\/a><\/li>\n<\/ul>\n\n\n\n<h3 class=\"wp-block-heading\">CAMBAS akreditace programu MBA<\/h3>\n\n\n\n<p>MBA Program je akreditov\u00e1n \u010ceskou asociac\u00ed MBA \u0161kol (CAMBAS) od roku 2003.<\/p>\n\n\n\n<ul class=\"wp-block-list\">\n<li>English:&nbsp;<a href=\"http:\/\/www.cambas.cz\/stranka.asp?id=34&amp;lng=en\" target=\"_blank\" rel=\"noreferrer noopener\">http:\/\/www.cambas.cz\/stranka.asp?id=34&amp;lng=en<\/a><\/li>\n\n\n\n<li>Czech:&nbsp;<a href=\"http:\/\/www.cambas.cz\/stranka.asp?id=3\" target=\"_blank\" rel=\"noreferrer noopener\">http:\/\/www.cambas.cz\/stranka.asp?id=3<\/a><\/li>\n<\/ul>\n\n\n\n<p><\/p>\n","protected":false},"excerpt":{"rendered":"<p>Informace o akreditaci UNYP UNYP je uzn\u00e1vanou ofici\u00e1ln\u00ed \u010deskou vysoko\u0161kolskou instituc\u00ed UNYP je uvedena v \u201eP\u0159ehledu soukrom\u00fdch vysok\u00fdch \u0161kol\u201c M\u0160MT: UNYP je uvedena v seznamu \u010desk\u00fdch vysok\u00fdch \u0161kol D\u016fm zahrani\u010dn\u00ed spolupr\u00e1ce (DZS)\/Centra pro mezin\u00e1rodn\u00ed spolupr\u00e1ci ve vzd\u011bl\u00e1v\u00e1n\u00ed: UNYP je uvedena v M\u0160MT&nbsp;Registr Vysok\u00fdch \u0160kol: Studijn\u00ed programy UNYP akreditovan\u00e9 v \u010de\u0161tin\u011b naleznete v seznamu akreditovan\u00fdch studijn\u00edch [&hellip;]<\/p>\n","protected":false},"author":1,"featured_media":0,"parent":0,"menu_order":0,"comment_status":"closed","ping_status":"closed","template":"","meta":{"_acf_changed":false,"inline_featured_image":false,"advgb_blocks_editor_width":"","advgb_blocks_columns_visual_guide":"","footnotes":""},"categories":[],"tags":[],"class_list":["post-53272","page","type-page","status-publish","hentry"],"acf":[],"mb":[],"coauthors":[],"author_meta":{"author_link":"https:\/\/www.unyp.cz\/cs\/author\/kucera-centario\/","display_name":"kucera.centario"},"relative_dates":{"created":"Posted 3 years ago","modified":"Updated 1 year ago"},"absolute_dates":{"created":"Posted on October 12, 2022","modified":"Updated on November 11, 2024"},"absolute_dates_time":{"created":"Posted on October 12, 2022 1:15 PM","modified":"Updated on November 11, 2024 2:37 PM"},"featured_img_caption":"","featured_img":false,"series_order":"","mfb_rest_fields":["title","coauthors","author_meta","relative_dates","absolute_dates","absolute_dates_time","featured_img_caption","featured_img","series_order"],"_links":{"self":[{"href":"https:\/\/www.unyp.cz\/cs\/wp-json\/wp\/v2\/pages\/53272","targetHints":{"allow":["GET"]}}],"collection":[{"href":"https:\/\/www.unyp.cz\/cs\/wp-json\/wp\/v2\/pages"}],"about":[{"href":"https:\/\/www.unyp.cz\/cs\/wp-json\/wp\/v2\/types\/page"}],"author":[{"embeddable":true,"href":"https:\/\/www.unyp.cz\/cs\/wp-json\/wp\/v2\/users\/1"}],"replies":[{"embeddable":true,"href":"https:\/\/www.unyp.cz\/cs\/wp-json\/wp\/v2\/comments?post=53272"}],"version-history":[{"count":3,"href":"https:\/\/www.unyp.cz\/cs\/wp-json\/wp\/v2\/pages\/53272\/revisions"}],"predecessor-version":[{"id":53320,"href":"https:\/\/www.unyp.cz\/cs\/wp-json\/wp\/v2\/pages\/53272\/revisions\/53320"}],"wp:attachment":[{"href":"https:\/\/www.unyp.cz\/cs\/wp-json\/wp\/v2\/media?parent=53272"}],"wp:term":[{"taxonomy":"category","embeddable":true,"href":"https:\/\/www.unyp.cz\/cs\/wp-json\/wp\/v2\/categories?post=53272"},{"taxonomy":"post_tag","embeddable":true,"href":"https:\/\/www.unyp.cz\/cs\/wp-json\/wp\/v2\/tags?post=53272"}],"curies":[{"name":"wp","href":"https:\/\/api.w.org\/{rel}","templated":true}]}}