{"id":59781,"date":"2024-12-16T15:20:02","date_gmt":"2024-12-16T14:20:02","guid":{"rendered":"https:\/\/www.unyp.cz\/?page_id=59781"},"modified":"2025-03-05T19:37:58","modified_gmt":"2025-03-05T18:37:58","slug":"prehled-prijimaciho-rizeni","status":"publish","type":"page","link":"https:\/\/www.unyp.cz\/cs\/prehled-prijimaciho-rizeni\/","title":{"rendered":"P\u0159ehled p\u0159ij\u00edmac\u00edho \u0159\u00edzen\u00ed"},"content":{"rendered":"\n<h4 class=\"wp-block-heading\">Admissions t\u00fdm University of New York in Prague z\u00e1jemce o studium prov\u00e1d\u00ed komplexn\u00edm procesem pod\u00e1v\u00e1n\u00ed p\u0159ihl\u00e1\u0161ek.<\/h4>\n\n\n\n<p>Z\u00e1jemc\u016fm pom\u00e1h\u00e1me vybrat vhodn\u00fd program, spolu s pod\u00e1v\u00e1n\u00edm \u017e\u00e1dost\u00ed a p\u0159\u00edpravou pot\u0159ebn\u00fdch dokument\u016f.<\/p>\n\n\n\n<p>Krom\u011b toho koordinujeme pohovory a v p\u0159\u00edpad\u011b pot\u0159eby poskytujeme podporu p\u0159i pod\u00e1v\u00e1n\u00ed \u017e\u00e1dost\u00ed o v\u00edza.<\/p>\n\n\n\n<p>V pr\u016fb\u011bhu p\u0159ij\u00edmac\u00edho \u0159\u00edzen\u00ed r\u00e1di zodpov\u00edme dotazy a nab\u00edz\u00edme individu\u00e1ln\u00ed pomoc, abychom student\u016fm pomohli dos\u00e1hnout jejich studijn\u00edch a profesn\u00edch c\u00edl\u016f.<\/p>\n\n\n\n<div style=\"height:20px\" aria-hidden=\"true\" class=\"wp-block-spacer\"><\/div>\n\n\n\n<div class=\"wp-block-columns is-layout-flex wp-container-core-columns-is-layout-28f84493 wp-block-columns-is-layout-flex\">\n<div class=\"wp-block-column is-layout-flow wp-block-column-is-layout-flow\" style=\"flex-basis:100%\">\n<figure class=\"wp-block-gallery has-nested-images columns-default is-cropped wp-block-gallery-2 is-layout-flex wp-block-gallery-is-layout-flex\">\n<figure class=\"wp-block-image size-large\"><img data-opt-id=503521612  fetchpriority=\"high\" decoding=\"async\" width=\"1400\" height=\"933\" data-id=\"54893\" src=\"https:\/\/mlgfjgj9j0su.i.optimole.com\/w:1400\/h:933\/q:mauto\/f:best\/https:\/\/www.unyp.cz\/wp-content\/uploads\/2024\/12\/2G3A1836-1.jpeg\" alt=\"\" class=\"wp-image-54893\" srcset=\"https:\/\/mlgfjgj9j0su.i.optimole.com\/w:1400\/h:933\/q:mauto\/f:best\/https:\/\/www.unyp.cz\/wp-content\/uploads\/2024\/12\/2G3A1836-1.jpeg 1400w, https:\/\/mlgfjgj9j0su.i.optimole.com\/w:300\/h:200\/q:mauto\/f:best\/https:\/\/www.unyp.cz\/wp-content\/uploads\/2024\/12\/2G3A1836-1.jpeg 300w, https:\/\/mlgfjgj9j0su.i.optimole.com\/w:150\/h:100\/q:mauto\/f:best\/https:\/\/www.unyp.cz\/wp-content\/uploads\/2024\/12\/2G3A1836-1.jpeg 150w, https:\/\/mlgfjgj9j0su.i.optimole.com\/w:768\/h:512\/q:mauto\/f:best\/https:\/\/www.unyp.cz\/wp-content\/uploads\/2024\/12\/2G3A1836-1.jpeg 768w, https:\/\/mlgfjgj9j0su.i.optimole.com\/w:1536\/h:1024\/q:mauto\/f:best\/https:\/\/www.unyp.cz\/wp-content\/uploads\/2024\/12\/2G3A1836-1.jpeg 1536w, https:\/\/mlgfjgj9j0su.i.optimole.com\/w:1920\/h:1279\/q:mauto\/f:best\/https:\/\/www.unyp.cz\/wp-content\/uploads\/2024\/12\/2G3A1836-1.jpeg 2048w\" sizes=\"(max-width: 1000px) 100vw, 1000px\" \/><\/figure>\n\n\n\n<figure class=\"wp-block-image size-large\"><img data-opt-id=1442476931  fetchpriority=\"high\" decoding=\"async\" width=\"667\" height=\"1000\" data-id=\"54896\" src=\"https:\/\/mlgfjgj9j0su.i.optimole.com\/w:667\/h:1000\/q:mauto\/f:best\/https:\/\/www.unyp.cz\/wp-content\/uploads\/2024\/12\/2G3A1806-1.jpeg\" alt=\"\" class=\"wp-image-54896\" srcset=\"https:\/\/mlgfjgj9j0su.i.optimole.com\/w:667\/h:1000\/q:mauto\/f:best\/https:\/\/www.unyp.cz\/wp-content\/uploads\/2024\/12\/2G3A1806-1.jpeg 667w, https:\/\/mlgfjgj9j0su.i.optimole.com\/w:200\/h:300\/q:mauto\/f:best\/https:\/\/www.unyp.cz\/wp-content\/uploads\/2024\/12\/2G3A1806-1.jpeg 200w, https:\/\/mlgfjgj9j0su.i.optimole.com\/w:100\/h:150\/q:mauto\/f:best\/https:\/\/www.unyp.cz\/wp-content\/uploads\/2024\/12\/2G3A1806-1.jpeg 100w, https:\/\/mlgfjgj9j0su.i.optimole.com\/w:768\/h:1152\/q:mauto\/f:best\/https:\/\/www.unyp.cz\/wp-content\/uploads\/2024\/12\/2G3A1806-1.jpeg 768w, https:\/\/mlgfjgj9j0su.i.optimole.com\/w:1024\/h:1536\/q:mauto\/f:best\/https:\/\/www.unyp.cz\/wp-content\/uploads\/2024\/12\/2G3A1806-1.jpeg 1024w, https:\/\/mlgfjgj9j0su.i.optimole.com\/w:1365\/h:2048\/q:mauto\/f:best\/https:\/\/www.unyp.cz\/wp-content\/uploads\/2024\/12\/2G3A1806-1.jpeg 1365w, https:\/\/mlgfjgj9j0su.i.optimole.com\/w:1600\/h:2400\/q:mauto\/f:best\/https:\/\/www.unyp.cz\/wp-content\/uploads\/2024\/12\/2G3A1806-1.jpeg 1600w\" sizes=\"(max-width: 667px) 100vw, 667px\" \/><\/figure>\n\n\n\n<figure class=\"wp-block-image size-large\"><img data-opt-id=653632072  fetchpriority=\"high\" decoding=\"async\" width=\"1400\" height=\"933\" data-id=\"54890\" src=\"https:\/\/mlgfjgj9j0su.i.optimole.com\/w:1400\/h:933\/q:mauto\/f:best\/https:\/\/www.unyp.cz\/wp-content\/uploads\/2024\/12\/2G3A1784-1.jpeg\" alt=\"\" class=\"wp-image-54890\" srcset=\"https:\/\/mlgfjgj9j0su.i.optimole.com\/w:1400\/h:933\/q:mauto\/f:best\/https:\/\/www.unyp.cz\/wp-content\/uploads\/2024\/12\/2G3A1784-1.jpeg 1400w, https:\/\/mlgfjgj9j0su.i.optimole.com\/w:300\/h:200\/q:mauto\/f:best\/https:\/\/www.unyp.cz\/wp-content\/uploads\/2024\/12\/2G3A1784-1.jpeg 300w, https:\/\/mlgfjgj9j0su.i.optimole.com\/w:150\/h:100\/q:mauto\/f:best\/https:\/\/www.unyp.cz\/wp-content\/uploads\/2024\/12\/2G3A1784-1.jpeg 150w, https:\/\/mlgfjgj9j0su.i.optimole.com\/w:768\/h:512\/q:mauto\/f:best\/https:\/\/www.unyp.cz\/wp-content\/uploads\/2024\/12\/2G3A1784-1.jpeg 768w, https:\/\/mlgfjgj9j0su.i.optimole.com\/w:1536\/h:1024\/q:mauto\/f:best\/https:\/\/www.unyp.cz\/wp-content\/uploads\/2024\/12\/2G3A1784-1.jpeg 1536w, https:\/\/mlgfjgj9j0su.i.optimole.com\/w:1920\/h:1279\/q:mauto\/f:best\/https:\/\/www.unyp.cz\/wp-content\/uploads\/2024\/12\/2G3A1784-1.jpeg 2048w\" sizes=\"(max-width: 1000px) 100vw, 1000px\" \/><\/figure>\n<\/figure>\n<\/div>\n<\/div>\n\n\n\n<div style=\"height:20px\" aria-hidden=\"true\" class=\"wp-block-spacer\"><\/div>\n\n\n\n<h2 class=\"wp-block-heading\">8 krok\u016f k pod\u00e1n\u00ed p\u0159ihl\u00e1\u0161ky na UNYP<\/h2>\n\n\n\n<div class=\"wp-block-getwid-accordion has-icon-left\" data-active-element=\"none\">\n<div class=\"wp-block-getwid-accordion__header-wrapper\"><span class=\"wp-block-getwid-accordion__header\"><a href=\"#\"><span class=\"wp-block-getwid-accordion__header-title\">Prozkoumejte mo\u017enost programu (#1)<\/span><span class=\"wp-block-getwid-accordion__icon is-active\"><i class=\"fas fa-plus\"><\/i><\/span><span class=\"wp-block-getwid-accordion__icon is-passive\"><i class=\"fas fa-minus\"><\/i><\/span><\/a><\/span><\/div><div class=\"wp-block-getwid-accordion__content-wrapper\"><div class=\"wp-block-getwid-accordion__content\">\n<p>Objevte nab\u00edzen\u00e9 programy na na\u0161ich webov\u00fdch str\u00e1nk\u00e1ch a vyberte si ten, kter\u00fd nejl\u00e9pe odpov\u00edd\u00e1 va\u0161im z\u00e1jm\u016fm a c\u00edl\u016fm.<\/p>\n\n\n\n<p><br><a href=\"https:\/\/www.unyp.cz\/undergraduate-programs\/\">https:\/\/www.unyp.cz\/undergraduate-programs\/<\/a><\/p>\n<\/div><\/div>\n\n\n\n<div class=\"wp-block-getwid-accordion__header-wrapper\"><span class=\"wp-block-getwid-accordion__header\"><a href=\"#\"><span class=\"wp-block-getwid-accordion__header-title\">Ode\u0161lete p\u0159ihl\u00e1\u0161ku (#2)<\/span><span class=\"wp-block-getwid-accordion__icon is-active\"><i class=\"fas fa-plus\"><\/i><\/span><span class=\"wp-block-getwid-accordion__icon is-passive\"><i class=\"fas fa-minus\"><\/i><\/span><\/a><\/span><\/div><div class=\"wp-block-getwid-accordion__content-wrapper\"><div class=\"wp-block-getwid-accordion__content\">\n<ul class=\"wp-block-list\">\n<li>Vypl\u0148te online p\u0159ihl\u00e1\u0161ku na webov\u00fdch str\u00e1nk\u00e1ch UNYP: <a href=\"https:\/\/application.unyp.cz\/\">https:\/\/application.unyp.cz\/<\/a><\/li>\n\n\n\n<li>Zapla\u0165te poplatek za p\u0159ihl\u00e1\u0161ku.<\/li>\n\n\n\n<li>V\u00e1\u0161 poradce pro p\u0159ij\u00edmac\u00ed \u0159\u00edzen\u00ed bude informov\u00e1n o tom, \u017ee jste podali p\u0159ihl\u00e1\u0161ku, a bude v\u00e1s kontaktovat, aby s v\u00e1mi probral p\u0159\u00edpadn\u00e9 dotazy a zpracoval v\u00e1mi podanou p\u0159ihl\u00e1\u0161ku.<\/li>\n<\/ul>\n<\/div><\/div>\n\n\n\n<div class=\"wp-block-getwid-accordion__header-wrapper\"><span class=\"wp-block-getwid-accordion__header\"><a href=\"#\"><span class=\"wp-block-getwid-accordion__header-title\">Nahrajte pot\u0159ebn\u00e9 dokumenty v r\u00e1mci procesu pod\u00e1v\u00e1n\u00ed \u017e\u00e1dost\u00ed (#3)<\/span><span class=\"wp-block-getwid-accordion__icon is-active\"><i class=\"fas fa-plus\"><\/i><\/span><span class=\"wp-block-getwid-accordion__icon is-passive\"><i class=\"fas fa-minus\"><\/i><\/span><\/a><\/span><\/div><div class=\"wp-block-getwid-accordion__content-wrapper\"><div class=\"wp-block-getwid-accordion__content\">\n<ul class=\"wp-block-list\">\n<li>Maturitn\u00ed vysv\u011bd\u010den\u00ed a v\u00fdpis studijn\u00edch v\u00fdsledk\u016f (pro bakal\u00e1\u0159sk\u00e9 programy) nebo bakal\u00e1\u0159sk\u00fd diplom a v\u00fdpis studijn\u00edch v\u00fdsledk\u016f (pro magistersk\u00e9 programy).<\/li>\n\n\n\n<li>V\u00fdsledky testu z angli\u010dtiny (nap\u0159. TOEFL, IELTS); pokud jste studovali v angli\u010dtin\u011b, jste osvobozeni od t\u00e9to povinnosti.<\/li>\n\n\n\n<li>\u017divotopis (pouze pro n\u011bkter\u00e9 programy)<\/li>\n\n\n\n<li>Motiva\u010dn\u00ed dopis<\/li>\n\n\n\n<li>Doporu\u010duj\u00edc\u00ed dopis<\/li>\n<\/ul>\n<\/div><\/div>\n\n\n\n<div class=\"wp-block-getwid-accordion__header-wrapper\"><span class=\"wp-block-getwid-accordion__header\"><a href=\"#\"><span class=\"wp-block-getwid-accordion__header-title\">Z\u00fa\u010dastn\u011bte se pohovoru (#4)<\/span><span class=\"wp-block-getwid-accordion__icon is-active\"><i class=\"fas fa-plus\"><\/i><\/span><span class=\"wp-block-getwid-accordion__icon is-passive\"><i class=\"fas fa-minus\"><\/i><\/span><\/a><\/span><\/div><div class=\"wp-block-getwid-accordion__content-wrapper\"><div class=\"wp-block-getwid-accordion__content\">\n<p>Jedn\u00e1 se o 30minutov\u00fd online pohovor s d\u011bkanem vybran\u00e9ho programu, do kter\u00e9ho jste se p\u0159ihl\u00e1sili.<\/p>\n<\/div><\/div>\n\n\n\n<div class=\"wp-block-getwid-accordion__header-wrapper\"><span class=\"wp-block-getwid-accordion__header\"><a href=\"#\"><span class=\"wp-block-getwid-accordion__header-title\">Obdr\u017een\u00ed rozhodnut\u00ed o p\u0159ijet\u00ed (#5)<\/span><span class=\"wp-block-getwid-accordion__icon is-active\"><i class=\"fas fa-plus\"><\/i><\/span><span class=\"wp-block-getwid-accordion__icon is-passive\"><i class=\"fas fa-minus\"><\/i><\/span><\/a><\/span><\/div><div class=\"wp-block-getwid-accordion__content-wrapper\"><div class=\"wp-block-getwid-accordion__content\">\n<p>P\u0159ij\u00edmac\u00ed t\u00fdm va\u0161i p\u0159ihl\u00e1\u0161ku posoud\u00ed a ozn\u00e1m\u00ed v\u00e1m rozhodnut\u00ed.<\/p>\n<\/div><\/div>\n\n\n\n<div class=\"wp-block-getwid-accordion__header-wrapper\"><span class=\"wp-block-getwid-accordion__header\"><a href=\"#\"><span class=\"wp-block-getwid-accordion__header-title\">Potvrzen\u00ed va\u0161eho m\u00edsta (#6)<\/span><span class=\"wp-block-getwid-accordion__icon is-active\"><i class=\"fas fa-plus\"><\/i><\/span><span class=\"wp-block-getwid-accordion__icon is-passive\"><i class=\"fas fa-minus\"><\/i><\/span><\/a><\/span><\/div><div class=\"wp-block-getwid-accordion__content-wrapper\"><div class=\"wp-block-getwid-accordion__content\">\n<p>Podpisem studentsk\u00e9 smlouvy a zaplacen\u00edm z\u00e1lohy na \u0161koln\u00e9 si zajist\u00edte sv\u00e9 m\u00edsto.<\/p>\n<\/div><\/div>\n\n\n\n<div class=\"wp-block-getwid-accordion__header-wrapper\"><span class=\"wp-block-getwid-accordion__header\"><a href=\"#\"><span class=\"wp-block-getwid-accordion__header-title\">P\u0159\u00edprava na z\u00e1pis (#7)<\/span><span class=\"wp-block-getwid-accordion__icon is-active\"><i class=\"fas fa-plus\"><\/i><\/span><span class=\"wp-block-getwid-accordion__icon is-passive\"><i class=\"fas fa-minus\"><\/i><\/span><\/a><\/span><\/div><div class=\"wp-block-getwid-accordion__content-wrapper\"><div class=\"wp-block-getwid-accordion__content\">\n<p>V posledn\u00edm kroku obdr\u017e\u00edte podrobnosti o Orientation, dokon\u010d\u00edte platby a p\u0159iprav\u00edte se na vstup do komunity UNYP!<\/p>\n\n\n\n<p>V p\u0159\u00edpad\u011b pot\u0159eby se obra\u0165te na nostrifika\u010dn\u00edho mana\u017eera, kter\u00fd v\u00e1m pom\u016f\u017ee s procesem nostrifikace.<\/p>\n<\/div><\/div>\n<\/div>\n\n\n\n<div style=\"height:20px\" aria-hidden=\"true\" class=\"wp-block-spacer\"><\/div>\n\n\n\n<p><em>Obra\u0165te se na n\u00e1s se sv\u00fdmi dotazy (<a href=\"mailto:admissions@unyp.cz\">admissions@unyp.cz<\/a>).<\/em><\/p>\n\n\n\n<div style=\"height:20px\" aria-hidden=\"true\" class=\"wp-block-spacer\"><\/div>\n\n\n\n<figure class=\"wp-block-image size-full\"><img data-opt-id=72335794  fetchpriority=\"high\" decoding=\"async\" width=\"667\" height=\"1000\" src=\"https:\/\/mlgfjgj9j0su.i.optimole.com\/w:auto\/h:auto\/q:mauto\/f:best\/https:\/\/www.unyp.cz\/wp-content\/uploads\/2025\/03\/image.jpeg\" alt=\"This image has an empty alt attribute; its file name is 2G3A1714-1-667x1000.jpeg\" class=\"wp-image-59766\" srcset=\"https:\/\/mlgfjgj9j0su.i.optimole.com\/w:667\/h:1000\/q:mauto\/f:best\/https:\/\/www.unyp.cz\/wp-content\/uploads\/2025\/03\/image.jpeg 667w, https:\/\/mlgfjgj9j0su.i.optimole.com\/w:200\/h:300\/q:mauto\/f:best\/https:\/\/www.unyp.cz\/wp-content\/uploads\/2025\/03\/image.jpeg 200w, https:\/\/mlgfjgj9j0su.i.optimole.com\/w:100\/h:150\/q:mauto\/f:best\/https:\/\/www.unyp.cz\/wp-content\/uploads\/2025\/03\/image.jpeg 100w\" sizes=\"(max-width: 667px) 100vw, 667px\" \/><\/figure>\n\n\n\n<div style=\"height:32px\" aria-hidden=\"true\" class=\"wp-block-spacer\"><\/div>\n\n\n\n<h2 class=\"wp-block-heading\">Meet the Admissions Team<\/h2>\n\n\n    <div class=\"person person--administrative default\">\n    <div class=\"person__photo\">\n        <div class=\"person__photoWrapper\">\n                            <img data-opt-id=632086201  fetchpriority=\"high\" decoding=\"async\"\n                    src=\"https:\/\/unyp-airtable.zvladneme.cz\/attachment\/employee\/recA5D1hQrAtNftSm\/attCCNiCM5NshLjaQ\/large.jpg\"\n                    width=\"512\"\n                    height=\"512\"\n                    alt=\"Georgios Kokkalos\"\n                    class=\"img-fluid rounded-circle\"\n                >\n                    <\/div>\n    <\/div>\n    <div class=\"person__about\">\n        <div class=\"person__position\">Admissions Director<\/div>\n        <div class=\"person__name mb-2\"><strong>Georgios Kokkalos<\/strong><\/div>\n                    <div class=\"person__email\"><a href=\"mailto:gkokkalos@unyp.cz\">gkokkalos@unyp.cz<\/a><\/div>\n                            <div class=\"person__email\"><a href=\"mailto:admissions@unyp.cz\">admissions@unyp.cz<\/a><\/div>\n            <\/div>\n<\/div>\n    <div class=\"person person--administrative default\">\n    <div class=\"person__photo\">\n        <div class=\"person__photoWrapper\">\n                            <img data-opt-id=1363065548  fetchpriority=\"high\" decoding=\"async\"\n                    src=\"https:\/\/unyp-airtable.zvladneme.cz\/attachment\/employee\/recpbVMGzbGUXzcdA\/attJKv0q6dUX3OwdO\/large.jpg\"\n                    width=\"512\"\n                    height=\"512\"\n                    alt=\"Veronika Pokorn\u00e1\"\n                    class=\"img-fluid rounded-circle\"\n                >\n                    <\/div>\n    <\/div>\n    <div class=\"person__about\">\n        <div class=\"person__position\">Senior Admissions Advisor<\/div>\n        <div class=\"person__name mb-2\"><strong>Veronika Pokorn\u00e1<\/strong><\/div>\n                    <div class=\"person__email\"><a href=\"mailto:vpokorna@unyp.cz\">vpokorna@unyp.cz<\/a><\/div>\n                            <div class=\"person__email\"><a href=\"mailto:admissions@unyp.cz\">admissions@unyp.cz<\/a><\/div>\n            <\/div>\n<\/div>\n    <div class=\"person person--administrative default\">\n    <div class=\"person__photo\">\n        <div class=\"person__photoWrapper\">\n                            <img data-opt-id=657401360  fetchpriority=\"high\" decoding=\"async\"\n                    src=\"https:\/\/unyp-airtable.zvladneme.cz\/attachment\/employee\/recmKMPASp95w6qJi\/attEKMxhOZigcd55I\/large.jpg\"\n                    width=\"512\"\n                    height=\"512\"\n                    alt=\"Adiya Ashirova\"\n                    class=\"img-fluid rounded-circle\"\n                >\n                    <\/div>\n    <\/div>\n    <div class=\"person__about\">\n        <div class=\"person__position\">Admissions Advisor<\/div>\n        <div class=\"person__name mb-2\"><strong>Adiya Ashirova<\/strong><\/div>\n                    <div class=\"person__email\"><a href=\"mailto:aashirova@unyp.cz\">aashirova@unyp.cz<\/a><\/div>\n                            <div class=\"person__email\"><a href=\"mailto:admissions@unyp.cz\">admissions@unyp.cz<\/a><\/div>\n            <\/div>\n<\/div>\n    <div class=\"person person--administrative default\">\n    <div class=\"person__photo\">\n        <div class=\"person__photoWrapper\">\n                            <img data-opt-id=966674037  fetchpriority=\"high\" decoding=\"async\"\n                    src=\"https:\/\/unyp-airtable.zvladneme.cz\/attachment\/employee\/recSHxrvP7vXhFYcs\/attafnIn1AdesuNKu\/large.jpg\"\n                    width=\"512\"\n                    height=\"512\"\n                    alt=\"Danai Baouraki\"\n                    class=\"img-fluid rounded-circle\"\n                >\n                    <\/div>\n    <\/div>\n    <div class=\"person__about\">\n        <div class=\"person__position\">Admissions Advisor<\/div>\n        <div class=\"person__name mb-2\"><strong>Danai Baouraki<\/strong><\/div>\n                    <div class=\"person__email\"><a href=\"mailto:dbaouraki@unyp.cz\">dbaouraki@unyp.cz<\/a><\/div>\n                            <div class=\"person__email\"><a href=\"mailto:admissions@unyp.cz\">admissions@unyp.cz<\/a><\/div>\n            <\/div>\n<\/div>\n    <div class=\"person person--administrative default\">\n    <div class=\"person__photo\">\n        <div class=\"person__photoWrapper\">\n                            <img data-opt-id=1763007487  fetchpriority=\"high\" decoding=\"async\"\n                    src=\"https:\/\/unyp-airtable.zvladneme.cz\/attachment\/employee\/recnAhIzOCOhzSfUZ\/att9CnoKjjizNdz6E\/large.png\"\n                    width=\"512\"\n                    height=\"512\"\n                    alt=\"Daniil Martynov\"\n                    class=\"img-fluid rounded-circle\"\n                >\n                    <\/div>\n    <\/div>\n    <div class=\"person__about\">\n        <div class=\"person__position\">Admissions Advisor<\/div>\n        <div class=\"person__name mb-2\"><strong>Daniil Martynov<\/strong><\/div>\n                    <div class=\"person__email\"><a href=\"mailto:dmartynov@unyp.cz\">dmartynov@unyp.cz<\/a><\/div>\n                            <div class=\"person__email\"><a href=\"mailto:admissions@unyp.cz\">admissions@unyp.cz<\/a><\/div>\n            <\/div>\n<\/div>\n\n\n\n\n<p><\/p>\n","protected":false},"excerpt":{"rendered":"<p>Admissions t\u00fdm University of New York in Prague z\u00e1jemce o studium prov\u00e1d\u00ed komplexn\u00edm procesem pod\u00e1v\u00e1n\u00ed p\u0159ihl\u00e1\u0161ek. Z\u00e1jemc\u016fm pom\u00e1h\u00e1me vybrat vhodn\u00fd program, spolu s pod\u00e1v\u00e1n\u00edm \u017e\u00e1dost\u00ed a p\u0159\u00edpravou pot\u0159ebn\u00fdch dokument\u016f. Krom\u011b toho koordinujeme pohovory a v p\u0159\u00edpad\u011b pot\u0159eby poskytujeme podporu p\u0159i pod\u00e1v\u00e1n\u00ed \u017e\u00e1dost\u00ed o v\u00edza. V pr\u016fb\u011bhu p\u0159ij\u00edmac\u00edho \u0159\u00edzen\u00ed r\u00e1di zodpov\u00edme dotazy a nab\u00edz\u00edme individu\u00e1ln\u00ed pomoc, [&hellip;]<\/p>\n","protected":false},"author":1,"featured_media":0,"parent":0,"menu_order":0,"comment_status":"closed","ping_status":"closed","template":"","meta":{"_acf_changed":false,"inline_featured_image":false,"advgb_blocks_editor_width":"","advgb_blocks_columns_visual_guide":"","footnotes":""},"categories":[],"tags":[],"class_list":["post-59781","page","type-page","status-publish","hentry"],"acf":[],"mb":[],"coauthors":[],"author_meta":{"author_link":"https:\/\/www.unyp.cz\/cs\/author\/kucera-centario\/","display_name":"kucera.centario"},"relative_dates":{"created":"Posted 1 year ago","modified":"Updated 1 year ago"},"absolute_dates":{"created":"Posted on December 16, 2024","modified":"Updated on March 5, 2025"},"absolute_dates_time":{"created":"Posted on December 16, 2024 3:20 PM","modified":"Updated on March 5, 2025 7:37 PM"},"featured_img_caption":"","featured_img":false,"series_order":"","mfb_rest_fields":["title","coauthors","author_meta","relative_dates","absolute_dates","absolute_dates_time","featured_img_caption","featured_img","series_order"],"_links":{"self":[{"href":"https:\/\/www.unyp.cz\/cs\/wp-json\/wp\/v2\/pages\/59781","targetHints":{"allow":["GET"]}}],"collection":[{"href":"https:\/\/www.unyp.cz\/cs\/wp-json\/wp\/v2\/pages"}],"about":[{"href":"https:\/\/www.unyp.cz\/cs\/wp-json\/wp\/v2\/types\/page"}],"author":[{"embeddable":true,"href":"https:\/\/www.unyp.cz\/cs\/wp-json\/wp\/v2\/users\/1"}],"replies":[{"embeddable":true,"href":"https:\/\/www.unyp.cz\/cs\/wp-json\/wp\/v2\/comments?post=59781"}],"version-history":[{"count":1,"href":"https:\/\/www.unyp.cz\/cs\/wp-json\/wp\/v2\/pages\/59781\/revisions"}],"predecessor-version":[{"id":59782,"href":"https:\/\/www.unyp.cz\/cs\/wp-json\/wp\/v2\/pages\/59781\/revisions\/59782"}],"wp:attachment":[{"href":"https:\/\/www.unyp.cz\/cs\/wp-json\/wp\/v2\/media?parent=59781"}],"wp:term":[{"taxonomy":"category","embeddable":true,"href":"https:\/\/www.unyp.cz\/cs\/wp-json\/wp\/v2\/categories?post=59781"},{"taxonomy":"post_tag","embeddable":true,"href":"https:\/\/www.unyp.cz\/cs\/wp-json\/wp\/v2\/tags?post=59781"}],"curies":[{"name":"wp","href":"https:\/\/api.w.org\/{rel}","templated":true}]}}