{"id":62606,"date":"2025-04-10T15:55:05","date_gmt":"2025-04-10T14:55:05","guid":{"rendered":"https:\/\/www.unyp.cz\/unyp-advisory-boards\/"},"modified":"2025-04-25T08:39:28","modified_gmt":"2025-04-25T07:39:28","slug":"unyp-advisory-boards","status":"publish","type":"page","link":"https:\/\/www.unyp.cz\/cs\/unyp-advisory-boards\/","title":{"rendered":"Poradn\u00ed sbory"},"content":{"rendered":"\n<h2 class=\"wp-block-heading\">\u200bBudov\u00e1n\u00ed pevn\u00fdch most\u016f mezi UNYP, soukrom\u00fdm sektorem a akademickou obc\u00ed<\/h2>\n\n\n\n<p>University of New York in Prague (UNYP) aktivn\u011b spolupracuje s poradn\u00edmi sbory, aby zajistila, \u017ee jej\u00ed akademick\u00e1 excelence a strategick\u00fd r\u016fst z\u016fstanou relevantn\u00ed pro sou\u010dasn\u00fd glob\u00e1ln\u00ed trh pr\u00e1ce. Tyto rady vedou instituci v r\u00e1mci vyv\u00edjej\u00edc\u00edch se trend\u016f v oblasti vzd\u011bl\u00e1v\u00e1n\u00ed, podnik\u00e1n\u00ed a ve\u0159ejn\u00fdch slu\u017eeb.<\/p>\n\n\n\n<h3 class=\"wp-block-heading\">Pro\u010d jsou poradn\u00ed sbory UNYP d\u016fle\u017eit\u00e9?<\/h3>\n\n\n\n<p>Poradn\u00ed sbory nab\u00edzej\u00ed cenn\u00e9 pohledy zven\u010d\u00ed, kter\u00e9 pom\u00e1haj\u00ed utv\u00e1\u0159et budoucnost. \u010cleny t\u011bchto rad jsou v\u00fdznamn\u00ed odborn\u00edci z podnikatelsk\u00e9 sf\u00e9ry, akademick\u00e9 obce a ve\u0159ejn\u00e9ho sektoru. Jejich p\u0159\u00edsp\u011bvky podporuj\u00ed dlouhodob\u00e9 institucion\u00e1ln\u00ed pl\u00e1nov\u00e1n\u00ed a zaji\u0161\u0165uj\u00ed, aby akademick\u00e9 programy UNYP odpov\u00eddaly standard\u016fm a pot\u0159eb\u00e1m zam\u011bstnavatel\u016f.<\/p>\n\n\n\n<hr class=\"wp-block-separator has-alpha-channel-opacity\"\/>\n\n\n\n<h2 class=\"wp-block-heading\"><a href=\"https:\/\/www.unyp.cz\/cs\/externi-poradni-komise\/\">External Advisory Board<\/a><\/h2>\n\n\n\n<h3 class=\"wp-block-heading\">Strategick\u00e9 pokyny pro institucion\u00e1ln\u00ed sm\u011b\u0159ov\u00e1n\u00ed UNYP<\/h3>\n\n\n\n<p>Extern\u00ed poradn\u00ed sbor poskytuje veden\u00ed UNYP poradenstv\u00ed na vy\u0161\u0161\u00ed \u00farovni ohledn\u011b posl\u00e1n\u00ed, vize a dlouhodob\u00e9ho strategick\u00e9ho rozvoje \u0161koly. V t\u00e9to rad\u011b zasedaj\u00ed uzn\u00e1van\u00ed p\u0159edstavitel\u00e9 z r\u016fzn\u00fdch odv\u011btv\u00ed, kte\u0159\u00ed p\u0159in\u00e1\u0161ej\u00ed des\u00edtky let zku\u0161enost\u00ed na podporu rozhodnut\u00ed t\u00fdkaj\u00edc\u00edch se r\u016fstu, dosahu a inovac\u00ed ve vysoko\u0161kolsk\u00e9m vzd\u011bl\u00e1v\u00e1n\u00ed.<\/p>\n\n\n\n<p>Jejich zp\u011btn\u00e1 vazba zaji\u0161\u0165uje, \u017ee UNYP si udr\u017euje glob\u00e1ln\u00ed v\u00fdznam, podporuje mezin\u00e1rodn\u00ed partnerstv\u00ed a slou\u017e\u00ed jako dynamick\u00e9 centrum akademick\u00e9 excelence ve st\u0159edn\u00ed Evrop\u011b.<\/p>\n\n\n\n<hr class=\"wp-block-separator has-alpha-channel-opacity\"\/>\n\n\n\n<h2 class=\"wp-block-heading\"><a href=\"https:\/\/www.unyp.cz\/cs\/externi-oborove-rady\/\">School Advisory Boards<\/a><\/h2>\n\n\n\n<h3 class=\"wp-block-heading\">Doporu\u010den\u00ed vedouc\u00edch p\u0159edstavitel\u016f a akademick\u00e9 obce t\u00fdkaj\u00edc\u00ed se konkr\u00e9tn\u00edch program\u016f<\/h3>\n\n\n\n<p>Ka\u017ed\u00e1 akademick\u00e1 \u0161kola na UNYP m\u00e1 sv\u016fj vlastn\u00ed \u0161koln\u00ed poradn\u00ed sbor. Tyto specializovan\u00e9 komise se zam\u011b\u0159uj\u00ed na Psychologii, Business, Komunikaci a Mezin\u00e1rodn\u00ed vztahy. Jejich \u010dleny jsou odborn\u00edci z oboru i akademick\u00e9 sf\u00e9ry, kte\u0159\u00ed hodnot\u00ed sou\u010dasn\u00e9 studijn\u00ed programy, navrhuj\u00ed jejich zlep\u0161en\u00ed a sd\u00edlej\u00ed poznatky o budouc\u00edch po\u017eadavc\u00edch na dovednosti.<\/p>\n\n\n\n<p>Tyto rady pom\u00e1haj\u00ed utv\u00e1\u0159et vzd\u011bl\u00e1vac\u00ed obsah tak, aby odpov\u00eddal o\u010dek\u00e1v\u00e1n\u00edm re\u00e1ln\u00e9ho sv\u011bta, aktualizovat metodiky v\u00fduky a otev\u00edrat nov\u00e9 cesty pro spole\u010dn\u00fd v\u00fdzkum, st\u00e1\u017ee a kari\u00e9rn\u00ed rozvoj student\u016f.<\/p>\n\n\n\n<hr class=\"wp-block-separator has-alpha-channel-opacity\"\/>\n\n\n\n<h2 class=\"wp-block-heading\">Kl\u00ed\u010dov\u00e9 p\u0159\u00ednosy poradn\u00edch sbor\u016f<\/h2>\n\n\n\n<p>Poradn\u00ed sbory slou\u017e\u00ed jako d\u016fle\u017eit\u00e9 spojen\u00ed mezi UNYP a extern\u00edmi institucemi a p\u0159isp\u00edvaj\u00ed n\u00e1sleduj\u00edc\u00edmi zp\u016fsoby:<\/p>\n\n\n\n<ul class=\"wp-block-list\">\n<li>Poskytov\u00e1n\u00ed nez\u00e1visl\u00e9ho hodnocen\u00ed akademick\u00fdch program\u016f<\/li>\n\n\n\n<li>Podpora aktualizace studijn\u00edch program\u016f s ohledem na nov\u00e9 trendy na trhu pr\u00e1ce<\/li>\n\n\n\n<li>Doporu\u010dov\u00e1n\u00ed strategick\u00fdch iniciativ pro institucion\u00e1ln\u00ed r\u016fst<\/li>\n\n\n\n<li>Posilov\u00e1n\u00ed spolupr\u00e1ce s mezin\u00e1rodn\u00edmi partnery, podniky a nevl\u00e1dn\u00edmi organizacemi<\/li>\n\n\n\n<li>Zprost\u0159edkov\u00e1n\u00ed mo\u017enost\u00ed st\u00e1\u017e\u00ed a vzd\u011bl\u00e1vac\u00edch cest p\u0159ipraven\u00fdch na povol\u00e1n\u00ed.<\/li>\n<\/ul>\n\n\n\n<hr class=\"wp-block-separator has-alpha-channel-opacity\"\/>\n\n\n\n<h2 class=\"wp-block-heading\">Pos\u00edlen\u00ed spolupr\u00e1ce mezi univerzitami a \u0161kolstv\u00edm ve st\u0159edn\u00ed Evrop\u011b<\/h2>\n\n\n\n<p>Zapojen\u00edm poznatk\u016f a odborn\u00fdch znalost\u00ed \u010dlen\u016f poradn\u00edho sboru UNYP nad\u00e1le posiluje svou pozici jedn\u00e9 z nejlep\u0161\u00edch anglicky mluv\u00edc\u00edch vysok\u00fdch \u0161kol v \u010cesk\u00e9 republice. Tyto rady pom\u00e1haj\u00ed zlep\u0161ovat kvalitu vzd\u011bl\u00e1v\u00e1n\u00ed a zaji\u0161\u0165uj\u00ed, \u017ee studenti jsou p\u0159ipraveni \u010delit v\u00fdzv\u00e1m modern\u00ed glob\u00e1ln\u00ed pracovn\u00ed s\u00edly.<\/p>\n\n\n\n<p><\/p>\n","protected":false},"excerpt":{"rendered":"<p>\u200bBudov\u00e1n\u00ed pevn\u00fdch most\u016f mezi UNYP, soukrom\u00fdm sektorem a akademickou obc\u00ed University of New York in Prague (UNYP) aktivn\u011b spolupracuje s poradn\u00edmi sbory, aby zajistila, \u017ee jej\u00ed akademick\u00e1 excelence a strategick\u00fd r\u016fst z\u016fstanou relevantn\u00ed pro sou\u010dasn\u00fd glob\u00e1ln\u00ed trh pr\u00e1ce. Tyto rady vedou instituci v r\u00e1mci vyv\u00edjej\u00edc\u00edch se trend\u016f v oblasti vzd\u011bl\u00e1v\u00e1n\u00ed, podnik\u00e1n\u00ed a ve\u0159ejn\u00fdch slu\u017eeb. Pro\u010d [&hellip;]<\/p>\n","protected":false},"author":66,"featured_media":0,"parent":0,"menu_order":0,"comment_status":"closed","ping_status":"closed","template":"","meta":{"_acf_changed":false,"inline_featured_image":false,"advgb_blocks_editor_width":"","advgb_blocks_columns_visual_guide":"","footnotes":""},"categories":[],"tags":[],"class_list":["post-62606","page","type-page","status-publish","hentry"],"acf":[],"mb":[],"coauthors":[],"author_meta":{"author_link":"https:\/\/www.unyp.cz\/cs\/author\/csteeleunyp-cz\/","display_name":"Clark Andrew Steele"},"relative_dates":{"created":"Posted 1 year ago","modified":"Updated 12 months ago"},"absolute_dates":{"created":"Posted on April 10, 2025","modified":"Updated on April 25, 2025"},"absolute_dates_time":{"created":"Posted on April 10, 2025 3:55 PM","modified":"Updated on April 25, 2025 8:39 AM"},"featured_img_caption":"","featured_img":false,"series_order":"","mfb_rest_fields":["title","coauthors","author_meta","relative_dates","absolute_dates","absolute_dates_time","featured_img_caption","featured_img","series_order"],"_links":{"self":[{"href":"https:\/\/www.unyp.cz\/cs\/wp-json\/wp\/v2\/pages\/62606","targetHints":{"allow":["GET"]}}],"collection":[{"href":"https:\/\/www.unyp.cz\/cs\/wp-json\/wp\/v2\/pages"}],"about":[{"href":"https:\/\/www.unyp.cz\/cs\/wp-json\/wp\/v2\/types\/page"}],"author":[{"embeddable":true,"href":"https:\/\/www.unyp.cz\/cs\/wp-json\/wp\/v2\/users\/66"}],"replies":[{"embeddable":true,"href":"https:\/\/www.unyp.cz\/cs\/wp-json\/wp\/v2\/comments?post=62606"}],"version-history":[{"count":2,"href":"https:\/\/www.unyp.cz\/cs\/wp-json\/wp\/v2\/pages\/62606\/revisions"}],"predecessor-version":[{"id":62690,"href":"https:\/\/www.unyp.cz\/cs\/wp-json\/wp\/v2\/pages\/62606\/revisions\/62690"}],"wp:attachment":[{"href":"https:\/\/www.unyp.cz\/cs\/wp-json\/wp\/v2\/media?parent=62606"}],"wp:term":[{"taxonomy":"category","embeddable":true,"href":"https:\/\/www.unyp.cz\/cs\/wp-json\/wp\/v2\/categories?post=62606"},{"taxonomy":"post_tag","embeddable":true,"href":"https:\/\/www.unyp.cz\/cs\/wp-json\/wp\/v2\/tags?post=62606"}],"curies":[{"name":"wp","href":"https:\/\/api.w.org\/{rel}","templated":true}]}}