{"id":63218,"date":"2025-04-03T13:04:48","date_gmt":"2025-04-03T12:04:48","guid":{"rendered":"https:\/\/www.unyp.cz\/?page_id=63218"},"modified":"2026-04-22T17:06:41","modified_gmt":"2026-04-22T16:06:41","slug":"msc-business-analytics-praha","status":"publish","type":"page","link":"https:\/\/www.unyp.cz\/cs\/msc-business-analytics-praha\/","title":{"rendered":"MSc Business Analytics"},"content":{"rendered":"\n<h2 class=\"wp-block-heading\" id=\"h-promente-data-v-strategicka-rozhodnuti\"><strong>Prom\u011b\u0148te data v strategick\u00e1 rozhodnut\u00ed<\/strong><\/h2>\n\n\n\n<h3 class=\"wp-block-heading\" id=\"h-studujte-v-anglictine-a-ziskejte-prakticke-dovednosti-pro-karieru-v-oblasti-datove-analytiky\">Studujte v angli\u010dtin\u011b a z\u00edskejte praktick\u00e9 dovednosti pro kari\u00e9ru v oblasti datov\u00e9 analytiky.<\/h3>\n\n\n\n<p>Magistersk\u00fd program MSc in Business Analytics na <a href=\"http:\/\/unyp.cz\">University of New York in Prague (UNYP)<\/a> je realizov\u00e1n ve spolupr\u00e1ci s <a href=\"https:\/\/www.dbs.ie\/\">Dublin Business School (DBS)<\/a> v Irsku a je sou\u010d\u00e1st\u00ed <a href=\"https:\/\/www.unyp.cz\/cs\/katedra-business-a-it-programy\/\">School of Business a IT<\/a>. Program je navr\u017een tak, aby odpov\u00eddal pot\u0159eb\u00e1m datov\u011b \u0159\u00edzen\u00e9 ekonomiky.<\/p>\n\n\n\n<p>A\u0165 u\u017e chcete za\u010d\u00edt kari\u00e9ru v datov\u00e9 analytice, roz\u0161\u00ed\u0159it sv\u00e9 technick\u00e9 dovednosti nebo l\u00e9pe vyu\u017e\u00edvat data p\u0159i rozhodov\u00e1n\u00ed v byznysu, tento program v\u00e1m nab\u00eddne prakticky zam\u011b\u0159enou a kari\u00e9rn\u011b orientovanou cestu.<\/p>\n\n\n\n<p>Program je vyu\u010dov\u00e1n kompletn\u011b v angli\u010dtin\u011b.<\/p>\n\n\n\n<div class=\"wp-block-media-text alignwide is-stacked-on-mobile has-unyp-light-blue-background-color has-background\" style=\"margin-top:0;margin-right:0;margin-bottom:0;margin-left:0;padding-top:0;padding-right:var(--wp--preset--spacing--60);padding-bottom:0;padding-left:var(--wp--preset--spacing--60);grid-template-columns:23% auto\"><figure class=\"wp-block-media-text__media\"><img data-opt-id=1253088295  fetchpriority=\"high\" decoding=\"async\" width=\"1400\" height=\"998\" src=\"https:\/\/www.unyp.cz\/wp-content\/uploads\/2025\/05\/thumbnail_dbs_primary-logo-3.png\" alt=\"\" class=\"wp-image-63499 size-full\" srcset=\"https:\/\/www.unyp.cz\/wp-content\/uploads\/2025\/05\/thumbnail_dbs_primary-logo-3.png 1400w, https:\/\/www.unyp.cz\/wp-content\/uploads\/2025\/05\/thumbnail_dbs_primary-logo-3.png 300w, https:\/\/www.unyp.cz\/wp-content\/uploads\/2025\/05\/thumbnail_dbs_primary-logo-3.png 150w, https:\/\/www.unyp.cz\/wp-content\/uploads\/2025\/05\/thumbnail_dbs_primary-logo-3.png 768w, https:\/\/www.unyp.cz\/wp-content\/uploads\/2025\/05\/thumbnail_dbs_primary-logo-3.png 1536w, https:\/\/www.unyp.cz\/wp-content\/uploads\/2025\/05\/thumbnail_dbs_primary-logo-3.png 1920w\" sizes=\"(max-width: 1000px) 100vw, 1000px\" \/><\/figure><div class=\"wp-block-media-text__content\">\n<p><em>Nab\u00edzen ve spolupr\u00e1ci s Dublin Business School (DBS)<\/em><br><em>v Irsku. <\/em><\/p>\n<\/div><\/div>\n\n\n\n<hr class=\"wp-block-separator has-alpha-channel-opacity\"\/>\n\n\n\n<div class=\"wp-block-group is-layout-constrained wp-block-group-is-layout-constrained\">\n<h4 class=\"wp-block-heading\" id=\"h-spoluprace-na-realnych-datech-a-projektech\"><strong><strong>Spolupr\u00e1ce na re\u00e1ln\u00fdch datech a projektech<\/strong><\/strong><\/h4>\n<\/div>\n\n\n\n<figure class=\"wp-block-image size-large\"><img data-opt-id=1990747338  fetchpriority=\"high\" decoding=\"async\" src=\"https:\/\/mlgfjgj9j0su.i.optimole.com\/w:1400\/h:934\/q:mauto\/f:best\/https:\/\/www.unyp.cz\/wp-content\/uploads\/2025\/12\/660a7433.jpg\" alt=\"\" class=\"wp-image-71282\"\/><\/figure>\n\n\n\n<p class=\"has-small-font-size\"><em>Studenti pracuj\u00ed s daty, sd\u00edlej\u00ed poznatky a spole\u010dn\u011b hledaj\u00ed \u0159e\u0161en\u00ed, kter\u00e1 maj\u00ed praktick\u00fd dopad v byznysu.<\/em><\/p>\n\n\n\n<hr class=\"wp-block-separator has-alpha-channel-opacity\"\/>\n\n\n\n<h2 class=\"wp-block-heading\" id=\"h-business-analytics-vs-data-analytics-jaky-je-rozdil\"><strong>Business Analytics vs. Data Analytics: Jak\u00fd je rozd\u00edl?<\/strong><\/h2>\n\n\n\n<p>Mnoho student\u016f, kte\u0159\u00ed hledaj\u00ed programy zam\u011b\u0159en\u00e9 na datovou analytiku, ve skute\u010dnosti hled\u00e1 studium, kter\u00e9 propojuje data s re\u00e1ln\u00fdm rozhodov\u00e1n\u00edm ve firm\u00e1ch.<\/p>\n\n\n\n<p><strong>Hlavn\u00ed rozd\u00edl:<\/strong><\/p>\n\n\n\n<ul class=\"wp-block-list\">\n<li><strong>Data analytics<\/strong> se zam\u011b\u0159uje na sb\u011br, zpracov\u00e1n\u00ed a anal\u00fdzu dat<\/li>\n\n\n\n<li><strong>Business analytics<\/strong> vyu\u017e\u00edv\u00e1 tato data pro strategick\u00e1 a mana\u017eersk\u00e1 rozhodnut\u00ed<\/li>\n<\/ul>\n\n\n\n<p>Na UNYP z\u00edsk\u00e1te oboj\u00ed:<\/p>\n\n\n\n<ul class=\"wp-block-list\">\n<li>technick\u00e9 dovednosti (anal\u00fdza dat, vizualizace, modelov\u00e1n\u00ed)<\/li>\n\n\n\n<li>business kontext (strategie, finance, rozhodov\u00e1n\u00ed)<\/li>\n<\/ul>\n\n\n\n<hr class=\"wp-block-separator has-alpha-channel-opacity\"\/>\n\n\n\n<h3 class=\"wp-block-heading\"><strong>Pro\u010d studovat MSc in Business Analytics na UNYP?<\/strong><\/h3>\n\n\n\n<p><strong>Mezin\u00e1rodn\u011b uzn\u00e1van\u00fd titul<\/strong><br>Z\u00edskejte titul ve spolupr\u00e1ci s Dublin Business School a otev\u0159ete si dve\u0159e na glob\u00e1ln\u00ed trh pr\u00e1ce.<\/p>\n\n\n\n<p><strong>Prakticky zam\u011b\u0159en\u00e9 studium<\/strong><br>Nau\u010d\u00edte se aplikovat datovou analytiku na re\u00e1ln\u00e9 probl\u00e9my, nejen teoreticky.<\/p>\n\n\n\n<p><strong>Vhodn\u00e9 pro absolventy i pracuj\u00edc\u00ed<\/strong><br>Program je vhodn\u00fd jak pro absolventy, tak pro ty, kte\u0159\u00ed cht\u011bj\u00ed zm\u011bnit nebo posunout svou kari\u00e9ru.<\/p>\n\n\n\n<p><strong>Studium v angli\u010dtin\u011b<\/strong><br>Zlep\u0161\u00edte si odbornou angli\u010dtinu a p\u0159iprav\u00edte se na mezin\u00e1rodn\u00ed prost\u0159ed\u00ed.<\/p>\n\n\n\n<p><strong>Z\u00e1v\u011bre\u010dn\u00fd projekt nebo diplomov\u00e1 pr\u00e1ce<\/strong><br>Vyberte si mezi praktick\u00fdm projektem do portfolia a akademicky zam\u011b\u0159enou diplomovou prac\u00ed.<\/p>\n\n\n\n<hr class=\"wp-block-separator has-alpha-channel-opacity\"\/>\n\n\n\n<h3 class=\"wp-block-heading\"><strong>Co se nau\u010d\u00edte<\/strong><\/h3>\n\n\n\n<p>Z\u00edsk\u00e1te kombinaci technick\u00fdch dovednost\u00ed a schopnosti jejich praktick\u00e9ho vyu\u017eit\u00ed:<\/p>\n\n\n\n<ul class=\"wp-block-list\">\n<li>Aplikovan\u00e1 statistika a machine learning<\/li>\n\n\n\n<li>Business intelligence a vizualizace dat<\/li>\n\n\n\n<li>Finan\u010dn\u00ed a business analytika<\/li>\n\n\n\n<li>Data mining<\/li>\n\n\n\n<li>Programov\u00e1n\u00ed pro analytiku<\/li>\n\n\n\n<li>Projektov\u00e9 \u0159\u00edzen\u00ed<\/li>\n\n\n\n<li>Business strategie<\/li>\n<\/ul>\n\n\n\n<hr class=\"wp-block-separator has-alpha-channel-opacity\"\/>\n\n\n\n<h2 class=\"wp-block-heading\" id=\"h-program-vytvoreny-pro-datove-rizeny-byznys-dneska\"><strong>Program vytvo\u0159en\u00fd pro datov\u011b \u0159\u00edzen\u00fd byznys dne\u0161ka<\/strong><\/h2>\n\n\n\n<div class=\"wp-block-group is-layout-constrained wp-block-group-is-layout-constrained\">\n<figure class=\"wp-block-image alignleft size-large is-resized has-custom-border wp-duotone-unset-2\"><img data-opt-id=623606745  fetchpriority=\"high\" decoding=\"async\" width=\"837\" height=\"1000\" src=\"https:\/\/mlgfjgj9j0su.i.optimole.com\/w:837\/h:1000\/q:mauto\/f:best\/https:\/\/www.unyp.cz\/wp-content\/uploads\/2025\/06\/dave-2-2.jpg\" alt=\"Dr. David Williams, Academic Director, Computing at Dublin Business School offers a testimonial about the Master's in Business Analytics at UNYP\" class=\"wp-image-64652\" style=\"border-radius:13px;aspect-ratio:0.8370414912808178;width:306px;height:auto\" srcset=\"https:\/\/mlgfjgj9j0su.i.optimole.com\/w:837\/h:1000\/q:mauto\/f:best\/https:\/\/www.unyp.cz\/wp-content\/uploads\/2025\/06\/dave-2-2-scaled.jpg 837w, https:\/\/mlgfjgj9j0su.i.optimole.com\/w:251\/h:300\/q:mauto\/f:best\/https:\/\/www.unyp.cz\/wp-content\/uploads\/2025\/06\/dave-2-2-scaled.jpg 251w, https:\/\/mlgfjgj9j0su.i.optimole.com\/w:125\/h:150\/q:mauto\/f:best\/https:\/\/www.unyp.cz\/wp-content\/uploads\/2025\/06\/dave-2-2-scaled.jpg 125w, https:\/\/mlgfjgj9j0su.i.optimole.com\/w:768\/h:918\/q:mauto\/f:best\/https:\/\/www.unyp.cz\/wp-content\/uploads\/2025\/06\/dave-2-2-scaled.jpg 768w, https:\/\/mlgfjgj9j0su.i.optimole.com\/w:1285\/h:1536\/q:mauto\/f:best\/https:\/\/www.unyp.cz\/wp-content\/uploads\/2025\/06\/dave-2-2-scaled.jpg 1285w, https:\/\/mlgfjgj9j0su.i.optimole.com\/w:1713\/h:2048\/q:mauto\/f:best\/https:\/\/www.unyp.cz\/wp-content\/uploads\/2025\/06\/dave-2-2-scaled.jpg 1713w\" sizes=\"(max-width: 837px) 100vw, 837px\" \/><\/figure>\n\n\n\n<blockquote class=\"wp-block-quote is-layout-flow wp-block-quote-is-layout-flow\">\n<p class=\"has-unyp-blue-color has-text-color has-link-color has-medium-font-size wp-elements-6f7657077c5b7203f4c5910439e7c199\">&#8220;V dne\u0161n\u00edm sv\u011bt\u011b zalo\u017een\u00e9m na datech je schopnost p\u0159ev\u00e1d\u011bt komplexn\u00ed informace na strategick\u00e9 obchodn\u00ed poznatky cenn\u011bj\u0161\u00ed ne\u017e kdy jindy. Tento program je v\u00edce ne\u017e jen magistersk\u00fd titul, jde o komplexn\u00ed mezioborov\u00e9 studium program, kter\u00fd spojuje obchodn\u00ed strategii, anal\u00fdzu dat a v\u00fdpo\u010detn\u00ed techniku, aby v\u00e1m poskytl ucelen\u00fd a v\u00fdkonn\u00fd soubor dovednost\u00ed. N\u00e1\u0161 studijn\u00ed program je sestaven na z\u00e1klad\u011b konzultac\u00ed s p\u0159edn\u00edmi sv\u011btov\u00fdmi spole\u010dnostmi, co\u017e zaru\u010duje, \u017ee si osvoj\u00edte dovednosti, kter\u00e9 p\u0159edn\u00ed zam\u011bstnavatel\u00e9 aktivn\u011b hledaj\u00ed<em>.<\/em>&#8220;<\/p>\n\n\n\n<p class=\"has-text-align-right has-unyp-blue-color has-text-color has-link-color wp-elements-48fc930f3119ecaa439c9b418d1c7de9\"><a href=\"https:\/\/www.linkedin.com\/in\/dr-david-williams\/?originalSubdomain=ie\" target=\"_blank\" rel=\"noreferrer noopener\">Dr. David Williams<\/a><br>Academic Director, Computing<br>Dublin Business School<\/p>\n<\/blockquote>\n<\/div>\n\n\n\n<hr class=\"wp-block-separator has-alpha-channel-opacity\"\/>\n\n\n\n<div class=\"wp-block-group is-layout-constrained wp-block-group-is-layout-constrained\">\n<h2 class=\"wp-block-heading\" id=\"h-karierni-uplatneni\"><strong>Kari\u00e9rn\u00ed uplatn\u011bn\u00ed<\/strong><\/h2>\n\n\n\n<p>Tento program v\u00e1s p\u0159iprav\u00ed na kari\u00e9ru v oblasti datov\u00e9 analytiky a business intelligence.<\/p>\n\n\n\n<p><strong>Uplatn\u011bn\u00ed najdete nap\u0159\u00edklad v oblastech:<\/strong><\/p>\n\n\n\n<ul class=\"wp-block-list\">\n<li>Technologie<\/li>\n\n\n\n<li>Finance<\/li>\n\n\n\n<li>Consulting<\/li>\n\n\n\n<li>E-commerce<\/li>\n\n\n\n<li>Zdravotnictv\u00ed<\/li>\n<\/ul>\n\n\n\n<p><strong>Z\u00edsk\u00e1te:<\/strong><\/p>\n\n\n\n<ul class=\"wp-block-list\">\n<li>Analytick\u00e9 dovednosti<\/li>\n\n\n\n<li>Pochopen\u00ed businessu<\/li>\n\n\n\n<li>Praktick\u00e9 zku\u0161enosti<\/li>\n<\/ul>\n\n\n\n<p>\u27a1\ufe0f D\u00edky tomu budete p\u0159ipraveni na juniorn\u00ed i mid-level pozice v oblasti analytiky.<\/p>\n\n\n\n<hr class=\"wp-block-separator has-alpha-channel-opacity\"\/>\n<\/div>\n\n\n\n<figure class=\"wp-block-table\"><table class=\"has-fixed-layout\"><thead><tr><th><strong>Specifikace<\/strong><\/th><th><strong>Detaily<\/strong><\/th><\/tr><\/thead><tbody><tr><td>Ud\u011bluj\u00edc\u00ed subjekt<\/td><td>Quality &amp; Qualifications Ireland (QQI)<\/td><\/tr><tr><td>Ud\u011blen\u00fd titul<\/td><td>Master of Science (MSc) in Business Analytics<\/td><\/tr><tr><td>EQF Level<\/td><td>Level 7<\/td><\/tr><tr><td>D\u00e9lka studia<\/td><td>1 rok (prezen\u010dn\u00ed studium s ve\u010dern\u00ed v\u00fdukou)<\/td><\/tr><tr><td>P\u0159\u00ed\u0161t\u00ed n\u00e1stup<\/td><td>Z\u00e1\u0159\u00ed 2026<\/td><\/tr><\/tbody><\/table><\/figure>\n\n\n\n<hr class=\"wp-block-separator has-alpha-channel-opacity\"\/>\n\n\n\n<h2 class=\"wp-block-heading\" id=\"h-casto-kladene-otazky\"><strong>\u010casto kladen\u00e9 ot\u00e1zky<\/strong><\/h2>\n\n\n\n<div class=\"schema-faq wp-block-yoast-faq-block\"><div class=\"schema-faq-section\" id=\"faq-question-1776871917985\"><strong class=\"schema-faq-question\">Je tento program zam\u011b\u0159en\u00fd na datovou analytiku?<\/strong> <p class=\"schema-faq-answer\">Tento program je zam\u011b\u0159en\u00fd na <strong>business analytics<\/strong>, ale p\u0159iprav\u00ed v\u00e1s na kari\u00e9ru v datov\u00e9 analytice, business intelligence a rozhodovac\u00edch rol\u00edch. Z\u00edsk\u00e1te praktick\u00e9 dovednosti v pr\u00e1ci s daty v kontextu byznysu.<\/p> <\/div> <div class=\"schema-faq-section\" id=\"faq-question-1776871968873\"><strong class=\"schema-faq-question\">Jak\u00fd je rozd\u00edl mezi data analytics a business analytics?<\/strong> <p class=\"schema-faq-answer\"><strong>Data analytics<\/strong> se zam\u011b\u0159uje na anal\u00fdzu dat, zat\u00edmco <strong>business analytics<\/strong> vyu\u017e\u00edv\u00e1 data pro strategick\u00e9 rozhodov\u00e1n\u00ed ve firm\u00e1ch. Tento program propojuje ob\u011b oblasti.<\/p> <\/div> <div class=\"schema-faq-section\" id=\"faq-question-1776871984302\"><strong class=\"schema-faq-question\">Pot\u0159ebuji technick\u00e9 vzd\u011bl\u00e1n\u00ed?<\/strong> <p class=\"schema-faq-answer\">Ne. Program je vhodn\u00fd pro absolventy i pracuj\u00edc\u00ed z r\u016fzn\u00fdch obor\u016f. Technick\u00e9 dovednosti si osvoj\u00edte b\u011bhem studia.<\/p> <\/div> <div class=\"schema-faq-section\" id=\"faq-question-1776872006185\"><strong class=\"schema-faq-question\">Jak\u00e9 kari\u00e9rn\u00ed mo\u017enosti mi program otev\u0159e?<\/strong> <p class=\"schema-faq-answer\">Absolventi pracuj\u00ed nap\u0159\u00edklad jako <strong>data analytici, business analytici, BI specialist\u00e9 nebo konzultanti<\/strong> v oblastech jako technologie, finance nebo e-commerce.<\/p> <\/div> <div class=\"schema-faq-section\" id=\"faq-question-1776872018824\"><strong class=\"schema-faq-question\">Je v\u00fduka v angli\u010dtin\u011b?<\/strong> <p class=\"schema-faq-answer\">Ano. Cel\u00fd program prob\u00edh\u00e1 v angli\u010dtin\u011b, co\u017e v\u00e1s p\u0159iprav\u00ed na pr\u00e1ci v mezin\u00e1rodn\u00edm prost\u0159ed\u00ed.<\/p> <\/div> <div class=\"schema-faq-section\" id=\"faq-question-1776872035952\"><strong class=\"schema-faq-question\">Jak dlouho program trv\u00e1?<\/strong> <p class=\"schema-faq-answer\">Program trv\u00e1 <strong>1 rok (prezen\u010dn\u00ed studium s ve\u010dern\u00ed v\u00fdukou)<\/strong>.<\/p> <\/div> <div class=\"schema-faq-section\" id=\"faq-question-1776872051032\"><strong class=\"schema-faq-question\">Je mo\u017en\u00e9 studium kombinovat s prac\u00ed?<\/strong> <p class=\"schema-faq-answer\">Ano. D\u00edky ve\u010dern\u00ed v\u00fduce je program vhodn\u00fd i pro pracuj\u00edc\u00ed studenty.<\/p> <\/div> <\/div>\n\n\n\n<div class=\"wp-block-group is-layout-constrained wp-block-group-is-layout-constrained\">\n<h2 class=\"wp-block-heading\" id=\"h-nastartujte-karieru-v-datove-analytice\"><strong>Nastartujte kari\u00e9ru v datov\u00e9 analytice<\/strong><\/h2>\n\n\n\n<p>Z\u00edskejte praktick\u00e9 dovednosti a p\u0159ipravte se na kari\u00e9ru v datov\u011b \u0159\u00edzen\u00e9m prost\u0159ed\u00ed.<\/p>\n\n\n\n<p>\u27a1\ufe0f D\u00edky tomu budete p\u0159ipraveni na juniorn\u00ed i mid-level role v oblasti datov\u00e9 analytiky.<\/p>\n\n\n\n<p>Prozkoumejte dal\u0161\u00ed magistersk\u00e9 programy na UNYP a najd\u011bte ten, kter\u00fd nejl\u00e9pe odpov\u00edd\u00e1 va\u0161im c\u00edl\u016fm.<\/p>\n\n\n\n<p>\u27a1\ufe0f <a href=\"https:\/\/www.unyp.cz\/cs\/magisterske-programy\/\">Zobrazit v\u0161echny magistersk\u00e9 programy<\/a><\/p>\n\n\n\n<div style=\"height:20px\" aria-hidden=\"true\" class=\"wp-block-spacer\"><\/div>\n\n\n\n<div class=\"wp-block-group content-block content-block--message is-style-question-box has-unyp-light-blue-background-color has-background is-layout-flow wp-block-group-is-layout-flow\">\n<h3 class=\"wp-block-heading\">M\u00e1te dotaz? Chcete podat p\u0159ihl\u00e1\u0161ku?<\/h3>\n\n\n\n<div class=\"wp-block-buttons is-layout-flex wp-block-buttons-is-layout-flex\">\n<div class=\"wp-block-button\"><a class=\"wp-block-button__link wp-element-button\" href=\"https:\/\/www.unyp.cz\/contact\/\">Kontaktujte n\u00e1s<\/a><\/div>\n\n\n\n<div class=\"wp-block-button is-style-btn-apply-online\"><a class=\"wp-block-button__link wp-element-button\" href=\"https:\/\/application.unyp.cz\/\" target=\"_blank\" rel=\"noreferrer noopener\"><span class=\"icon-student\"><\/span> P\u0159ihlaste se online<\/a><\/div>\n<\/div>\n<\/div>\n<\/div>\n\n\n\n<p><\/p>\n","protected":false},"excerpt":{"rendered":"<p>Prom\u011b\u0148te data v strategick\u00e1 rozhodnut\u00ed Studujte v angli\u010dtin\u011b a z\u00edskejte praktick\u00e9 dovednosti pro kari\u00e9ru v oblasti datov\u00e9 analytiky. Magistersk\u00fd program MSc in Business Analytics na University of New York in Prague (UNYP) je realizov\u00e1n ve spolupr\u00e1ci s Dublin Business School (DBS) v Irsku a je sou\u010d\u00e1st\u00ed School of Business a IT. Program je navr\u017een tak, [&hellip;]<\/p>\n","protected":false},"author":1,"featured_media":0,"parent":0,"menu_order":0,"comment_status":"closed","ping_status":"closed","template":"","meta":{"_acf_changed":false,"inline_featured_image":false,"advgb_blocks_editor_width":"","advgb_blocks_columns_visual_guide":"","footnotes":""},"categories":[],"tags":[],"class_list":["post-63218","page","type-page","status-publish","hentry"],"acf":[],"mb":[],"coauthors":[],"author_meta":{"author_link":"https:\/\/www.unyp.cz\/cs\/author\/kucera-centario\/","display_name":"kucera.centario"},"relative_dates":{"created":"Posted 1 year ago","modified":"Updated 1 week ago"},"absolute_dates":{"created":"Posted on April 3, 2025","modified":"Updated on April 22, 2026"},"absolute_dates_time":{"created":"Posted on April 3, 2025 1:04 PM","modified":"Updated on April 22, 2026 5:06 PM"},"featured_img_caption":"","featured_img":false,"series_order":"","mfb_rest_fields":["title","coauthors","author_meta","relative_dates","absolute_dates","absolute_dates_time","featured_img_caption","featured_img","series_order"],"_links":{"self":[{"href":"https:\/\/www.unyp.cz\/cs\/wp-json\/wp\/v2\/pages\/63218","targetHints":{"allow":["GET"]}}],"collection":[{"href":"https:\/\/www.unyp.cz\/cs\/wp-json\/wp\/v2\/pages"}],"about":[{"href":"https:\/\/www.unyp.cz\/cs\/wp-json\/wp\/v2\/types\/page"}],"author":[{"embeddable":true,"href":"https:\/\/www.unyp.cz\/cs\/wp-json\/wp\/v2\/users\/1"}],"replies":[{"embeddable":true,"href":"https:\/\/www.unyp.cz\/cs\/wp-json\/wp\/v2\/comments?post=63218"}],"version-history":[{"count":35,"href":"https:\/\/www.unyp.cz\/cs\/wp-json\/wp\/v2\/pages\/63218\/revisions"}],"predecessor-version":[{"id":79157,"href":"https:\/\/www.unyp.cz\/cs\/wp-json\/wp\/v2\/pages\/63218\/revisions\/79157"}],"wp:attachment":[{"href":"https:\/\/www.unyp.cz\/cs\/wp-json\/wp\/v2\/media?parent=63218"}],"wp:term":[{"taxonomy":"category","embeddable":true,"href":"https:\/\/www.unyp.cz\/cs\/wp-json\/wp\/v2\/categories?post=63218"},{"taxonomy":"post_tag","embeddable":true,"href":"https:\/\/www.unyp.cz\/cs\/wp-json\/wp\/v2\/tags?post=63218"}],"curies":[{"name":"wp","href":"https:\/\/api.w.org\/{rel}","templated":true}]}}