{"id":73897,"date":"2026-01-21T12:00:05","date_gmt":"2026-01-21T11:00:05","guid":{"rendered":"https:\/\/www.unyp.cz\/?page_id=73897"},"modified":"2026-03-10T13:44:12","modified_gmt":"2026-03-10T12:44:12","slug":"sleva-early-bird-unyp","status":"publish","type":"page","link":"https:\/\/www.unyp.cz\/cs\/sleva-early-bird-unyp\/","title":{"rendered":"Early Bird sleva: u\u0161et\u0159ete  10 000 K\u010d na&nbsp;\u0161koln\u00e9m na&nbsp;UNYP"},"content":{"rendered":"\n<h2 class=\"wp-block-heading\" id=\"h-podejte-prihlasku-do-31-brezna-a-zajistete-si-slevu-na-skolnem\"><strong>Podejte p\u0159ihl\u00e1\u0161ku do 31. b\u0159ezna a zajist\u011bte si slevu na \u0161koln\u00e9m<\/strong><\/h2>\n\n\n\n<p>Studenti, kte\u0159\u00ed se p\u0159ihl\u00e1s\u00ed na University of New York in Prague (UNYP) v\u010das, mohou vyu\u017e\u00edt <strong>slevu Early Bird ve v\u00fd\u0161i 10 000 K\u010d na \u0161koln\u00e9m<\/strong>. Pod\u00e1n\u00edm p\u0159ihl\u00e1\u0161ky <strong>do 31. b\u0159ezna<\/strong> u\u0161et\u0159\u00edte na \u0161koln\u00e9m a z\u00e1rove\u0148 z\u00edsk\u00e1te v\u00edce \u010dasu na p\u0159\u00edpravu studia v Praze.<\/p>\n\n\n\n<p>Tato nab\u00eddka je ur\u010dena student\u016fm, kte\u0159\u00ed maj\u00ed v\u00e1\u017en\u00fd z\u00e1jem zah\u00e1jit sv\u00e9 studium na UNYP a cht\u011bj\u00ed si svou akademickou cestu napl\u00e1novat s jistotou.<\/p>\n\n\n\n<figure class=\"wp-block-image size-large\"><img data-opt-id=1932852912  fetchpriority=\"high\" decoding=\"async\" width=\"1400\" height=\"788\" src=\"https:\/\/www.unyp.cz\/wp-content\/uploads\/2026\/01\/untitled-design-51-1.png\" alt=\"Students walking into the University of New York in Prague building during a during an orientation day event.\" class=\"wp-image-73754\" srcset=\"https:\/\/www.unyp.cz\/wp-content\/uploads\/2026\/01\/untitled-design-51-1.png 1400w, https:\/\/www.unyp.cz\/wp-content\/uploads\/2026\/01\/untitled-design-51-1.png 300w, https:\/\/www.unyp.cz\/wp-content\/uploads\/2026\/01\/untitled-design-51-1.png 150w, https:\/\/www.unyp.cz\/wp-content\/uploads\/2026\/01\/untitled-design-51-1.png 768w, https:\/\/www.unyp.cz\/wp-content\/uploads\/2026\/01\/untitled-design-51-1.png 1536w, https:\/\/www.unyp.cz\/wp-content\/uploads\/2026\/01\/untitled-design-51-1.png 1920w\" sizes=\"(max-width: 1000px) 100vw, 1000px\" \/><\/figure>\n\n\n\n<div style=\"height:20px\" aria-hidden=\"true\" class=\"wp-block-spacer\"><\/div>\n\n\n\n<h2 class=\"wp-block-heading\" id=\"h-co-je-sleva-early-bird\"><strong>Co je sleva Early Bird?<\/strong><\/h2>\n\n\n\n<p>Sleva Early Bird p\u0159edstavuje sn\u00ed\u017een\u00ed \u0161koln\u00e9ho o 10 000 K\u010d, kter\u00e9 je ud\u011bleno opr\u00e1vn\u011bn\u00fdm student\u016fm, kte\u0159\u00ed podaj\u00ed p\u0159ihl\u00e1\u0161ku do stanoven\u00e9ho term\u00ednu. Sleva je automaticky uplatn\u011bna po spln\u011bn\u00ed v\u0161ech podm\u00ednek \u2013 nen\u00ed nutn\u00e9 o ni zvl\u00e1\u0161\u0165 \u017e\u00e1dat.<\/p>\n\n\n\n<p>Pokud se p\u0159ihl\u00e1s\u00edte v\u010das, n\u00e1\u0161 t\u00fdm p\u0159ij\u00edmac\u00edho odd\u011blen\u00ed v\u00e1s provede dal\u0161\u00edmi kroky, v\u010detn\u011b z\u00e1pisu ke studiu, p\u0159\u00edpravy v\u00edz (pokud je to relevantn\u00ed) a akademick\u00e9ho pl\u00e1nov\u00e1n\u00ed.<\/p>\n\n\n\n<hr class=\"wp-block-separator has-alpha-channel-opacity\" \/>\n\n\n\n<h2 class=\"wp-block-heading\" id=\"h-podminky-slevy-early-bird\"><strong>Podm\u00ednky slevy Early Bird<\/strong><\/h2>\n\n\n\n<p>Pro z\u00edsk\u00e1n\u00ed slevy Early Bird ve v\u00fd\u0161i 10 000 K\u010d je nutn\u00e9 splnit n\u00e1sleduj\u00edc\u00ed podm\u00ednky:<\/p>\n\n\n\n<ul class=\"wp-block-list\">\n<li>Podat p\u0159ihl\u00e1\u0161ku <strong>do 31. b\u0159ezna<\/strong>, <strong>2026<\/strong><\/li>\n\n\n\n<li>Zah\u00e1jit studium <strong>na podzim 2026<\/strong><\/li>\n\n\n\n<li><strong>Zapsat se ke studiu na UNYP jako samopl\u00e1tce (student hrad\u00edc\u00ed \u0161koln\u00e9)<\/strong><\/li>\n<\/ul>\n\n\n\n<p>Sleva se vztahuje v\u00fdhradn\u011b na \u0161koln\u00e9 a nelze ji kombinovat s jin\u00fdmi slevami na \u0161koln\u00e9m, pokud nen\u00ed v\u00fdslovn\u011b uvedeno jinak. UNYP si vyhrazuje pr\u00e1vo ov\u011b\u0159it spln\u011bn\u00ed podm\u00ednek p\u0159ed uplatn\u011bn\u00edm slevy.<\/p>\n\n\n\n<hr class=\"wp-block-separator has-alpha-channel-opacity\" \/>\n\n\n\n<h2 class=\"wp-block-heading\" id=\"h-pet-duvodu-proc-se-prihlasit-na-unyp-jeste-dnes\"><strong>P\u011bt d\u016fvod\u016f, pro\u010d se p\u0159ihl\u00e1sit na UNYP je\u0161t\u011b dnes<\/strong><\/h2>\n\n\n\n<h3 class=\"wp-block-heading\" id=\"h-1-usetrite-na-skolnem-diky-sleve-early-bird\">1. U\u0161et\u0159\u00edte na \u0161koln\u00e9m d\u00edky slev\u011b Early Bird<\/h3>\n\n\n\n<p id=\"h-1-usetrite-na-skolnem-diky-sleve-early-bird-vcasnym-podanim-prihlasky-usetrite-ihned-10-000-kc-na-skolnem-diky-cemuz-je-kvalitni-americke-vzdelani-v-evrope-dostupnejsi\">V\u010dasn\u00fdm pod\u00e1n\u00edm p\u0159ihl\u00e1\u0161ky u\u0161et\u0159\u00edte ihned 10 000 K\u010d na \u0161koln\u00e9m, d\u00edky \u010demu\u017e je kvalitn\u00ed americk\u00e9 vzd\u011bl\u00e1n\u00ed v Evrop\u011b dostupn\u011bj\u0161\u00ed.<\/p>\n\n\n\n<h3 class=\"wp-block-heading\" id=\"h-2-studium-na-americke-univerzite-v-praze\">2. Studium na americk\u00e9 univerzit\u011b v Praze<\/h3>\n\n\n\n<p id=\"h-2-studium-na-americke-univerzite-v-praze-unyp-nabizi-americky-styl-vzdelavani-kompletne-v-anglictine-primo-v-praze-v-mezinarodnim-akademickem-prostredi-se-studenty-a-vyucujicimi-z-celeho-sveta-vice-o-unyp-zde\">UNYP nab\u00edz\u00ed americk\u00fd styl vzd\u011bl\u00e1v\u00e1n\u00ed kompletn\u011b v angli\u010dtin\u011b p\u0159\u00edmo v Praze, v mezin\u00e1rodn\u00edm akademick\u00e9m prost\u0159ed\u00ed se studenty a vyu\u010duj\u00edc\u00edmi z cel\u00e9ho sv\u011bta.<br>[V\u00edce o UNYP <a href=\"https:\/\/www.unyp.cz\/cs\/why-study-at-unyp\/\" target=\"_blank\" rel=\"noreferrer noopener\">zde<\/a>.]<\/p>\n\n\n\n<h3 class=\"wp-block-heading\" id=\"h-3-individualni-pristup-a-student-centered-vzdelavani\">3. Individu\u00e1ln\u00ed p\u0159\u00edstup a student-centered vzd\u011bl\u00e1v\u00e1n\u00ed<\/h3>\n\n\n\n<p id=\"h-3-individualni-pristup-a-student-centered-vzdelavani-nase-studenty-podporujeme-po-celou-dobu-jejich-studia-diky-mensim-studijnim-skupinam-dostupnym-vyucujicim-a-individualnimu-akademickemu-poradenstvi-objevte-nase-studijni-programy-zde\">Na\u0161e studenty podporujeme po celou dobu jejich studia d\u00edky men\u0161\u00edm studijn\u00edm skupin\u00e1m, dostupn\u00fdm vyu\u010duj\u00edc\u00edm a individu\u00e1ln\u00edmu akademick\u00e9mu poradenstv\u00ed.<br>[Objevte na\u0161e studijn\u00ed programy <a href=\"https:\/\/www.unyp.cz\/cs\/bakalarske-programy\/\" target=\"_blank\" rel=\"noreferrer noopener\">zde<\/a>.]<\/p>\n\n\n\n<h3 class=\"wp-block-heading\" id=\"h-4-silne-karierni-a-navazujici-studijni-uplatneni-absolventu\">4. Siln\u00e9 kari\u00e9rn\u00ed a navazuj\u00edc\u00ed studijn\u00ed uplatn\u011bn\u00ed absolvent\u016f<\/h3>\n\n\n\n<p id=\"h-4-silne-karierni-a-navazujici-studijni-uplatneni-absolventu-na-unyp-navrhujeme-studijni-programy-s-durazem-na-prakticke-vyuziti-v-realnem-svete-podporovane-stazi-kariernimi-sluzbami-a-mezinarodni-siti-absolventu\">Na UNYP navrhujeme studijn\u00ed programy s d\u016frazem na praktick\u00e9 vyu\u017eit\u00ed v re\u00e1ln\u00e9m sv\u011bt\u011b, podporovan\u00e9 st\u00e1\u017ei, kari\u00e9rn\u00edmi slu\u017ebami a mezin\u00e1rodn\u00ed s\u00edt\u00ed absolvent\u016f.<\/p>\n\n\n\n<h3 class=\"wp-block-heading\" id=\"h-5-jednoduchy-a-prehledny-prijimaci-proces\">5. Jednoduch\u00fd a p\u0159ehledn\u00fd p\u0159ij\u00edmac\u00ed proces<\/h3>\n\n\n\n<p>V\u010dasn\u00e1 p\u0159ihl\u00e1\u0161ka v\u00e1m umo\u017en\u00ed proj\u00edt p\u0159ij\u00edmac\u00edm \u0159\u00edzen\u00edm krok za krokem s plnou podporou na\u0161eho t\u00fdmu. Pom\u016f\u017eeme v\u00e1m s dokumenty, z\u00e1pisem ke studiu i dal\u0161\u00edmi administrativn\u00edmi kroky, abyste m\u011bli cel\u00fd proces p\u0159ehledn\u00fd a bez zbyte\u010dn\u00e9ho stresu.<br>[V\u00edce o p\u0159ij\u00edmac\u00edm \u0159\u00edzen\u00ed <a href=\"https:\/\/www.unyp.cz\/cs\/predpoklady-pro-prijeti\/\" target=\"_blank\" rel=\"noreferrer noopener\">zde<\/a>.]<\/p>\n\n\n\n<hr class=\"wp-block-separator has-alpha-channel-opacity\" \/>\n\n\n\n<h2 class=\"wp-block-heading\" id=\"h-jak-se-prihlasit\"><strong>Jak se p\u0159ihl\u00e1sit?<\/strong><\/h2>\n\n\n\n<p>P\u0159ihl\u00e1\u0161ku m\u016f\u017eete podat online prost\u0159ednictv\u00edm ofici\u00e1ln\u00edho p\u0159ihla\u0161ovac\u00edho port\u00e1lu UNYP:<br>\ud83d\udc49 <a href=\"https:\/\/application.unyp.cz\/\">https:\/\/application.unyp.cz\/<\/a><\/p>\n\n\n\n<p>Proces pod\u00e1n\u00ed p\u0159ihl\u00e1\u0161ky je jednoduch\u00fd a n\u00e1\u0161 t\u00fdm p\u0159ij\u00edmac\u00edho odd\u011blen\u00ed v\u00e1m je k dispozici a poskytne podporu v ka\u017ed\u00e9 f\u00e1zi.<\/p>\n\n\n\n<hr class=\"wp-block-separator has-alpha-channel-opacity\" \/>\n\n\n\n<h2 class=\"wp-block-heading\" id=\"h-mate-otazky-pred-podanim-prihlasky\"><strong>M\u00e1te ot\u00e1zky p\u0159ed pod\u00e1n\u00edm p\u0159ihl\u00e1\u0161ky?<\/strong><\/h2>\n\n\n\n<p>M\u00e1te dotazy ohledn\u011b slevy Early Bird, podm\u00ednek p\u0159ijet\u00ed nebo studijn\u00edch program\u016f? Kontaktujte n\u00e1\u0161 t\u00fdm p\u0159ij\u00edmac\u00edho odd\u011blen\u00ed:<\/p>\n\n\n\n<p><strong>E-mail:<\/strong> <a>admissions@unyp.cz<\/a><\/p>\n\n\n\n<p><strong>Kontaktn\u00ed formul\u00e1\u0159:<\/strong> <a href=\"https:\/\/www.unyp.cz\/cs\/kontakt\/\">https:\/\/www.unyp.cz\/contact\/<\/a><\/p>\n\n\n\n<p><\/p>\n","protected":false},"excerpt":{"rendered":"<p>Podejte p\u0159ihl\u00e1\u0161ku do 31. b\u0159ezna a zajist\u011bte si slevu na \u0161koln\u00e9m Studenti, kte\u0159\u00ed se p\u0159ihl\u00e1s\u00ed na University of New York in Prague (UNYP) v\u010das, mohou vyu\u017e\u00edt slevu Early Bird ve v\u00fd\u0161i 10 000 K\u010d na \u0161koln\u00e9m. Pod\u00e1n\u00edm p\u0159ihl\u00e1\u0161ky do 31. b\u0159ezna u\u0161et\u0159\u00edte na \u0161koln\u00e9m a z\u00e1rove\u0148 z\u00edsk\u00e1te v\u00edce \u010dasu na p\u0159\u00edpravu studia v Praze. Tato [&hellip;]<\/p>\n","protected":false},"author":66,"featured_media":0,"parent":0,"menu_order":0,"comment_status":"closed","ping_status":"closed","template":"","meta":{"_acf_changed":false,"inline_featured_image":false,"advgb_blocks_editor_width":"","advgb_blocks_columns_visual_guide":"","footnotes":""},"categories":[],"tags":[],"class_list":["post-73897","page","type-page","status-publish","hentry"],"acf":[],"mb":[],"coauthors":[],"author_meta":{"author_link":"https:\/\/www.unyp.cz\/cs\/author\/csteeleunyp-cz\/","display_name":"Clark Andrew Steele"},"relative_dates":{"created":"Posted 2 months ago","modified":"Updated 4 weeks ago"},"absolute_dates":{"created":"Posted on January 21, 2026","modified":"Updated on March 10, 2026"},"absolute_dates_time":{"created":"Posted on January 21, 2026 12:00 PM","modified":"Updated on March 10, 2026 1:44 PM"},"featured_img_caption":"","featured_img":false,"series_order":"","mfb_rest_fields":["title","coauthors","author_meta","relative_dates","absolute_dates","absolute_dates_time","featured_img_caption","featured_img","series_order"],"_links":{"self":[{"href":"https:\/\/www.unyp.cz\/cs\/wp-json\/wp\/v2\/pages\/73897","targetHints":{"allow":["GET"]}}],"collection":[{"href":"https:\/\/www.unyp.cz\/cs\/wp-json\/wp\/v2\/pages"}],"about":[{"href":"https:\/\/www.unyp.cz\/cs\/wp-json\/wp\/v2\/types\/page"}],"author":[{"embeddable":true,"href":"https:\/\/www.unyp.cz\/cs\/wp-json\/wp\/v2\/users\/66"}],"replies":[{"embeddable":true,"href":"https:\/\/www.unyp.cz\/cs\/wp-json\/wp\/v2\/comments?post=73897"}],"version-history":[{"count":13,"href":"https:\/\/www.unyp.cz\/cs\/wp-json\/wp\/v2\/pages\/73897\/revisions"}],"predecessor-version":[{"id":77149,"href":"https:\/\/www.unyp.cz\/cs\/wp-json\/wp\/v2\/pages\/73897\/revisions\/77149"}],"wp:attachment":[{"href":"https:\/\/www.unyp.cz\/cs\/wp-json\/wp\/v2\/media?parent=73897"}],"wp:term":[{"taxonomy":"category","embeddable":true,"href":"https:\/\/www.unyp.cz\/cs\/wp-json\/wp\/v2\/categories?post=73897"},{"taxonomy":"post_tag","embeddable":true,"href":"https:\/\/www.unyp.cz\/cs\/wp-json\/wp\/v2\/tags?post=73897"}],"curies":[{"name":"wp","href":"https:\/\/api.w.org\/{rel}","templated":true}]}}