{"id":76144,"date":"2025-04-25T08:48:30","date_gmt":"2025-04-25T07:48:30","guid":{"rendered":"https:\/\/www.unyp.cz\/?page_id=76144"},"modified":"2026-02-23T09:51:08","modified_gmt":"2026-02-23T08:51:08","slug":"americky-titul-v-evrope","status":"publish","type":"page","link":"https:\/\/www.unyp.cz\/cs\/americky-titul-v-evrope\/","title":{"rendered":"Co je&nbsp;to americk\u00fd titul v&nbsp;Evrop\u011b a&nbsp;jak ho&nbsp;z\u00edskat?"},"content":{"rendered":"\n<p>Americk\u00fd titul v Evrop\u011b umo\u017e\u0148uje z\u00edskat <strong>US-akreditovan\u00e9 vzd\u011bl\u00e1n\u00ed<\/strong> p\u0159i studiu a \u017eivot\u011b v Evrop\u011b. Spojuje <strong>strukturu americk\u00e9ho vysoko\u0161kolsk\u00e9ho syst\u00e9mu<\/strong> s kulturn\u00edmi, profesn\u00edmi a finan\u010dn\u00edmi v\u00fdhodami, kter\u00e9 p\u0159in\u00e1\u0161\u00ed studium v evropsk\u00e9m prost\u0159ed\u00ed.<\/p>\n\n\n\n<p>Univerzity nab\u00edzej\u00edc\u00ed tento model zpravidla vyu\u010duj\u00ed v angli\u010dtin\u011b a \u0159\u00edd\u00ed se <strong>uzn\u00e1van\u00fdmi americk\u00fdmi akademick\u00fdmi standardy<\/strong>. Studenti tak z\u00edsk\u00e1vaj\u00ed titul navr\u017een\u00fd pro <strong>mezin\u00e1rodn\u00ed uznatelnost, kari\u00e9rn\u00ed flexibilitu a mo\u017enost pokra\u010dovat ve studiu po cel\u00e9m sv\u011bt\u011b<\/strong>.<\/p>\n\n\n\n<p>Jednou z t\u011bchto instituc\u00ed je <a href=\"http:\/\/www.unyp.cz\">University of New York in Prague (UNYP)<\/a>. Ji\u017e v\u00edce ne\u017e 25 let poskytuje v Praze americky strukturovan\u00e9 vysoko\u0161kolsk\u00e9 vzd\u011bl\u00e1n\u00ed student\u016fm z cel\u00e9 Evropy, Severn\u00ed Ameriky i dal\u0161\u00edch region\u016f.<\/p>\n\n\n\n<figure class=\"wp-block-embed is-type-video is-provider-youtube wp-block-embed-youtube wp-embed-aspect-16-9 wp-has-aspect-ratio\"><div class=\"wp-block-embed__wrapper\">\n<iframe title=\"Welcome to the University of New York in Prague\" width=\"500\" height=\"281\" src=\"https:\/\/www.youtube.com\/embed\/7DN9oEtqhbg?feature=oembed\" frameborder=\"0\" allow=\"accelerometer; autoplay; clipboard-write; encrypted-media; gyroscope; picture-in-picture; web-share\" referrerpolicy=\"strict-origin-when-cross-origin\" allowfullscreen><\/iframe>\n<\/div><\/figure>\n\n\n\n<h2 class=\"wp-block-heading\"><strong>Co je americk\u00fd titul v Evrop\u011b?<\/strong><\/h2>\n\n\n\n<p><strong>Americk\u00fd titul<\/strong> vych\u00e1z\u00ed z modelu vysoko\u0161kolsk\u00e9ho vzd\u011bl\u00e1v\u00e1n\u00ed pou\u017e\u00edvan\u00e9ho v USA \u2013 bez ohledu na to, kde je realizov\u00e1n. Tento syst\u00e9m je charakteristick\u00fd:<\/p>\n\n\n\n<ul class=\"wp-block-list\">\n<li>kreditov\u00fdm syst\u00e9mem<\/li>\n\n\n\n<li>flexibiln\u00ed strukturou majoru a voliteln\u00fdch p\u0159edm\u011bt\u016f<\/li>\n\n\n\n<li>pr\u016fb\u011b\u017en\u00fdm hodnocen\u00edm b\u011bhem semestru<\/li>\n\n\n\n<li>interaktivn\u00ed v\u00fdukou zalo\u017eenou na diskusi<\/li>\n\n\n\n<li>d\u016frazem na analytick\u00e9 my\u0161len\u00ed a komunika\u010dn\u00ed dovednosti<\/li>\n<\/ul>\n\n\n\n<p>Na rozd\u00edl od mnoha tradi\u010dn\u00edch evropsk\u00fdch program\u016f, kter\u00e9 kladou velk\u00fd d\u016fraz na z\u00e1v\u011bre\u010dn\u00e9 zkou\u0161ky, americk\u00fd model hodnot\u00ed studenty pr\u016fb\u011b\u017en\u011b \u2013 prost\u0159ednictv\u00edm projekt\u016f, semin\u00e1rn\u00edch prac\u00ed, prezentac\u00ed a aktivn\u00ed \u00fa\u010dasti b\u011bhem cel\u00e9ho semestru.<\/p>\n\n\n\n<p>Studium americk\u00e9ho titulu v Evrop\u011b tak znamen\u00e1 z\u00edskat americkou akademickou strukturu a z\u00e1rove\u0148 vyu\u017e\u00edt dostupnost, finan\u010dn\u00ed v\u00fdhodnost a mezin\u00e1rodn\u00ed prost\u0159ed\u00ed evropsk\u00fdch m\u011bst.<\/p>\n\n\n\n<p>Na UNYP je tento model realizov\u00e1n prost\u0159ednictv\u00edm men\u0161\u00edch studijn\u00edch skupin, p\u0159\u00edm\u00e9ho kontaktu s vyu\u010duj\u00edc\u00edmi a akademick\u00e9ho r\u00e1mce, kter\u00fd podporuje aktivn\u00ed zapojen\u00ed student\u016f do vlastn\u00edho studia.<\/p>\n\n\n\n<hr class=\"wp-block-separator has-alpha-channel-opacity\"\/>\n\n\n\n<h2 class=\"wp-block-heading\"><strong>Je americk\u00fd titul v Evrop\u011b uzn\u00e1van\u00fd?<\/strong><\/h2>\n\n\n\n<p>Ano. \u0158\u00e1dn\u011b akreditovan\u00fd americk\u00fd titul z\u00edskan\u00fd v Evrop\u011b je <strong>mezin\u00e1rodn\u011b uzn\u00e1van\u00fd<\/strong> a p\u0159ij\u00edman\u00fd pro:<\/p>\n\n\n\n<ul class=\"wp-block-list\">\n<li>zam\u011bstn\u00e1n\u00ed v r\u00e1mci Evropsk\u00e9 unie<\/li>\n\n\n\n<li>p\u0159ijet\u00ed do navazuj\u00edc\u00edch (magistersk\u00fdch) program\u016f v Evrop\u011b i v USA<\/li>\n\n\n\n<li>mezin\u00e1rodn\u00ed kari\u00e9rn\u00ed mobilitu<\/li>\n<\/ul>\n\n\n\n<p>Uzn\u00e1n\u00ed z\u00e1vis\u00ed na <strong>akreditaci a akademick\u00fdch standardech<\/strong>, nikoli na geografick\u00e9m um\u00edst\u011bn\u00ed univerzity.<\/p>\n\n\n\n<p>Americk\u00e9 programy na UNYP jsou realizov\u00e1ny ve spolupr\u00e1ci se State University of New York (SUNY), Empire State University a odpov\u00eddaj\u00ed uzn\u00e1van\u00fdm americk\u00fdm akademick\u00fdm standard\u016fm. Vybran\u00e9 programy jsou z\u00e1rove\u0148 akreditov\u00e1ny Ministerstvem \u0161kolstv\u00ed, ml\u00e1de\u017ee a t\u011blov\u00fdchovy \u010cR, \u010d\u00edm\u017e vznik\u00e1 <strong>dvoj\u00ed akademick\u00fd r\u00e1mec<\/strong> propojuj\u00edc\u00ed americk\u00fd i evropsk\u00fd syst\u00e9m.<\/p>\n\n\n\n<p>Tato struktura umo\u017e\u0148uje absolvent\u016fm pokra\u010dovat ve studiu i budovat kari\u00e9ru mezin\u00e1rodn\u011b.<\/p>\n\n\n\n<hr class=\"wp-block-separator has-alpha-channel-opacity\"\/>\n\n\n\n<h2 class=\"wp-block-heading\"><strong>Americk\u00fd titul vs. tradi\u010dn\u00ed evropsk\u00fd titul<\/strong><\/h2>\n\n\n\n<figure class=\"wp-block-table\"><table class=\"has-fixed-layout\"><thead><tr><th><strong>Americk\u00fd model (US)<\/strong><\/th><th><strong>Tradi\u010dn\u00ed evropsk\u00fd model<\/strong><\/th><\/tr><\/thead><tbody><tr><td>flexibiln\u00ed studijn\u00ed pl\u00e1n<\/td><td>pevn\u011b dan\u00fd studijn\u00ed pl\u00e1n<\/td><\/tr><tr><td>pr\u016fb\u011b\u017en\u00e9 hodnocen\u00ed<\/td><td>siln\u00fd d\u016fraz na z\u00e1v\u011bre\u010dn\u00e9 zkou\u0161ky<\/td><\/tr><tr><td>\u0161ir\u0161\u00ed v\u00fdb\u011br voliteln\u00fdch p\u0159edm\u011bt\u016f<\/td><td>u\u017e\u0161\u00ed specializace<\/td><\/tr><tr><td>kombinace majoru a electives<\/td><td>programov\u00e1 struktura bez \u0161ir\u0161\u00edch voleb<\/td><\/tr><\/tbody><\/table><\/figure>\n\n\n\n<hr class=\"wp-block-separator has-alpha-channel-opacity\"\/>\n\n\n\n<h2 class=\"wp-block-heading\"><strong>Pro\u010d studovat americk\u00fd titul v Evrop\u011b m\u00edsto USA?<\/strong><\/h2>\n\n\n\n<p>Mnoho student\u016f vol\u00ed americk\u00fd titul v Evrop\u011b, proto\u017ee nab\u00edz\u00ed <strong>stejn\u00fd akademick\u00fd model<\/strong> s jasn\u00fdmi praktick\u00fdmi v\u00fdhodami:<\/p>\n\n\n\n<h3 class=\"wp-block-heading\"><strong>Ni\u017e\u0161\u00ed celkov\u00e9 n\u00e1klady<\/strong><\/h3>\n\n\n\n<p>Studium i \u017eivotn\u00ed n\u00e1klady v evropsk\u00fdch m\u011bstech, jako je Praha, jsou v\u00fdrazn\u011b ni\u017e\u0161\u00ed ne\u017e ve velk\u00fdch americk\u00fdch metropol\u00edch.<\/p>\n\n\n\n<h3 class=\"wp-block-heading\"><strong>Bez v\u00edzov\u00e9 administrativy USA<\/strong><\/h3>\n\n\n\n<p>Studenti se vyhnou slo\u017eit\u00e9mu a nejist\u00e9mu v\u00edzov\u00e9mu procesu spojen\u00e9mu se studiem ve Spojen\u00fdch st\u00e1tech.<\/p>\n\n\n\n<h3 class=\"wp-block-heading\"><strong>P\u0159\u00edstup na evropsk\u00fd pracovn\u00ed trh<\/strong><\/h3>\n\n\n\n<p>Studium v Evrop\u011b znamen\u00e1 bl\u00edzkost st\u00e1\u017e\u00ed, mezin\u00e1rodn\u00edch firem a instituc\u00ed p\u016fsob\u00edc\u00edch v EU.<\/p>\n\n\n\n<h3 class=\"wp-block-heading\"><strong>Mezin\u00e1rodn\u00ed akademick\u00e9 prost\u0159ed\u00ed<\/strong><\/h3>\n\n\n\n<p>Evropsk\u00e9 univerzity p\u0159itahuj\u00ed studenty z des\u00edtek zem\u00ed, co\u017e vytv\u00e1\u0159\u00ed glob\u00e1ln\u011b relevantn\u00ed vzd\u011bl\u00e1vac\u00ed zku\u0161enost.<\/p>\n\n\n\n<p>Americk\u00fd titul v Evrop\u011b tak umo\u017e\u0148uje z\u00edskat US akademickou strukturu bez nutnosti st\u011bhov\u00e1n\u00ed do Spojen\u00fdch st\u00e1t\u016f.<\/p>\n\n\n\n<hr class=\"wp-block-separator has-alpha-channel-opacity\"\/>\n\n\n\n<h2 class=\"wp-block-heading\"><strong>Kde lze z\u00edskat americk\u00fd titul v Evrop\u011b?<\/strong><\/h2>\n\n\n\n<p>Programy v americk\u00e9m stylu existuj\u00ed nap\u0159\u00ed\u010d Evropou, li\u0161\u00ed se v\u0161ak <strong>akreditac\u00ed, stabilitou in<\/strong>Programy v americk\u00e9m stylu existuj\u00ed nap\u0159\u00ed\u010d Evropou, li\u0161\u00ed se v\u0161ak akreditac\u00ed, stabilitou iProgramy v americk\u00e9m stylu existuj\u00ed nap\u0159\u00ed\u010d Evropou, li\u0161\u00ed se v\u0161ak <strong>akreditac\u00ed, stabilitou instituce i hloubkou akademick\u00e9ho z\u00e1zem\u00ed<\/strong>.<\/p>\n\n\n\n<p>University of New York in Prague (UNYP) pat\u0159\u00ed mezi <strong>nejd\u00e9le p\u016fsob\u00edc\u00ed poskytovatele americk\u00e9ho vysoko\u0161kolsk\u00e9ho vzd\u011bl\u00e1v\u00e1n\u00ed ve st\u0159edn\u00ed Evrop\u011b<\/strong>. V\u00edce ne\u017e 25 let nab\u00edz\u00ed programy strukturovan\u00e9 podle <strong>uzn\u00e1van\u00fdch americk\u00fdch akademick\u00fdch standard\u016f<\/strong> v plnohodnotn\u00e9m univerzitn\u00edm prost\u0159ed\u00ed v Praze.<\/p>\n\n\n\n<p>UNYP kombinuje:<\/p>\n\n\n\n<ul class=\"wp-block-list\">\n<li>p\u0159\u00edmou akademickou spolupr\u00e1ci se SUNY, Empire State University<\/li>\n\n\n\n<li>vybran\u00e9 programy akreditovan\u00e9 M\u0160MT \u010cR<\/li>\n\n\n\n<li>dlouhodob\u00e9 a stabiln\u00ed p\u016fsoben\u00ed v Praze<\/li>\n\n\n\n<li>men\u0161\u00ed studijn\u00ed skupiny a p\u0159\u00edm\u00fd kontakt s vyu\u010duj\u00edc\u00edmi<\/li>\n\n\n\n<li>mezin\u00e1rodn\u00ed komunitu a v\u00fduku pln\u011b v angli\u010dtin\u011b<\/li>\n<\/ul>\n\n\n\n<p>Na UNYP je <strong>americk\u00fd akademick\u00fd r\u00e1mec implementov\u00e1n komplexn\u011b<\/strong> \u2013 od kreditov\u00e9ho syst\u00e9mu p\u0159es strukturu kurikula a\u017e po pr\u016fb\u011b\u017en\u00e9 hodnocen\u00ed a individu\u00e1ln\u00ed podporu student\u016f.<\/p>\n\n\n\n<p>P\u0159i v\u00fdb\u011bru m\u00edsta pro z\u00edsk\u00e1n\u00ed americk\u00e9ho titulu v Evrop\u011b jsou kl\u00ed\u010dov\u00e9 faktory <strong>akreditace, stabilita instituce a kvalita vzd\u011bl\u00e1vac\u00edho prost\u0159ed\u00ed<\/strong>.<\/p>\n\n\n\n<figure class=\"wp-block-embed is-type-video is-provider-youtube wp-block-embed-youtube wp-embed-aspect-16-9 wp-has-aspect-ratio\"><div class=\"wp-block-embed__wrapper\">\n<iframe title=\"Autumn in Historical Prague | Life at UNYP\" width=\"500\" height=\"281\" src=\"https:\/\/www.youtube.com\/embed\/nSUzU7Wj_94?feature=oembed\" frameborder=\"0\" allow=\"accelerometer; autoplay; clipboard-write; encrypted-media; gyroscope; picture-in-picture; web-share\" referrerpolicy=\"strict-origin-when-cross-origin\" allowfullscreen><\/iframe>\n<\/div><\/figure>\n\n\n\n<div style=\"height:20px\" aria-hidden=\"true\" class=\"wp-block-spacer\"><\/div>\n\n\n\n<h2 class=\"wp-block-heading\"><strong>Studijn\u00ed programy v americk\u00e9m stylu<\/strong><\/h2>\n\n\n\n<p>Na UNYP lze studovat americky strukturovan\u00e9 <a href=\"https:\/\/www.unyp.cz\/cs\/bakalarske-programy\/\">bakal\u00e1\u0159sk\u00e9 programy<\/a>:<\/p>\n\n\n\n<ul class=\"wp-block-list\">\n<li>Bachelor of Arts in Psychology<\/li>\n\n\n\n<li>Bachelor of Science in Business Administration<\/li>\n\n\n\n<li>Bachelor of Science in Information Technology<\/li>\n\n\n\n<li>Bachelor of Science in International Relations<\/li>\n\n\n\n<li>Bachelor of Arts in Communication and Media<\/li>\n\n\n\n<li>Bachelor of Arts in Digital Media Arts<\/li>\n\n\n\n<li>Bachelor of Arts in English Literature<\/li>\n\n\n\n<li>Bakal\u00e1\u0159 (BBA) v oboru Business Administration<\/li>\n<\/ul>\n\n\n\n<p>Ka\u017ed\u00fd program propojuje teoretick\u00e9 z\u00e1klady s rozvojem praktick\u00fdch dovednost\u00ed. Studijn\u00ed pl\u00e1n je navr\u017een tak, aby p\u0159ipravil studenty na <strong>vstup na pracovn\u00ed trh<\/strong> i na pokra\u010dov\u00e1n\u00ed v navazuj\u00edc\u00edm studiu v Evrop\u011b nebo v USA.<\/p>\n\n\n\n<p>UNYP z\u00e1rove\u0148 nab\u00edz\u00ed <strong>akreditovan\u00e9 <a href=\"https:\/\/www.unyp.cz\/cs\/magisterske-programy\/\">magistersk\u00e9 programy<\/a> vyu\u010dovan\u00e9 v angli\u010dtin\u011b v Praze<\/strong> pro studenty, kte\u0159\u00ed cht\u011bj\u00ed d\u00e1le rozv\u00edjet svou odbornou specializaci.<\/p>\n\n\n\n<figure class=\"wp-block-image size-large\"><img data-opt-id=203146214  fetchpriority=\"high\" decoding=\"async\" src=\"https:\/\/mlgfjgj9j0su.i.optimole.com\/w:1400\/h:934\/q:mauto\/f:best\/https:\/\/www.unyp.cz\/wp-content\/uploads\/2026\/02\/660a7291.jpg\" alt=\"\" class=\"wp-image-75790\"\/><\/figure>\n\n\n\n<div style=\"height:15px\" aria-hidden=\"true\" class=\"wp-block-spacer\"><\/div>\n\n\n\n<h2 class=\"wp-block-heading\" id=\"h-ziskejte-svuj-americky-titul-v-cesku-na-unyp\"><strong>Z\u00edskejte sv\u016fj americk\u00fd titul v \u010cesku na UNYP<\/strong><\/h2>\n\n\n\n<p>Rozhodnut\u00ed, kde z\u00edskat americk\u00fd titul v Evrop\u011b, znamen\u00e1 zohlednit akreditaci, strukturu studia i dlouhodob\u00e9 kari\u00e9rn\u00ed p\u0159\u00edle\u017eitosti.<\/p>\n\n\n\n<p>Na University of New York in Prague studenti absolvuj\u00ed US-strukturovan\u00fd titul v r\u00e1mci stabiln\u00edho evropsk\u00e9ho univerzitn\u00edho prost\u0159ed\u00ed, kter\u00e9 kombinuje mezin\u00e1rodn\u00ed akademick\u00e9 standardy s p\u0159\u00edstupem k evropsk\u00e9mu pracovn\u00edmu trhu.<\/p>\n\n\n\n<p>Prozkoumejte bakal\u00e1\u0159sk\u00e9 a magistersk\u00e9 programy UNYP nebo kontaktujte admissions poradce a zjist\u011bte, jak m\u016f\u017eete zah\u00e1jit studium americk\u00e9ho titulu v Evrop\u011b \u2013 v Praze.<\/p>\n\n\n\n<hr class=\"wp-block-separator has-alpha-channel-opacity\"\/>\n\n\n\n<h2 class=\"wp-block-heading\" id=\"h-casto-kladene-otazky\"><strong>\u010casto kladen\u00e9 ot\u00e1zky<\/strong><\/h2>\n\n\n\n<h3 class=\"wp-block-heading\">Co je americk\u00fd titul v Evrop\u011b?<\/h3>\n\n\n\n<p>Jedn\u00e1 se o titul vych\u00e1zej\u00edc\u00ed z americk\u00e9ho vysoko\u0161kolsk\u00e9ho modelu, kter\u00fd je realizov\u00e1n na evropsk\u00e9 univerzit\u011b. Studium zahrnuje kreditov\u00fd syst\u00e9m, flexibiln\u00ed voliteln\u00e9 p\u0159edm\u011bty a pr\u016fb\u011b\u017en\u00e9 hodnocen\u00ed b\u011bhem semestru.<\/p>\n\n\n\n<h3 class=\"wp-block-heading\">Je americk\u00fd titul z\u00edskan\u00fd v Evrop\u011b mezin\u00e1rodn\u011b uzn\u00e1van\u00fd?<\/h3>\n\n\n\n<p>Ano, pokud je \u0159\u00e1dn\u011b akreditovan\u00fd. Uzn\u00e1n\u00ed z\u00e1vis\u00ed na akredita\u010dn\u00ed instituci a dodr\u017eov\u00e1n\u00ed p\u0159\u00edslu\u0161n\u00fdch akademick\u00fdch standard\u016f.<\/p>\n\n\n\n<h3 class=\"wp-block-heading\">Je studium americk\u00e9ho titulu v Evrop\u011b levn\u011bj\u0161\u00ed ne\u017e v USA?<\/h3>\n\n\n\n<p>Ve v\u011bt\u0161in\u011b p\u0159\u00edpad\u016f ano. \u0160koln\u00e9 i \u017eivotn\u00ed n\u00e1klady v evropsk\u00fdch m\u011bstech b\u00fdvaj\u00ed ni\u017e\u0161\u00ed ne\u017e ve velk\u00fdch m\u011bstech Spojen\u00fdch st\u00e1t\u016f.<\/p>\n\n\n\n<h3 class=\"wp-block-heading\">Mohu s americk\u00fdm titulem pracovat v EU?<\/h3>\n\n\n\n<p>Mo\u017enost zam\u011bstn\u00e1n\u00ed z\u00e1vis\u00ed na pracovn\u00edm opr\u00e1vn\u011bn\u00ed podle platn\u00e9 legislativy, nikoli na zemi p\u016fvodu titulu.<\/p>\n\n\n\n<h3 class=\"wp-block-heading\">Prob\u00edh\u00e1 v\u00fduka na UNYP v angli\u010dtin\u011b?<\/h3>\n\n\n\n<p>Ano. V\u0161echny americky strukturovan\u00e9 programy na UNYP jsou vyu\u010dov\u00e1ny pln\u011b v angli\u010dtin\u011b.<\/p>\n\n\n\n<hr class=\"wp-block-separator has-alpha-channel-opacity\"\/>\n\n\n\n<div class=\"wp-block-media-text is-stacked-on-mobile is-vertically-aligned-center has-medium-font-size\" style=\"border-radius:0px;grid-template-columns:15% auto\"><figure class=\"wp-block-media-text__media\"><img data-opt-id=206035496  fetchpriority=\"high\" decoding=\"async\" width=\"150\" height=\"116\" src=\"https:\/\/www.unyp.cz\/wp-content\/uploads\/2025\/04\/goabroad-logo.png\" alt=\"\" class=\"wp-image-62663 size-thumbnail\" srcset=\"https:\/\/www.unyp.cz\/wp-content\/uploads\/2025\/04\/goabroad-logo.png 150w, https:\/\/www.unyp.cz\/wp-content\/uploads\/2025\/04\/goabroad-logo.png 200w\" sizes=\"(max-width: 150px) 100vw, 150px\" \/><\/figure><div class=\"wp-block-media-text__content\">\n<p class=\"has-text-align-left\">Pod\u00edvejte se na hodnocen\u00ed na\u0161ich student\u016f na <a href=\"https:\/\/www.goabroad.com\/providers\/university-of-new-york-in-prague\">GoAbroad<\/a>!<\/p>\n<\/div><\/div>\n","protected":false},"excerpt":{"rendered":"<p>Americk\u00fd titul v Evrop\u011b umo\u017e\u0148uje z\u00edskat US-akreditovan\u00e9 vzd\u011bl\u00e1n\u00ed p\u0159i studiu a \u017eivot\u011b v Evrop\u011b. Spojuje strukturu americk\u00e9ho vysoko\u0161kolsk\u00e9ho syst\u00e9mu s kulturn\u00edmi, profesn\u00edmi a finan\u010dn\u00edmi v\u00fdhodami, kter\u00e9 p\u0159in\u00e1\u0161\u00ed studium v evropsk\u00e9m prost\u0159ed\u00ed. Univerzity nab\u00edzej\u00edc\u00ed tento model zpravidla vyu\u010duj\u00ed v angli\u010dtin\u011b a \u0159\u00edd\u00ed se uzn\u00e1van\u00fdmi americk\u00fdmi akademick\u00fdmi standardy. Studenti tak z\u00edsk\u00e1vaj\u00ed titul navr\u017een\u00fd pro mezin\u00e1rodn\u00ed uznatelnost, kari\u00e9rn\u00ed [&hellip;]<\/p>\n","protected":false},"author":66,"featured_media":0,"parent":0,"menu_order":0,"comment_status":"closed","ping_status":"closed","template":"","meta":{"_acf_changed":false,"inline_featured_image":false,"advgb_blocks_editor_width":"","advgb_blocks_columns_visual_guide":"","footnotes":""},"categories":[],"tags":[],"class_list":["post-76144","page","type-page","status-publish","hentry"],"acf":[],"mb":[],"coauthors":[],"author_meta":{"author_link":"https:\/\/www.unyp.cz\/cs\/author\/csteeleunyp-cz\/","display_name":"Clark Andrew Steele"},"relative_dates":{"created":"Posted 12 months ago","modified":"Updated 1 month ago"},"absolute_dates":{"created":"Posted on April 25, 2025","modified":"Updated on February 23, 2026"},"absolute_dates_time":{"created":"Posted on April 25, 2025 8:48 AM","modified":"Updated on February 23, 2026 9:51 AM"},"featured_img_caption":"","featured_img":false,"series_order":"","mfb_rest_fields":["title","coauthors","author_meta","relative_dates","absolute_dates","absolute_dates_time","featured_img_caption","featured_img","series_order"],"_links":{"self":[{"href":"https:\/\/www.unyp.cz\/cs\/wp-json\/wp\/v2\/pages\/76144","targetHints":{"allow":["GET"]}}],"collection":[{"href":"https:\/\/www.unyp.cz\/cs\/wp-json\/wp\/v2\/pages"}],"about":[{"href":"https:\/\/www.unyp.cz\/cs\/wp-json\/wp\/v2\/types\/page"}],"author":[{"embeddable":true,"href":"https:\/\/www.unyp.cz\/cs\/wp-json\/wp\/v2\/users\/66"}],"replies":[{"embeddable":true,"href":"https:\/\/www.unyp.cz\/cs\/wp-json\/wp\/v2\/comments?post=76144"}],"version-history":[{"count":4,"href":"https:\/\/www.unyp.cz\/cs\/wp-json\/wp\/v2\/pages\/76144\/revisions"}],"predecessor-version":[{"id":76203,"href":"https:\/\/www.unyp.cz\/cs\/wp-json\/wp\/v2\/pages\/76144\/revisions\/76203"}],"wp:attachment":[{"href":"https:\/\/www.unyp.cz\/cs\/wp-json\/wp\/v2\/media?parent=76144"}],"wp:term":[{"taxonomy":"category","embeddable":true,"href":"https:\/\/www.unyp.cz\/cs\/wp-json\/wp\/v2\/categories?post=76144"},{"taxonomy":"post_tag","embeddable":true,"href":"https:\/\/www.unyp.cz\/cs\/wp-json\/wp\/v2\/tags?post=76144"}],"curies":[{"name":"wp","href":"https:\/\/api.w.org\/{rel}","templated":true}]}}